{"id":986,"date":"2010-06-29T12:18:00","date_gmt":"2010-06-29T11:18:00","guid":{"rendered":"http:\/\/www.kdfjm.si\/?page_id=986"},"modified":"2015-10-11T21:29:22","modified_gmt":"2015-10-11T20:29:22","slug":"modelarska-delavnica-izdelovanja-raket","status":"publish","type":"page","link":"https:\/\/www.kdfjm.si\/?page_id=986","title":{"rendered":"Modelarska delavnica izdelovanja raket"},"content":{"rendered":"<p>Izdelovanja raket je potekalo v soboto, 22. 5.  2010, ob 9.30 pri <a href=\"http:\/\/maps.google.com\/maps\/ms?hl=en&amp;ie=UTF8&amp;msa=0&amp;msid=107438366437417141874.00045bf3993336ea7d753&amp;ll=46.151371,14.579201&amp;spn=0.013096,0.033023&amp;t=k&amp;z=16&amp;iwloc=000485ea7cbbee67b9476\">Dim\u010devem  znamenju pri Lipcah na menge\u0161kem polju<\/a>. Delavnico je vodil Jo\u017ee  Rot.<\/p>\n<p><strong><div class=\"slideshow\"><div id=\"ngg_slideshow1289861\" class=\"ngg-slideshow owl-carousel\" style=\"max-width: px; max-height: px;\"><img data-recalc-dims=\"1\" decoding=\"async\" src=\"https:\/\/i0.wp.com\/www.kdfjm.si\/wp-content\/gallery\/2010-izdelovanje-raket\/JanezRot-6672.jpg?ssl=1\" alt=\"JanezRot-6672\" style=\"max-width: px; max-height: px; width: auto; height:auto; margin:auto\"><img data-recalc-dims=\"1\" decoding=\"async\" src=\"https:\/\/i0.wp.com\/www.kdfjm.si\/wp-content\/gallery\/2010-izdelovanje-raket\/JanezRot-6675.jpg?ssl=1\" alt=\"JanezRot-6675\" style=\"max-width: px; max-height: px; width: auto; height:auto; margin:auto\"><img data-recalc-dims=\"1\" decoding=\"async\" src=\"https:\/\/i0.wp.com\/www.kdfjm.si\/wp-content\/gallery\/2010-izdelovanje-raket\/JanezRot-6689.jpg?ssl=1\" alt=\"JanezRot-6689\" style=\"max-width: px; max-height: px; width: auto; height:auto; margin:auto\"><img data-recalc-dims=\"1\" decoding=\"async\" src=\"https:\/\/i0.wp.com\/www.kdfjm.si\/wp-content\/gallery\/2010-izdelovanje-raket\/JanezRot-6700.jpg?ssl=1\" alt=\"JanezRot-6700\" style=\"max-width: px; max-height: px; width: auto; height:auto; margin:auto\"><img data-recalc-dims=\"1\" decoding=\"async\" src=\"https:\/\/i0.wp.com\/www.kdfjm.si\/wp-content\/gallery\/2010-izdelovanje-raket\/JanezRot-6716.jpg?ssl=1\" alt=\"JanezRot-6716\" style=\"max-width: px; max-height: px; width: auto; height:auto; margin:auto\"><img data-recalc-dims=\"1\" decoding=\"async\" src=\"https:\/\/i0.wp.com\/www.kdfjm.si\/wp-content\/gallery\/2010-izdelovanje-raket\/JanezRot-6722.jpg?ssl=1\" alt=\"JanezRot-6722\" style=\"max-width: px; max-height: px; width: auto; height:auto; margin:auto\"><img data-recalc-dims=\"1\" decoding=\"async\" src=\"https:\/\/i0.wp.com\/www.kdfjm.si\/wp-content\/gallery\/2010-izdelovanje-raket\/JanezRot-6778.jpg?ssl=1\" alt=\"JanezRot-6778\" style=\"max-width: px; max-height: px; width: auto; height:auto; margin:auto\"><img data-recalc-dims=\"1\" decoding=\"async\" src=\"https:\/\/i0.wp.com\/www.kdfjm.si\/wp-content\/gallery\/2010-izdelovanje-raket\/JanezRot-6784.jpg?ssl=1\" alt=\"JanezRot-6784\" style=\"max-width: px; max-height: px; width: auto; height:auto; margin:auto\"><img data-recalc-dims=\"1\" decoding=\"async\" src=\"https:\/\/i0.wp.com\/www.kdfjm.si\/wp-content\/gallery\/2010-izdelovanje-raket\/JanezRot-6796.jpg?ssl=1\" alt=\"JanezRot-6796\" style=\"max-width: px; max-height: px; width: auto; height:auto; margin:auto\"><img data-recalc-dims=\"1\" decoding=\"async\" src=\"https:\/\/i0.wp.com\/www.kdfjm.si\/wp-content\/gallery\/2010-izdelovanje-raket\/JanezRot-6799.jpg?ssl=1\" alt=\"JanezRot-6799\" style=\"max-width: px; max-height: px; width: auto; height:auto; margin:auto\"><img data-recalc-dims=\"1\" decoding=\"async\" src=\"https:\/\/i0.wp.com\/www.kdfjm.si\/wp-content\/gallery\/2010-izdelovanje-raket\/JanezRot-6819.jpg?ssl=1\" alt=\"JanezRot-6819\" style=\"max-width: px; max-height: px; width: auto; height:auto; margin:auto\"><img data-recalc-dims=\"1\" decoding=\"async\" src=\"https:\/\/i0.wp.com\/www.kdfjm.si\/wp-content\/gallery\/2010-izdelovanje-raket\/JanezRot-6826.jpg?ssl=1\" alt=\"JanezRot-6826\" style=\"max-width: px; max-height: px; width: auto; height:auto; margin:auto\"><img data-recalc-dims=\"1\" decoding=\"async\" src=\"https:\/\/i0.wp.com\/www.kdfjm.si\/wp-content\/gallery\/2010-izdelovanje-raket\/JanezRot-6831.jpg?ssl=1\" alt=\"JanezRot-6831\" style=\"max-width: px; max-height: px; width: auto; height:auto; margin:auto\"><img data-recalc-dims=\"1\" decoding=\"async\" src=\"https:\/\/i0.wp.com\/www.kdfjm.si\/wp-content\/gallery\/2010-izdelovanje-raket\/JanezRot-6857.jpg?ssl=1\" alt=\"JanezRot-6857\" style=\"max-width: px; max-height: px; width: auto; height:auto; margin:auto\"><img data-recalc-dims=\"1\" decoding=\"async\" src=\"https:\/\/i0.wp.com\/www.kdfjm.si\/wp-content\/gallery\/2010-izdelovanje-raket\/PhotoPeterSkrlep-0001.jpg?ssl=1\" alt=\"PhotoPeterSkrlep-0001\" style=\"max-width: px; max-height: px; width: auto; height:auto; margin:auto\"><img data-recalc-dims=\"1\" decoding=\"async\" src=\"https:\/\/i0.wp.com\/www.kdfjm.si\/wp-content\/gallery\/2010-izdelovanje-raket\/PhotoPeterSkrlep-0004.jpg?ssl=1\" alt=\"PhotoPeterSkrlep-0004\" style=\"max-width: px; max-height: px; width: auto; height:auto; margin:auto\"><img data-recalc-dims=\"1\" decoding=\"async\" src=\"https:\/\/i0.wp.com\/www.kdfjm.si\/wp-content\/gallery\/2010-izdelovanje-raket\/PhotoPeterSkrlep-0005.jpg?ssl=1\" alt=\"PhotoPeterSkrlep-0005\" style=\"max-width: px; max-height: px; width: auto; height:auto; margin:auto\"><img data-recalc-dims=\"1\" decoding=\"async\" src=\"https:\/\/i0.wp.com\/www.kdfjm.si\/wp-content\/gallery\/2010-izdelovanje-raket\/PhotoPeterSkrlep-0007.jpg?ssl=1\" alt=\"PhotoPeterSkrlep-0007\" style=\"max-width: px; max-height: px; width: auto; height:auto; margin:auto\"><img data-recalc-dims=\"1\" decoding=\"async\" src=\"https:\/\/i0.wp.com\/www.kdfjm.si\/wp-content\/gallery\/2010-izdelovanje-raket\/PhotoPeterSkrlep-0010.jpg?ssl=1\" alt=\"PhotoPeterSkrlep-0010\" style=\"max-width: px; max-height: px; width: auto; height:auto; margin:auto\"><img data-recalc-dims=\"1\" decoding=\"async\" src=\"https:\/\/i0.wp.com\/www.kdfjm.si\/wp-content\/gallery\/2010-izdelovanje-raket\/PhotoPeterSkrlep-0013.jpg?ssl=1\" alt=\"PhotoPeterSkrlep-0013\" style=\"max-width: px; max-height: px; width: auto; height:auto; margin:auto\"><img data-recalc-dims=\"1\" decoding=\"async\" src=\"https:\/\/i0.wp.com\/www.kdfjm.si\/wp-content\/gallery\/2010-izdelovanje-raket\/PhotoPeterSkrlep-0015.jpg?ssl=1\" alt=\"PhotoPeterSkrlep-0015\" style=\"max-width: px; max-height: px; width: auto; height:auto; margin:auto\"><img data-recalc-dims=\"1\" decoding=\"async\" src=\"https:\/\/i0.wp.com\/www.kdfjm.si\/wp-content\/gallery\/2010-izdelovanje-raket\/PhotoPeterSkrlep-0016.jpg?ssl=1\" alt=\"PhotoPeterSkrlep-0016\" style=\"max-width: px; max-height: px; width: auto; height:auto; margin:auto\"><img data-recalc-dims=\"1\" decoding=\"async\" src=\"https:\/\/i0.wp.com\/www.kdfjm.si\/wp-content\/gallery\/2010-izdelovanje-raket\/PhotoPeterSkrlep-0017.jpg?ssl=1\" alt=\"PhotoPeterSkrlep-0017\" style=\"max-width: px; max-height: px; width: auto; height:auto; margin:auto\"><img data-recalc-dims=\"1\" decoding=\"async\" src=\"https:\/\/i0.wp.com\/www.kdfjm.si\/wp-content\/gallery\/2010-izdelovanje-raket\/PhotoPeterSkrlep-0018.jpg?ssl=1\" alt=\"PhotoPeterSkrlep-0018\" style=\"max-width: px; max-height: px; width: auto; height:auto; margin:auto\"><img data-recalc-dims=\"1\" decoding=\"async\" src=\"https:\/\/i0.wp.com\/www.kdfjm.si\/wp-content\/gallery\/2010-izdelovanje-raket\/PhotoPeterSkrlep-0019.jpg?ssl=1\" alt=\"PhotoPeterSkrlep-0019\" style=\"max-width: px; max-height: px; width: auto; height:auto; margin:auto\"><img data-recalc-dims=\"1\" decoding=\"async\" src=\"https:\/\/i0.wp.com\/www.kdfjm.si\/wp-content\/gallery\/2010-izdelovanje-raket\/PhotoPeterSkrlep-0022.jpg?ssl=1\" alt=\"PhotoPeterSkrlep-0022\" style=\"max-width: px; max-height: px; width: auto; height:auto; margin:auto\"><img data-recalc-dims=\"1\" decoding=\"async\" src=\"https:\/\/i0.wp.com\/www.kdfjm.si\/wp-content\/gallery\/2010-izdelovanje-raket\/PhotoPeterSkrlep-0023.jpg?ssl=1\" alt=\"PhotoPeterSkrlep-0023\" style=\"max-width: px; max-height: px; width: auto; height:auto; margin:auto\"><img data-recalc-dims=\"1\" decoding=\"async\" src=\"https:\/\/i0.wp.com\/www.kdfjm.si\/wp-content\/gallery\/2010-izdelovanje-raket\/PhotoPeterSkrlep-0024.jpg?ssl=1\" alt=\"PhotoPeterSkrlep-0024\" style=\"max-width: px; max-height: px; width: auto; height:auto; margin:auto\"><img data-recalc-dims=\"1\" decoding=\"async\" src=\"https:\/\/i0.wp.com\/www.kdfjm.si\/wp-content\/gallery\/2010-izdelovanje-raket\/PhotoPeterSkrlep-0026.jpg?ssl=1\" alt=\"PhotoPeterSkrlep-0026\" style=\"max-width: px; max-height: px; width: auto; height:auto; margin:auto\"><img data-recalc-dims=\"1\" decoding=\"async\" src=\"https:\/\/i0.wp.com\/www.kdfjm.si\/wp-content\/gallery\/2010-izdelovanje-raket\/PhotoPeterSkrlep-0027.jpg?ssl=1\" alt=\"PhotoPeterSkrlep-0027\" style=\"max-width: px; max-height: px; width: auto; height:auto; margin:auto\"><img data-recalc-dims=\"1\" decoding=\"async\" src=\"https:\/\/i0.wp.com\/www.kdfjm.si\/wp-content\/gallery\/2010-izdelovanje-raket\/PhotoPeterSkrlep-0028.jpg?ssl=1\" alt=\"PhotoPeterSkrlep-0028\" style=\"max-width: px; max-height: px; width: auto; height:auto; margin:auto\"><img data-recalc-dims=\"1\" decoding=\"async\" src=\"https:\/\/i0.wp.com\/www.kdfjm.si\/wp-content\/gallery\/2010-izdelovanje-raket\/PhotoPeterSkrlep-0030.jpg?ssl=1\" alt=\"PhotoPeterSkrlep-0030\" style=\"max-width: px; max-height: px; width: auto; height:auto; margin:auto\"><img data-recalc-dims=\"1\" decoding=\"async\" src=\"https:\/\/i0.wp.com\/www.kdfjm.si\/wp-content\/gallery\/2010-izdelovanje-raket\/PhotoPeterSkrlep-0032.jpg?ssl=1\" alt=\"PhotoPeterSkrlep-0032\" style=\"max-width: px; max-height: px; width: auto; height:auto; margin:auto\"><img data-recalc-dims=\"1\" decoding=\"async\" src=\"https:\/\/i0.wp.com\/www.kdfjm.si\/wp-content\/gallery\/2010-izdelovanje-raket\/PhotoPeterSkrlep-0035.jpg?ssl=1\" alt=\"PhotoPeterSkrlep-0035\" style=\"max-width: px; max-height: px; width: auto; height:auto; margin:auto\"><img data-recalc-dims=\"1\" decoding=\"async\" src=\"https:\/\/i0.wp.com\/www.kdfjm.si\/wp-content\/gallery\/2010-izdelovanje-raket\/PhotoPeterSkrlep-0038.jpg?ssl=1\" alt=\"PhotoPeterSkrlep-0038\" style=\"max-width: px; max-height: px; width: auto; height:auto; margin:auto\"><img data-recalc-dims=\"1\" decoding=\"async\" src=\"https:\/\/i0.wp.com\/www.kdfjm.si\/wp-content\/gallery\/2010-izdelovanje-raket\/PhotoPeterSkrlep-0040.jpg?ssl=1\" alt=\"PhotoPeterSkrlep-0040\" style=\"max-width: px; max-height: px; width: auto; height:auto; margin:auto\"><img data-recalc-dims=\"1\" decoding=\"async\" src=\"https:\/\/i0.wp.com\/www.kdfjm.si\/wp-content\/gallery\/2010-izdelovanje-raket\/PhotoPeterSkrlep-0042.jpg?ssl=1\" alt=\"PhotoPeterSkrlep-0042\" style=\"max-width: px; max-height: px; width: auto; height:auto; margin:auto\"><img data-recalc-dims=\"1\" decoding=\"async\" src=\"https:\/\/i0.wp.com\/www.kdfjm.si\/wp-content\/gallery\/2010-izdelovanje-raket\/PhotoPeterSkrlep-0043.jpg?ssl=1\" alt=\"PhotoPeterSkrlep-0043\" style=\"max-width: px; max-height: px; width: auto; height:auto; margin:auto\"><\/div><\/div>\n\n<script type=\"text\/javascript\">jQuery(document).ready(function($) {\r\n\t\t\tvar owl = $('#ngg_slideshow1289861');\r\n\t\t\towl.owlCarousel({\r\n\t\t\t\titems: 1,\r\n\t\t\t\tautoHeight: false,\r\n\t            dots: true,\r\n\t            autoplay: true,\r\n\t\t\t\tautoplayTimeout: 3000,\r\n\t\t\t\tautoplayHoverPause: true,\r\n\t\t\t\tanimateIn: 'fadeIn',\r\n\t\t\t\tanimateOut: 'fadeOut',\r\n\t\t\t\tloop: true,\r\n\t\t\t\tmouseDrag: true,\r\n\t\t\t\ttouchDrag: true\r\n\t\t\t});\nowl.click( function () {\r\n                    owl.trigger( 'next.owl.carousel' );\r\n                } );});\n<\/script><\/strong><\/p>\n","protected":false},"excerpt":{"rendered":"<p>Izdelovanja raket je potekalo v soboto, 22. 5. 2010, ob 9.30 pri Dim\u010devem znamenju pri Lipcah na menge\u0161kem polju. Delavnico je vodil Jo\u017ee Rot.<\/p>\n","protected":false},"author":2,"featured_media":0,"parent":606,"menu_order":0,"comment_status":"closed","ping_status":"closed","template":"","meta":{"footnotes":""},"class_list":["post-986","page","type-page","status-publish","hentry"],"jetpack_sharing_enabled":true,"jetpack_shortlink":"https:\/\/wp.me\/P73nhm-fU","jetpack-related-posts":[],"_links":{"self":[{"href":"https:\/\/www.kdfjm.si\/index.php?rest_route=\/wp\/v2\/pages\/986","targetHints":{"allow":["GET"]}}],"collection":[{"href":"https:\/\/www.kdfjm.si\/index.php?rest_route=\/wp\/v2\/pages"}],"about":[{"href":"https:\/\/www.kdfjm.si\/index.php?rest_route=\/wp\/v2\/types\/page"}],"author":[{"embeddable":true,"href":"https:\/\/www.kdfjm.si\/index.php?rest_route=\/wp\/v2\/users\/2"}],"replies":[{"embeddable":true,"href":"https:\/\/www.kdfjm.si\/index.php?rest_route=%2Fwp%2Fv2%2Fcomments&post=986"}],"version-history":[{"count":3,"href":"https:\/\/www.kdfjm.si\/index.php?rest_route=\/wp\/v2\/pages\/986\/revisions"}],"predecessor-version":[{"id":3489,"href":"https:\/\/www.kdfjm.si\/index.php?rest_route=\/wp\/v2\/pages\/986\/revisions\/3489"}],"up":[{"embeddable":true,"href":"https:\/\/www.kdfjm.si\/index.php?rest_route=\/wp\/v2\/pages\/606"}],"wp:attachment":[{"href":"https:\/\/www.kdfjm.si\/index.php?rest_route=%2Fwp%2Fv2%2Fmedia&parent=986"}],"curies":[{"name":"wp","href":"https:\/\/api.w.org\/{rel}","templated":true}]}}