{"id":969,"date":"2010-06-23T07:02:28","date_gmt":"2010-06-23T06:02:28","guid":{"rendered":"http:\/\/www.kdfjm.si\/?page_id=969"},"modified":"2015-10-11T21:29:22","modified_gmt":"2015-10-11T20:29:22","slug":"romanje-na-smarno-goro","status":"publish","type":"page","link":"https:\/\/www.kdfjm.si\/?page_id=969","title":{"rendered":"Romanje na \u0160marno goro"},"content":{"rendered":"<div id=\"_mcePaste\">Meng\u0161ani so v spomin na zmago nad Turki pri Sisku 22. 6. 1593 na praznik svetega Ahaca romali na \u0160marno goro. Meng\u0161ani so tja spet\u00a0romali \u00a0v torek 22. 6. 2010. Dobili smo se ob 7. uri pri \u00a0farni cerkvi v Meng\u0161u. Tisti, ki niso \u0161li pe\u0161 iz Meng\u0161a, so se nam pridru\u017eili pri sveti ma\u0161i, ki je bila ob 12. uri na \u0160marni gori.<\/div>\n<div><\/div>\n<div><strong><div class=\"slideshow\"><div id=\"ngg_slideshow1269691\" class=\"ngg-slideshow owl-carousel\" style=\"max-width: px; max-height: px;\"><img data-recalc-dims=\"1\" decoding=\"async\" src=\"https:\/\/i0.wp.com\/www.kdfjm.si\/wp-content\/gallery\/2010-romanje-na-smarno-goro\/20100622-P10_7389.jpg?ssl=1\" alt=\"20100622-P10_7389\" style=\"max-width: px; max-height: px; width: auto; height:auto; margin:auto\"><img data-recalc-dims=\"1\" decoding=\"async\" src=\"https:\/\/i0.wp.com\/www.kdfjm.si\/wp-content\/gallery\/2010-romanje-na-smarno-goro\/20100622-P10_7424.jpg?ssl=1\" alt=\"20100622-P10_7424\" style=\"max-width: px; max-height: px; width: auto; height:auto; margin:auto\"><img data-recalc-dims=\"1\" decoding=\"async\" src=\"https:\/\/i0.wp.com\/www.kdfjm.si\/wp-content\/gallery\/2010-romanje-na-smarno-goro\/20100622-P10_7432.jpg?ssl=1\" alt=\"20100622-P10_7432\" style=\"max-width: px; max-height: px; width: auto; height:auto; margin:auto\"><img data-recalc-dims=\"1\" decoding=\"async\" src=\"https:\/\/i0.wp.com\/www.kdfjm.si\/wp-content\/gallery\/2010-romanje-na-smarno-goro\/20100622-P10_7434.jpg?ssl=1\" alt=\"20100622-P10_7434\" style=\"max-width: px; max-height: px; width: auto; height:auto; margin:auto\"><img data-recalc-dims=\"1\" decoding=\"async\" src=\"https:\/\/i0.wp.com\/www.kdfjm.si\/wp-content\/gallery\/2010-romanje-na-smarno-goro\/20100622-P10_7439.jpg?ssl=1\" alt=\"20100622-P10_7439\" style=\"max-width: px; max-height: px; width: auto; height:auto; margin:auto\"><img data-recalc-dims=\"1\" decoding=\"async\" src=\"https:\/\/i0.wp.com\/www.kdfjm.si\/wp-content\/gallery\/2010-romanje-na-smarno-goro\/20100622-P10_7440.jpg?ssl=1\" alt=\"20100622-P10_7440\" style=\"max-width: px; max-height: px; width: auto; height:auto; margin:auto\"><img data-recalc-dims=\"1\" decoding=\"async\" src=\"https:\/\/i0.wp.com\/www.kdfjm.si\/wp-content\/gallery\/2010-romanje-na-smarno-goro\/20100622-P10_7441.jpg?ssl=1\" alt=\"20100622-P10_7441\" style=\"max-width: px; max-height: px; width: auto; height:auto; margin:auto\"><img data-recalc-dims=\"1\" decoding=\"async\" src=\"https:\/\/i0.wp.com\/www.kdfjm.si\/wp-content\/gallery\/2010-romanje-na-smarno-goro\/20100622-P10_7443.jpg?ssl=1\" alt=\"20100622-P10_7443\" style=\"max-width: px; max-height: px; width: auto; height:auto; margin:auto\"><img data-recalc-dims=\"1\" decoding=\"async\" src=\"https:\/\/i0.wp.com\/www.kdfjm.si\/wp-content\/gallery\/2010-romanje-na-smarno-goro\/20100622-P10_7444.jpg?ssl=1\" alt=\"20100622-P10_7444\" style=\"max-width: px; max-height: px; width: auto; height:auto; margin:auto\"><img data-recalc-dims=\"1\" decoding=\"async\" src=\"https:\/\/i0.wp.com\/www.kdfjm.si\/wp-content\/gallery\/2010-romanje-na-smarno-goro\/20100622-P10_7449.jpg?ssl=1\" alt=\"20100622-P10_7449\" style=\"max-width: px; max-height: px; width: auto; height:auto; margin:auto\"><img data-recalc-dims=\"1\" decoding=\"async\" src=\"https:\/\/i0.wp.com\/www.kdfjm.si\/wp-content\/gallery\/2010-romanje-na-smarno-goro\/20100622-P10_7451.jpg?ssl=1\" alt=\"20100622-P10_7451\" style=\"max-width: px; max-height: px; width: auto; height:auto; margin:auto\"><img data-recalc-dims=\"1\" decoding=\"async\" src=\"https:\/\/i0.wp.com\/www.kdfjm.si\/wp-content\/gallery\/2010-romanje-na-smarno-goro\/20100622-P10_7458.jpg?ssl=1\" alt=\"20100622-P10_7458\" style=\"max-width: px; max-height: px; width: auto; height:auto; margin:auto\"><img data-recalc-dims=\"1\" decoding=\"async\" src=\"https:\/\/i0.wp.com\/www.kdfjm.si\/wp-content\/gallery\/2010-romanje-na-smarno-goro\/20100622-P10_7460.jpg?ssl=1\" alt=\"20100622-P10_7460\" style=\"max-width: px; max-height: px; width: auto; height:auto; margin:auto\"><img data-recalc-dims=\"1\" decoding=\"async\" src=\"https:\/\/i0.wp.com\/www.kdfjm.si\/wp-content\/gallery\/2010-romanje-na-smarno-goro\/20100622-P10_7462.jpg?ssl=1\" alt=\"20100622-P10_7462\" style=\"max-width: px; max-height: px; width: auto; height:auto; margin:auto\"><img data-recalc-dims=\"1\" decoding=\"async\" src=\"https:\/\/i0.wp.com\/www.kdfjm.si\/wp-content\/gallery\/2010-romanje-na-smarno-goro\/20100622-P10_7464.jpg?ssl=1\" alt=\"20100622-P10_7464\" style=\"max-width: px; max-height: px; width: auto; height:auto; margin:auto\"><img data-recalc-dims=\"1\" decoding=\"async\" src=\"https:\/\/i0.wp.com\/www.kdfjm.si\/wp-content\/gallery\/2010-romanje-na-smarno-goro\/20100622-P10_7466.jpg?ssl=1\" alt=\"20100622-P10_7466\" style=\"max-width: px; max-height: px; width: auto; height:auto; margin:auto\"><img data-recalc-dims=\"1\" decoding=\"async\" src=\"https:\/\/i0.wp.com\/www.kdfjm.si\/wp-content\/gallery\/2010-romanje-na-smarno-goro\/20100622-P10_7471.jpg?ssl=1\" alt=\"20100622-P10_7471\" style=\"max-width: px; max-height: px; width: auto; height:auto; margin:auto\"><img data-recalc-dims=\"1\" decoding=\"async\" src=\"https:\/\/i0.wp.com\/www.kdfjm.si\/wp-content\/gallery\/2010-romanje-na-smarno-goro\/20100622-P10_7475.jpg?ssl=1\" alt=\"20100622-P10_7475\" style=\"max-width: px; max-height: px; width: auto; height:auto; margin:auto\"><img data-recalc-dims=\"1\" decoding=\"async\" src=\"https:\/\/i0.wp.com\/www.kdfjm.si\/wp-content\/gallery\/2010-romanje-na-smarno-goro\/20100622-P10_7479.jpg?ssl=1\" alt=\"20100622-P10_7479\" style=\"max-width: px; max-height: px; width: auto; height:auto; margin:auto\"><img data-recalc-dims=\"1\" decoding=\"async\" src=\"https:\/\/i0.wp.com\/www.kdfjm.si\/wp-content\/gallery\/2010-romanje-na-smarno-goro\/20100622-P10_7481.jpg?ssl=1\" alt=\"20100622-P10_7481\" style=\"max-width: px; max-height: px; width: auto; height:auto; margin:auto\"><img data-recalc-dims=\"1\" decoding=\"async\" src=\"https:\/\/i0.wp.com\/www.kdfjm.si\/wp-content\/gallery\/2010-romanje-na-smarno-goro\/20100622-P10_7484.jpg?ssl=1\" alt=\"20100622-P10_7484\" style=\"max-width: px; max-height: px; width: auto; height:auto; margin:auto\"><\/div><\/div>\n\n<script type=\"text\/javascript\">jQuery(document).ready(function($) {\r\n\t\t\tvar owl = $('#ngg_slideshow1269691');\r\n\t\t\towl.owlCarousel({\r\n\t\t\t\titems: 1,\r\n\t\t\t\tautoHeight: false,\r\n\t            dots: true,\r\n\t            autoplay: true,\r\n\t\t\t\tautoplayTimeout: 3000,\r\n\t\t\t\tautoplayHoverPause: true,\r\n\t\t\t\tanimateIn: 'fadeIn',\r\n\t\t\t\tanimateOut: 'fadeOut',\r\n\t\t\t\tloop: true,\r\n\t\t\t\tmouseDrag: true,\r\n\t\t\t\ttouchDrag: true\r\n\t\t\t});\nowl.click( function () {\r\n                    owl.trigger( 'next.owl.carousel' );\r\n                } );});\n<\/script><\/strong><\/div>\n","protected":false},"excerpt":{"rendered":"<p>Meng\u0161ani so v spomin na zmago nad Turki pri Sisku 22. 6. 1593 na praznik svetega Ahaca romali na \u0160marno goro. Meng\u0161ani so tja spet\u00a0romali \u00a0v torek 22. 6. 2010. Dobili smo se ob 7. uri pri \u00a0farni cerkvi v Meng\u0161u. Tisti, ki niso \u0161li pe\u0161 iz Meng\u0161a, so se nam pridru\u017eili pri sveti ma\u0161i, [&hellip;]<\/p>\n","protected":false},"author":2,"featured_media":0,"parent":606,"menu_order":0,"comment_status":"closed","ping_status":"closed","template":"","meta":{"footnotes":""},"class_list":["post-969","page","type-page","status-publish","hentry"],"jetpack_sharing_enabled":true,"jetpack_shortlink":"https:\/\/wp.me\/P73nhm-fD","jetpack-related-posts":[],"_links":{"self":[{"href":"https:\/\/www.kdfjm.si\/index.php?rest_route=\/wp\/v2\/pages\/969","targetHints":{"allow":["GET"]}}],"collection":[{"href":"https:\/\/www.kdfjm.si\/index.php?rest_route=\/wp\/v2\/pages"}],"about":[{"href":"https:\/\/www.kdfjm.si\/index.php?rest_route=\/wp\/v2\/types\/page"}],"author":[{"embeddable":true,"href":"https:\/\/www.kdfjm.si\/index.php?rest_route=\/wp\/v2\/users\/2"}],"replies":[{"embeddable":true,"href":"https:\/\/www.kdfjm.si\/index.php?rest_route=%2Fwp%2Fv2%2Fcomments&post=969"}],"version-history":[{"count":3,"href":"https:\/\/www.kdfjm.si\/index.php?rest_route=\/wp\/v2\/pages\/969\/revisions"}],"predecessor-version":[{"id":3492,"href":"https:\/\/www.kdfjm.si\/index.php?rest_route=\/wp\/v2\/pages\/969\/revisions\/3492"}],"up":[{"embeddable":true,"href":"https:\/\/www.kdfjm.si\/index.php?rest_route=\/wp\/v2\/pages\/606"}],"wp:attachment":[{"href":"https:\/\/www.kdfjm.si\/index.php?rest_route=%2Fwp%2Fv2%2Fmedia&parent=969"}],"curies":[{"name":"wp","href":"https:\/\/api.w.org\/{rel}","templated":true}]}}