{"id":952,"date":"2010-06-01T12:26:58","date_gmt":"2010-06-01T11:26:58","guid":{"rendered":"http:\/\/www.kdfjm.si\/?page_id=952"},"modified":"2015-10-11T21:29:47","modified_gmt":"2015-10-11T20:29:47","slug":"v-festival-otroske-poezije-28-maj-2010","status":"publish","type":"page","link":"https:\/\/www.kdfjm.si\/?page_id=952","title":{"rendered":"V. Festival otro\u0161ke poezije (28. maj 2010)"},"content":{"rendered":"<p>5. Festival otro\u0161ke poezije Menge\u0161 2010 je posve\u010den 180-letnici rojstva Janeza Trdine in 110-letnici smrti Ivana Vesela Vesnina.<br \/>\nFestival je potekal 28. maja 2010 od 17. ure pri razvalinah grajske kapele sv. Lovrenca na Gobavici nad Meng\u0161em.<\/p>\n<p>Iz\u0161la je tudi knjiga z literarnimi deli V. festivala otro\u0161ke poezije<span style=\"color: #000000;\">. <\/span><a href=\"http:\/\/www.kdfjm.si\/wp-content\/uploads\/2010\/06\/WEBmala5FOPKnjiga20101.pdf\"><span style=\"color: #ff0000;\"><strong><span style=\"color: #800000;\">Vabljeni k branju!<\/span><\/strong><\/span><\/a><\/p><div class=\"slideshow\"><div id=\"ngg_slideshow1249521\" class=\"ngg-slideshow owl-carousel\" style=\"max-width: px; max-height: px;\"><img data-recalc-dims=\"1\" decoding=\"async\" src=\"https:\/\/i0.wp.com\/www.kdfjm.si\/wp-content\/gallery\/2010-5-festival-otroske-poezije\/20100528-P10_6297.jpg?ssl=1\" alt=\"20100528-P10_6297\" style=\"max-width: px; max-height: px; width: auto; height:auto; margin:auto\"><img data-recalc-dims=\"1\" decoding=\"async\" src=\"https:\/\/i0.wp.com\/www.kdfjm.si\/wp-content\/gallery\/2010-5-festival-otroske-poezije\/20100528-P10_6299.jpg?ssl=1\" alt=\"20100528-P10_6299\" style=\"max-width: px; max-height: px; width: auto; height:auto; margin:auto\"><img data-recalc-dims=\"1\" decoding=\"async\" src=\"https:\/\/i0.wp.com\/www.kdfjm.si\/wp-content\/gallery\/2010-5-festival-otroske-poezije\/20100528-P10_6301.jpg?ssl=1\" alt=\"20100528-P10_6301\" style=\"max-width: px; max-height: px; width: auto; height:auto; margin:auto\"><img data-recalc-dims=\"1\" decoding=\"async\" src=\"https:\/\/i0.wp.com\/www.kdfjm.si\/wp-content\/gallery\/2010-5-festival-otroske-poezije\/20100528-P10_6303.jpg?ssl=1\" alt=\"20100528-P10_6303\" style=\"max-width: px; max-height: px; width: auto; height:auto; margin:auto\"><img data-recalc-dims=\"1\" decoding=\"async\" src=\"https:\/\/i0.wp.com\/www.kdfjm.si\/wp-content\/gallery\/2010-5-festival-otroske-poezije\/20100528-P10_6307.jpg?ssl=1\" alt=\"20100528-P10_6307\" style=\"max-width: px; max-height: px; width: auto; height:auto; margin:auto\"><img data-recalc-dims=\"1\" decoding=\"async\" src=\"https:\/\/i0.wp.com\/www.kdfjm.si\/wp-content\/gallery\/2010-5-festival-otroske-poezije\/20100528-P10_6308.jpg?ssl=1\" alt=\"20100528-P10_6308\" style=\"max-width: px; max-height: px; width: auto; height:auto; margin:auto\"><img data-recalc-dims=\"1\" decoding=\"async\" src=\"https:\/\/i0.wp.com\/www.kdfjm.si\/wp-content\/gallery\/2010-5-festival-otroske-poezije\/20100528-P10_6312.jpg?ssl=1\" alt=\"20100528-P10_6312\" style=\"max-width: px; max-height: px; width: auto; height:auto; margin:auto\"><img data-recalc-dims=\"1\" decoding=\"async\" src=\"https:\/\/i0.wp.com\/www.kdfjm.si\/wp-content\/gallery\/2010-5-festival-otroske-poezije\/20100528-P10_6316.jpg?ssl=1\" alt=\"20100528-P10_6316\" style=\"max-width: px; max-height: px; width: auto; height:auto; margin:auto\"><img data-recalc-dims=\"1\" decoding=\"async\" src=\"https:\/\/i0.wp.com\/www.kdfjm.si\/wp-content\/gallery\/2010-5-festival-otroske-poezije\/20100528-P10_6320.jpg?ssl=1\" alt=\"20100528-P10_6320\" style=\"max-width: px; max-height: px; width: auto; height:auto; margin:auto\"><img data-recalc-dims=\"1\" decoding=\"async\" src=\"https:\/\/i0.wp.com\/www.kdfjm.si\/wp-content\/gallery\/2010-5-festival-otroske-poezije\/20100528-P10_6321.jpg?ssl=1\" alt=\"20100528-P10_6321\" style=\"max-width: px; max-height: px; width: auto; height:auto; margin:auto\"><img data-recalc-dims=\"1\" decoding=\"async\" src=\"https:\/\/i0.wp.com\/www.kdfjm.si\/wp-content\/gallery\/2010-5-festival-otroske-poezije\/20100528-P10_6323.jpg?ssl=1\" alt=\"20100528-P10_6323\" style=\"max-width: px; max-height: px; width: auto; height:auto; margin:auto\"><img data-recalc-dims=\"1\" decoding=\"async\" src=\"https:\/\/i0.wp.com\/www.kdfjm.si\/wp-content\/gallery\/2010-5-festival-otroske-poezije\/20100528-P10_6324.jpg?ssl=1\" alt=\"20100528-P10_6324\" style=\"max-width: px; max-height: px; width: auto; height:auto; margin:auto\"><img data-recalc-dims=\"1\" decoding=\"async\" src=\"https:\/\/i0.wp.com\/www.kdfjm.si\/wp-content\/gallery\/2010-5-festival-otroske-poezije\/20100528-P10_6327.jpg?ssl=1\" alt=\"20100528-P10_6327\" style=\"max-width: px; max-height: px; width: auto; height:auto; margin:auto\"><img data-recalc-dims=\"1\" decoding=\"async\" src=\"https:\/\/i0.wp.com\/www.kdfjm.si\/wp-content\/gallery\/2010-5-festival-otroske-poezije\/20100528-P10_6329.jpg?ssl=1\" alt=\"20100528-P10_6329\" style=\"max-width: px; max-height: px; width: auto; height:auto; margin:auto\"><img data-recalc-dims=\"1\" decoding=\"async\" src=\"https:\/\/i0.wp.com\/www.kdfjm.si\/wp-content\/gallery\/2010-5-festival-otroske-poezije\/20100528-P10_6334.jpg?ssl=1\" alt=\"20100528-P10_6334\" style=\"max-width: px; max-height: px; width: auto; height:auto; margin:auto\"><img data-recalc-dims=\"1\" decoding=\"async\" src=\"https:\/\/i0.wp.com\/www.kdfjm.si\/wp-content\/gallery\/2010-5-festival-otroske-poezije\/20100528-P10_6338.jpg?ssl=1\" alt=\"20100528-P10_6338\" style=\"max-width: px; max-height: px; width: auto; height:auto; margin:auto\"><img data-recalc-dims=\"1\" decoding=\"async\" src=\"https:\/\/i0.wp.com\/www.kdfjm.si\/wp-content\/gallery\/2010-5-festival-otroske-poezije\/20100528-P10_6344.jpg?ssl=1\" alt=\"20100528-P10_6344\" style=\"max-width: px; max-height: px; width: auto; height:auto; margin:auto\"><img data-recalc-dims=\"1\" decoding=\"async\" src=\"https:\/\/i0.wp.com\/www.kdfjm.si\/wp-content\/gallery\/2010-5-festival-otroske-poezije\/20100528-P10_6347.jpg?ssl=1\" alt=\"20100528-P10_6347\" style=\"max-width: px; max-height: px; width: auto; height:auto; margin:auto\"><img data-recalc-dims=\"1\" decoding=\"async\" src=\"https:\/\/i0.wp.com\/www.kdfjm.si\/wp-content\/gallery\/2010-5-festival-otroske-poezije\/20100528-P10_6357.jpg?ssl=1\" alt=\"20100528-P10_6357\" style=\"max-width: px; max-height: px; width: auto; height:auto; margin:auto\"><img data-recalc-dims=\"1\" decoding=\"async\" src=\"https:\/\/i0.wp.com\/www.kdfjm.si\/wp-content\/gallery\/2010-5-festival-otroske-poezije\/20100528-P10_6362.jpg?ssl=1\" alt=\"20100528-P10_6362\" style=\"max-width: px; max-height: px; width: auto; height:auto; margin:auto\"><img data-recalc-dims=\"1\" decoding=\"async\" src=\"https:\/\/i0.wp.com\/www.kdfjm.si\/wp-content\/gallery\/2010-5-festival-otroske-poezije\/20100528-P10_6367.jpg?ssl=1\" alt=\"20100528-P10_6367\" style=\"max-width: px; max-height: px; width: auto; height:auto; margin:auto\"><img data-recalc-dims=\"1\" decoding=\"async\" src=\"https:\/\/i0.wp.com\/www.kdfjm.si\/wp-content\/gallery\/2010-5-festival-otroske-poezije\/20100528-P10_6368.jpg?ssl=1\" alt=\"20100528-P10_6368\" style=\"max-width: px; max-height: px; width: auto; height:auto; margin:auto\"><img data-recalc-dims=\"1\" decoding=\"async\" src=\"https:\/\/i0.wp.com\/www.kdfjm.si\/wp-content\/gallery\/2010-5-festival-otroske-poezije\/20100528-P10_6370.jpg?ssl=1\" alt=\"20100528-P10_6370\" style=\"max-width: px; max-height: px; width: auto; height:auto; margin:auto\"><img data-recalc-dims=\"1\" decoding=\"async\" src=\"https:\/\/i0.wp.com\/www.kdfjm.si\/wp-content\/gallery\/2010-5-festival-otroske-poezije\/20100528-P10_6379.jpg?ssl=1\" alt=\"20100528-P10_6379\" style=\"max-width: px; max-height: px; width: auto; height:auto; margin:auto\"><img data-recalc-dims=\"1\" decoding=\"async\" src=\"https:\/\/i0.wp.com\/www.kdfjm.si\/wp-content\/gallery\/2010-5-festival-otroske-poezije\/20100528-P10_6383.jpg?ssl=1\" alt=\"20100528-P10_6383\" style=\"max-width: px; max-height: px; width: auto; height:auto; margin:auto\"><img data-recalc-dims=\"1\" decoding=\"async\" src=\"https:\/\/i0.wp.com\/www.kdfjm.si\/wp-content\/gallery\/2010-5-festival-otroske-poezije\/20100528-P10_6395.jpg?ssl=1\" alt=\"20100528-P10_6395\" style=\"max-width: px; max-height: px; width: auto; height:auto; margin:auto\"><img data-recalc-dims=\"1\" decoding=\"async\" src=\"https:\/\/i0.wp.com\/www.kdfjm.si\/wp-content\/gallery\/2010-5-festival-otroske-poezije\/20100528-P10_6408.jpg?ssl=1\" alt=\"20100528-P10_6408\" style=\"max-width: px; max-height: px; width: auto; height:auto; margin:auto\"><img data-recalc-dims=\"1\" decoding=\"async\" src=\"https:\/\/i0.wp.com\/www.kdfjm.si\/wp-content\/gallery\/2010-5-festival-otroske-poezije\/20100528-P10_6418.jpg?ssl=1\" alt=\"20100528-P10_6418\" style=\"max-width: px; max-height: px; width: auto; height:auto; margin:auto\"><img data-recalc-dims=\"1\" decoding=\"async\" src=\"https:\/\/i0.wp.com\/www.kdfjm.si\/wp-content\/gallery\/2010-5-festival-otroske-poezije\/20100528-P10_6422.jpg?ssl=1\" alt=\"20100528-P10_6422\" style=\"max-width: px; max-height: px; width: auto; height:auto; margin:auto\"><img data-recalc-dims=\"1\" decoding=\"async\" src=\"https:\/\/i0.wp.com\/www.kdfjm.si\/wp-content\/gallery\/2010-5-festival-otroske-poezije\/20100528-P10_6426.jpg?ssl=1\" alt=\"20100528-P10_6426\" style=\"max-width: px; max-height: px; width: auto; height:auto; margin:auto\"><img data-recalc-dims=\"1\" decoding=\"async\" src=\"https:\/\/i0.wp.com\/www.kdfjm.si\/wp-content\/gallery\/2010-5-festival-otroske-poezije\/20100528-P10_6431.jpg?ssl=1\" alt=\"20100528-P10_6431\" style=\"max-width: px; max-height: px; width: auto; height:auto; margin:auto\"><img data-recalc-dims=\"1\" decoding=\"async\" src=\"https:\/\/i0.wp.com\/www.kdfjm.si\/wp-content\/gallery\/2010-5-festival-otroske-poezije\/20100528-P10_6437.jpg?ssl=1\" alt=\"20100528-P10_6437\" style=\"max-width: px; max-height: px; width: auto; height:auto; margin:auto\"><img data-recalc-dims=\"1\" decoding=\"async\" src=\"https:\/\/i0.wp.com\/www.kdfjm.si\/wp-content\/gallery\/2010-5-festival-otroske-poezije\/20100528-P10_6438.jpg?ssl=1\" alt=\"20100528-P10_6438\" style=\"max-width: px; max-height: px; width: auto; height:auto; margin:auto\"><img data-recalc-dims=\"1\" decoding=\"async\" src=\"https:\/\/i0.wp.com\/www.kdfjm.si\/wp-content\/gallery\/2010-5-festival-otroske-poezije\/20100528-P10_6441.jpg?ssl=1\" alt=\"20100528-P10_6441\" style=\"max-width: px; max-height: px; width: auto; height:auto; margin:auto\"><img data-recalc-dims=\"1\" decoding=\"async\" src=\"https:\/\/i0.wp.com\/www.kdfjm.si\/wp-content\/gallery\/2010-5-festival-otroske-poezije\/20100528-P10_6447.jpg?ssl=1\" alt=\"20100528-P10_6447\" style=\"max-width: px; max-height: px; width: auto; height:auto; margin:auto\"><img data-recalc-dims=\"1\" decoding=\"async\" src=\"https:\/\/i0.wp.com\/www.kdfjm.si\/wp-content\/gallery\/2010-5-festival-otroske-poezije\/20100528-P10_6453.jpg?ssl=1\" alt=\"20100528-P10_6453\" style=\"max-width: px; max-height: px; width: auto; height:auto; margin:auto\"><\/div><\/div>\n\n<script type=\"text\/javascript\">jQuery(document).ready(function($) {\r\n\t\t\tvar owl = $('#ngg_slideshow1249521');\r\n\t\t\towl.owlCarousel({\r\n\t\t\t\titems: 1,\r\n\t\t\t\tautoHeight: false,\r\n\t            dots: true,\r\n\t            autoplay: true,\r\n\t\t\t\tautoplayTimeout: 3000,\r\n\t\t\t\tautoplayHoverPause: true,\r\n\t\t\t\tanimateIn: 'fadeIn',\r\n\t\t\t\tanimateOut: 'fadeOut',\r\n\t\t\t\tloop: true,\r\n\t\t\t\tmouseDrag: true,\r\n\t\t\t\ttouchDrag: true\r\n\t\t\t});\nowl.click( function () {\r\n                    owl.trigger( 'next.owl.carousel' );\r\n                } );});\n<\/script>","protected":false},"excerpt":{"rendered":"<p>5. Festival otro\u0161ke poezije Menge\u0161 2010 je posve\u010den 180-letnici rojstva Janeza Trdine in 110-letnici smrti Ivana Vesela Vesnina. Festival je potekal 28. maja 2010 od 17. ure pri razvalinah grajske kapele sv. Lovrenca na Gobavici nad Meng\u0161em. Iz\u0161la je tudi knjiga z literarnimi deli V. festivala otro\u0161ke poezije. Vabljeni k branju!<\/p>\n","protected":false},"author":2,"featured_media":0,"parent":361,"menu_order":0,"comment_status":"closed","ping_status":"closed","template":"","meta":{"footnotes":""},"class_list":["post-952","page","type-page","status-publish","hentry"],"jetpack_sharing_enabled":true,"jetpack_shortlink":"https:\/\/wp.me\/P73nhm-fm","jetpack-related-posts":[],"_links":{"self":[{"href":"https:\/\/www.kdfjm.si\/index.php?rest_route=\/wp\/v2\/pages\/952","targetHints":{"allow":["GET"]}}],"collection":[{"href":"https:\/\/www.kdfjm.si\/index.php?rest_route=\/wp\/v2\/pages"}],"about":[{"href":"https:\/\/www.kdfjm.si\/index.php?rest_route=\/wp\/v2\/types\/page"}],"author":[{"embeddable":true,"href":"https:\/\/www.kdfjm.si\/index.php?rest_route=\/wp\/v2\/users\/2"}],"replies":[{"embeddable":true,"href":"https:\/\/www.kdfjm.si\/index.php?rest_route=%2Fwp%2Fv2%2Fcomments&post=952"}],"version-history":[{"count":7,"href":"https:\/\/www.kdfjm.si\/index.php?rest_route=\/wp\/v2\/pages\/952\/revisions"}],"predecessor-version":[{"id":3571,"href":"https:\/\/www.kdfjm.si\/index.php?rest_route=\/wp\/v2\/pages\/952\/revisions\/3571"}],"up":[{"embeddable":true,"href":"https:\/\/www.kdfjm.si\/index.php?rest_route=\/wp\/v2\/pages\/361"}],"wp:attachment":[{"href":"https:\/\/www.kdfjm.si\/index.php?rest_route=%2Fwp%2Fv2%2Fmedia&parent=952"}],"curies":[{"name":"wp","href":"https:\/\/api.w.org\/{rel}","templated":true}]}}