{"id":829,"date":"2010-03-01T14:00:20","date_gmt":"2010-03-01T13:00:20","guid":{"rendered":"http:\/\/www.kdfjm.si\/?page_id=829"},"modified":"2015-10-11T21:29:46","modified_gmt":"2015-10-11T20:29:46","slug":"imaginarium","status":"publish","type":"page","link":"https:\/\/www.kdfjm.si\/?page_id=829","title":{"rendered":"Imaginarium"},"content":{"rendered":"<p>Kulturno dru\u0161tvo Franca Jelov\u0161ka Menge\u0161 se je odzvalo na vabilo dijakov <strong>\u0160kofijske klasi\u010dne gimnazije<\/strong> iz \u0160entvida in sodelovalo pri izvedbi likovnih delavnic <strong>IMAGINARIUM <\/strong>v Zavodu sv.   Stanislava z likovno delavnico <strong>izdelovanja mozaikov<\/strong>. Na delavnicah 20.  januarja 2010 je  sodelovalo okoli 150 dijakov \u0160kofijske klasi\u010dne  gimnazije.<\/p>\n<p><strong><div class=\"slideshow\"><div id=\"ngg_slideshow1128291\" class=\"ngg-slideshow owl-carousel\" style=\"max-width: px; max-height: px;\"><img data-recalc-dims=\"1\" decoding=\"async\" src=\"https:\/\/i0.wp.com\/www.kdfjm.si\/wp-content\/gallery\/imaginarium-2010\/20100120-Slika%20450.jpg?ssl=1\" alt=\"20100120-Slika 450\" style=\"max-width: px; max-height: px; width: auto; height:auto; margin:auto\"><img data-recalc-dims=\"1\" decoding=\"async\" src=\"https:\/\/i0.wp.com\/www.kdfjm.si\/wp-content\/gallery\/imaginarium-2010\/20100120-Slika%20458.jpg?ssl=1\" alt=\"20100120-Slika 458\" style=\"max-width: px; max-height: px; width: auto; height:auto; margin:auto\"><img data-recalc-dims=\"1\" decoding=\"async\" src=\"https:\/\/i0.wp.com\/www.kdfjm.si\/wp-content\/gallery\/imaginarium-2010\/20100120-Slika%20464.jpg?ssl=1\" alt=\"20100120-Slika 464\" style=\"max-width: px; max-height: px; width: auto; height:auto; margin:auto\"><img data-recalc-dims=\"1\" decoding=\"async\" src=\"https:\/\/i0.wp.com\/www.kdfjm.si\/wp-content\/gallery\/imaginarium-2010\/20100120-Slika%20465.jpg?ssl=1\" alt=\"20100120-Slika 465\" style=\"max-width: px; max-height: px; width: auto; height:auto; margin:auto\"><img data-recalc-dims=\"1\" decoding=\"async\" src=\"https:\/\/i0.wp.com\/www.kdfjm.si\/wp-content\/gallery\/imaginarium-2010\/20100120-Slika%20466.jpg?ssl=1\" alt=\"20100120-Slika 466\" style=\"max-width: px; max-height: px; width: auto; height:auto; margin:auto\"><img data-recalc-dims=\"1\" decoding=\"async\" src=\"https:\/\/i0.wp.com\/www.kdfjm.si\/wp-content\/gallery\/imaginarium-2010\/20100120-Slika%20467.jpg?ssl=1\" alt=\"20100120-Slika 467\" style=\"max-width: px; max-height: px; width: auto; height:auto; margin:auto\"><img data-recalc-dims=\"1\" decoding=\"async\" src=\"https:\/\/i0.wp.com\/www.kdfjm.si\/wp-content\/gallery\/imaginarium-2010\/20100120-Slika%20469.jpg?ssl=1\" alt=\"20100120-Slika 469\" style=\"max-width: px; max-height: px; width: auto; height:auto; margin:auto\"><img data-recalc-dims=\"1\" decoding=\"async\" src=\"https:\/\/i0.wp.com\/www.kdfjm.si\/wp-content\/gallery\/imaginarium-2010\/20100120-Slika%20470.jpg?ssl=1\" alt=\"20100120-Slika 470\" style=\"max-width: px; max-height: px; width: auto; height:auto; margin:auto\"><img data-recalc-dims=\"1\" decoding=\"async\" src=\"https:\/\/i0.wp.com\/www.kdfjm.si\/wp-content\/gallery\/imaginarium-2010\/20100120-Slika%20475.jpg?ssl=1\" alt=\"20100120-Slika 475\" style=\"max-width: px; max-height: px; width: auto; height:auto; margin:auto\"><img data-recalc-dims=\"1\" decoding=\"async\" src=\"https:\/\/i0.wp.com\/www.kdfjm.si\/wp-content\/gallery\/imaginarium-2010\/20100120-Slika%20476.jpg?ssl=1\" alt=\"20100120-Slika 476\" style=\"max-width: px; max-height: px; width: auto; height:auto; margin:auto\"><img data-recalc-dims=\"1\" decoding=\"async\" src=\"https:\/\/i0.wp.com\/www.kdfjm.si\/wp-content\/gallery\/imaginarium-2010\/20100120-Slika%20477.jpg?ssl=1\" alt=\"20100120-Slika 477\" style=\"max-width: px; max-height: px; width: auto; height:auto; margin:auto\"><img data-recalc-dims=\"1\" decoding=\"async\" src=\"https:\/\/i0.wp.com\/www.kdfjm.si\/wp-content\/gallery\/imaginarium-2010\/20100120-Slika%20481.jpg?ssl=1\" alt=\"20100120-Slika 481\" style=\"max-width: px; max-height: px; width: auto; height:auto; margin:auto\"><img data-recalc-dims=\"1\" decoding=\"async\" src=\"https:\/\/i0.wp.com\/www.kdfjm.si\/wp-content\/gallery\/imaginarium-2010\/20100120-Slika%20482.jpg?ssl=1\" alt=\"20100120-Slika 482\" style=\"max-width: px; max-height: px; width: auto; height:auto; margin:auto\"><img data-recalc-dims=\"1\" decoding=\"async\" src=\"https:\/\/i0.wp.com\/www.kdfjm.si\/wp-content\/gallery\/imaginarium-2010\/20100120-Slika%20483.jpg?ssl=1\" alt=\"20100120-Slika 483\" style=\"max-width: px; max-height: px; width: auto; height:auto; margin:auto\"><img data-recalc-dims=\"1\" decoding=\"async\" src=\"https:\/\/i0.wp.com\/www.kdfjm.si\/wp-content\/gallery\/imaginarium-2010\/20100120-Slika%20484.jpg?ssl=1\" alt=\"20100120-Slika 484\" style=\"max-width: px; max-height: px; width: auto; height:auto; margin:auto\"><img data-recalc-dims=\"1\" decoding=\"async\" src=\"https:\/\/i0.wp.com\/www.kdfjm.si\/wp-content\/gallery\/imaginarium-2010\/20100120-Slika%20485.jpg?ssl=1\" alt=\"20100120-Slika 485\" style=\"max-width: px; max-height: px; width: auto; height:auto; margin:auto\"><img data-recalc-dims=\"1\" decoding=\"async\" src=\"https:\/\/i0.wp.com\/www.kdfjm.si\/wp-content\/gallery\/imaginarium-2010\/20100617-5R9_0059.jpg?ssl=1\" alt=\"20100617-5R9_0059\" style=\"max-width: px; max-height: px; width: auto; height:auto; margin:auto\"><img data-recalc-dims=\"1\" decoding=\"async\" src=\"https:\/\/i0.wp.com\/www.kdfjm.si\/wp-content\/gallery\/imaginarium-2010\/20100617-5R9_0060.jpg?ssl=1\" alt=\"20100617-5R9_0060\" style=\"max-width: px; max-height: px; width: auto; height:auto; margin:auto\"><img data-recalc-dims=\"1\" decoding=\"async\" src=\"https:\/\/i0.wp.com\/www.kdfjm.si\/wp-content\/gallery\/imaginarium-2010\/20100617-5R9_0061.jpg?ssl=1\" alt=\"20100617-5R9_0061\" style=\"max-width: px; max-height: px; width: auto; height:auto; margin:auto\"><img data-recalc-dims=\"1\" decoding=\"async\" src=\"https:\/\/i0.wp.com\/www.kdfjm.si\/wp-content\/gallery\/imaginarium-2010\/20100617-5R9_0063.jpg?ssl=1\" alt=\"20100617-5R9_0063\" style=\"max-width: px; max-height: px; width: auto; height:auto; margin:auto\"><\/div><\/div>\n\n<script type=\"text\/javascript\">jQuery(document).ready(function($) {\r\n\t\t\tvar owl = $('#ngg_slideshow1128291');\r\n\t\t\towl.owlCarousel({\r\n\t\t\t\titems: 1,\r\n\t\t\t\tautoHeight: false,\r\n\t            dots: true,\r\n\t            autoplay: true,\r\n\t\t\t\tautoplayTimeout: 3000,\r\n\t\t\t\tautoplayHoverPause: true,\r\n\t\t\t\tanimateIn: 'fadeIn',\r\n\t\t\t\tanimateOut: 'fadeOut',\r\n\t\t\t\tloop: true,\r\n\t\t\t\tmouseDrag: true,\r\n\t\t\t\ttouchDrag: true\r\n\t\t\t});\nowl.click( function () {\r\n                    owl.trigger( 'next.owl.carousel' );\r\n                } );});\n<\/script><\/strong><\/p>\n","protected":false},"excerpt":{"rendered":"<p>Kulturno dru\u0161tvo Franca Jelov\u0161ka Menge\u0161 se je odzvalo na vabilo dijakov \u0160kofijske klasi\u010dne gimnazije iz \u0160entvida in sodelovalo pri izvedbi likovnih delavnic IMAGINARIUM v Zavodu sv. Stanislava z likovno delavnico izdelovanja mozaikov. Na delavnicah 20. januarja 2010 je sodelovalo okoli 150 dijakov \u0160kofijske klasi\u010dne gimnazije.<\/p>\n","protected":false},"author":2,"featured_media":0,"parent":299,"menu_order":0,"comment_status":"closed","ping_status":"closed","template":"","meta":{"footnotes":""},"class_list":["post-829","page","type-page","status-publish","hentry"],"jetpack_sharing_enabled":true,"jetpack_shortlink":"https:\/\/wp.me\/P73nhm-dn","jetpack-related-posts":[],"_links":{"self":[{"href":"https:\/\/www.kdfjm.si\/index.php?rest_route=\/wp\/v2\/pages\/829","targetHints":{"allow":["GET"]}}],"collection":[{"href":"https:\/\/www.kdfjm.si\/index.php?rest_route=\/wp\/v2\/pages"}],"about":[{"href":"https:\/\/www.kdfjm.si\/index.php?rest_route=\/wp\/v2\/types\/page"}],"author":[{"embeddable":true,"href":"https:\/\/www.kdfjm.si\/index.php?rest_route=\/wp\/v2\/users\/2"}],"replies":[{"embeddable":true,"href":"https:\/\/www.kdfjm.si\/index.php?rest_route=%2Fwp%2Fv2%2Fcomments&post=829"}],"version-history":[{"count":5,"href":"https:\/\/www.kdfjm.si\/index.php?rest_route=\/wp\/v2\/pages\/829\/revisions"}],"predecessor-version":[{"id":3542,"href":"https:\/\/www.kdfjm.si\/index.php?rest_route=\/wp\/v2\/pages\/829\/revisions\/3542"}],"up":[{"embeddable":true,"href":"https:\/\/www.kdfjm.si\/index.php?rest_route=\/wp\/v2\/pages\/299"}],"wp:attachment":[{"href":"https:\/\/www.kdfjm.si\/index.php?rest_route=%2Fwp%2Fv2%2Fmedia&parent=829"}],"curies":[{"name":"wp","href":"https:\/\/api.w.org\/{rel}","templated":true}]}}