{"id":82,"date":"2008-11-25T12:28:00","date_gmt":"2008-11-25T10:28:00","guid":{"rendered":"http:\/\/www.kdfjm.si\/?page_id=82"},"modified":"2015-10-11T21:29:23","modified_gmt":"2015-10-11T20:29:23","slug":"galerija-klet","status":"publish","type":"page","link":"https:\/\/www.kdfjm.si\/?page_id=82","title":{"rendered":"Galerija klet"},"content":{"rendered":"<p>Razstave v Galeriji klet so razporejene po \u010dasovnem zaporedju:<\/p>\n<p><span style=\"color: #888888;\"><strong>2011<\/strong><\/span><\/p>\n<ul>\n<li><a title=\"Utrinki s fotografske razstave Sledi svetlobe\" href=\"http:\/\/www.kdfjm.si\/?p=1498\"><strong>Sledi svetlobe<\/strong><\/a> &#8211; Fotografska razstava \u010dlanov Kulturnega dru\u0161tva Franca Jelov\u0161ka Menge\u0161 (20. &#8211; 30. december 2011)<\/li>\n<\/ul>\n<p><span style=\"color: #888888;\"><strong>2010<\/strong><\/span><\/p>\n<ul>\n<li><strong><a href=\"http:\/\/www.kdfjm.si\/?page_id=817\">Pozitivi<\/a> <\/strong>&#8211; Razstava fotografij Tamina Petelin\u0161ka (27. februar &#8211; 6. marec 2010)<\/li>\n<\/ul>\n<p><span style=\"color: #808080;\"><strong>2009<\/strong><\/span><\/p>\n<ul>\n<li><a href=\"http:\/\/www.kdfjm.si\/?page_id=556\"><strong>Slovenija v prese\u017enikih<\/strong><\/a> &#8211; Razstava fotografij Toma Jeseni\u010dnika  (8. &#8211; 15. maj 2009)<\/li>\n<\/ul>\n<p><span style=\"color: #808080;\"><strong>2008<\/strong><\/span><\/p>\n<ul>\n<li><strong><a href=\"http:\/\/www.pivovarna-stare.si\/\">Najstarej\u0161e pivo in njegova zgodba<\/a><\/strong> &#8211; Pivovarstvo na Slovenskem v lu\u010di Staretove pivovarne v Meng\u0161u (17. oktober &#8211; 20. december 2008)<\/li>\n<\/ul>\n<ul>\n<li><strong><a href=\"http:\/\/www.kdfjm.si\/?page_id=69\">Na ostankih menge\u0161ke industrijske dedi\u0161\u010dine<\/a><\/strong> &#8211; skupinska fotografska razstava (19. &#8211; 28. junij 2008)<\/li>\n<li><a href=\"http:\/\/www.kdfjm.si\/?page_id=206\"><strong>Zhao Qiu<\/strong><\/a> &#8211; Likovna razstava (14. &#8211; 24. april 2008)<\/li>\n<\/ul>\n<p><span style=\"color: #808080;\"><strong>2004<\/strong><\/span><\/p>\n<ul>\n<li><strong><a href=\"http:\/\/www.kdfjm.si\/?page_id=146\">Nikolaj Ma\u0161ukov<\/a><\/strong> \u2013 Povestice (12. &#8211; 27. februar 2004)<\/li>\n<\/ul>\n<p><span style=\"color: #808080;\"><strong>2001<\/strong><\/span><\/p>\n<ul>\n<li><a href=\"http:\/\/www.kdfjm.si\/?page_id=308\"><strong>Franc Temelj<\/strong><\/a> &#8211; Pogled od blizu (13. &#8211; 29. oktober 2001)<\/li>\n<\/ul>\n<p><span style=\"color: #808080;\"><strong>2000<\/strong><\/span><\/p>\n<ul>\n<li><strong>Barbara Ogri\u010d <\/strong>in <strong>Luka Marke\u017e<\/strong> &#8211; Razstava fotografij ROKE &#8211; podobe \u017eivljenja (7. &#8211; 17. december 2000)<\/li>\n<\/ul>\n<ul>\n<li><strong>Miha Perne<\/strong> &#8211; likovna razstava (22. september &#8211; 1. oktober 2000)<\/li>\n<\/ul>\n<p><span style=\"color: #808080;\"><strong>1997<\/strong><\/span><\/p>\n<ul>\n<li><strong>Miki Muster<\/strong> &#8211; Razstava stripa in risanega filma<\/li>\n<\/ul>\n","protected":false},"excerpt":{"rendered":"<p>Razstave v Galeriji klet so razporejene po \u010dasovnem zaporedju: 2011 Sledi svetlobe &#8211; Fotografska razstava \u010dlanov Kulturnega dru\u0161tva Franca Jelov\u0161ka Menge\u0161 (20. &#8211; 30. december 2011) 2010 Pozitivi &#8211; Razstava fotografij Tamina Petelin\u0161ka (27. februar &#8211; 6. marec 2010) 2009 Slovenija v prese\u017enikih &#8211; Razstava fotografij Toma Jeseni\u010dnika (8. &#8211; 15. maj 2009) 2008 Najstarej\u0161e [&hellip;]<\/p>\n","protected":false},"author":2,"featured_media":0,"parent":24,"menu_order":0,"comment_status":"closed","ping_status":"closed","template":"","meta":{"footnotes":""},"class_list":["post-82","page","type-page","status-publish","hentry"],"jetpack_sharing_enabled":true,"jetpack_shortlink":"https:\/\/wp.me\/P73nhm-1k","jetpack-related-posts":[],"_links":{"self":[{"href":"https:\/\/www.kdfjm.si\/index.php?rest_route=\/wp\/v2\/pages\/82","targetHints":{"allow":["GET"]}}],"collection":[{"href":"https:\/\/www.kdfjm.si\/index.php?rest_route=\/wp\/v2\/pages"}],"about":[{"href":"https:\/\/www.kdfjm.si\/index.php?rest_route=\/wp\/v2\/types\/page"}],"author":[{"embeddable":true,"href":"https:\/\/www.kdfjm.si\/index.php?rest_route=\/wp\/v2\/users\/2"}],"replies":[{"embeddable":true,"href":"https:\/\/www.kdfjm.si\/index.php?rest_route=%2Fwp%2Fv2%2Fcomments&post=82"}],"version-history":[{"count":25,"href":"https:\/\/www.kdfjm.si\/index.php?rest_route=\/wp\/v2\/pages\/82\/revisions"}],"predecessor-version":[{"id":3499,"href":"https:\/\/www.kdfjm.si\/index.php?rest_route=\/wp\/v2\/pages\/82\/revisions\/3499"}],"up":[{"embeddable":true,"href":"https:\/\/www.kdfjm.si\/index.php?rest_route=\/wp\/v2\/pages\/24"}],"wp:attachment":[{"href":"https:\/\/www.kdfjm.si\/index.php?rest_route=%2Fwp%2Fv2%2Fmedia&parent=82"}],"curies":[{"name":"wp","href":"https:\/\/api.w.org\/{rel}","templated":true}]}}