{"id":817,"date":"2010-02-17T07:45:58","date_gmt":"2010-02-17T06:45:58","guid":{"rendered":"http:\/\/www.kdfjm.si\/?page_id=817"},"modified":"2015-10-11T21:29:23","modified_gmt":"2015-10-11T20:29:23","slug":"tamino-petelinsek-pozitivi","status":"publish","type":"page","link":"https:\/\/www.kdfjm.si\/?page_id=817","title":{"rendered":"Tamino Petelin\u0161ek &#8211; Pozitivi"},"content":{"rendered":"<p>Razstavo sem poimenoval Pozitivi. V teh \u010dasih negativov skoraj ne uporabljam, zato ime ne prihaja iz tehnike, pa\u010d pa iz motivov. Dandanes, ko je \u010das denar, prepogosto pozabljamo na vrednote kot je neprera\u010dunljivi trud za Dobro. Iz lastne izku\u0161nje vem, da je Dobro, pozitivno, \u0161e edino, kar dr\u017ei pokonci. Vsaj mene.<\/p>\n<p>Ve\u010dina fotografij izvira iz \u010dasov, ko sem delal v verskem medijskem prostoru. Predvsem za tednik Dru\u017eina ter Ognji\u0161\u010de. Moja glavna naloga so bile dobre naslovnice. \u010casopis mora zajeti zelo \u0161irok spekter ljudi v vseh \u017eivljenjskih situacijah po vsej Sloveniji. Tako sem v enajstih letih spoznal ogromno dobrih ljudi. Mnogi so \u0161e danes moji tesni duhovni prijatelji. Prepri\u010dan sem, da je prijateljska naveza z vsemi, ki sem jih spoznal \u0161e vedno izvir moje dobre volje, oziroma spodbuda, ko je zmanjka. Gonilo mojega \u017eivljenja je optimizem, ki je v\u010dasih v iskanju dobrih odnosov idealizirano, trud pa gotovo izvira iz izku\u0161nje evangelija in taizejske skupnosti.<\/p>\n<p>V sodobnem svetu fotoreporterstva pozitivno, veselo sporo\u010dilo ni moderno. Dobra novica ni novica, je osladna in samoumevna. Ljudje raje \u010drpajo svoje zadovoljstvo v nesre\u010dah, vojnah, poplavah. Poplava je tudi temu primerno rumenega tiska, ki se pre\u017eivlja na ra\u010dun \u010dlovekove zvedavosti, ko gre za tragedijo drugega. Hvale\u017een sem, da mi nikoli ni bilo treba fotografirat prometnih nesre\u010d, pa\u010d pa veselje do \u017eivljenja. Ravno v tem vidim mo\u010dno medijsko ni\u0161o. V drugem sklopu predstavljam fotografije, nastale v zadnjem letu, ko se gibljem v neidealiziranem svetu. Vpra\u0161anje po smislu \u017eivljenja, obstoja. Odgovor \u0161e i\u0161\u010dem, morda se skriva v prvem sklopu.<\/p>\n<p><strong>Tamino Petelin\u0161ek<\/strong><\/p>\n<p>1998 &#8211; 2008 Samostojni novinar &#8211; Dru\u017eina, Ognji\u0161\u010de<\/p>\n<p>2008 &#8211; 2010 Slovenska tiskovna agencija (STA)<\/p>\r\n<div class=\"ngg-albumoverview\">\t\r\n\t<!-- List of galleries -->\r\n\t\r\n\t<div class=\"ngg-album\">\r\n\t\t<div class=\"ngg-albumtitle\"><a href=\"https:\/\/www.kdfjm.si\/?page_id=817&amp;album=26&amp;gallery=111\">Tamino Petelin\u0161ek - Pozitivi 2010 - odprtje razstave<\/a><\/div>\r\n\t\t\t<div class=\"ngg-albumcontent\">\r\n\t\t\t\t<div class=\"ngg-thumbnail\">\r\n\t\t\t\t\t<a href=\"https:\/\/www.kdfjm.si\/?page_id=817&amp;album=26&amp;gallery=111\"><img data-recalc-dims=\"1\" decoding=\"async\" class=\"Thumb\" alt=\"Tamino Petelin\u0161ek - Pozitivi 2010 - odprtje razstave\" src=\"https:\/\/i0.wp.com\/www.kdfjm.si\/wp-content\/gallery\/tamino-petelinsek-pozitivi-2010-odprtje-razstave\/thumbs\/thumbs_20100227-P10_9658.jpg?ssl=1\"\/><\/a>\r\n\t\t\t\t<\/div>\r\n\t\t\t\t<div class=\"ngg-description\">\r\n\t\t\t\t<p><\/p>\r\n\t\t\t\t\t\t\t\t<p><strong>31<\/strong> Photos<\/p>\r\n\t\t\t\t\t\t\t<\/div>\r\n\t\t<\/div>\r\n\t<\/div>\r\n\r\n \t \t\r\n\t<!-- Pagination -->\r\n \t<div class=\"ngg-clear\"><\/div> \t\r\n<\/div>\r\n\r\n<p>Vljudno vas in va\u0161e prijatelje <strong>vabimo na odprtje <\/strong>fotografske razstave Tamina Petelin\u0161ka v soboto 27. februarja 2010 ob 18.30 v Galerijo klet na Slovensko cesto 30 v Menge\u0161.<\/p>\n<p><strong>Razstava bo na ogled <\/strong>do 6. marca 2010, vsak dan med 17. in 19. uro, ob nedeljah in praznikih pa bo razstava zaprta.<\/p>\n","protected":false},"excerpt":{"rendered":"<p>Razstavo sem poimenoval Pozitivi. V teh \u010dasih negativov skoraj ne uporabljam, zato ime ne prihaja iz tehnike, pa\u010d pa iz motivov. Dandanes, ko je \u010das denar, prepogosto pozabljamo na vrednote kot je neprera\u010dunljivi trud za Dobro. Iz lastne izku\u0161nje vem, da je Dobro, pozitivno, \u0161e edino, kar dr\u017ei pokonci. Vsaj mene. Ve\u010dina fotografij izvira iz [&hellip;]<\/p>\n","protected":false},"author":2,"featured_media":0,"parent":82,"menu_order":0,"comment_status":"closed","ping_status":"closed","template":"","meta":{"footnotes":""},"class_list":["post-817","page","type-page","status-publish","hentry"],"jetpack_sharing_enabled":true,"jetpack_shortlink":"https:\/\/wp.me\/P73nhm-db","jetpack-related-posts":[],"_links":{"self":[{"href":"https:\/\/www.kdfjm.si\/index.php?rest_route=\/wp\/v2\/pages\/817","targetHints":{"allow":["GET"]}}],"collection":[{"href":"https:\/\/www.kdfjm.si\/index.php?rest_route=\/wp\/v2\/pages"}],"about":[{"href":"https:\/\/www.kdfjm.si\/index.php?rest_route=\/wp\/v2\/types\/page"}],"author":[{"embeddable":true,"href":"https:\/\/www.kdfjm.si\/index.php?rest_route=\/wp\/v2\/users\/2"}],"replies":[{"embeddable":true,"href":"https:\/\/www.kdfjm.si\/index.php?rest_route=%2Fwp%2Fv2%2Fcomments&post=817"}],"version-history":[{"count":5,"href":"https:\/\/www.kdfjm.si\/index.php?rest_route=\/wp\/v2\/pages\/817\/revisions"}],"predecessor-version":[{"id":3504,"href":"https:\/\/www.kdfjm.si\/index.php?rest_route=\/wp\/v2\/pages\/817\/revisions\/3504"}],"up":[{"embeddable":true,"href":"https:\/\/www.kdfjm.si\/index.php?rest_route=\/wp\/v2\/pages\/82"}],"wp:attachment":[{"href":"https:\/\/www.kdfjm.si\/index.php?rest_route=%2Fwp%2Fv2%2Fmedia&parent=817"}],"curies":[{"name":"wp","href":"https:\/\/api.w.org\/{rel}","templated":true}]}}