{"id":8,"date":"2008-10-19T13:37:28","date_gmt":"2008-10-19T11:37:28","guid":{"rendered":"http:\/\/www.kdfjm.si\/?page_id=8"},"modified":"2015-10-11T21:29:22","modified_gmt":"2015-10-11T20:29:22","slug":"kontaktni-podatki","status":"publish","type":"page","link":"https:\/\/www.kdfjm.si\/?page_id=8","title":{"rendered":"Kontaktni podatki"},"content":{"rendered":"<p><strong>KULTURNO DRU\u0160TVO FRANCA JELOV\u0160KA MENGE\u0160<br \/>\n<\/strong>Slovenska cesta 30, SI-1234 Menge\u0161, Slovenija<br \/>\nTelefon:+386 1 723 90 11<br \/>\nE-po\u0161ta: <a href=\"mailto:info@kdfjm.si\">info@kdfjm.si<\/a><\/p>\n<p align=\"justify\"><strong>Predsednik:<\/strong> Peter \u0160krlep<br \/>\n<strong>Podpredsednik: <\/strong>Janez \u0160krlep<br \/>\n<strong>Tajnik: <\/strong>Viljem Marjan Hribar<\/p>\n","protected":false},"excerpt":{"rendered":"<p>KULTURNO DRU\u0160TVO FRANCA JELOV\u0160KA MENGE\u0160 Slovenska cesta 30, SI-1234 Menge\u0161, Slovenija Telefon:+386 1 723 90 11 E-po\u0161ta: info@kdfjm.si Predsednik: Peter \u0160krlep Podpredsednik: Janez \u0160krlep Tajnik: Viljem Marjan Hribar<\/p>\n","protected":false},"author":1,"featured_media":0,"parent":3,"menu_order":1,"comment_status":"closed","ping_status":"closed","template":"","meta":{"footnotes":""},"class_list":["post-8","page","type-page","status-publish","hentry"],"jetpack_sharing_enabled":true,"jetpack_shortlink":"https:\/\/wp.me\/P73nhm-8","jetpack-related-posts":[],"_links":{"self":[{"href":"https:\/\/www.kdfjm.si\/index.php?rest_route=\/wp\/v2\/pages\/8","targetHints":{"allow":["GET"]}}],"collection":[{"href":"https:\/\/www.kdfjm.si\/index.php?rest_route=\/wp\/v2\/pages"}],"about":[{"href":"https:\/\/www.kdfjm.si\/index.php?rest_route=\/wp\/v2\/types\/page"}],"author":[{"embeddable":true,"href":"https:\/\/www.kdfjm.si\/index.php?rest_route=\/wp\/v2\/users\/1"}],"replies":[{"embeddable":true,"href":"https:\/\/www.kdfjm.si\/index.php?rest_route=%2Fwp%2Fv2%2Fcomments&post=8"}],"version-history":[{"count":12,"href":"https:\/\/www.kdfjm.si\/index.php?rest_route=\/wp\/v2\/pages\/8\/revisions"}],"predecessor-version":[{"id":3370,"href":"https:\/\/www.kdfjm.si\/index.php?rest_route=\/wp\/v2\/pages\/8\/revisions\/3370"}],"up":[{"embeddable":true,"href":"https:\/\/www.kdfjm.si\/index.php?rest_route=\/wp\/v2\/pages\/3"}],"wp:attachment":[{"href":"https:\/\/www.kdfjm.si\/index.php?rest_route=%2Fwp%2Fv2%2Fmedia&parent=8"}],"curies":[{"name":"wp","href":"https:\/\/api.w.org\/{rel}","templated":true}]}}