{"id":799,"date":"2010-02-16T18:22:33","date_gmt":"2010-02-16T17:22:33","guid":{"rendered":"http:\/\/www.kdfjm.si\/?page_id=799"},"modified":"2015-10-11T21:29:22","modified_gmt":"2015-10-11T20:29:22","slug":"spalir-iz-svec-ob-kulturnem-prazniku-2010","status":"publish","type":"page","link":"https:\/\/www.kdfjm.si\/?page_id=799","title":{"rendered":"\u0160palir iz sve\u010d ob kulturnem prazniku 2010"},"content":{"rendered":"<p>Kulturno dru\u0161tvo Franca Jelov\u0161ka Menge\u0161 \u017ee ve\u010d let ob kulturnem prazniku (8. februar) pripravi \u0161palir iz sve\u010d, ki vodi do prizori\u0161\u010da proslave. Tokrat je bila ta v Meng\u0161u 7. februarja 2010.<\/p><div class=\"slideshow\"><div id=\"ngg_slideshow1077991\" class=\"ngg-slideshow owl-carousel\" style=\"max-width: px; max-height: px;\"><img data-recalc-dims=\"1\" decoding=\"async\" src=\"https:\/\/i0.wp.com\/www.kdfjm.si\/wp-content\/gallery\/spalir-iz-svec-ob-kulturnem-prazniku-2010\/20100207-PS9_9290.jpg?ssl=1\" alt=\"20100207-PS9_9290\" style=\"max-width: px; max-height: px; width: auto; height:auto; margin:auto\"><img data-recalc-dims=\"1\" decoding=\"async\" src=\"https:\/\/i0.wp.com\/www.kdfjm.si\/wp-content\/gallery\/spalir-iz-svec-ob-kulturnem-prazniku-2010\/20100207-PS9_9292.jpg?ssl=1\" alt=\"20100207-PS9_9292\" style=\"max-width: px; max-height: px; width: auto; height:auto; margin:auto\"><img data-recalc-dims=\"1\" decoding=\"async\" src=\"https:\/\/i0.wp.com\/www.kdfjm.si\/wp-content\/gallery\/spalir-iz-svec-ob-kulturnem-prazniku-2010\/20100207-PS9_9293.jpg?ssl=1\" alt=\"20100207-PS9_9293\" style=\"max-width: px; max-height: px; width: auto; height:auto; margin:auto\"><img data-recalc-dims=\"1\" decoding=\"async\" src=\"https:\/\/i0.wp.com\/www.kdfjm.si\/wp-content\/gallery\/spalir-iz-svec-ob-kulturnem-prazniku-2010\/20100207-PS9_9298.jpg?ssl=1\" alt=\"20100207-PS9_9298\" style=\"max-width: px; max-height: px; width: auto; height:auto; margin:auto\"><img data-recalc-dims=\"1\" decoding=\"async\" src=\"https:\/\/i0.wp.com\/www.kdfjm.si\/wp-content\/gallery\/spalir-iz-svec-ob-kulturnem-prazniku-2010\/20100207-PS9_9299.jpg?ssl=1\" alt=\"20100207-PS9_9299\" style=\"max-width: px; max-height: px; width: auto; height:auto; margin:auto\"><img data-recalc-dims=\"1\" decoding=\"async\" src=\"https:\/\/i0.wp.com\/www.kdfjm.si\/wp-content\/gallery\/spalir-iz-svec-ob-kulturnem-prazniku-2010\/20100207-PS9_9295.jpg?ssl=1\" alt=\"20100207-PS9_9295\" style=\"max-width: px; max-height: px; width: auto; height:auto; margin:auto\"><\/div><\/div>\n\n<script type=\"text\/javascript\">jQuery(document).ready(function($) {\r\n\t\t\tvar owl = $('#ngg_slideshow1077991');\r\n\t\t\towl.owlCarousel({\r\n\t\t\t\titems: 1,\r\n\t\t\t\tautoHeight: false,\r\n\t            dots: true,\r\n\t            autoplay: true,\r\n\t\t\t\tautoplayTimeout: 3000,\r\n\t\t\t\tautoplayHoverPause: true,\r\n\t\t\t\tanimateIn: 'fadeIn',\r\n\t\t\t\tanimateOut: 'fadeOut',\r\n\t\t\t\tloop: true,\r\n\t\t\t\tmouseDrag: true,\r\n\t\t\t\ttouchDrag: true\r\n\t\t\t});\nowl.click( function () {\r\n                    owl.trigger( 'next.owl.carousel' );\r\n                } );});\n<\/script>","protected":false},"excerpt":{"rendered":"<p>Kulturno dru\u0161tvo Franca Jelov\u0161ka Menge\u0161 \u017ee ve\u010d let ob kulturnem prazniku (8. februar) pripravi \u0161palir iz sve\u010d, ki vodi do prizori\u0161\u010da proslave. Tokrat je bila ta v Meng\u0161u 7. februarja 2010.<\/p>\n","protected":false},"author":2,"featured_media":0,"parent":606,"menu_order":0,"comment_status":"closed","ping_status":"closed","template":"","meta":{"footnotes":""},"class_list":["post-799","page","type-page","status-publish","hentry"],"jetpack_sharing_enabled":true,"jetpack_shortlink":"https:\/\/wp.me\/P73nhm-cT","jetpack-related-posts":[],"_links":{"self":[{"href":"https:\/\/www.kdfjm.si\/index.php?rest_route=\/wp\/v2\/pages\/799","targetHints":{"allow":["GET"]}}],"collection":[{"href":"https:\/\/www.kdfjm.si\/index.php?rest_route=\/wp\/v2\/pages"}],"about":[{"href":"https:\/\/www.kdfjm.si\/index.php?rest_route=\/wp\/v2\/types\/page"}],"author":[{"embeddable":true,"href":"https:\/\/www.kdfjm.si\/index.php?rest_route=\/wp\/v2\/users\/2"}],"replies":[{"embeddable":true,"href":"https:\/\/www.kdfjm.si\/index.php?rest_route=%2Fwp%2Fv2%2Fcomments&post=799"}],"version-history":[{"count":3,"href":"https:\/\/www.kdfjm.si\/index.php?rest_route=\/wp\/v2\/pages\/799\/revisions"}],"predecessor-version":[{"id":801,"href":"https:\/\/www.kdfjm.si\/index.php?rest_route=\/wp\/v2\/pages\/799\/revisions\/801"}],"up":[{"embeddable":true,"href":"https:\/\/www.kdfjm.si\/index.php?rest_route=\/wp\/v2\/pages\/606"}],"wp:attachment":[{"href":"https:\/\/www.kdfjm.si\/index.php?rest_route=%2Fwp%2Fv2%2Fmedia&parent=799"}],"curies":[{"name":"wp","href":"https:\/\/api.w.org\/{rel}","templated":true}]}}