{"id":758,"date":"2009-12-21T12:48:26","date_gmt":"2009-12-21T11:48:26","guid":{"rendered":"http:\/\/www.kdfjm.si\/?page_id=758"},"modified":"2015-10-11T21:29:22","modified_gmt":"2015-10-11T20:29:22","slug":"filmski-vecer","status":"publish","type":"page","link":"https:\/\/www.kdfjm.si\/?page_id=758","title":{"rendered":"Filmski ve\u010der"},"content":{"rendered":"<p>V sodelovanju s Foto Kino Video klubom Mavrica Radomlje smo pripravili filmski ve\u010der v torek 15. 12. 2009 ob 18.30 v Galeriji me\u017enariji na Trdinovem trgu 11 v Meng\u0161u.<\/p>\n<p><strong>Predstavljeni filmi:<\/strong><\/p>\n<ul>\n<li>Mavrica se predstavi<\/li>\n<li>Komu<\/li>\n<li> De\u017e<\/li>\n<li> Dogodiv\u0161\u010dine na trim stezi<\/li>\n<li> Kamnik<\/li>\n<li> Kamni\u0161ka majolika<\/li>\n<li> Cekin bi dal<\/li>\n<li> Ko zazvone zvonovi<\/li>\n<li> Mlaj za tineta<\/li>\n<li> \u017dive jaslice v Ligojni<\/li>\n<\/ul><div class=\"slideshow\"><div id=\"ngg_slideshow1007581\" class=\"ngg-slideshow owl-carousel\" style=\"max-width: px; max-height: px;\"><img data-recalc-dims=\"1\" decoding=\"async\" src=\"https:\/\/i0.wp.com\/www.kdfjm.si\/wp-content\/gallery\/2009-filmski-vecer\/FilmskiVecerKDFJM-5565.jpg?ssl=1\" alt=\"FilmskiVecerKDFJM-5565\" style=\"max-width: px; max-height: px; width: auto; height:auto; margin:auto\"><img data-recalc-dims=\"1\" decoding=\"async\" src=\"https:\/\/i0.wp.com\/www.kdfjm.si\/wp-content\/gallery\/2009-filmski-vecer\/FilmskiVecerKDFJM-5567.jpg?ssl=1\" alt=\"FilmskiVecerKDFJM-5567\" style=\"max-width: px; max-height: px; width: auto; height:auto; margin:auto\"><img data-recalc-dims=\"1\" decoding=\"async\" src=\"https:\/\/i0.wp.com\/www.kdfjm.si\/wp-content\/gallery\/2009-filmski-vecer\/FilmskiVecerKDFJM-5570.jpg?ssl=1\" alt=\"FilmskiVecerKDFJM-5570\" style=\"max-width: px; max-height: px; width: auto; height:auto; margin:auto\"><img data-recalc-dims=\"1\" decoding=\"async\" src=\"https:\/\/i0.wp.com\/www.kdfjm.si\/wp-content\/gallery\/2009-filmski-vecer\/FilmskiVecerKDFJM-5573.jpg?ssl=1\" alt=\"FilmskiVecerKDFJM-5573\" style=\"max-width: px; max-height: px; width: auto; height:auto; margin:auto\"><img data-recalc-dims=\"1\" decoding=\"async\" src=\"https:\/\/i0.wp.com\/www.kdfjm.si\/wp-content\/gallery\/2009-filmski-vecer\/FilmskiVecerKDFJM-5579.jpg?ssl=1\" alt=\"FilmskiVecerKDFJM-5579\" style=\"max-width: px; max-height: px; width: auto; height:auto; margin:auto\"><img data-recalc-dims=\"1\" decoding=\"async\" src=\"https:\/\/i0.wp.com\/www.kdfjm.si\/wp-content\/gallery\/2009-filmski-vecer\/FilmskiVecerKDFJM-5581.jpg?ssl=1\" alt=\"FilmskiVecerKDFJM-5581\" style=\"max-width: px; max-height: px; width: auto; height:auto; margin:auto\"><img data-recalc-dims=\"1\" decoding=\"async\" src=\"https:\/\/i0.wp.com\/www.kdfjm.si\/wp-content\/gallery\/2009-filmski-vecer\/FilmskiVecerKDFJM-5583.jpg?ssl=1\" alt=\"FilmskiVecerKDFJM-5583\" style=\"max-width: px; max-height: px; width: auto; height:auto; margin:auto\"><img data-recalc-dims=\"1\" decoding=\"async\" src=\"https:\/\/i0.wp.com\/www.kdfjm.si\/wp-content\/gallery\/2009-filmski-vecer\/FilmskiVecerKDFJM-5584.jpg?ssl=1\" alt=\"FilmskiVecerKDFJM-5584\" style=\"max-width: px; max-height: px; width: auto; height:auto; margin:auto\"><img data-recalc-dims=\"1\" decoding=\"async\" src=\"https:\/\/i0.wp.com\/www.kdfjm.si\/wp-content\/gallery\/2009-filmski-vecer\/FilmskiVecerKDFJM-5586.jpg?ssl=1\" alt=\"FilmskiVecerKDFJM-5586\" style=\"max-width: px; max-height: px; width: auto; height:auto; margin:auto\"><img data-recalc-dims=\"1\" decoding=\"async\" src=\"https:\/\/i0.wp.com\/www.kdfjm.si\/wp-content\/gallery\/2009-filmski-vecer\/FilmskiVecerKDFJM-5589.jpg?ssl=1\" alt=\"FilmskiVecerKDFJM-5589\" style=\"max-width: px; max-height: px; width: auto; height:auto; margin:auto\"><img data-recalc-dims=\"1\" decoding=\"async\" src=\"https:\/\/i0.wp.com\/www.kdfjm.si\/wp-content\/gallery\/2009-filmski-vecer\/FilmskiVecerKDFJM-5591.jpg?ssl=1\" alt=\"FilmskiVecerKDFJM-5591\" style=\"max-width: px; max-height: px; width: auto; height:auto; margin:auto\"><img data-recalc-dims=\"1\" decoding=\"async\" src=\"https:\/\/i0.wp.com\/www.kdfjm.si\/wp-content\/gallery\/2009-filmski-vecer\/FilmskiVecerKDFJM-5592.jpg?ssl=1\" alt=\"FilmskiVecerKDFJM-5592\" style=\"max-width: px; max-height: px; width: auto; height:auto; margin:auto\"><img data-recalc-dims=\"1\" decoding=\"async\" src=\"https:\/\/i0.wp.com\/www.kdfjm.si\/wp-content\/gallery\/2009-filmski-vecer\/FilmskiVecerKDFJM-5593.jpg?ssl=1\" alt=\"FilmskiVecerKDFJM-5593\" style=\"max-width: px; max-height: px; width: auto; height:auto; margin:auto\"><img data-recalc-dims=\"1\" decoding=\"async\" src=\"https:\/\/i0.wp.com\/www.kdfjm.si\/wp-content\/gallery\/2009-filmski-vecer\/FilmskiVecerKDFJM-5597.jpg?ssl=1\" alt=\"FilmskiVecerKDFJM-5597\" style=\"max-width: px; max-height: px; width: auto; height:auto; margin:auto\"><img data-recalc-dims=\"1\" decoding=\"async\" src=\"https:\/\/i0.wp.com\/www.kdfjm.si\/wp-content\/gallery\/2009-filmski-vecer\/FilmskiVecerKDFJM-5600.jpg?ssl=1\" alt=\"FilmskiVecerKDFJM-5600\" style=\"max-width: px; max-height: px; width: auto; height:auto; margin:auto\"><img data-recalc-dims=\"1\" decoding=\"async\" src=\"https:\/\/i0.wp.com\/www.kdfjm.si\/wp-content\/gallery\/2009-filmski-vecer\/FilmskiVecerKDFJM-5603.jpg?ssl=1\" alt=\"FilmskiVecerKDFJM-5603\" style=\"max-width: px; max-height: px; width: auto; height:auto; margin:auto\"><img data-recalc-dims=\"1\" decoding=\"async\" src=\"https:\/\/i0.wp.com\/www.kdfjm.si\/wp-content\/gallery\/2009-filmski-vecer\/FilmskiVecerKDFJM-5605.jpg?ssl=1\" alt=\"FilmskiVecerKDFJM-5605\" style=\"max-width: px; max-height: px; width: auto; height:auto; margin:auto\"><img data-recalc-dims=\"1\" decoding=\"async\" src=\"https:\/\/i0.wp.com\/www.kdfjm.si\/wp-content\/gallery\/2009-filmski-vecer\/FilmskiVecerKDFJM-5609.jpg?ssl=1\" alt=\"FilmskiVecerKDFJM-5609\" style=\"max-width: px; max-height: px; width: auto; height:auto; margin:auto\"><\/div><\/div>\n\n<script type=\"text\/javascript\">jQuery(document).ready(function($) {\r\n\t\t\tvar owl = $('#ngg_slideshow1007581');\r\n\t\t\towl.owlCarousel({\r\n\t\t\t\titems: 1,\r\n\t\t\t\tautoHeight: false,\r\n\t            dots: true,\r\n\t            autoplay: true,\r\n\t\t\t\tautoplayTimeout: 3000,\r\n\t\t\t\tautoplayHoverPause: true,\r\n\t\t\t\tanimateIn: 'fadeIn',\r\n\t\t\t\tanimateOut: 'fadeOut',\r\n\t\t\t\tloop: true,\r\n\t\t\t\tmouseDrag: true,\r\n\t\t\t\ttouchDrag: true\r\n\t\t\t});\nowl.click( function () {\r\n                    owl.trigger( 'next.owl.carousel' );\r\n                } );});\n<\/script><p>Organizatorja: Kulturno dru\u0161tvo Franca Jelov\u0161ka Menge\u0161 in Foto kino video klub Mavrica Radomlje.<\/p>\n","protected":false},"excerpt":{"rendered":"<p>V sodelovanju s Foto Kino Video klubom Mavrica Radomlje smo pripravili filmski ve\u010der v torek 15. 12. 2009 ob 18.30 v Galeriji me\u017enariji na Trdinovem trgu 11 v Meng\u0161u. Predstavljeni filmi: Mavrica se predstavi Komu De\u017e Dogodiv\u0161\u010dine na trim stezi Kamnik Kamni\u0161ka majolika Cekin bi dal Ko zazvone zvonovi Mlaj za tineta \u017dive jaslice v [&hellip;]<\/p>\n","protected":false},"author":2,"featured_media":0,"parent":606,"menu_order":0,"comment_status":"closed","ping_status":"closed","template":"","meta":{"footnotes":""},"class_list":["post-758","page","type-page","status-publish","hentry"],"jetpack_sharing_enabled":true,"jetpack_shortlink":"https:\/\/wp.me\/P73nhm-ce","jetpack-related-posts":[],"_links":{"self":[{"href":"https:\/\/www.kdfjm.si\/index.php?rest_route=\/wp\/v2\/pages\/758","targetHints":{"allow":["GET"]}}],"collection":[{"href":"https:\/\/www.kdfjm.si\/index.php?rest_route=\/wp\/v2\/pages"}],"about":[{"href":"https:\/\/www.kdfjm.si\/index.php?rest_route=\/wp\/v2\/types\/page"}],"author":[{"embeddable":true,"href":"https:\/\/www.kdfjm.si\/index.php?rest_route=\/wp\/v2\/users\/2"}],"replies":[{"embeddable":true,"href":"https:\/\/www.kdfjm.si\/index.php?rest_route=%2Fwp%2Fv2%2Fcomments&post=758"}],"version-history":[{"count":4,"href":"https:\/\/www.kdfjm.si\/index.php?rest_route=\/wp\/v2\/pages\/758\/revisions"}],"predecessor-version":[{"id":3372,"href":"https:\/\/www.kdfjm.si\/index.php?rest_route=\/wp\/v2\/pages\/758\/revisions\/3372"}],"up":[{"embeddable":true,"href":"https:\/\/www.kdfjm.si\/index.php?rest_route=\/wp\/v2\/pages\/606"}],"wp:attachment":[{"href":"https:\/\/www.kdfjm.si\/index.php?rest_route=%2Fwp%2Fv2%2Fmedia&parent=758"}],"curies":[{"name":"wp","href":"https:\/\/api.w.org\/{rel}","templated":true}]}}