{"id":69,"date":"2008-11-25T12:24:19","date_gmt":"2008-11-25T10:24:19","guid":{"rendered":"http:\/\/www.kdfjm.si\/?page_id=69"},"modified":"2015-10-11T21:29:23","modified_gmt":"2015-10-11T20:29:23","slug":"na-ostankih-mengeske-industrijske-dediscine-skupinska-fotografska-razstava","status":"publish","type":"page","link":"https:\/\/www.kdfjm.si\/?page_id=69","title":{"rendered":"Na ostankih menge\u0161ke industrijske dedi\u0161\u010dine &#8211; skupinska fotografska razstava"},"content":{"rendered":"<p>Trije fotografi dveh generacij \u2013 Luka Marke\u017e, Jo\u0161t Franko in Peter \u0160krlep \u2013 se sre\u010dajo v izginjajo\u010dem prostoru, v podobi izginjajo\u010dega \u010dasa in njegovih vrednot. Fotografije v treh obrazih prikazujejo zunanj\u0161\u010dino, notranj\u0161\u010dino in detajle stare \u00bbprajarce\u00ab, menge\u0161ke pivovarne. Trije avtorji so se povezali v dokumentarnem in arhivskem, v kompoziciji in izpovedi pa se njihove fotografije razlikujejo. So hkrati eno in troje, samosvoje in enotne.<\/p>\n<p style=\"margin-bottom: 0cm;\">Na pobudo Kulturnega dru\u0161tva Franca Jelov\u0161ka Menge\u0161 k ustvarjanju se je vsak zase odlo\u010dil, kateri motiv je vreden ujetja v objektiv, kako bo oblikoval posnetek, kako bo interpretiral prostor. Sredinske in mo\u010dno diagonalne kompozicije ka\u017eejo razli\u010dnost v zajemanju povr\u0161ine, globine in \u010dasa. Igra svetlobe, mo\u010dna prisotnost \u010distih oblik in trenutek situacije pred spremembo v prostoru postavlja te fotografije v nedolo\u010dljivo obmo\u010dje, ko hkrati so in niso abstraktne podobe.<\/p>\n<p style=\"margin-bottom: 0cm;\">\u010car zapu\u0161\u010denega prostora, v katerem je \u010dlovekova prisotnost le \u0161e rahlo zaznaven odmev in v katerem skoraj nestvarno prevzame glavno vlogo prah, v svojem miru dovoljuje fotografom temeljito in potrpe\u017eljivo posve\u010dati se likovnim elementom, ti pa hote ali nehote ponavljajo ve\u010dni motiv opozarjanja na minljivost stvarnega sveta.<\/p>\n<p style=\"margin-bottom: 0cm;\">Odprta vrata in priprta okna vabijo opazovalca k razmi\u0161ljanju o skritem svetu za podobo. Vabijo k dojemanju slike kot klju\u010du v razbiranju napete zgodbe minulih \u010dasov \u2013 in vendar so bili ti \u010dasi neko\u010d vsakdanjik \u2026<\/p>\n<p style=\"margin-bottom: 0cm; text-align: right;\">Ana \u0160krlep<\/p>\n<p style=\"margin-bottom: 0cm;\">\n<p style=\"margin-bottom: 0cm;\">Kot Kanc, Kvas, Trak in Eta poznamo zapu\u0161\u010dene stanovanjske in predvsem industrijske objekte v Meng\u0161u na vzhodnem delu Glavnega trga. Na\u0161 kraj je imel svoj\u010das zelo sposobne, ugledne gra\u0161\u010dake in podjetnike in prav oni so bili pogosto nosilci kulturnega in gospodarskega napredka v njem.<\/p>\n<p style=\"margin-bottom: 0cm;\">Skoraj pozabljeno je \u017ee, da je to obmo\u010dje del nekdanje mogo\u010dne Staretove pivovarne, ustanovljene leta 1818, ko \u0161e ni bilo ne Pivovarne La\u0161ko ne Uniona. Zaradi graditve te pivovarne je takratni menge\u0161ki gra\u0161\u010dak Mihael Stare postavil in sodobno opremil opekarno v Pristavi. Zgradil je tudi elektrarno na mlin\u0161\u010dici Kamni\u0161ke Bistrice v Preserjah in \u017ee v za\u010detku 20. stoletja speljal po daljnovodu elektriko za pivovarno in za Menge\u0161.<\/p>\n<p style=\"margin-bottom: 0cm;\">Leta 1917, pred koncem prve svetovne vojne, je pivovarna, ki je delovala kar 99 let, propadla. Vse, kar je bilo v njej vrednega, je prevzela ljubljanska pivovarna Union. Na tem prostoru in v pivovarni\u0161kih objektih so se do osamosvojitve Slovenije zvrstile \u0161tevilne dejavnosti, ki so vsaka v svojem \u010dasu dale Meng\u0161anom in okoli\u010danom pomemben pe\u010dat. Tu je bila prva menge\u0161ka industrijska cona, ki je na\u0161im prednikom rezala zdaj ve\u010dji, zdaj manj\u0161i kos kruha in je po svojem pomenu dale\u010d presegala lokalne okvire.<\/p>\n<p style=\"margin-bottom: 0cm;\">\u0160e do pred kratkim lepo vzdr\u017eevana Kan\u010deva hi\u0161a, zasnovana kot dvorec, je po smrti zadnje lastnice prepu\u0161\u010dena propadanju. Mogo\u010dne obokane kletne dvorane pod dvori\u0161\u010dem, kjer je nekdaj zorelo pivo, so prazne in zanemarjene, vendar \u0161e vedno mogo\u010dne in lepe \u2013 le kdo od Meng\u0161anov ve zanje? Znameniti pivovarni\u0161ki vodnjak, najgloblji v Meng\u0161u, je \u017ee zdavnaj izgubil svojo impozantno podobo. Kot odprto razbito greznico ga prera\u0161\u010da grmi\u010devje in grozi, da bo nezavarovan koga pogoltnil. Tovarni\u0161ki prostori so opu\u0161\u010deni, iz njih so odpeljali vse naprave in vso opremo. Neznanci so iz njih pokradli vse, kar se je dalo odtrgati ali odviti, kar se ni dalo, je razbito. V Kan\u010devi hi\u0161i je nekdo namerno razbil stre\u0161nike, da bi pospe\u0161il njen propad.<\/p>\n<p style=\"margin-bottom: 0cm;\">V Mestnem muzeju Menge\u0161 smo fotodokumentirali celotno obmo\u010dje, letos pa so se z menge\u0161ko industrijsko stavbno dedi\u0161\u010dino pred popolnim uni\u010denjem sre\u010dali fotografi, da bi ji na svoj umetni\u0161ki na\u010din skazali dol\u017eno pozornost in jo iztrgali pozabi.<\/p>\n<p style=\"margin-bottom: 0cm;\">Ko prou\u010dujemo stare razglednice in fotografije, vedno znova ugotavljamo, kako lepi in prijetni kraji bi bili pri nas, ko bi dedi\u0161\u010dino prednikov spo\u0161tovali, jo vzdr\u017eevali in ustrezno nadgrajevali. Toda ne, ve\u010didel jo prepu\u0161\u010damo propadanju, in ko pridobi slab videz, jo obsodimo in zahtevamo ru\u0161enje.<\/p>\n<p style=\"margin-bottom: 0cm;\">Meng\u0161ani smo pred desetletji s pomilovanjem gledali na Dom\u017eal\u010dane, ki so svojo vas skoraj v celoti podrli in zgradili Vele in SPB, \u010deprav bi se za te \u00bbumetnine\u00ab lahko na\u0161el prostor kje drugje. Biseri, kakr\u0161en je bil sokolski dom, Majheni\u010dev peglezen, Alko z mogo\u010dnimi kletnimi dvoranami in vse, kar je bilo vmes, bi napredujo\u010demu mestu ohranili du\u0161o. Vendar vsega le niso podrli. Nekatere hi\u0161e in predvsem Bernikov dom so vzorno obnovili.<\/p>\n<p style=\"margin-bottom: 0cm;\">Zdaj smo mi sami vredni pomilovanja. Ker je denarja manj, uni\u010dujemo Menge\u0161 postopoma. Kje so vodnjaki, kje so mogo\u010dni portali hi\u0161, kje so kapelice, kje je menge\u0161ki prosvetni dom, kje pri Tonhu, kje pri \u0160unkarju, kje pri Kauku, kje pri Cenetu, kje pri Hostenku in kje so \u0161e \u0161tevilne hi\u0161e vmes? Ob glavnih ulicah je \u017eivljenje zamrlo, veliko hi\u0161 je praznih. Prevladuje prometni koridor s te\u017eko prometno signalizacijo in betonski zidovi, ki naj bi ohranili ljudem nekaj miru. Prebivalci se selijo iz teh hi\u0161, saj je v tem hrupu te\u017eko \u017eiveti, hi\u0161e pa so ogro\u017eene prav tako kakor obravnavana industrijska stavbna dedi\u0161\u010dina.<\/p>\n<p style=\"margin-bottom: 0cm;\">Zgrozil sem se nad resni\u010dnostjo mnenja tujcev, ki so na\u0161 odnos do lastne kulturne dedi\u0161\u010dine povezovali z visokim samomorilskim nagnjenjem pri Slovencih. Bo pri\u010dujo\u010da razstava kaj spremenila?<\/p>\n<p style=\"margin-bottom: 0cm;\">\n<p style=\"margin-bottom: 0cm;\">\n<p style=\"margin-bottom: 0cm;\">\n<p style=\"margin-bottom: 0cm;\">\n<p style=\"margin-bottom: 0cm; text-align: right;\">Janez \u0160krlep<\/p>\n<p style=\"margin-bottom: 0cm;\">\n<p style=\"margin-bottom: 0cm;\">\r\n<div class=\"ngg-albumoverview\">\t\r\n\t<!-- List of galleries -->\r\n\t\r\n\t<div class=\"ngg-album\">\r\n\t\t<div class=\"ngg-albumtitle\"><a href=\"https:\/\/www.kdfjm.si\/?page_id=69&amp;album=7&amp;gallery=28\">Odprtje razstave Na ostankih ...<\/a><\/div>\r\n\t\t\t<div class=\"ngg-albumcontent\">\r\n\t\t\t\t<div class=\"ngg-thumbnail\">\r\n\t\t\t\t\t<a href=\"https:\/\/www.kdfjm.si\/?page_id=69&amp;album=7&amp;gallery=28\"><img data-recalc-dims=\"1\" decoding=\"async\" class=\"Thumb\" alt=\"Odprtje razstave Na ostankih ...\" src=\"https:\/\/i0.wp.com\/www.kdfjm.si\/wp-content\/gallery\/odprtje-razstave-na-ostankih\/thumbs\/thumbs_20080619-20080619-PS8_0089.jpg?ssl=1\"\/><\/a>\r\n\t\t\t\t<\/div>\r\n\t\t\t\t<div class=\"ngg-description\">\r\n\t\t\t\t<p><\/p>\r\n\t\t\t\t\t\t\t\t<p><strong>43<\/strong> Photos<\/p>\r\n\t\t\t\t\t\t\t<\/div>\r\n\t\t<\/div>\r\n\t<\/div>\r\n\r\n \t \t\r\n\t<!-- Pagination -->\r\n \t<div class=\"ngg-clear\"><\/div> \t\r\n<\/div>\r\n\r\n\n<p style=\"margin-bottom: 0cm;\"><strong>Odprtje skupinske fotografske razstave <\/strong>je bilo v \u010detrtek, 19. junija 2008, ob 20.30 v Galeriji Klet na Slovenski cesti 30 v Meng\u0161u.<\/p>\n<p style=\"margin-bottom: 0cm;\"><strong>Razstava je bila na ogled <\/strong>do 28. junija 2008 vsak dan med 17. in 19. uro, ob nedeljah in praznikih pa je bila zaprta.<\/p>\n<p style=\"margin-bottom: 0cm;\"><strong>Organizatorja: <\/strong>Kulturno dru\u0161tvo Franca Jelov\u0161ka Menge\u0161 in Mestni muzej Menge\u0161.<\/p>\n<p style=\"margin-bottom: 0cm;\"><strong>Razstavo so omogo\u010dili:<\/strong> TEHMAX trgovina in proizvodnja d.o.o., Ob\u010dina Menge\u0161 in \u017dupnija Menge\u0161.<\/p>\n","protected":false},"excerpt":{"rendered":"<p>Trije fotografi dveh generacij \u2013 Luka Marke\u017e, Jo\u0161t Franko in Peter \u0160krlep \u2013 se sre\u010dajo v izginjajo\u010dem prostoru, v podobi izginjajo\u010dega \u010dasa in njegovih vrednot. Fotografije v treh obrazih prikazujejo zunanj\u0161\u010dino, notranj\u0161\u010dino in detajle stare \u00bbprajarce\u00ab, menge\u0161ke pivovarne. Trije avtorji so se povezali v dokumentarnem in arhivskem, v kompoziciji in izpovedi pa se njihove fotografije [&hellip;]<\/p>\n","protected":false},"author":2,"featured_media":0,"parent":82,"menu_order":0,"comment_status":"closed","ping_status":"closed","template":"","meta":{"footnotes":""},"class_list":["post-69","page","type-page","status-publish","hentry"],"jetpack_sharing_enabled":true,"jetpack_shortlink":"https:\/\/wp.me\/P73nhm-17","jetpack-related-posts":[],"_links":{"self":[{"href":"https:\/\/www.kdfjm.si\/index.php?rest_route=\/wp\/v2\/pages\/69","targetHints":{"allow":["GET"]}}],"collection":[{"href":"https:\/\/www.kdfjm.si\/index.php?rest_route=\/wp\/v2\/pages"}],"about":[{"href":"https:\/\/www.kdfjm.si\/index.php?rest_route=\/wp\/v2\/types\/page"}],"author":[{"embeddable":true,"href":"https:\/\/www.kdfjm.si\/index.php?rest_route=\/wp\/v2\/users\/2"}],"replies":[{"embeddable":true,"href":"https:\/\/www.kdfjm.si\/index.php?rest_route=%2Fwp%2Fv2%2Fcomments&post=69"}],"version-history":[{"count":15,"href":"https:\/\/www.kdfjm.si\/index.php?rest_route=\/wp\/v2\/pages\/69\/revisions"}],"predecessor-version":[{"id":3501,"href":"https:\/\/www.kdfjm.si\/index.php?rest_route=\/wp\/v2\/pages\/69\/revisions\/3501"}],"up":[{"embeddable":true,"href":"https:\/\/www.kdfjm.si\/index.php?rest_route=\/wp\/v2\/pages\/82"}],"wp:attachment":[{"href":"https:\/\/www.kdfjm.si\/index.php?rest_route=%2Fwp%2Fv2%2Fmedia&parent=69"}],"curies":[{"name":"wp","href":"https:\/\/api.w.org\/{rel}","templated":true}]}}