{"id":67,"date":"2008-11-25T16:22:15","date_gmt":"2008-11-25T14:22:15","guid":{"rendered":"http:\/\/www.kdfjm.si\/?page_id=67"},"modified":"2019-03-05T12:19:37","modified_gmt":"2019-03-05T11:19:37","slug":"galerija-meznarija","status":"publish","type":"page","link":"https:\/\/www.kdfjm.si\/?page_id=67","title":{"rendered":"Galerija me\u017enarija"},"content":{"rendered":"<p>Razstave v Galeriji me\u017enariji so razporejene po \u010dasovnem zaporedju.<\/p>\n<p><span style=\"color: #808080;\"><strong>2018<\/strong><\/span><\/p>\n<ul>\n<li><a href=\"http:\/\/www.kdfjm.si\/?page_id=4434\"><strong>Razstava Frenka Kogov\u0161ka<\/strong><\/a> (4. &#8211; 16. maj 2018)<\/li>\n<li><a href=\"http:\/\/www.kdfjm.si\/?page_id=4431\"><strong>O\u017eivljene krivine &#8211; razstava in vpogled v obnavljanje Thonetovega pohi\u0161tva Jurija Riharja<\/strong><\/a> (4. &#8211; 16. maj 2018)<\/li>\n<li><a href=\"http:\/\/www.kdfjm.si\/?page_id=4426\"><strong>Sveta de\u017eela \/ Terra sancta, zbirka razglednic Marka Koren\u010dana<\/strong><\/a>\u00a0(4. &#8211; 14. april 2018)<\/li>\n<\/ul>\n<p><span style=\"color: #808080;\"><strong>2017<\/strong><\/span><\/p>\n<ul>\n<li><a href=\"http:\/\/www.kdfjm.si\/?page_id=4423\"><strong>Roka \u010dlove\u0161tva &#8211; razstava slik Jo\u0161ta Snoja<\/strong><\/a> (17. &#8211; 29. november 2017)<\/li>\n<li><a href=\"http:\/\/www.kdfjm.si\/?page_id=4419\"><strong>Sveti Jurij v Sloveniji, razstava in predavanje Vida Kregarja<\/strong><\/a> (10. &#8211; 15. november 2017)<\/li>\n<li><a href=\"http:\/\/www.kdfjm.si\/?page_id=4416\"><strong><b>S poti in iz delavnice &#8211; r<\/b>azstava pastelov in stolov Janeza Suhadolca<\/strong><\/a> (29. september &#8211; 11. oktober 2017)<\/li>\n<li><a href=\"http:\/\/www.kdfjm.si\/?page_id=4411\"><strong>Radost narave &#8211; razstava slik \u0160tefana Je\u017ea <\/strong><\/a>(2. &#8211; 14. junij 2017)<\/li>\n<\/ul>\n<p><span style=\"color: #808080;\"><strong>2016<\/strong><\/span><\/p>\n<ul>\n<li><a href=\"http:\/\/www.kdfjm.si\/?page_id=4408\"><strong>\u201cNe sejejo in ne \u017eanjejo &#8230;\u201d Lk 12,26 &#8211; razstava slik Marte Jakopi\u010d Kunaver<\/strong><\/a> (28. oktober &#8211; 9. november 2016)<\/li>\n<\/ul>\n<p><span style=\"color: #808080;\"><strong>2015<\/strong><\/span><\/p>\n<ul>\n<li><span style=\"color: #333399;\"><strong><a style=\"color: #333399;\" href=\"http:\/\/www.kdfjm.si\/?page_id=3777\">Razstava fotografij in predstavitev knjige Umik \u010dez Ljubelj, maj 1945, skozi objektiv Marjana Kocmurja<\/a><\/strong><\/span> (1. &#8211; 11. julij 2015)<\/li>\n<\/ul>\n<p><span style=\"color: #888888;\"><strong>2014<\/strong><\/span><\/p>\n<ul>\n<li><a href=\"http:\/\/www.kdfjm.si\/?page_id=3138\"><strong>Razstava Marte Jakopi\u010d Kunaver &#8211; Angeli<\/strong><\/a> (23. december 2014 &#8211; 16. januar 2015)<\/li>\n<li><a href=\"http:\/\/www.kdfjm.si\/?page_id=3142\"><strong>Marija Pomagaj &#8211; razstava podobic brezjanske Marije<\/strong><\/a> (8. &#8211; 19. december 2014)<\/li>\n<li><a href=\"http:\/\/www.kdfjm.si\/?page_id=3146\"><strong>Razstava arhivskih fotografij o slovenskih beguncih v Avstriji po letu 1945<\/strong><\/a> (7. &#8211; 19. november 2014)<\/li>\n<li><a href=\"http:\/\/www.kdfjm.si\/?page_id=3151\"><strong>Razstava \u0160tefana Je\u017ea &#8211; Impresije krajine<\/strong><\/a> (5. &#8211; 16. julij 2014)<\/li>\n<\/ul>\n<p><span style=\"color: #808080;\"><strong>2013<\/strong><\/span><\/p>\n<ul>\n<li><a href=\"http:\/\/www.kdfjm.si\/?page_id=2175\"><strong>Marta Jakopi\u010d Kunaver &#8211; Kri\u017eani<\/strong><\/a> (19. &#8211; 30. april 2013)<\/li>\n<\/ul>\n<p><span style=\"color: #ffffff;\">.<\/span><span style=\"color: #888888;\"><strong>2012<\/strong><\/span><\/p>\n<ul>\n<li><a title=\"Sre\u010devanja 2012\" href=\"http:\/\/www.kdfjm.si\/?page_id=2008\"><strong>Sre\u010devanja 2012 &#8211; likovna razstava ob 20-letnici dru\u0161tva<\/strong><\/a> (21. december 2012 &#8211; 4. januar 2013)<\/li>\n<li><a title=\"Irena Furlan \u2013 Ko roka pelje svojo pot\" href=\"http:\/\/www.kdfjm.si\/?page_id=1994\"><strong>Irena Furlan &#8211; Ko roka pelje svojo pot<\/strong><\/a> (27. november &#8211; 8. december 2012)<\/li>\n<li><a title=\"Slikarska razstava Polone Kunaver Li\u010den\" href=\"http:\/\/www.kdfjm.si\/?page_id=1904\"><strong>Slikarska razstava Polone Kunaver Li\u010den<\/strong><\/a> (19. oktober &#8211; 31. oktober 2012)<\/li>\n<li><a title=\"Prislu\u0161kovanja Tanje Pine \u0160kufca\" href=\"http:\/\/www.kdfjm.si\/?page_id=1793\"><strong>Tanja Pina \u0160kufca &#8211; Prislu\u0161kovanja<\/strong><\/a> (20. junij &#8211; 7. julij 2012)<\/li>\n<li><strong><a title=\"Matev\u017e \u0160kufca \u2013 Refleksije\" href=\"http:\/\/www.kdfjm.si\/?page_id=1710\">Matev\u017e \u0160kufca &#8211; Refleksije<\/a><\/strong> (25. maj &#8211; 8. junij 2012)<\/li>\n<li><a title=\"Velikono\u010dne vo\u0161\u010dilnice\" href=\"http:\/\/www.kdfjm.si\/?page_id=1766\"><strong>Velikono\u010dne vo\u0161\u010dilnice<\/strong><\/a> (13. april &#8211; 23. april 2012)<\/li>\n<li><a title=\"Jana Vizjak \u2013 Slike posve\u010dene Magdaleni Gornik\" href=\"http:\/\/www.kdfjm.si\/?page_id=1602\"><strong>Slikarska razstava Jane Vizjak &#8211; Slike posve\u010dene Magdaleni Gornik<\/strong><\/a> (21. marec &#8211; 11.april 2012)<\/li>\n<\/ul>\n<p><span style=\"color: #888888;\"><strong>2011<\/strong><\/span><\/p>\n<ul>\n<li><strong><a href=\"http:\/\/www.kdfjm.si\/?page_id=1293\">Slikarska razstava in predstavitev monografije Cveto\u010de mesto Marte\u00a0 Jakopi\u010d Kunaver<\/a><\/strong> (31. maj &#8211; 10. junij 2011)<\/li>\n<li><a href=\"http:\/\/www.kdfjm.si\/?page_id=1159\"><strong>Fotografska razstava Gali Tibbon Odmevi kr\u0161\u010danskega Jeruzalema<\/strong><\/a> (12. april &#8211; 6. maj 2011)<\/li>\n<li><a href=\"http:\/\/www.kdfjm.si\/?page_id=1089\"><strong>Bo\u017ei\u010dne in novoletne vo\u0161\u010dilnice<\/strong><\/a> (21. januar &#8211; 11. februar 2011)<\/li>\n<\/ul>\n<p><span style=\"color: #888888;\"><strong>2010<\/strong><\/span><\/p>\n<ul>\n<li><strong><a href=\"http:\/\/www.kdfjm.si\/?page_id=1037\">\u0160tefan Turk: Portae Aureae<\/a><\/strong> (22. oktober &#8211; 5. november 2010)<\/li>\n<li><strong><a href=\"http:\/\/www.kdfjm.si\/?page_id=964\">Jo\u0161t Franko: Vdova<\/a><\/strong> (21. junij &#8211; 2. julij 2010)<\/li>\n<li><a href=\"http:\/\/www.kdfjm.si\/?page_id=1109\"><strong>Umetniki za Karitas<\/strong><\/a> (26. maj &#8211; 11. junij 2010)<\/li>\n<li><a href=\"http:\/\/www.kdfjm.si\/?page_id=906\"><strong>Razstava ikon Albine Nastran<\/strong><\/a> (9. april &#8211; 23. april 2010)<\/li>\n<\/ul>\n<p><span style=\"color: #808080;\"><strong>2009<\/strong><\/span><\/p>\n<ul>\n<li><a href=\"http:\/\/www.kdfjm.si\/?page_id=734\"><strong>Razstava Darka Slavca<\/strong> <\/a>(27. november &#8211; 11. december 2009)<\/li>\n<li><strong><a href=\"http:\/\/www.kdfjm.si\/?page_id=722\">Razstava fotografij in predstavitev knjige Davorina Tometa z naslovom Samo narava<\/a><\/strong> (13. &#8211; 24. november 2009)<\/li>\n<li><strong><a href=\"http:\/\/www.kdfjm.si\/?page_id=685\">Razstava slik Janeza Repnika<\/a><\/strong> (1. &#8211; 14. oktober 2009)<\/li>\n<li><strong><a href=\"http:\/\/www.kdfjm.si\/?page_id=652\">Umetniki za Karitas<\/a> <span style=\"font-weight: normal;\">(1. &#8211; 22. avgust 2009)<\/span><\/strong><\/li>\n<li><strong><a href=\"http:\/\/www.kdfjm.si\/?page_id=591\">Razstava \u0160marna gora iz zbirke razglednic Marka Koren\u010dana<\/a><\/strong> (14. &#8211; 28. maj 2009)<\/li>\n<\/ul>\n<p><span style=\"color: #808080;\"><strong>2008<\/strong><\/span><\/p>\n<ul>\n<li><a href=\"http:\/\/www.kdfjm.si\/?page_id=183\"><strong>Franc Ropret<\/strong><\/a> &#8211; rezbar in kipar (13. &#8211; 23. december 2008)<\/li>\n<\/ul>\n<ul>\n<li><strong><a href=\"http:\/\/www.kdfjm.si\/?page_id=155\">Nace Perne<\/a><\/strong> &#8211; Kozolci in drugi kozli na Slovenskem skozi fotografski objektiv (24. maj &#8211; 7. junij 2008)<\/li>\n<\/ul>\n<ul>\n<li><a href=\"http:\/\/www.kdfjm.si\/?page_id=174\"><strong>Matej Kunaver<\/strong><\/a> &#8211; Slikarska razstava (8. &#8211; 20. maj 2008)<\/li>\n<\/ul>\n<p><span style=\"color: #808080;\"><strong>2007<\/strong><\/span><\/p>\n<ul>\n<li><a href=\"http:\/\/www.kdfjm.si\/?page_id=229\"><strong>Sre\u010devanja<\/strong><\/a> &#8211; likovna razstava (27. november &#8211; 8.december 2007)<\/li>\n<li><a href=\"http:\/\/www.kdfjm.si\/?page_id=192\"><strong>Janko Testen<\/strong><\/a> (1897\u20121984) &#8211; (27. september &#8211; 6. oktober 2007)<\/li>\n<li><a href=\"http:\/\/www.kdfjm.si\/?page_id=294\"><strong>Kri\u0161tof Zupet<\/strong><\/a> &#8211; razstava slik (12. &#8211; 26. julij 2007)<\/li>\n<li><a href=\"http:\/\/www.kdfjm.si\/?page_id=215\"><strong>Mateja Abram<\/strong><\/a> &#8211; impulzi (19. april &#8211; 5. maj 2007)<\/li>\n<\/ul>\n<p><span style=\"color: #808080;\"><strong>2006<\/strong><\/span><\/p>\n<ul>\n<li><strong><a href=\"http:\/\/www.kdfjm.si\/?page_id=239\">Lojze Kalin\u0161ek<\/a><\/strong> \u2013 Svoboden kot ptica (11. oktober &#8211; 28. oktober 2006)<\/li>\n<\/ul>\n<p><span style=\"color: #808080;\"><strong>2005<\/strong><\/span><\/p>\n<ul>\n<li><a href=\"http:\/\/www.kdfjm.si\/?page_id=223\"><strong>Mojca Sekuli\u010d Fo<\/strong><\/a> &#8211; Zvezdne poljane (18. marec &#8211; 2. april 2005)<a href=\"http:\/\/www.kdfjm.si\/?page_id=199\"><strong><br \/>\n<\/strong><\/a><\/li>\n<li><a href=\"http:\/\/www.kdfjm.si\/?page_id=199\"><strong>Eli Hafner<\/strong><\/a> &#8211; Slikarske \u010dipke (3. &#8211; 18. junij 2005)<\/li>\n<\/ul>\n<p><span style=\"color: #808080;\"><strong>2004<\/strong><\/span><\/p>\n<ul>\n<li><strong><a href=\"http:\/\/www.kdfjm.si\/?page_id=138\">Polona Kunaver Li\u010den in David Li\u010den<\/a><\/strong> &#8211; Svet domi\u0161ljije (12. &#8211; 21. avgust 2004)<\/li>\n<\/ul>\n<ul>\n<li><strong><a href=\"http:\/\/www.kdfjm.si\/?page_id=124\">Antonija Baksa Srnel<\/a><\/strong> &#8211; Ro\u017ene slike (3. &#8211; 24. april 2004)<\/li>\n<\/ul>\n<p><span style=\"color: #808080;\"><strong>2003<\/strong><\/span><\/p>\n<ul>\n<li><strong><a href=\"http:\/\/www.kdfjm.si\/?page_id=114\">Janez \u0160ibila<\/a> <\/strong>&#8211; Razstava slik &#8211; Oltarji in cvetje (15. &#8211; 23. marec 2003)<\/li>\n<\/ul>\n<p><span style=\"color: #808080;\"><strong>2002<\/strong><\/span><\/p>\n<ul>\n<li><strong><a href=\"http:\/\/www.kdfjm.si\/?page_id=130\">Umetniki v upanju na bolj\u0161e \u010dase<\/a><\/strong> &#8211; dobrodelna prodajna razstava (13.\u00a0 -24. december 2002)<\/li>\n<\/ul>\n<ul>\n<li><a href=\"http:\/\/www.kdfjm.si\/?page_id=354\"><strong>\u0160tefka Ko\u0161ir &#8211; Petri\u0107<\/strong><\/a> &#8211; Razstava slik (4. &#8211; 13. oktober 2002)<\/li>\n<\/ul>\n<ul>\n<li><a href=\"http:\/\/www.kdfjm.si\/?page_id=282\"><strong>Vinko Hleb\u0161<\/strong><\/a> &#8211; Razstava slik &#8211; Pomladno cvetje (22. julij &#8211; 3. avgust 2002)<\/li>\n<\/ul>\n<ul>\n<li><a href=\"http:\/\/www.kdfjm.si\/?page_id=289\"><strong>Mario Petri\u0107<\/strong><\/a> &#8211; Razstava slik (8. &#8211; 22. junij 2002)<\/li>\n<\/ul>\n<p><span style=\"color: #808080;\"><strong>2001<\/strong><\/span><\/p>\n<ul>\n<li><strong>Stane Jarm<\/strong> &#8211; Kiparska razstava &#8211; ZAKAJ? (29. september &#8211; 14. oktober 2001)<\/li>\n<\/ul>\n<p><span style=\"color: #808080;\"><strong>2000<\/strong><\/span><\/p>\n<ul>\n<li><strong>Veselka \u0160orli Puc<\/strong> &#8211; Odstiranje lepote (17. junij &#8211; 9. julij 2000)<\/li>\n<\/ul>\n<ul>\n<li><a href=\"http:\/\/www.kdfjm.si\/?page_id=319\"><strong>Marta Jakopi\u010d &#8211; Kunaver<\/strong><\/a> &#8211; Slikarska razstava Ecce Homo (15. april &#8211; 6. maj 2000)<\/li>\n<\/ul>\n<p><span style=\"color: #808080;\"><strong>1999<\/strong><\/span><\/p>\n<ul>\n<li><strong>Vezenine<\/strong> (6. &#8211; 21. november 1999)<\/li>\n<\/ul>\n<ul>\n<li><strong>Za kulturo \u017eivljenja<\/strong> &#8211; Dobrodelna prodajna razstava (21. avgust &#8211; 4. september 1999)<\/li>\n<\/ul>\n<ul>\n<li><strong>Janez Repnik<\/strong> &#8211; Barve, moje \u017eivljenje (18. junij -4. julij 1999)<\/li>\n<\/ul>\n<ul>\n<li><strong>Nata\u0161a Prestor <\/strong>&#8211; Kiparska razstava (20. maj &#8211; 6. junij 1999)<\/li>\n<\/ul>\n<ul>\n<li><strong>Jo\u017ee Bartolj<\/strong> &#8211; Okna v svet (16. april &#8211; 2. maj 1999)<\/li>\n<\/ul>\n<p><span style=\"color: #999999;\"><strong>1998<\/strong><\/span><\/p>\n<ul>\n<li><strong>Bojan \u0160tine<\/strong> &#8211; Podobe konj (19. &#8211; 30. september 1998)<\/li>\n<\/ul>\n<ul>\n<li><strong>Zalka Arn\u0161ek<\/strong> &#8211; Oblike v glini (14. &#8211; 30. avgust 1998)<\/li>\n<\/ul>\n<ul>\n<li><strong>Janez Kova\u010di\u010d<\/strong> &#8211; Olja in akvareli (27. junij &#8211; 12. julij 1998)<\/li>\n<\/ul>\n<ul>\n<li><strong>\u010cebelarska razstava<\/strong> &#8211; Kranjska sivka (<em>Apis Mellifica Carnica<\/em>) (30. maj &#8211; 14. junij 1998)<\/li>\n<\/ul>\n<ul>\n<li><strong>Franc Ko\u0161ec Karas<\/strong> &#8211; Kri\u017eev pot (2. -17. maj 1998)<\/li>\n<\/ul>\n<p><span style=\"color: #808080;\"><strong>1997<\/strong><\/span><\/p>\n<ul>\n<li><strong>Anica Zaletel<\/strong> &#8211; Slike na steklo<\/li>\n<\/ul>\n<p><span style=\"color: #808080;\"><strong>1996<\/strong><\/span><\/p>\n<ul>\n<li><strong>Aleksandr Vilko \u0160evc\u016f<\/strong> &#8211; Portret lutkarja<\/li>\n<\/ul>\n<ul>\n<li><strong>P. Avgu\u0161tin Hallerstein<\/strong> &#8211; Meng\u0161an, mandarin na Kitajskem<\/li>\n<\/ul>\n<ul>\n<li><strong>Kri\u0161tof Zupet<\/strong> &#8211; Olja in risbe<\/li>\n<\/ul>\n<ul>\n<li><strong>Marko Jerman<\/strong> &#8211; Vitra\u017e (osnutki)<\/li>\n<\/ul>\n<ul>\n<li><strong>Milan Batista<\/strong> &#8211; Oljke (jedkanica)<\/li>\n<\/ul>\n<ul>\n<li><strong>Franc Jelov\u0161ek<\/strong> &#8211; Razstava slik<\/li>\n<\/ul>\n<p><span style=\"color: #808080;\"><strong>1995<\/strong><\/span><\/p>\n<ul>\n<li><strong>Jaslice menge\u0161kih rezbarjev<\/strong> &#8211; razstava jasli\u010dnih figuric<\/li>\n<\/ul>\n<ul>\n<li><strong>Marijan Pan\u010dur<\/strong> &#8211; Poglej okrog sebe in videl bo\u0161<\/li>\n<\/ul>\n<ul>\n<li><strong>Zmago Puhar<\/strong> &#8211; Izseki iz narave<\/li>\n<\/ul>\n<ul>\n<li><strong>Mihaela \u017dakelj<\/strong> &#8211; Lu\u010d, vrezana v temo<\/li>\n<\/ul>\n<ul>\n<li><strong>Slovenski kozolec<\/strong> &#8211; Arhitekturne makete in risbe<\/li>\n<\/ul>\n<ul>\n<li><strong>Janez Trdina<\/strong> &#8211; Slovenski pisatelj in etnolog<\/li>\n<\/ul>\n<ul>\n<li><strong>Trenutki skupnega snovanja<\/strong> &#8211; Kiparska razstava slepih in slabovidnih Slovenije<\/li>\n<\/ul>\n<ul>\n<li><strong>Lojze Kalin\u0161ek<\/strong> &#8211; Iz popotne malhe<\/li>\n<\/ul>\n<ul>\n<li><strong>Anton Gosar<\/strong> &#8211; Zgodovina odre\u0161enja<\/li>\n<\/ul>\n<ul>\n<li><strong>Matej Rupel<\/strong> &#8211; Dobro je \u017eivel, kdor je skrito \u017eivel<\/li>\n<\/ul>\n<p><span style=\"color: #808080;\"><strong>1994<\/strong><\/span><\/p>\n<ul>\n<li><strong>Razstava fotografij<\/strong> fotografskega dru\u0161tva Radovljica (21. &#8211; 30. oktober 1994)<\/li>\n<\/ul>\n<ul>\n<li><strong>Tone Dem\u0161ar<\/strong> &#8211; Ciklus reliefov &#8220;Vdove&#8221; (29. julij &#8211; 14. avgust 1994)<\/li>\n<\/ul>\n<ul>\n<li><strong>Andrej \u017digon<\/strong> &#8211; Razstava fotografij: Upanje tega in onega sveta (19. &#8211; 28. avgust 1994)<\/li>\n<\/ul>\n<ul>\n<li>Razstava <strong>Lojzeta Pirnata <\/strong>in <strong>Gregorja Otmarja Rettingerja<\/strong> KELIHI IN IKONE (skupaj s KS Menge\u0161)<\/li>\n<\/ul>\n<ul>\n<li><strong>Veljko Toman<\/strong> &#8211; \u010cas son\u010dnic (15- 25. september 1994)<\/li>\n<\/ul>\n<ul>\n<li><strong>Peter \u0160krlep<\/strong> in <strong>Miha Skok<\/strong> &#8211; razstava fotografij &#8211; Studen\u010dna vrata (28. september &#8211; 2. oktober 1994)<\/li>\n<\/ul>\n<ul>\n<li>Razstava fotografij fresk z gradu Jablje<\/li>\n<\/ul>\n<p><span style=\"color: #808080;\"><strong>1993<\/strong><\/span><\/p>\n<ul>\n<li>Razstava razglednic z bo\u017ei\u010dnimi motivi Maksima Gasparija<\/li>\n<\/ul>\n<p><span style=\"color: #808080;\"><strong>1992<\/strong><\/span><\/p>\n<ul>\n<li>Razstava fotografij in razglednic Meng\u0161a in okolice<\/li>\n<\/ul>\n","protected":false},"excerpt":{"rendered":"<p>Razstave v Galeriji me\u017enariji so razporejene po \u010dasovnem zaporedju. 2018 Razstava Frenka Kogov\u0161ka (4. &#8211; 16. maj 2018) O\u017eivljene krivine &#8211; razstava in vpogled v obnavljanje Thonetovega pohi\u0161tva Jurija Riharja (4. &#8211; 16. maj 2018) Sveta de\u017eela \/ Terra sancta, zbirka razglednic Marka Koren\u010dana\u00a0(4. &#8211; 14. april 2018) 2017 Roka \u010dlove\u0161tva &#8211; razstava slik Jo\u0161ta [&hellip;]<\/p>\n","protected":false},"author":2,"featured_media":0,"parent":24,"menu_order":0,"comment_status":"closed","ping_status":"closed","template":"","meta":{"footnotes":""},"class_list":["post-67","page","type-page","status-publish","hentry"],"jetpack_sharing_enabled":true,"jetpack_shortlink":"https:\/\/wp.me\/P73nhm-15","jetpack-related-posts":[],"_links":{"self":[{"href":"https:\/\/www.kdfjm.si\/index.php?rest_route=\/wp\/v2\/pages\/67","targetHints":{"allow":["GET"]}}],"collection":[{"href":"https:\/\/www.kdfjm.si\/index.php?rest_route=\/wp\/v2\/pages"}],"about":[{"href":"https:\/\/www.kdfjm.si\/index.php?rest_route=\/wp\/v2\/types\/page"}],"author":[{"embeddable":true,"href":"https:\/\/www.kdfjm.si\/index.php?rest_route=\/wp\/v2\/users\/2"}],"replies":[{"embeddable":true,"href":"https:\/\/www.kdfjm.si\/index.php?rest_route=%2Fwp%2Fv2%2Fcomments&post=67"}],"version-history":[{"count":88,"href":"https:\/\/www.kdfjm.si\/index.php?rest_route=\/wp\/v2\/pages\/67\/revisions"}],"predecessor-version":[{"id":4436,"href":"https:\/\/www.kdfjm.si\/index.php?rest_route=\/wp\/v2\/pages\/67\/revisions\/4436"}],"up":[{"embeddable":true,"href":"https:\/\/www.kdfjm.si\/index.php?rest_route=\/wp\/v2\/pages\/24"}],"wp:attachment":[{"href":"https:\/\/www.kdfjm.si\/index.php?rest_route=%2Fwp%2Fv2%2Fmedia&parent=67"}],"curies":[{"name":"wp","href":"https:\/\/api.w.org\/{rel}","templated":true}]}}