{"id":648,"date":"2009-07-20T11:07:58","date_gmt":"2009-07-20T10:07:58","guid":{"rendered":"http:\/\/www.kdfjm.si\/?page_id=648"},"modified":"2015-10-11T21:29:22","modified_gmt":"2015-10-11T20:29:22","slug":"fotografska-razstava-fulvio-grisoni-namibijska-puscava","status":"publish","type":"page","link":"https:\/\/www.kdfjm.si\/?page_id=648","title":{"rendered":"Fotografska razstava: Fulvio Grisoni &#8211; Namibijska pu\u0161\u010dava"},"content":{"rendered":"<p>Najvi\u0161je pe\u0161\u010dene sipine na svetu so rde\u010de, kakor bi jih za\u017egalo neutrudljivo afri\u0161ko sonce. Svoje kodraste glave dvigujejo\u00a0proti nebu, da bi se mogle razodeti v barvni triadi &#8211; modro nebo, rde\u010di pesek in \u010drne sence, ki jih me\u010dejo sipine v svoji mogo\u010dnosti. Vro\u010dina, prividi, ukrivljena svetloba, hrup peska v vro\u010dem vetru, na\u010din gibanja in lebdenja pe\u0161\u010denih zrn po pu\u0161\u010davi se zdijo nadnaravni. Vsa krajina je oropana \u017eivljenja, vendar se zdi \u017eiva. Celo tla, po katerih stopa\u0161, se spreminjajo podnevi in pono\u010di &#8211; v vro\u010dini dneva je pesek vro\u010d, lahek in puhast, pono\u010di je hladen, te\u017eek in mrtev. V tej nenehno spreminjajo\u010di se\u00a0krajini prevladuje skoraj brez\u010dasni, bo\u017eanski ob\u010dutek. To je kraj, ki ga je vredno do\u017eiveti.<\/p>\n<p>I\u0161\u010dem prvinske oblike in podobe, i\u0161\u010dem nedol\u017enost ljudi, stopam v de\u017eele odkritij.<\/p>\n<p style=\"text-align: right;\">Fulvio Grisoni<\/p>\r\n<div class=\"ngg-albumoverview\">\t\r\n\t<!-- List of galleries -->\r\n\t\r\n\t<div class=\"ngg-album\">\r\n\t\t<div class=\"ngg-albumtitle\"><a href=\"https:\/\/www.kdfjm.si\/?page_id=648&amp;album=21&amp;gallery=87\">Odprtje razstave Namibijska pu\u0161\u010dava<\/a><\/div>\r\n\t\t\t<div class=\"ngg-albumcontent\">\r\n\t\t\t\t<div class=\"ngg-thumbnail\">\r\n\t\t\t\t\t<a href=\"https:\/\/www.kdfjm.si\/?page_id=648&amp;album=21&amp;gallery=87\"><img data-recalc-dims=\"1\" decoding=\"async\" class=\"Thumb\" alt=\"Odprtje razstave Namibijska pu\u0161\u010dava\" src=\"https:\/\/i0.wp.com\/www.kdfjm.si\/wp-content\/gallery\/fulvio-2009\/thumbs\/thumbs_cikCakFGrisoniJRot2009-0405.jpg?ssl=1\"\/><\/a>\r\n\t\t\t\t<\/div>\r\n\t\t\t\t<div class=\"ngg-description\">\r\n\t\t\t\t<p><\/p>\r\n\t\t\t\t\t\t\t\t<p><strong>9<\/strong> Photos<\/p>\r\n\t\t\t\t\t\t\t<\/div>\r\n\t\t<\/div>\r\n\t<\/div>\r\n\r\n \t \t\r\n\t<!-- Pagination -->\r\n \t<div class=\"ngg-clear\"><\/div> \t\r\n<\/div>\r\n\r\n<p style=\"text-align: left;\">Odprtje fotografske razstave je bilo v \u010detrtek 23. julija 2009 ob 18. uri pri Galeriji CikCak na Trdinovem trgu 5 v Menge\u0161.<\/p>\n<p style=\"text-align: left;\">Razstava bo na ogled do odprtja naslednje razstave.<\/p>\n","protected":false},"excerpt":{"rendered":"<p>Najvi\u0161je pe\u0161\u010dene sipine na svetu so rde\u010de, kakor bi jih za\u017egalo neutrudljivo afri\u0161ko sonce. Svoje kodraste glave dvigujejo\u00a0proti nebu, da bi se mogle razodeti v barvni triadi &#8211; modro nebo, rde\u010di pesek in \u010drne sence, ki jih me\u010dejo sipine v svoji mogo\u010dnosti. Vro\u010dina, prividi, ukrivljena svetloba, hrup peska v vro\u010dem vetru, na\u010din gibanja in lebdenja [&hellip;]<\/p>\n","protected":false},"author":2,"featured_media":0,"parent":448,"menu_order":0,"comment_status":"closed","ping_status":"closed","template":"","meta":{"footnotes":""},"class_list":["post-648","page","type-page","status-publish","hentry"],"jetpack_sharing_enabled":true,"jetpack_shortlink":"https:\/\/wp.me\/P73nhm-as","jetpack-related-posts":[],"_links":{"self":[{"href":"https:\/\/www.kdfjm.si\/index.php?rest_route=\/wp\/v2\/pages\/648","targetHints":{"allow":["GET"]}}],"collection":[{"href":"https:\/\/www.kdfjm.si\/index.php?rest_route=\/wp\/v2\/pages"}],"about":[{"href":"https:\/\/www.kdfjm.si\/index.php?rest_route=\/wp\/v2\/types\/page"}],"author":[{"embeddable":true,"href":"https:\/\/www.kdfjm.si\/index.php?rest_route=\/wp\/v2\/users\/2"}],"replies":[{"embeddable":true,"href":"https:\/\/www.kdfjm.si\/index.php?rest_route=%2Fwp%2Fv2%2Fcomments&post=648"}],"version-history":[{"count":5,"href":"https:\/\/www.kdfjm.si\/index.php?rest_route=\/wp\/v2\/pages\/648\/revisions"}],"predecessor-version":[{"id":3495,"href":"https:\/\/www.kdfjm.si\/index.php?rest_route=\/wp\/v2\/pages\/648\/revisions\/3495"}],"up":[{"embeddable":true,"href":"https:\/\/www.kdfjm.si\/index.php?rest_route=\/wp\/v2\/pages\/448"}],"wp:attachment":[{"href":"https:\/\/www.kdfjm.si\/index.php?rest_route=%2Fwp%2Fv2%2Fmedia&parent=648"}],"curies":[{"name":"wp","href":"https:\/\/api.w.org\/{rel}","templated":true}]}}