{"id":606,"date":"2009-06-08T07:19:25","date_gmt":"2009-06-08T06:19:25","guid":{"rendered":"http:\/\/www.kdfjm.si\/?page_id=606"},"modified":"2019-03-06T23:04:51","modified_gmt":"2019-03-06T22:04:51","slug":"druge-dejavnosti","status":"publish","type":"page","link":"https:\/\/www.kdfjm.si\/?page_id=606","title":{"rendered":"Druge dejavnosti"},"content":{"rendered":"<p><span style=\"color: #808080;\"><strong>2018<\/strong><\/span><\/p>\n<ul>\n<li><a href=\"http:\/\/www.kdfjm.si\/?page_id=4603\"><strong>Ta veseli dan kulture<\/strong><\/a> (3. december 2018)<\/li>\n<li><a href=\"http:\/\/www.kdfjm.si\/?page_id=4611\"><strong>Dopolnjena razstava mozaikov<\/strong><\/a> (1. september 2018)<\/li>\n<li><a href=\"http:\/\/www.kdfjm.si\/?page_id=4599\"><strong>Obiranje hmelja ob 200. obletnici ustanovitve Staretove pivovarne v Meng\u0161u<\/strong><\/a> (31. avgust 2018)<\/li>\n<li><a href=\"http:\/\/www.kdfjm.si\/?page_id=4596\"><strong>Kresovanje<\/strong><\/a> (23. junij 2018)<\/li>\n<li><a href=\"http:\/\/www.kdfjm.si\/?page_id=4593\"><strong>Romanje na \u0160marno goro<\/strong><\/a> (22. junij 2018)<\/li>\n<li><a href=\"http:\/\/www.kdfjm.si\/?page_id=4589\"><strong>\u0160palir sve\u010d za kulturni praznik<\/strong><\/a> (7. februar 2018)<\/li>\n<li><a href=\"http:\/\/www.kdfjm.si\/?page_id=4586\"><strong>Sve\u010dnica<\/strong><\/a> (2. februar 2018)<\/li>\n<\/ul>\n<p><strong><span style=\"color: #808080;\">2017<\/span><\/strong><\/p>\n<ul>\n<li><a href=\"http:\/\/www.kdfjm.si\/?page_id=4583\"><strong>Ta veseli dan kulture<\/strong><\/a> (3. december 2017)<\/li>\n<li><a href=\"http:\/\/www.kdfjm.si\/?page_id=4580\"><strong>Slovesno obiranje hmelja<\/strong><\/a> (1. september 2017)<\/li>\n<li><a href=\"http:\/\/www.kdfjm.si\/?page_id=4577\"><strong>Kresovanje<\/strong><\/a> (23. junij 2017)<\/li>\n<li><a href=\"http:\/\/www.kdfjm.si\/?page_id=4573\"><strong>Romanje na \u0160marno goro<\/strong><\/a> (22. junij 2017)<\/li>\n<li><a href=\"http:\/\/www.kdfjm.si\/?page_id=4570\"><strong>\u017degnanje ognja na veliko soboto<\/strong><\/a>\u00a0(22. april 2017)<\/li>\n<li><a href=\"http:\/\/www.kdfjm.si\/?page_id=4567\"><strong>Sti\u010dna diha v Meng\u0161u<\/strong><\/a> (18. februar 2017)<\/li>\n<li><a href=\"http:\/\/www.kdfjm.si\/?page_id=4563\"><strong>\u0160palir sve\u010d za kulturni praznik<\/strong><\/a> (7. februar 2017)<\/li>\n<li><a href=\"http:\/\/www.kdfjm.si\/?page_id=4560\"><strong>Sve\u010dnica<\/strong><\/a> (2. februar 2017)<\/li>\n<\/ul>\n<p><span style=\"color: #808080;\"><strong>2016<\/strong><\/span><\/p>\n<ul>\n<li><a href=\"http:\/\/www.kdfjm.si\/?page_id=4557\"><strong>Ta veseli dan kulture<\/strong><\/a> (3. december 2016)<\/li>\n<li><a href=\"http:\/\/www.kdfjm.si\/?page_id=4541\"><strong>Obiranje hmelja<\/strong><\/a> (27. avgust 2016)<\/li>\n<li><a href=\"http:\/\/www.kdfjm.si\/?page_id=4538\"><strong>Kresovanje <\/strong><\/a>(26. junij 2016)<\/li>\n<li><a href=\"http:\/\/www.kdfjm.si\/?page_id=4535\"><strong>Romanje na \u0160marno goro<\/strong><\/a> (22. junij 2016)<\/li>\n<li><a href=\"http:\/\/www.kdfjm.si\/?page_id=4532\"><strong>Folklorna skupina Mladika iz Argentine v Muzeju Menge\u0161<\/strong><\/a> (junij 2016)<\/li>\n<li><a href=\"http:\/\/www.kdfjm.si\/?page_id=4529\"><strong>Osnovno\u0161olci na ogledu mestnega Muzeja Menge\u0161<\/strong><\/a> (junij 2016)<\/li>\n<li><a href=\"http:\/\/www.kdfjm.si\/?page_id=4526\"><strong>Priprava hmelji\u0161\u010da pri \u0160u\u0161tar\u0161i\u010du<\/strong><\/a> (april 2016)<\/li>\n<li><a href=\"http:\/\/www.kdfjm.si\/?page_id=4403\"><strong>\u017degnanje ognja na veliko soboto <\/strong><\/a>(marec 2016)<\/li>\n<li><a href=\"http:\/\/www.kdfjm.si\/?page_id=3801\"><strong>Kurjenje pusta<\/strong><\/a> (9. februar 2016)<\/li>\n<li><strong><a href=\"http:\/\/www.kdfjm.si\/?page_id=3792\">\u0160palir sve\u010d za kulturni praznik<\/a><\/strong> (7. februar 2016)<\/li>\n<li><a href=\"http:\/\/www.kdfjm.si\/?page_id=3789\"><strong>\u0160palir sve\u010d na sve\u010dnico<\/strong><\/a> (2. februar 2016)<\/li>\n<\/ul>\n<p><span style=\"color: #808080;\"><strong>2015<\/strong><\/span><\/p>\n<ul>\n<li><a href=\"http:\/\/www.kdfjm.si\/?page_id=3816\"><strong>Knji\u017eica Camera obscura velikanka 2015<\/strong><\/a> (3. december 2015)<\/li>\n<li><a href=\"http:\/\/www.kdfjm.si\/?page_id=3815\"><strong>Potovanje Camere obscure velikanke<\/strong><\/a> (november in december 2015)<\/li>\n<li><a href=\"http:\/\/www.kdfjm.si\/?page_id=3795\"><strong>Podobe Meng\u0161a na karticah<\/strong><\/a> (3. december 2015)<\/li>\n<li><strong><a href=\"http:\/\/www.kdfjm.si\/?page_id=3808\">Spu\u0161\u010danje raket na menge\u0161kem polju pri Lipcah<\/a><\/strong> (november 2015)<\/li>\n<li><a href=\"http:\/\/www.kdfjm.si\/?page_id=3583\"><strong>Slovesno obiranje hmelja<\/strong><\/a> (29. avgust 2015)<\/li>\n<li><span style=\"color: #333399;\"><a style=\"color: #333399;\" href=\"http:\/\/www.kdfjm.si\/?page_id=3301\"><strong>Kresovanje<\/strong><\/a><\/span> (23. junij 2015)<\/li>\n<li><a href=\"http:\/\/www.kdfjm.si\/?page_id=4519\"><strong>Romanje na \u0160marno goro<\/strong><\/a> (22. junij 2015)<\/li>\n<li><a href=\"http:\/\/www.kdfjm.si\/?page_id=4516\"><strong>Razstava fotografa Marjana Kocmurja v Dr\u017eavnem svetu<\/strong><\/a> maj 2015)<\/li>\n<li><strong><a href=\"http:\/\/www.kdfjm.si\/?page_id=3583\">Priprava hmelji\u0161\u010da pri \u0160u\u0161ter\u0161i\u010du<\/a><\/strong><\/li>\n<li><span style=\"color: #333399;\"><a style=\"color: #333399;\" href=\"http:\/\/www.kdfjm.si\/?page_id=3292\"><strong>Romanje na \u0160marno goro<\/strong><\/a><\/span> (22. junij 2015)<\/li>\n<li><a href=\"http:\/\/www.kdfjm.si\/?page_id=4509\"><strong>Sve\u010dnica 2015<\/strong><\/a> (2. februar 2015)<\/li>\n<\/ul>\n<p><span style=\"color: #888888;\"><strong>2014<\/strong><\/span><\/p>\n<ul>\n<li><a href=\"http:\/\/www.kdfjm.si\/?page_id=3101\"><strong>Sodelovanje na prireditvi \u017div \u017eav<\/strong><\/a> (oktober 2014)<\/li>\n<li><a href=\"http:\/\/www.kdfjm.si\/?page_id=3096\"><strong>Slovesno obiranje hmelja<\/strong><\/a> (22. avgust 2014)<\/li>\n<li><a href=\"http:\/\/www.kdfjm.si\/?page_id=3090\"><strong>Kresovanje<\/strong><\/a> (23. junij 2014)<\/li>\n<li><a href=\"http:\/\/www.kdfjm.si\/?page_id=3086\"><strong>Romanje na \u0160marno goro<\/strong><\/a> (21. junij 2014)<\/li>\n<li><a href=\"http:\/\/www.kdfjm.si\/?page_id=3083\"><strong>Priprava hmelji\u0161\u010da pri \u0160u\u0161ter\u0161i\u010du<\/strong><\/a><\/li>\n<li><a title=\"\u010ci\u0161\u010denje okoli kapelic in znamenj\" href=\"http:\/\/www.kdfjm.si\/?page_id=3186\"><strong>\u010ci\u0161\u010denje okoli kapelic in znamenj<\/strong><\/a> (5. april 2014)<\/li>\n<li><a href=\"http:\/\/www.kdfjm.si\/?page_id=3154\"><strong>Dokumentarna razstava o Janezu Puharju v Galeriji Pre\u0161ernove hi\u0161e v Kranju<\/strong><\/a> (20. marec 2014)<\/li>\n<li><a href=\"http:\/\/www.kdfjm.si\/?page_id=3080\"><strong>Kurjenje pusta<\/strong><\/a> (2014)<\/li>\n<li><a href=\"http:\/\/www.kdfjm.si\/?page_id=3077\"><strong>\u0160palir iz sve\u010d na sve\u010dnico<\/strong><\/a> (2. februar 2014)<\/li>\n<\/ul>\n<p><span style=\"color: #808080;\"><strong>2013<\/strong><\/span><\/p>\n<ul>\n<li><a href=\"http:\/\/www.kdfjm.si\/?page_id=3117\"><strong>313. obletnica rojstva Franca Jelov\u0161ka<\/strong><\/a> (4. oktober 2013)<\/li>\n<li><a title=\"Slovesna trgatev hmelja\" href=\"http:\/\/www.kdfjm.si\/?page_id=2357\"><strong>Slovesna trgatev hmelja<\/strong><\/a> (3. in 4. oktober 2013)<\/li>\n<li><a title=\"Kresovanje 2013\" href=\"http:\/\/www.kdfjm.si\/?page_id=2361\"><strong>Kresovanje<\/strong><\/a> (23. junij)<\/li>\n<li><a title=\"Romanje na \u0160marno goro\" href=\"http:\/\/www.kdfjm.si\/?page_id=2349\"><strong>Romanje na \u0160marno goro<\/strong><\/a> (22. junij 2013)<\/li>\n<li><a title=\"Ustvarjalno dru\u017eenje \u2013 Etsy Craft Party\" href=\"http:\/\/www.kdfjm.si\/?page_id=2372\"><strong>Ustvarjalno dru\u017eenje<\/strong><\/a> (20. junij 2013)<\/li>\n<li><a title=\"Slovesna posaditev hmelja\" href=\"http:\/\/www.kdfjm.si\/?page_id=2354\"><strong>Slovesna posaditev hmelja<\/strong><\/a> (17. maj 2013)<\/li>\n<li><a href=\"http:\/\/www.kdfjm.si\/?page_id=2157\"><strong>Kurjenje pusta<\/strong><\/a> (12. februar 2013)<\/li>\n<li><strong>\u0160palir iz sve\u010d na kulturni praznik<\/strong> (7. februar 2013)<\/li>\n<li><a href=\"http:\/\/www.kdfjm.si\/?page_id=2163\"><strong>\u0160palir iz sve\u010d na sve\u010dnico<\/strong><\/a> (2. februar 2013)<\/li>\n<\/ul>\n<p><span style=\"color: #888888;\"><strong>2012<\/strong><\/span><\/p>\n<ul>\n<li><a href=\"http:\/\/www.kdfjm.si\/?page_id=3107\"><strong>Dobrodelni dogodek v sodelovanju s komornim zborom Ave<\/strong><\/a> (1. december 2012)<\/li>\n<li><a title=\"Romanje na \u0160marno goro 2012\" href=\"http:\/\/www.kdfjm.si\/?page_id=1837\"><strong>Romanje na \u0160marno goro<\/strong><\/a> (22. junij 2012)<\/li>\n<li><a title=\"Kurjenje pusta 2012\" href=\"http:\/\/www.kdfjm.si\/?p=1565\"><strong>Kurjenje pusta<\/strong><\/a> (21. februar 2012)<\/li>\n<li><a title=\"Kulturni dan, 8. februar\" href=\"http:\/\/www.kdfjm.si\/?p=1541\"><strong>\u0160palir sve\u010d ob glavni cesti skozi Menge\u0161<\/strong><\/a> (7. februar 2012)<\/li>\n<\/ul>\n<p><span style=\"color: #888888;\"><strong>2011<\/strong><\/span><\/p>\n<ul>\n<li><a href=\"http:\/\/www.kdfjm.si\/?page_id=1361\"><strong>Kresovanje<\/strong><\/a> (23. junij 2011)<\/li>\n<li><strong><a href=\"http:\/\/www.kdfjm.si\/?page_id=1357\">Romanje na \u0160marno goro<\/a><\/strong> (22. junij 2011)<\/li>\n<li><strong><a href=\"http:\/\/www.kdfjm.si\/?page_id=1305&amp;preview=true\">Izdelovanje raket<\/a> <\/strong>(28. maj in 4. junij 2011)<\/li>\n<\/ul>\n<p><span style=\"color: #888888;\"><strong>2010<\/strong><\/span><\/p>\n<ul>\n<li><a href=\"http:\/\/www.kdfjm.si\/?page_id=1048\"><strong>Izlet v Ilirsko Bistrico ob jubileju Ivana Vesela Vesnina<\/strong><\/a> (13. november 2010)<\/li>\n<li><strong><a href=\"http:\/\/www.kdfjm.si\/?page_id=969\">Romanje na \u0160marno goro<\/a><\/strong> (22. junij 2010)<\/li>\n<li><strong><a href=\"http:\/\/www.kdfjm.si\/?page_id=986\">Izdelovanje raket<\/a><\/strong> (22. maj 2010)<\/li>\n<li><strong><a href=\"http:\/\/www.kdfjm.si\/?page_id=799\">\u0160palir iz sve\u010d po Meng\u0161u<\/a><\/strong> (7. februar 2010)<\/li>\n<\/ul>\n<p><strong><span style=\"color: #888888;\">2009<\/span><\/strong><\/p>\n<ul>\n<li><a href=\"http:\/\/www.kdfjm.si\/?page_id=758\"><strong>F<\/strong><strong>ilmski ve\u010der<\/strong><\/a> (15. december 2009)<\/li>\n<li><a href=\"http:\/\/www.kdfjm.si\/?page_id=714\"><strong>Kostanjev piknik<\/strong><\/a> (23. oktober 2009)<\/li>\n<li><a href=\"http:\/\/www.kdfjm.si\/?page_id=612\"><strong>Netopir &#8211; ne t\u2019\u010d ne m\u2019\u0161<\/strong><\/a> &#8211; predavanje (4. junij 2009)<\/li>\n<li><strong><a href=\"http:\/\/www.kdfjm.si\/?page_id=627\">\u0160palir iz sve\u010d<\/a><\/strong> v Loki pri Meng\u0161u (6. februar 2009)<\/li>\n<\/ul>\n","protected":false},"excerpt":{"rendered":"<p>2018 Ta veseli dan kulture (3. december 2018) Dopolnjena razstava mozaikov (1. september 2018) Obiranje hmelja ob 200. obletnici ustanovitve Staretove pivovarne v Meng\u0161u (31. avgust 2018) Kresovanje (23. junij 2018) Romanje na \u0160marno goro (22. junij 2018) \u0160palir sve\u010d za kulturni praznik (7. februar 2018) Sve\u010dnica (2. februar 2018) 2017 Ta veseli dan kulture [&hellip;]<\/p>\n","protected":false},"author":2,"featured_media":0,"parent":22,"menu_order":0,"comment_status":"closed","ping_status":"closed","template":"","meta":{"footnotes":""},"class_list":["post-606","page","type-page","status-publish","hentry"],"jetpack_sharing_enabled":true,"jetpack_shortlink":"https:\/\/wp.me\/P73nhm-9M","jetpack-related-posts":[],"_links":{"self":[{"href":"https:\/\/www.kdfjm.si\/index.php?rest_route=\/wp\/v2\/pages\/606","targetHints":{"allow":["GET"]}}],"collection":[{"href":"https:\/\/www.kdfjm.si\/index.php?rest_route=\/wp\/v2\/pages"}],"about":[{"href":"https:\/\/www.kdfjm.si\/index.php?rest_route=\/wp\/v2\/types\/page"}],"author":[{"embeddable":true,"href":"https:\/\/www.kdfjm.si\/index.php?rest_route=\/wp\/v2\/users\/2"}],"replies":[{"embeddable":true,"href":"https:\/\/www.kdfjm.si\/index.php?rest_route=%2Fwp%2Fv2%2Fcomments&post=606"}],"version-history":[{"count":103,"href":"https:\/\/www.kdfjm.si\/index.php?rest_route=\/wp\/v2\/pages\/606\/revisions"}],"predecessor-version":[{"id":4614,"href":"https:\/\/www.kdfjm.si\/index.php?rest_route=\/wp\/v2\/pages\/606\/revisions\/4614"}],"up":[{"embeddable":true,"href":"https:\/\/www.kdfjm.si\/index.php?rest_route=\/wp\/v2\/pages\/22"}],"wp:attachment":[{"href":"https:\/\/www.kdfjm.si\/index.php?rest_route=%2Fwp%2Fv2%2Fmedia&parent=606"}],"curies":[{"name":"wp","href":"https:\/\/api.w.org\/{rel}","templated":true}]}}