{"id":569,"date":"2009-05-11T09:29:47","date_gmt":"2009-05-11T08:29:47","guid":{"rendered":"http:\/\/www.kdfjm.si\/?page_id=569"},"modified":"2015-10-11T21:29:47","modified_gmt":"2015-10-11T20:29:47","slug":"predstavitev-knjige-slovenija-v-preseznikih","status":"publish","type":"page","link":"https:\/\/www.kdfjm.si\/?page_id=569","title":{"rendered":"Predstavitev knjige SLOVENIJA V PRESE\u017dNIKIH"},"content":{"rendered":"<p>Predstavitev knjige fotografa Toma Jeseni\u010dnika SLOVENIJA V PRESE\u017dNIKIH je bila v petek 5. maja 2009 ob 20. uri v Galeriji klet na Slovenski cesti 30 v Meng\u0161u. Predstavitev sta pripravila Kulturno dru\u0161tvo Franca Jelov\u0161ka Menge\u0161 in Mestni muzej Menge\u0161.<\/p>\r\n<div class=\"ngg-albumoverview\">\t\r\n\t<!-- List of galleries -->\r\n\t\r\n\t<div class=\"ngg-album\">\r\n\t\t<div class=\"ngg-albumtitle\"><a href=\"https:\/\/www.kdfjm.si\/?page_id=569&amp;album=18&amp;gallery=74\">Predavanje in odprtje razstave Toma Jeseni\u010dnika<\/a><\/div>\r\n\t\t\t<div class=\"ngg-albumcontent\">\r\n\t\t\t\t<div class=\"ngg-thumbnail\">\r\n\t\t\t\t\t<a href=\"https:\/\/www.kdfjm.si\/?page_id=569&amp;album=18&amp;gallery=74\"><img data-recalc-dims=\"1\" decoding=\"async\" class=\"Thumb\" alt=\"Predavanje in odprtje razstave Toma Jeseni\u010dnika\" src=\"https:\/\/i0.wp.com\/www.kdfjm.si\/wp-content\/gallery\/predavanje-in-odprtje-razstave-toma-jesenicnika\/thumbs\/thumbs_TomoJesenicnikKDFJM-9086.jpg?ssl=1\"\/><\/a>\r\n\t\t\t\t<\/div>\r\n\t\t\t\t<div class=\"ngg-description\">\r\n\t\t\t\t<p><\/p>\r\n\t\t\t\t\t\t\t\t<p><strong>24<\/strong> Photos<\/p>\r\n\t\t\t\t\t\t\t<\/div>\r\n\t\t<\/div>\r\n\t<\/div>\r\n\r\n \t \t\r\n\t<!-- Pagination -->\r\n \t<div class=\"ngg-clear\"><\/div> \t\r\n<\/div>\r\n\r\n<p><strong><\/strong><\/p>\n","protected":false},"excerpt":{"rendered":"<p>Predstavitev knjige fotografa Toma Jeseni\u010dnika SLOVENIJA V PRESE\u017dNIKIH je bila v petek 5. maja 2009 ob 20. uri v Galeriji klet na Slovenski cesti 30 v Meng\u0161u. Predstavitev sta pripravila Kulturno dru\u0161tvo Franca Jelov\u0161ka Menge\u0161 in Mestni muzej Menge\u0161.<\/p>\n","protected":false},"author":2,"featured_media":0,"parent":361,"menu_order":0,"comment_status":"closed","ping_status":"closed","template":"","meta":{"footnotes":""},"class_list":["post-569","page","type-page","status-publish","hentry"],"jetpack_sharing_enabled":true,"jetpack_shortlink":"https:\/\/wp.me\/P73nhm-9b","jetpack-related-posts":[],"_links":{"self":[{"href":"https:\/\/www.kdfjm.si\/index.php?rest_route=\/wp\/v2\/pages\/569","targetHints":{"allow":["GET"]}}],"collection":[{"href":"https:\/\/www.kdfjm.si\/index.php?rest_route=\/wp\/v2\/pages"}],"about":[{"href":"https:\/\/www.kdfjm.si\/index.php?rest_route=\/wp\/v2\/types\/page"}],"author":[{"embeddable":true,"href":"https:\/\/www.kdfjm.si\/index.php?rest_route=\/wp\/v2\/users\/2"}],"replies":[{"embeddable":true,"href":"https:\/\/www.kdfjm.si\/index.php?rest_route=%2Fwp%2Fv2%2Fcomments&post=569"}],"version-history":[{"count":1,"href":"https:\/\/www.kdfjm.si\/index.php?rest_route=\/wp\/v2\/pages\/569\/revisions"}],"predecessor-version":[{"id":570,"href":"https:\/\/www.kdfjm.si\/index.php?rest_route=\/wp\/v2\/pages\/569\/revisions\/570"}],"up":[{"embeddable":true,"href":"https:\/\/www.kdfjm.si\/index.php?rest_route=\/wp\/v2\/pages\/361"}],"wp:attachment":[{"href":"https:\/\/www.kdfjm.si\/index.php?rest_route=%2Fwp%2Fv2%2Fmedia&parent=569"}],"curies":[{"name":"wp","href":"https:\/\/api.w.org\/{rel}","templated":true}]}}