{"id":556,"date":"2009-05-11T09:14:39","date_gmt":"2009-05-11T08:14:39","guid":{"rendered":"http:\/\/www.kdfjm.si\/?page_id=556"},"modified":"2015-10-11T21:29:23","modified_gmt":"2015-10-11T20:29:23","slug":"slovenija-v-preseznikih","status":"publish","type":"page","link":"https:\/\/www.kdfjm.si\/?page_id=556","title":{"rendered":"Slovenija v prese\u017enikih"},"content":{"rendered":"<p>Slovenci smo sicer vajeni razli\u010dnih knjig o Sloveniji, vendar je Tomo Jeseni\u010dnik, profesionalni fotograf, poznavalec in ljubitelj lepot na\u0161e dr\u017eave, poskrbel za prijetno presene\u010denje. Njegova knjiga prikazuje sto in en slovenski prese\u017enik, to je vse tiste bisere narave in dela \u010dlove\u0161kih rok, ki si lastijo prilastek najdalj\u0161i, najstarej\u0161i, najkraj\u0161i, najgloblji itd. Na prvem mestu tako najdemo najvi\u0161je stoje\u010de delo \u010dlove\u0161kih rok, to je znameniti Alja\u017eev stolp, potem pa sledijo najstarej\u0161i rov (Antonijev rov v Idriji), najve\u010dja razstava cvetja (Arboretum Vol\u010dji Potok), najhladnej\u0161i kraj (Babno Polje), najbolj obiskana bo\u017eja pot (Bazilika Marije Pomagaj na Brezjah) in drugi vse do sto prvega prese\u017enika. Avtor odkrito priznava, da se upodobitve nekaterih preprosto ni lotil, zaradi tehni\u010dnih ali birokratskih ovir, spet nekaj drugih pa je preprosto izpustil, ker se mu niso pustili dovolj dobro &#8220;ujeti&#8221; v fotografski objektiv. S tem je tudi razodel glavni moto svoje knjige, ki sicer prina\u0161a tudi besedilo, vendar so fotografije izrazito v ospredju. Vsak prese\u017enik je vedno upodobljen na treh slikah. Da bi vse upodobil resni\u010dno kakovostno, se je moral avtor k nekaterim vra\u010dati, pa ne le enkrat. Druge je prav zato raj\u0161i izpustil, kot pa da bi zni\u017eal kriterije. Za tak\u0161no odlo\u010ditev mu lahko le \u010destitamo. Nevklju\u010denih prese\u017enikov je namre\u010d v Sloveniji zagotovo vsaj \u0161e za knjigo ali dve, sicer pa za vse itak nikoli ne bomo vedeli.<\/p>\n<p>Jeseni\u010dnikovo delo je prvo te vrste, povsem izvirno in edinstveno, hkrati pa tudi neponovljivo. Knjiga na 223 straneh je sicer tudi neke vrste turisti\u010dni vodnik, ki ne bi smel manjkati na knji\u017eni polici vsakega na\u010drtovalca izletov po Sloveniji, zaradi velikega formata in razko\u0161ne opreme s trdimi platnicami pa jo lahko jemljemo predvsem kot \u010dudovito in hkrati zelo reprezentan\u010dno darilo &#8212; za vsakogar.<\/p>\n<p style=\"text-align: right;\">Jurij Senega\u010dnik<\/p>\n<p style=\"text-align: left;\"><strong>Tomo Jeseni\u010dnik<\/strong><br \/>\n1964 &#8211; se na Valentinovo rodi v \u010crni na Koro\u0161kem<br \/>\n1971 &#8211; po kon\u010danem drugem razredu osnovne \u0161ole si med po\u010ditnicami z nabiranjem in prodajo borovnic s takratnimi 34 jugoslovanskimi dinarji kupi svoj prvi fotoaparat<br \/>\n1972 -vpi\u0161e se v \u0161olski fotokro\u017eek<br \/>\n1982 &#8211; 1983 &#8212; po kon\u010dani gimnaziji eno leto svojega \u017eivljenja pre\u017eivi v Jugoslovanski ljudski armadi<br \/>\n1984 &#8211; v severni steni Raduhe opravi svoj prvi plezalni vzpon<br \/>\n1986 &#8211; s Kamni\u0161kega vrha prvi\u010d poleti z jadralnim padalom<br \/>\n1988 &#8211; \u0161vicarska revija Gleitschirm objavi njegove prve fotografije &#8211; reporta\u017eo o prvenstvenih poletih z najvi\u0161jih tur\u0161kih vulkanov<br \/>\n1990 &#8211; v ju\u017eni steni Nanga Parbata mu prvi\u010d v \u017eivljenju zmrzne in odpove fotoaparat, po povratku v domovino zbere \u0161e zadnje prihranke in si kupi svojega prvega Nikona<br \/>\n1996 &#8211; pusti slu\u017ebo v podjetju za razvoj pode\u017eelja, pripravi prvo samostojno fotografsko razstavo, pridobi status svobodnega fotografa in se s fotografijo pri\u010dne ukvarjati poklicno<br \/>\n2000 &#8211; svoje analogne fotoaparate pospravi v omaro in popolnoma presedla na digitalno tehnologijo<br \/>\n2000 &#8211; 2007 -svoje fotografije objavi v ve\u010d kot 70 doma\u010dih in tujih revijah ter \u010dasopisih. Razstavlja na preko 70 samostojnih in skupinskih razstavah v 16 dr\u017eavah sveta. Sodeluje z nekaterimi najve\u010djimi slovenskimi ogla\u0161evalskimi agencijami, zalo\u017ebami, \u010dasopisnimi hi\u0161ami in oblikovalskimi studiji. Je avtor ali soavtor ve\u010d fotomonografij, knjig in raznih turisti\u010dnih publikacij v Sloveniji in tujini. Njegovo delo obsega ve\u010d podro\u010dij fotografije od klasi\u010dne pokrajinske, still life fotografije, naravoslovne fotografije, kreativne studijske fotografije, do portretov in reporta\u017e.<br \/>\n2008 &#8211; do\u010daka izid svoje prve samostojne fotografske monografije, Slovenija v prese\u017enikih. \u0160e vedno ne j\u00e9 in ne mara borovnic.<\/p>\n<p style=\"text-align: left;\">\n<p style=\"text-align: left;\">\r\n<div class=\"ngg-albumoverview\">\t\r\n\t<!-- List of galleries -->\r\n\t\r\n\t<div class=\"ngg-album\">\r\n\t\t<div class=\"ngg-albumtitle\"><a href=\"https:\/\/www.kdfjm.si\/?page_id=556&amp;album=18&amp;gallery=74\">Predavanje in odprtje razstave Toma Jeseni\u010dnika<\/a><\/div>\r\n\t\t\t<div class=\"ngg-albumcontent\">\r\n\t\t\t\t<div class=\"ngg-thumbnail\">\r\n\t\t\t\t\t<a href=\"https:\/\/www.kdfjm.si\/?page_id=556&amp;album=18&amp;gallery=74\"><img data-recalc-dims=\"1\" decoding=\"async\" class=\"Thumb\" alt=\"Predavanje in odprtje razstave Toma Jeseni\u010dnika\" src=\"https:\/\/i0.wp.com\/www.kdfjm.si\/wp-content\/gallery\/predavanje-in-odprtje-razstave-toma-jesenicnika\/thumbs\/thumbs_TomoJesenicnikKDFJM-9086.jpg?ssl=1\"\/><\/a>\r\n\t\t\t\t<\/div>\r\n\t\t\t\t<div class=\"ngg-description\">\r\n\t\t\t\t<p><\/p>\r\n\t\t\t\t\t\t\t\t<p><strong>24<\/strong> Photos<\/p>\r\n\t\t\t\t\t\t\t<\/div>\r\n\t\t<\/div>\r\n\t<\/div>\r\n\r\n \t \t\r\n\t<!-- Pagination -->\r\n \t<div class=\"ngg-clear\"><\/div> \t\r\n<\/div>\r\n\r\n\n<p style=\"text-align: left;\">\n<p style=\"text-align: left;\">\n<p style=\"text-align: left;\"><strong>Odprtje fotografske razstave<\/strong> Toma Jeseni\u010dnika: Slovenija v prese\u017enikih je bilo v petek 8. maja 2009 ob 20. uri v Galeriji klet na Slovenski cesti 30 v Meng\u0161u.<\/p>\n<p style=\"text-align: left;\"><strong>Razstava bo na ogled <\/strong>do 15. maja 2009, vsak dan med 17. in 19. uro, ob nedeljah in praznikih pa bo zaprta.<\/p>\n","protected":false},"excerpt":{"rendered":"<p>Slovenci smo sicer vajeni razli\u010dnih knjig o Sloveniji, vendar je Tomo Jeseni\u010dnik, profesionalni fotograf, poznavalec in ljubitelj lepot na\u0161e dr\u017eave, poskrbel za prijetno presene\u010denje. Njegova knjiga prikazuje sto in en slovenski prese\u017enik, to je vse tiste bisere narave in dela \u010dlove\u0161kih rok, ki si lastijo prilastek najdalj\u0161i, najstarej\u0161i, najkraj\u0161i, najgloblji itd. Na prvem mestu tako [&hellip;]<\/p>\n","protected":false},"author":2,"featured_media":0,"parent":82,"menu_order":0,"comment_status":"closed","ping_status":"closed","template":"","meta":{"footnotes":""},"class_list":["post-556","page","type-page","status-publish","hentry"],"jetpack_sharing_enabled":true,"jetpack_shortlink":"https:\/\/wp.me\/P73nhm-8Y","jetpack-related-posts":[],"_links":{"self":[{"href":"https:\/\/www.kdfjm.si\/index.php?rest_route=\/wp\/v2\/pages\/556","targetHints":{"allow":["GET"]}}],"collection":[{"href":"https:\/\/www.kdfjm.si\/index.php?rest_route=\/wp\/v2\/pages"}],"about":[{"href":"https:\/\/www.kdfjm.si\/index.php?rest_route=\/wp\/v2\/types\/page"}],"author":[{"embeddable":true,"href":"https:\/\/www.kdfjm.si\/index.php?rest_route=\/wp\/v2\/users\/2"}],"replies":[{"embeddable":true,"href":"https:\/\/www.kdfjm.si\/index.php?rest_route=%2Fwp%2Fv2%2Fcomments&post=556"}],"version-history":[{"count":7,"href":"https:\/\/www.kdfjm.si\/index.php?rest_route=\/wp\/v2\/pages\/556\/revisions"}],"predecessor-version":[{"id":3503,"href":"https:\/\/www.kdfjm.si\/index.php?rest_route=\/wp\/v2\/pages\/556\/revisions\/3503"}],"up":[{"embeddable":true,"href":"https:\/\/www.kdfjm.si\/index.php?rest_route=\/wp\/v2\/pages\/82"}],"wp:attachment":[{"href":"https:\/\/www.kdfjm.si\/index.php?rest_route=%2Fwp%2Fv2%2Fmedia&parent=556"}],"curies":[{"name":"wp","href":"https:\/\/api.w.org\/{rel}","templated":true}]}}