{"id":539,"date":"2009-04-30T09:54:10","date_gmt":"2009-04-30T08:54:10","guid":{"rendered":"http:\/\/www.kdfjm.si\/?page_id=539"},"modified":"2015-10-11T21:29:47","modified_gmt":"2015-10-11T20:29:47","slug":"izdelovanje-mozaikov-posvecenih-svetovnemu-letu-astronomije","status":"publish","type":"page","link":"https:\/\/www.kdfjm.si\/?page_id=539","title":{"rendered":"Izdelovanje mozaikov, posve\u010denih svetovnemu letu astronomije"},"content":{"rendered":"<p>Likovna delavnica <strong>Izdelovanje mozaikov<\/strong>, posve\u010denih svetovnemu letu astronomije, je bila 24. aprila 2009 ob 17. uri pri spomeniku Francu Jelov\u0161ku na Trdinovem trgu v Meng\u0161u. Delavnica je potekala v sodelovanju z Mestnim muzejem Menge\u0161. Nastali so 4 novi mozaiki!<\/p>\n<p><strong><div class=\"slideshow\"><div id=\"ngg_slideshow715391\" class=\"ngg-slideshow owl-carousel\" style=\"max-width: px; max-height: px;\"><img data-recalc-dims=\"1\" decoding=\"async\" src=\"https:\/\/i0.wp.com\/www.kdfjm.si\/wp-content\/gallery\/izdelovanje-mozaikov-posvecenih-svetovnemu-letu-astronomije\/vesoljeMozaiki-0043.jpg?ssl=1\" alt=\"vesoljeMozaiki-0043.jpg\" style=\"max-width: px; max-height: px; width: auto; height:auto; margin:auto\"><img data-recalc-dims=\"1\" decoding=\"async\" src=\"https:\/\/i0.wp.com\/www.kdfjm.si\/wp-content\/gallery\/izdelovanje-mozaikov-posvecenih-svetovnemu-letu-astronomije\/vesoljeMozaiki-0110.jpg?ssl=1\" alt=\"vesoljeMozaiki-0110.jpg\" style=\"max-width: px; max-height: px; width: auto; height:auto; margin:auto\"><img data-recalc-dims=\"1\" decoding=\"async\" src=\"https:\/\/i0.wp.com\/www.kdfjm.si\/wp-content\/gallery\/izdelovanje-mozaikov-posvecenih-svetovnemu-letu-astronomije\/vesoljeMozaiki-0111.jpg?ssl=1\" alt=\"vesoljeMozaiki-0111.jpg\" style=\"max-width: px; max-height: px; width: auto; height:auto; margin:auto\"><img data-recalc-dims=\"1\" decoding=\"async\" src=\"https:\/\/i0.wp.com\/www.kdfjm.si\/wp-content\/gallery\/izdelovanje-mozaikov-posvecenih-svetovnemu-letu-astronomije\/vesoljeMozaiki-1716.jpg?ssl=1\" alt=\"vesoljeMozaiki-1716.jpg\" style=\"max-width: px; max-height: px; width: auto; height:auto; margin:auto\"><img data-recalc-dims=\"1\" decoding=\"async\" src=\"https:\/\/i0.wp.com\/www.kdfjm.si\/wp-content\/gallery\/izdelovanje-mozaikov-posvecenih-svetovnemu-letu-astronomije\/vesoljeMozaiki-1720.jpg?ssl=1\" alt=\"vesoljeMozaiki-1720.jpg\" style=\"max-width: px; max-height: px; width: auto; height:auto; margin:auto\"><img data-recalc-dims=\"1\" decoding=\"async\" src=\"https:\/\/i0.wp.com\/www.kdfjm.si\/wp-content\/gallery\/izdelovanje-mozaikov-posvecenih-svetovnemu-letu-astronomije\/vesoljeMozaiki-1722.jpg?ssl=1\" alt=\"vesoljeMozaiki-1722.jpg\" style=\"max-width: px; max-height: px; width: auto; height:auto; margin:auto\"><img data-recalc-dims=\"1\" decoding=\"async\" src=\"https:\/\/i0.wp.com\/www.kdfjm.si\/wp-content\/gallery\/izdelovanje-mozaikov-posvecenih-svetovnemu-letu-astronomije\/vesoljeMozaiki-1723.jpg?ssl=1\" alt=\"vesoljeMozaiki-1723.jpg\" style=\"max-width: px; max-height: px; width: auto; height:auto; margin:auto\"><img data-recalc-dims=\"1\" decoding=\"async\" src=\"https:\/\/i0.wp.com\/www.kdfjm.si\/wp-content\/gallery\/izdelovanje-mozaikov-posvecenih-svetovnemu-letu-astronomije\/vesoljeMozaiki-1725.jpg?ssl=1\" alt=\"vesoljeMozaiki-1725.jpg\" style=\"max-width: px; max-height: px; width: auto; height:auto; margin:auto\"><img data-recalc-dims=\"1\" decoding=\"async\" src=\"https:\/\/i0.wp.com\/www.kdfjm.si\/wp-content\/gallery\/izdelovanje-mozaikov-posvecenih-svetovnemu-letu-astronomije\/vesoljeMozaiki-1729.jpg?ssl=1\" alt=\"vesoljeMozaiki-1729.jpg\" style=\"max-width: px; max-height: px; width: auto; height:auto; margin:auto\"><img data-recalc-dims=\"1\" decoding=\"async\" src=\"https:\/\/i0.wp.com\/www.kdfjm.si\/wp-content\/gallery\/izdelovanje-mozaikov-posvecenih-svetovnemu-letu-astronomije\/vesoljeMozaiki-1735.jpg?ssl=1\" alt=\"vesoljeMozaiki-1735.jpg\" style=\"max-width: px; max-height: px; width: auto; height:auto; margin:auto\"><img data-recalc-dims=\"1\" decoding=\"async\" src=\"https:\/\/i0.wp.com\/www.kdfjm.si\/wp-content\/gallery\/izdelovanje-mozaikov-posvecenih-svetovnemu-letu-astronomije\/vesoljeMozaiki-1736.jpg?ssl=1\" alt=\"vesoljeMozaiki-1736.jpg\" style=\"max-width: px; max-height: px; width: auto; height:auto; margin:auto\"><img data-recalc-dims=\"1\" decoding=\"async\" src=\"https:\/\/i0.wp.com\/www.kdfjm.si\/wp-content\/gallery\/izdelovanje-mozaikov-posvecenih-svetovnemu-letu-astronomije\/vesoljeMozaiki-1740.jpg?ssl=1\" alt=\"vesoljeMozaiki-1740.jpg\" style=\"max-width: px; max-height: px; width: auto; height:auto; margin:auto\"><img data-recalc-dims=\"1\" decoding=\"async\" src=\"https:\/\/i0.wp.com\/www.kdfjm.si\/wp-content\/gallery\/izdelovanje-mozaikov-posvecenih-svetovnemu-letu-astronomije\/vesoljeMozaiki-1741.jpg?ssl=1\" alt=\"vesoljeMozaiki-1741.jpg\" style=\"max-width: px; max-height: px; width: auto; height:auto; margin:auto\"><img data-recalc-dims=\"1\" decoding=\"async\" src=\"https:\/\/i0.wp.com\/www.kdfjm.si\/wp-content\/gallery\/izdelovanje-mozaikov-posvecenih-svetovnemu-letu-astronomije\/vesoljeMozaiki-1744.jpg?ssl=1\" alt=\"vesoljeMozaiki-1744.jpg\" style=\"max-width: px; max-height: px; width: auto; height:auto; margin:auto\"><img data-recalc-dims=\"1\" decoding=\"async\" src=\"https:\/\/i0.wp.com\/www.kdfjm.si\/wp-content\/gallery\/izdelovanje-mozaikov-posvecenih-svetovnemu-letu-astronomije\/vesoljeMozaiki-1746.jpg?ssl=1\" alt=\"vesoljeMozaiki-1746.jpg\" style=\"max-width: px; max-height: px; width: auto; height:auto; margin:auto\"><img data-recalc-dims=\"1\" decoding=\"async\" src=\"https:\/\/i0.wp.com\/www.kdfjm.si\/wp-content\/gallery\/izdelovanje-mozaikov-posvecenih-svetovnemu-letu-astronomije\/vesoljeMozaiki-1748.jpg?ssl=1\" alt=\"vesoljeMozaiki-1748.jpg\" style=\"max-width: px; max-height: px; width: auto; height:auto; margin:auto\"><\/div><\/div>\n\n<script type=\"text\/javascript\">jQuery(document).ready(function($) {\r\n\t\t\tvar owl = $('#ngg_slideshow715391');\r\n\t\t\towl.owlCarousel({\r\n\t\t\t\titems: 1,\r\n\t\t\t\tautoHeight: false,\r\n\t            dots: true,\r\n\t            autoplay: true,\r\n\t\t\t\tautoplayTimeout: 3000,\r\n\t\t\t\tautoplayHoverPause: true,\r\n\t\t\t\tanimateIn: 'fadeIn',\r\n\t\t\t\tanimateOut: 'fadeOut',\r\n\t\t\t\tloop: true,\r\n\t\t\t\tmouseDrag: true,\r\n\t\t\t\ttouchDrag: true\r\n\t\t\t});\nowl.click( function () {\r\n                    owl.trigger( 'next.owl.carousel' );\r\n                } );});\n<\/script><\/strong><\/p>\n","protected":false},"excerpt":{"rendered":"<p>Likovna delavnica Izdelovanje mozaikov, posve\u010denih svetovnemu letu astronomije, je bila 24. aprila 2009 ob 17. uri pri spomeniku Francu Jelov\u0161ku na Trdinovem trgu v Meng\u0161u. Delavnica je potekala v sodelovanju z Mestnim muzejem Menge\u0161. Nastali so 4 novi mozaiki!<\/p>\n","protected":false},"author":1,"featured_media":0,"parent":299,"menu_order":0,"comment_status":"closed","ping_status":"closed","template":"","meta":{"footnotes":""},"class_list":["post-539","page","type-page","status-publish","hentry"],"jetpack_sharing_enabled":true,"jetpack_shortlink":"https:\/\/wp.me\/P73nhm-8H","jetpack-related-posts":[],"_links":{"self":[{"href":"https:\/\/www.kdfjm.si\/index.php?rest_route=\/wp\/v2\/pages\/539","targetHints":{"allow":["GET"]}}],"collection":[{"href":"https:\/\/www.kdfjm.si\/index.php?rest_route=\/wp\/v2\/pages"}],"about":[{"href":"https:\/\/www.kdfjm.si\/index.php?rest_route=\/wp\/v2\/types\/page"}],"author":[{"embeddable":true,"href":"https:\/\/www.kdfjm.si\/index.php?rest_route=\/wp\/v2\/users\/1"}],"replies":[{"embeddable":true,"href":"https:\/\/www.kdfjm.si\/index.php?rest_route=%2Fwp%2Fv2%2Fcomments&post=539"}],"version-history":[{"count":5,"href":"https:\/\/www.kdfjm.si\/index.php?rest_route=\/wp\/v2\/pages\/539\/revisions"}],"predecessor-version":[{"id":3551,"href":"https:\/\/www.kdfjm.si\/index.php?rest_route=\/wp\/v2\/pages\/539\/revisions\/3551"}],"up":[{"embeddable":true,"href":"https:\/\/www.kdfjm.si\/index.php?rest_route=\/wp\/v2\/pages\/299"}],"wp:attachment":[{"href":"https:\/\/www.kdfjm.si\/index.php?rest_route=%2Fwp%2Fv2%2Fmedia&parent=539"}],"curies":[{"name":"wp","href":"https:\/\/api.w.org\/{rel}","templated":true}]}}