{"id":504,"date":"2009-04-06T14:01:13","date_gmt":"2009-04-06T13:01:13","guid":{"rendered":"http:\/\/www.kdfjm.si\/?page_id=504"},"modified":"2015-10-11T21:29:47","modified_gmt":"2015-10-11T20:29:47","slug":"izdelovanje-zegnov-oz-butaric-2","status":"publish","type":"page","link":"https:\/\/www.kdfjm.si\/?page_id=504","title":{"rendered":"Izdelovanje \u017eegnov oz. butaric"},"content":{"rendered":"<p>Veje in zelenje za izdelovanje \u017eegnov za cvetno nedeljo smo letos nabirali v \u010detrtek 2. aprila 2009 od 17. ure dalje, \u017eegne pa smo izdelovali v petek 3. aprila 2009 od 17. ure dalje pred Jelov\u0161kovim spomenikom pri cerkvi v Meng\u0161u. Letos se je delavnice <strong>udele\u017eilo 71 otrok <\/strong>in njihovih spremljevalcev.<\/p>\n<p><strong><div class=\"slideshow\"><div id=\"ngg_slideshow695041\" class=\"ngg-slideshow owl-carousel\" style=\"max-width: px; max-height: px;\"><img data-recalc-dims=\"1\" decoding=\"async\" src=\"https:\/\/i0.wp.com\/www.kdfjm.si\/wp-content\/gallery\/butarice-2009\/zegni%20kdfjm%202009-6186.jpg?ssl=1\" alt=\"zegni kdfjm 2009-6186.jpg\" style=\"max-width: px; max-height: px; width: auto; height:auto; margin:auto\"><img data-recalc-dims=\"1\" decoding=\"async\" src=\"https:\/\/i0.wp.com\/www.kdfjm.si\/wp-content\/gallery\/butarice-2009\/zegni%20kdfjm%202009-6189.jpg?ssl=1\" alt=\"zegni kdfjm 2009-6189.jpg\" style=\"max-width: px; max-height: px; width: auto; height:auto; margin:auto\"><img data-recalc-dims=\"1\" decoding=\"async\" src=\"https:\/\/i0.wp.com\/www.kdfjm.si\/wp-content\/gallery\/butarice-2009\/zegni%20kdfjm%202009-6190.jpg?ssl=1\" alt=\"zegni kdfjm 2009-6190.jpg\" style=\"max-width: px; max-height: px; width: auto; height:auto; margin:auto\"><img data-recalc-dims=\"1\" decoding=\"async\" src=\"https:\/\/i0.wp.com\/www.kdfjm.si\/wp-content\/gallery\/butarice-2009\/zegni%20kdfjm%202009-6192.jpg?ssl=1\" alt=\"zegni kdfjm 2009-6192.jpg\" style=\"max-width: px; max-height: px; width: auto; height:auto; margin:auto\"><img data-recalc-dims=\"1\" decoding=\"async\" src=\"https:\/\/i0.wp.com\/www.kdfjm.si\/wp-content\/gallery\/butarice-2009\/zegni%20kdfjm%202009-6200.jpg?ssl=1\" alt=\"zegni kdfjm 2009-6200.jpg\" style=\"max-width: px; max-height: px; width: auto; height:auto; margin:auto\"><img data-recalc-dims=\"1\" decoding=\"async\" src=\"https:\/\/i0.wp.com\/www.kdfjm.si\/wp-content\/gallery\/butarice-2009\/zegni%20kdfjm%202009-6204.jpg?ssl=1\" alt=\"zegni kdfjm 2009-6204.jpg\" style=\"max-width: px; max-height: px; width: auto; height:auto; margin:auto\"><img data-recalc-dims=\"1\" decoding=\"async\" src=\"https:\/\/i0.wp.com\/www.kdfjm.si\/wp-content\/gallery\/butarice-2009\/zegni%20kdfjm%202009-6206.jpg?ssl=1\" alt=\"zegni kdfjm 2009-6206.jpg\" style=\"max-width: px; max-height: px; width: auto; height:auto; margin:auto\"><img data-recalc-dims=\"1\" decoding=\"async\" src=\"https:\/\/i0.wp.com\/www.kdfjm.si\/wp-content\/gallery\/butarice-2009\/zegni%20kdfjm%202009-6207.jpg?ssl=1\" alt=\"zegni kdfjm 2009-6207.jpg\" style=\"max-width: px; max-height: px; width: auto; height:auto; margin:auto\"><img data-recalc-dims=\"1\" decoding=\"async\" src=\"https:\/\/i0.wp.com\/www.kdfjm.si\/wp-content\/gallery\/butarice-2009\/zegni%20kdfjm%202009-6211.jpg?ssl=1\" alt=\"zegni kdfjm 2009-6211.jpg\" style=\"max-width: px; max-height: px; width: auto; height:auto; margin:auto\"><img data-recalc-dims=\"1\" decoding=\"async\" src=\"https:\/\/i0.wp.com\/www.kdfjm.si\/wp-content\/gallery\/butarice-2009\/zegni%20kdfjm%202009-6213.jpg?ssl=1\" alt=\"zegni kdfjm 2009-6213.jpg\" style=\"max-width: px; max-height: px; width: auto; height:auto; margin:auto\"><img data-recalc-dims=\"1\" decoding=\"async\" src=\"https:\/\/i0.wp.com\/www.kdfjm.si\/wp-content\/gallery\/butarice-2009\/zegni%20kdfjm%202009-6225.jpg?ssl=1\" alt=\"zegni kdfjm 2009-6225.jpg\" style=\"max-width: px; max-height: px; width: auto; height:auto; margin:auto\"><img data-recalc-dims=\"1\" decoding=\"async\" src=\"https:\/\/i0.wp.com\/www.kdfjm.si\/wp-content\/gallery\/butarice-2009\/zegni%20kdfjm%202009-6226.jpg?ssl=1\" alt=\"zegni kdfjm 2009-6226.jpg\" style=\"max-width: px; max-height: px; width: auto; height:auto; margin:auto\"><img data-recalc-dims=\"1\" decoding=\"async\" src=\"https:\/\/i0.wp.com\/www.kdfjm.si\/wp-content\/gallery\/butarice-2009\/zegni%20kdfjm%202009-6228.jpg?ssl=1\" alt=\"zegni kdfjm 2009-6228.jpg\" style=\"max-width: px; max-height: px; width: auto; height:auto; margin:auto\"><img data-recalc-dims=\"1\" decoding=\"async\" src=\"https:\/\/i0.wp.com\/www.kdfjm.si\/wp-content\/gallery\/butarice-2009\/zegni%20kdfjm%202009-6231.jpg?ssl=1\" alt=\"zegni kdfjm 2009-6231.jpg\" style=\"max-width: px; max-height: px; width: auto; height:auto; margin:auto\"><img data-recalc-dims=\"1\" decoding=\"async\" src=\"https:\/\/i0.wp.com\/www.kdfjm.si\/wp-content\/gallery\/butarice-2009\/zegni%20kdfjm%202009-6234.jpg?ssl=1\" alt=\"zegni kdfjm 2009-6234.jpg\" style=\"max-width: px; max-height: px; width: auto; height:auto; margin:auto\"><img data-recalc-dims=\"1\" decoding=\"async\" src=\"https:\/\/i0.wp.com\/www.kdfjm.si\/wp-content\/gallery\/butarice-2009\/zegni%20kdfjm%202009-6240.jpg?ssl=1\" alt=\"zegni kdfjm 2009-6240.jpg\" style=\"max-width: px; max-height: px; width: auto; height:auto; margin:auto\"><img data-recalc-dims=\"1\" decoding=\"async\" src=\"https:\/\/i0.wp.com\/www.kdfjm.si\/wp-content\/gallery\/butarice-2009\/zegni%20kdfjm%202009-6243.jpg?ssl=1\" alt=\"zegni kdfjm 2009-6243.jpg\" style=\"max-width: px; max-height: px; width: auto; height:auto; margin:auto\"><img data-recalc-dims=\"1\" decoding=\"async\" src=\"https:\/\/i0.wp.com\/www.kdfjm.si\/wp-content\/gallery\/butarice-2009\/zegni%20kdfjm%202009-6245.jpg?ssl=1\" alt=\"zegni kdfjm 2009-6245.jpg\" style=\"max-width: px; max-height: px; width: auto; height:auto; margin:auto\"><img data-recalc-dims=\"1\" decoding=\"async\" src=\"https:\/\/i0.wp.com\/www.kdfjm.si\/wp-content\/gallery\/butarice-2009\/zegni%20kdfjm%202009-6249.jpg?ssl=1\" alt=\"zegni kdfjm 2009-6249.jpg\" style=\"max-width: px; max-height: px; width: auto; height:auto; margin:auto\"><img data-recalc-dims=\"1\" decoding=\"async\" src=\"https:\/\/i0.wp.com\/www.kdfjm.si\/wp-content\/gallery\/butarice-2009\/zegni%20kdfjm%202009-6251.jpg?ssl=1\" alt=\"zegni kdfjm 2009-6251.jpg\" style=\"max-width: px; max-height: px; width: auto; height:auto; margin:auto\"><img data-recalc-dims=\"1\" decoding=\"async\" src=\"https:\/\/i0.wp.com\/www.kdfjm.si\/wp-content\/gallery\/butarice-2009\/zegni%20kdfjm%202009-6252.jpg?ssl=1\" alt=\"zegni kdfjm 2009-6252.jpg\" style=\"max-width: px; max-height: px; width: auto; height:auto; margin:auto\"><img data-recalc-dims=\"1\" decoding=\"async\" src=\"https:\/\/i0.wp.com\/www.kdfjm.si\/wp-content\/gallery\/butarice-2009\/zegni%20kdfjm%202009-6256.jpg?ssl=1\" alt=\"zegni kdfjm 2009-6256.jpg\" style=\"max-width: px; max-height: px; width: auto; height:auto; margin:auto\"><img data-recalc-dims=\"1\" decoding=\"async\" src=\"https:\/\/i0.wp.com\/www.kdfjm.si\/wp-content\/gallery\/butarice-2009\/zegni%20kdfjm%202009-6261.jpg?ssl=1\" alt=\"zegni kdfjm 2009-6261.jpg\" style=\"max-width: px; max-height: px; width: auto; height:auto; margin:auto\"><img data-recalc-dims=\"1\" decoding=\"async\" src=\"https:\/\/i0.wp.com\/www.kdfjm.si\/wp-content\/gallery\/butarice-2009\/zegni%20kdfjm%202009-6262.jpg?ssl=1\" alt=\"zegni kdfjm 2009-6262.jpg\" style=\"max-width: px; max-height: px; width: auto; height:auto; margin:auto\"><img data-recalc-dims=\"1\" decoding=\"async\" src=\"https:\/\/i0.wp.com\/www.kdfjm.si\/wp-content\/gallery\/butarice-2009\/zegni%20kdfjm%202009-6265.jpg?ssl=1\" alt=\"zegni kdfjm 2009-6265.jpg\" style=\"max-width: px; max-height: px; width: auto; height:auto; margin:auto\"><img data-recalc-dims=\"1\" decoding=\"async\" src=\"https:\/\/i0.wp.com\/www.kdfjm.si\/wp-content\/gallery\/butarice-2009\/zegni%20kdfjm%202009-6269.jpg?ssl=1\" alt=\"zegni kdfjm 2009-6269.jpg\" style=\"max-width: px; max-height: px; width: auto; height:auto; margin:auto\"><img data-recalc-dims=\"1\" decoding=\"async\" src=\"https:\/\/i0.wp.com\/www.kdfjm.si\/wp-content\/gallery\/butarice-2009\/zegni%20kdfjm%202009-6270.jpg?ssl=1\" alt=\"zegni kdfjm 2009-6270.jpg\" style=\"max-width: px; max-height: px; width: auto; height:auto; margin:auto\"><img data-recalc-dims=\"1\" decoding=\"async\" src=\"https:\/\/i0.wp.com\/www.kdfjm.si\/wp-content\/gallery\/butarice-2009\/zegni%20kdfjm%202009-6271.jpg?ssl=1\" alt=\"zegni kdfjm 2009-6271.jpg\" style=\"max-width: px; max-height: px; width: auto; height:auto; margin:auto\"><img data-recalc-dims=\"1\" decoding=\"async\" src=\"https:\/\/i0.wp.com\/www.kdfjm.si\/wp-content\/gallery\/butarice-2009\/zegni%20kdfjm%202009-6272.jpg?ssl=1\" alt=\"zegni kdfjm 2009-6272.jpg\" style=\"max-width: px; max-height: px; width: auto; height:auto; margin:auto\"><img data-recalc-dims=\"1\" decoding=\"async\" src=\"https:\/\/i0.wp.com\/www.kdfjm.si\/wp-content\/gallery\/butarice-2009\/zegni%20kdfjm%202009-6278.jpg?ssl=1\" alt=\"zegni kdfjm 2009-6278.jpg\" style=\"max-width: px; max-height: px; width: auto; height:auto; margin:auto\"><\/div><\/div>\n\n<script type=\"text\/javascript\">jQuery(document).ready(function($) {\r\n\t\t\tvar owl = $('#ngg_slideshow695041');\r\n\t\t\towl.owlCarousel({\r\n\t\t\t\titems: 1,\r\n\t\t\t\tautoHeight: false,\r\n\t            dots: true,\r\n\t            autoplay: true,\r\n\t\t\t\tautoplayTimeout: 3000,\r\n\t\t\t\tautoplayHoverPause: true,\r\n\t\t\t\tanimateIn: 'fadeIn',\r\n\t\t\t\tanimateOut: 'fadeOut',\r\n\t\t\t\tloop: true,\r\n\t\t\t\tmouseDrag: true,\r\n\t\t\t\ttouchDrag: true\r\n\t\t\t});\nowl.click( function () {\r\n                    owl.trigger( 'next.owl.carousel' );\r\n                } );});\n<\/script><\/strong><\/p>\n","protected":false},"excerpt":{"rendered":"<p>Veje in zelenje za izdelovanje \u017eegnov za cvetno nedeljo smo letos nabirali v \u010detrtek 2. aprila 2009 od 17. ure dalje, \u017eegne pa smo izdelovali v petek 3. aprila 2009 od 17. ure dalje pred Jelov\u0161kovim spomenikom pri cerkvi v Meng\u0161u. Letos se je delavnice udele\u017eilo 71 otrok in njihovih spremljevalcev.<\/p>\n","protected":false},"author":2,"featured_media":0,"parent":299,"menu_order":0,"comment_status":"closed","ping_status":"closed","template":"","meta":{"footnotes":""},"class_list":["post-504","page","type-page","status-publish","hentry"],"jetpack_sharing_enabled":true,"jetpack_shortlink":"https:\/\/wp.me\/P73nhm-88","jetpack-related-posts":[],"_links":{"self":[{"href":"https:\/\/www.kdfjm.si\/index.php?rest_route=\/wp\/v2\/pages\/504","targetHints":{"allow":["GET"]}}],"collection":[{"href":"https:\/\/www.kdfjm.si\/index.php?rest_route=\/wp\/v2\/pages"}],"about":[{"href":"https:\/\/www.kdfjm.si\/index.php?rest_route=\/wp\/v2\/types\/page"}],"author":[{"embeddable":true,"href":"https:\/\/www.kdfjm.si\/index.php?rest_route=\/wp\/v2\/users\/2"}],"replies":[{"embeddable":true,"href":"https:\/\/www.kdfjm.si\/index.php?rest_route=%2Fwp%2Fv2%2Fcomments&post=504"}],"version-history":[{"count":2,"href":"https:\/\/www.kdfjm.si\/index.php?rest_route=\/wp\/v2\/pages\/504\/revisions"}],"predecessor-version":[{"id":3556,"href":"https:\/\/www.kdfjm.si\/index.php?rest_route=\/wp\/v2\/pages\/504\/revisions\/3556"}],"up":[{"embeddable":true,"href":"https:\/\/www.kdfjm.si\/index.php?rest_route=\/wp\/v2\/pages\/299"}],"wp:attachment":[{"href":"https:\/\/www.kdfjm.si\/index.php?rest_route=%2Fwp%2Fv2%2Fmedia&parent=504"}],"curies":[{"name":"wp","href":"https:\/\/api.w.org\/{rel}","templated":true}]}}