{"id":480,"date":"2009-03-03T12:34:12","date_gmt":"2009-03-03T11:34:12","guid":{"rendered":"http:\/\/www.kdfjm.si\/?page_id=480"},"modified":"2015-10-12T08:56:31","modified_gmt":"2015-10-12T07:56:31","slug":"delovanje-organov-drustva","status":"publish","type":"page","link":"https:\/\/www.kdfjm.si\/?page_id=480","title":{"rendered":"Organi dru\u0161tva"},"content":{"rendered":"<p><strong><a href=\"http:\/\/www.kdfjm.si\/?page_id=3580\">Redni ob\u010dni zbor dru\u0161tva 2015<\/a><\/strong><\/p>\n<p><a href=\"http:\/\/www.kdfjm.si\/?page_id=1112\"><strong>17. redni ob\u010dni zbor dru\u0161tva<\/strong><\/a><\/p>\n<p><strong>Ob\u010dni zbor<\/strong><\/p>\n<p>16. redni ob\u010dni zbor dru\u0161tva je bil v ponedeljek, 23. februarja 2009, ob 18.30 v dru\u0161tvenih prostorih na Slovenski cesti 30 v Meng\u0161u.<\/p>\n<p><strong>Dnevni red:<\/strong><\/p>\n<p>1.\u00a0\u00a0\u00a0 Pozdravni nagovor in sprejem dnevnega reda<br \/>\n2.\u00a0\u00a0\u00a0 Volitve organov ob\u010dnega zbora<br \/>\n3.\u00a0\u00a0\u00a0 Poro\u010dila o delu dru\u0161tva v letu 2008<br \/>\n4.\u00a0\u00a0\u00a0 Razprava o poro\u010dilih in sprejem poro\u010dil<br \/>\n5.\u00a0\u00a0\u00a0 Poro\u010dilo nadzornega odbora in predlog razre\u0161nice organom dru\u0161tva<br \/>\n6.\u00a0\u00a0\u00a0 Volitve novih organov dru\u0161tva<br \/>\n7.\u00a0\u00a0\u00a0 Obravnava in sprejem programa in finan\u010dnega plana za leto 2009<br \/>\n8.\u00a0\u00a0\u00a0 Sprejem novih \u010dlanov<br \/>\n9.\u00a0\u00a0\u00a0 Razno<\/p>\n<p><strong><div class=\"slideshow\"><div id=\"ngg_slideshow664801\" class=\"ngg-slideshow owl-carousel\" style=\"max-width: px; max-height: px;\"><img data-recalc-dims=\"1\" decoding=\"async\" src=\"https:\/\/i0.wp.com\/www.kdfjm.si\/wp-content\/gallery\/16-redni-obcni-zbor\/obcniZborKDFJM2009-0002.jpg?ssl=1\" alt=\"obcniZborKDFJM2009-0002.jpg\" style=\"max-width: px; max-height: px; width: auto; height:auto; margin:auto\"><img data-recalc-dims=\"1\" decoding=\"async\" src=\"https:\/\/i0.wp.com\/www.kdfjm.si\/wp-content\/gallery\/16-redni-obcni-zbor\/obcniZborKDFJM2009-0003.jpg?ssl=1\" alt=\"obcniZborKDFJM2009-0003.jpg\" style=\"max-width: px; max-height: px; width: auto; height:auto; margin:auto\"><img data-recalc-dims=\"1\" decoding=\"async\" src=\"https:\/\/i0.wp.com\/www.kdfjm.si\/wp-content\/gallery\/16-redni-obcni-zbor\/obcniZborKDFJM2009-0007.jpg?ssl=1\" alt=\"obcniZborKDFJM2009-0007.jpg\" style=\"max-width: px; max-height: px; width: auto; height:auto; margin:auto\"><img data-recalc-dims=\"1\" decoding=\"async\" src=\"https:\/\/i0.wp.com\/www.kdfjm.si\/wp-content\/gallery\/16-redni-obcni-zbor\/obcniZborKDFJM2009-0011.jpg?ssl=1\" alt=\"obcniZborKDFJM2009-0011.jpg\" style=\"max-width: px; max-height: px; width: auto; height:auto; margin:auto\"><img data-recalc-dims=\"1\" decoding=\"async\" src=\"https:\/\/i0.wp.com\/www.kdfjm.si\/wp-content\/gallery\/16-redni-obcni-zbor\/obcniZborKDFJM2009-0020.jpg?ssl=1\" alt=\"obcniZborKDFJM2009-0020.jpg\" style=\"max-width: px; max-height: px; width: auto; height:auto; margin:auto\"><img data-recalc-dims=\"1\" decoding=\"async\" src=\"https:\/\/i0.wp.com\/www.kdfjm.si\/wp-content\/gallery\/16-redni-obcni-zbor\/obcniZborKDFJM2009-0022.jpg?ssl=1\" alt=\"obcniZborKDFJM2009-0022.jpg\" style=\"max-width: px; max-height: px; width: auto; height:auto; margin:auto\"><img data-recalc-dims=\"1\" decoding=\"async\" src=\"https:\/\/i0.wp.com\/www.kdfjm.si\/wp-content\/gallery\/16-redni-obcni-zbor\/obcniZborKDFJM2009-0027.jpg?ssl=1\" alt=\"obcniZborKDFJM2009-0027.jpg\" style=\"max-width: px; max-height: px; width: auto; height:auto; margin:auto\"><img data-recalc-dims=\"1\" decoding=\"async\" src=\"https:\/\/i0.wp.com\/www.kdfjm.si\/wp-content\/gallery\/16-redni-obcni-zbor\/obcniZborKDFJM2009-0028.jpg?ssl=1\" alt=\"obcniZborKDFJM2009-0028.jpg\" style=\"max-width: px; max-height: px; width: auto; height:auto; margin:auto\"><img data-recalc-dims=\"1\" decoding=\"async\" src=\"https:\/\/i0.wp.com\/www.kdfjm.si\/wp-content\/gallery\/16-redni-obcni-zbor\/obcniZborKDFJM2009-0029.jpg?ssl=1\" alt=\"obcniZborKDFJM2009-0029.jpg\" style=\"max-width: px; max-height: px; width: auto; height:auto; margin:auto\"><img data-recalc-dims=\"1\" decoding=\"async\" src=\"https:\/\/i0.wp.com\/www.kdfjm.si\/wp-content\/gallery\/16-redni-obcni-zbor\/obcniZborKDFJM2009-0034.jpg?ssl=1\" alt=\"obcniZborKDFJM2009-0034.jpg\" style=\"max-width: px; max-height: px; width: auto; height:auto; margin:auto\"><img data-recalc-dims=\"1\" decoding=\"async\" src=\"https:\/\/i0.wp.com\/www.kdfjm.si\/wp-content\/gallery\/16-redni-obcni-zbor\/obcniZborKDFJM2009-0035.jpg?ssl=1\" alt=\"obcniZborKDFJM2009-0035.jpg\" style=\"max-width: px; max-height: px; width: auto; height:auto; margin:auto\"><img data-recalc-dims=\"1\" decoding=\"async\" src=\"https:\/\/i0.wp.com\/www.kdfjm.si\/wp-content\/gallery\/16-redni-obcni-zbor\/obcniZborKDFJM2009-0038.jpg?ssl=1\" alt=\"obcniZborKDFJM2009-0038.jpg\" style=\"max-width: px; max-height: px; width: auto; height:auto; margin:auto\"><img data-recalc-dims=\"1\" decoding=\"async\" src=\"https:\/\/i0.wp.com\/www.kdfjm.si\/wp-content\/gallery\/16-redni-obcni-zbor\/obcniZborKDFJM2009-0040.jpg?ssl=1\" alt=\"obcniZborKDFJM2009-0040.jpg\" style=\"max-width: px; max-height: px; width: auto; height:auto; margin:auto\"><img data-recalc-dims=\"1\" decoding=\"async\" src=\"https:\/\/i0.wp.com\/www.kdfjm.si\/wp-content\/gallery\/16-redni-obcni-zbor\/obcniZborKDFJM2009-0044.jpg?ssl=1\" alt=\"obcniZborKDFJM2009-0044.jpg\" style=\"max-width: px; max-height: px; width: auto; height:auto; margin:auto\"><img data-recalc-dims=\"1\" decoding=\"async\" src=\"https:\/\/i0.wp.com\/www.kdfjm.si\/wp-content\/gallery\/16-redni-obcni-zbor\/obcniZborKDFJM2009-0047.jpg?ssl=1\" alt=\"obcniZborKDFJM2009-0047.jpg\" style=\"max-width: px; max-height: px; width: auto; height:auto; margin:auto\"><img data-recalc-dims=\"1\" decoding=\"async\" src=\"https:\/\/i0.wp.com\/www.kdfjm.si\/wp-content\/gallery\/16-redni-obcni-zbor\/obcniZborKDFJM2009-0048.jpg?ssl=1\" alt=\"obcniZborKDFJM2009-0048.jpg\" style=\"max-width: px; max-height: px; width: auto; height:auto; margin:auto\"><img data-recalc-dims=\"1\" decoding=\"async\" src=\"https:\/\/i0.wp.com\/www.kdfjm.si\/wp-content\/gallery\/16-redni-obcni-zbor\/obcniZborKDFJM2009-0050.jpg?ssl=1\" alt=\"obcniZborKDFJM2009-0050.jpg\" style=\"max-width: px; max-height: px; width: auto; height:auto; margin:auto\"><img data-recalc-dims=\"1\" decoding=\"async\" src=\"https:\/\/i0.wp.com\/www.kdfjm.si\/wp-content\/gallery\/16-redni-obcni-zbor\/obcniZborKDFJM2009-0053.jpg?ssl=1\" alt=\"obcniZborKDFJM2009-0053.jpg\" style=\"max-width: px; max-height: px; width: auto; height:auto; margin:auto\"><img data-recalc-dims=\"1\" decoding=\"async\" src=\"https:\/\/i0.wp.com\/www.kdfjm.si\/wp-content\/gallery\/16-redni-obcni-zbor\/obcniZborKDFJM2009-0054.jpg?ssl=1\" alt=\"obcniZborKDFJM2009-0054.jpg\" style=\"max-width: px; max-height: px; width: auto; height:auto; margin:auto\"><img data-recalc-dims=\"1\" decoding=\"async\" src=\"https:\/\/i0.wp.com\/www.kdfjm.si\/wp-content\/gallery\/16-redni-obcni-zbor\/obcniZborKDFJM2009-0055.jpg?ssl=1\" alt=\"obcniZborKDFJM2009-0055.jpg\" style=\"max-width: px; max-height: px; width: auto; height:auto; margin:auto\"><\/div><\/div>\n\n<script type=\"text\/javascript\">jQuery(document).ready(function($) {\r\n\t\t\tvar owl = $('#ngg_slideshow664801');\r\n\t\t\towl.owlCarousel({\r\n\t\t\t\titems: 1,\r\n\t\t\t\tautoHeight: false,\r\n\t            dots: true,\r\n\t            autoplay: true,\r\n\t\t\t\tautoplayTimeout: 3000,\r\n\t\t\t\tautoplayHoverPause: true,\r\n\t\t\t\tanimateIn: 'fadeIn',\r\n\t\t\t\tanimateOut: 'fadeOut',\r\n\t\t\t\tloop: true,\r\n\t\t\t\tmouseDrag: true,\r\n\t\t\t\ttouchDrag: true\r\n\t\t\t});\nowl.click( function () {\r\n                    owl.trigger( 'next.owl.carousel' );\r\n                } );});\n<\/script><\/strong><\/p>\n","protected":false},"excerpt":{"rendered":"<p>Redni ob\u010dni zbor dru\u0161tva 2015 17. redni ob\u010dni zbor dru\u0161tva Ob\u010dni zbor 16. redni ob\u010dni zbor dru\u0161tva je bil v ponedeljek, 23. februarja 2009, ob 18.30 v dru\u0161tvenih prostorih na Slovenski cesti 30 v Meng\u0161u. Dnevni red: 1.\u00a0\u00a0\u00a0 Pozdravni nagovor in sprejem dnevnega reda 2.\u00a0\u00a0\u00a0 Volitve organov ob\u010dnega zbora 3.\u00a0\u00a0\u00a0 Poro\u010dila o delu dru\u0161tva v [&hellip;]<\/p>\n","protected":false},"author":2,"featured_media":0,"parent":3,"menu_order":0,"comment_status":"closed","ping_status":"closed","template":"","meta":{"footnotes":""},"class_list":["post-480","page","type-page","status-publish","hentry"],"jetpack_sharing_enabled":true,"jetpack_shortlink":"https:\/\/wp.me\/P73nhm-7K","jetpack-related-posts":[],"_links":{"self":[{"href":"https:\/\/www.kdfjm.si\/index.php?rest_route=\/wp\/v2\/pages\/480","targetHints":{"allow":["GET"]}}],"collection":[{"href":"https:\/\/www.kdfjm.si\/index.php?rest_route=\/wp\/v2\/pages"}],"about":[{"href":"https:\/\/www.kdfjm.si\/index.php?rest_route=\/wp\/v2\/types\/page"}],"author":[{"embeddable":true,"href":"https:\/\/www.kdfjm.si\/index.php?rest_route=\/wp\/v2\/users\/2"}],"replies":[{"embeddable":true,"href":"https:\/\/www.kdfjm.si\/index.php?rest_route=%2Fwp%2Fv2%2Fcomments&post=480"}],"version-history":[{"count":7,"href":"https:\/\/www.kdfjm.si\/index.php?rest_route=\/wp\/v2\/pages\/480\/revisions"}],"predecessor-version":[{"id":3582,"href":"https:\/\/www.kdfjm.si\/index.php?rest_route=\/wp\/v2\/pages\/480\/revisions\/3582"}],"up":[{"embeddable":true,"href":"https:\/\/www.kdfjm.si\/index.php?rest_route=\/wp\/v2\/pages\/3"}],"wp:attachment":[{"href":"https:\/\/www.kdfjm.si\/index.php?rest_route=%2Fwp%2Fv2%2Fmedia&parent=480"}],"curies":[{"name":"wp","href":"https:\/\/api.w.org\/{rel}","templated":true}]}}