{"id":460,"date":"2009-02-15T09:39:51","date_gmt":"2009-02-15T08:39:51","guid":{"rendered":"http:\/\/www.kdfjm.si\/?page_id=460"},"modified":"2015-10-11T21:29:22","modified_gmt":"2015-10-11T20:29:22","slug":"fotografska-razstava-jost-franko-pot","status":"publish","type":"page","link":"https:\/\/www.kdfjm.si\/?page_id=460","title":{"rendered":"Fotografska razstava: Jo\u0161t Franko \u2013 Pot"},"content":{"rendered":"<p>Fotografije Jo\u0161ta Franka so nastale med enomese\u010dnim potovanjem po Avstraliji. Pot in prostranost sta vodilna motiva razstave \u010drno-belih fotografij, ki govorijo o navzo\u010dnosti in odsotnosti \u010dloveka, njegovih dejanj in zaznav.<\/p>\n<p>Pot in njena razpotja so odsev navdu\u0161enega opazovanja razse\u017enosti sveta in hkrati simbol iskanja mladega \u010dloveka v \u017eivljenju. Razpotja na poti so zgovorni znaki iskanja; gre tako za iskanje v \u017eivljenju kakor za iskanje v izbiri posnetka in ustrezne kompozicije. Preseneti na\u010drtna odsotnost \u010dloveka, ki poudari pomen l\u00e1stnosti izbire in samostojnosti odlo\u010danja o \u017eivljenjski poti, ki jo ubira mladi fotograf. Odsotnost \u010dloveka je zgolj dejanska, saj narava jasno pripoveduje o njegovi navzo\u010dnosti v mnogih elementih. Dol\u017eina poti in neskon\u010dnost obzorja ka\u017eeta \u0161tevilne mo\u017enosti, ki ga v mladostni zagnanosti hkrati pla\u0161ijo in navdu\u0161ujejo; presune ga prav to, kar mnoge odbija. Obzorje je v teh delih simbol \u0161irine duha in lo\u010dnica med \u010dloveku razumljivim in nedoumljivim, o \u010demer zgovorno pripoveduje nebo. Nebo je kot tok misli; lahko je no\u010dno, obla\u010dno ali jasno. V \u017eivljenju mladega \u010dloveka se v\u010dasih zdi, da se ta meja zabri\u0161e in oba svetova se pove\u017eeta. To misti\u010dnost za\u010dutimo v delih, kjer pra\u0161ne meglice skrivnostno zastirajo jasen pogled in odpirajo prosto pot pravlji\u010dnemu.<\/p>\n<p><strong>Jo\u0161t Franko <\/strong>je bil rojen 31. 3. 1993, \u017eivi in ustvarja v Meng\u0161u. Tu je zaklju\u010dil osnovno \u0161olo, v Ljubljani obiskuje gimnazijo in se ob \u0161olanju resno posve\u010da fotografiji. Je \u010dlan fotografske skupine Funtek, ki deluje v okviru Kulturnega dru\u0161tva Franca Jelov\u0161ka Menge\u0161. Sodeloval je \u017ee na ve\u010d skupinskih razstavah.<\/p>\r\n<div class=\"ngg-albumoverview\">\t\r\n\t<!-- List of galleries -->\r\n\t\r\n\t<div class=\"ngg-album\">\r\n\t\t<div class=\"ngg-albumtitle\"><a href=\"https:\/\/www.kdfjm.si\/?page_id=460&amp;album=17&amp;gallery=64\">Jo\u0161t Franko - odprtje razstave Pot<\/a><\/div>\r\n\t\t\t<div class=\"ngg-albumcontent\">\r\n\t\t\t\t<div class=\"ngg-thumbnail\">\r\n\t\t\t\t\t<a href=\"https:\/\/www.kdfjm.si\/?page_id=460&amp;album=17&amp;gallery=64\"><img data-recalc-dims=\"1\" decoding=\"async\" class=\"Thumb\" alt=\"Jo\u0161t Franko - odprtje razstave Pot\" src=\"https:\/\/i0.wp.com\/www.kdfjm.si\/wp-content\/gallery\/jost-franko-odprtje-razstave-2009\/thumbs\/thumbs_JostCikCak21022009-3624.jpg?ssl=1\"\/><\/a>\r\n\t\t\t\t<\/div>\r\n\t\t\t\t<div class=\"ngg-description\">\r\n\t\t\t\t<p><\/p>\r\n\t\t\t\t\t\t\t\t<p><strong>25<\/strong> Photos<\/p>\r\n\t\t\t\t\t\t\t<\/div>\r\n\t\t<\/div>\r\n\t<\/div>\r\n\r\n \t \t\r\n\t<!-- Pagination -->\r\n \t<div class=\"ngg-clear\"><\/div> \t\r\n<\/div>\r\n\r\n<p>[http:\/\/www.youtube.com\/watch?v=qtl5-KrRzPQ]<\/p>\n<p><strong>Galerija CikCak<\/strong> je v Meng\u0161u in \u0161ir\u0161i okolici prva galerija na prostem. Kulturno dru\u0161tvo Franca Jelov\u0161ka Menge\u0161 tako umetnosti odpira pot in pogled ves \u010das vsak dan.<\/p>\n<p><strong>Odprtje<\/strong> fotografske razstave Jo\u0161ta Franka je bilo v soboto 14. februarja 2009 ob 17.00 pri Galeriji CikCak na Trdinovem trgu 4 v Menge\u0161.<\/p>\n<p><strong>Razstava bo na ogled <\/strong>do 21. aprila 2009 vse dni ves \u010das.<\/p>\n<p><strong>Razstavo so omogo\u010dili: <\/strong>Primer d.o.o., TEHMAX trgovina in proizvodnja d.o.o., Ob\u010dina Menge\u0161<strong>.<\/strong><\/p>\n","protected":false},"excerpt":{"rendered":"<p>Fotografije Jo\u0161ta Franka so nastale med enomese\u010dnim potovanjem po Avstraliji. Pot in prostranost sta vodilna motiva razstave \u010drno-belih fotografij, ki govorijo o navzo\u010dnosti in odsotnosti \u010dloveka, njegovih dejanj in zaznav. Pot in njena razpotja so odsev navdu\u0161enega opazovanja razse\u017enosti sveta in hkrati simbol iskanja mladega \u010dloveka v \u017eivljenju. Razpotja na poti so zgovorni znaki iskanja; [&hellip;]<\/p>\n","protected":false},"author":2,"featured_media":0,"parent":448,"menu_order":0,"comment_status":"closed","ping_status":"closed","template":"","meta":{"footnotes":""},"class_list":["post-460","page","type-page","status-publish","hentry"],"jetpack_sharing_enabled":true,"jetpack_shortlink":"https:\/\/wp.me\/P73nhm-7q","jetpack-related-posts":[],"_links":{"self":[{"href":"https:\/\/www.kdfjm.si\/index.php?rest_route=\/wp\/v2\/pages\/460","targetHints":{"allow":["GET"]}}],"collection":[{"href":"https:\/\/www.kdfjm.si\/index.php?rest_route=\/wp\/v2\/pages"}],"about":[{"href":"https:\/\/www.kdfjm.si\/index.php?rest_route=\/wp\/v2\/types\/page"}],"author":[{"embeddable":true,"href":"https:\/\/www.kdfjm.si\/index.php?rest_route=\/wp\/v2\/users\/2"}],"replies":[{"embeddable":true,"href":"https:\/\/www.kdfjm.si\/index.php?rest_route=%2Fwp%2Fv2%2Fcomments&post=460"}],"version-history":[{"count":6,"href":"https:\/\/www.kdfjm.si\/index.php?rest_route=\/wp\/v2\/pages\/460\/revisions"}],"predecessor-version":[{"id":3496,"href":"https:\/\/www.kdfjm.si\/index.php?rest_route=\/wp\/v2\/pages\/460\/revisions\/3496"}],"up":[{"embeddable":true,"href":"https:\/\/www.kdfjm.si\/index.php?rest_route=\/wp\/v2\/pages\/448"}],"wp:attachment":[{"href":"https:\/\/www.kdfjm.si\/index.php?rest_route=%2Fwp%2Fv2%2Fmedia&parent=460"}],"curies":[{"name":"wp","href":"https:\/\/api.w.org\/{rel}","templated":true}]}}