{"id":4599,"date":"2019-03-06T22:48:49","date_gmt":"2019-03-06T21:48:49","guid":{"rendered":"http:\/\/www.kdfjm.si\/?page_id=4599"},"modified":"2019-03-06T22:50:25","modified_gmt":"2019-03-06T21:50:25","slug":"obiranje-hmelja-ob-200-obletnici-ustanovitve-staretove-pivovarne-v-mengsu","status":"publish","type":"page","link":"https:\/\/www.kdfjm.si\/?page_id=4599","title":{"rendered":"Obiranje hmelja ob 200. obletnici ustanovitve Staretove pivovarne v Meng\u0161u"},"content":{"rendered":"<p>Vabimo Vas na obiranje hmelja, slovesnost ob 200. obletnici ustanovitve Staretove pivovarne v Meng\u0161u, v petek, 31. avgusta 2018 od 17. ure dalje na dru\u0161tveno dvori\u0161\u010de pri \u0160u\u0161tar\u0161i\u010devi hi\u0161i na Trdinovem trgu 4b v Meng\u0161u.<\/p>\n<p>Z dru\u017eenjem ob obiranju hmelja nadaljujemo zgodbo o najdbi najstarej\u0161ega piva v celinski Evropi, ki ga hrani Mestni muzej Menge\u0161 in postopoma obujamo nekdanjo kulturo doma\u010dega pivovarstva.<\/p>\n<p><img data-recalc-dims=\"1\" loading=\"lazy\" decoding=\"async\" data-attachment-id=\"4268\" data-permalink=\"https:\/\/www.kdfjm.si\/?attachment_id=4268\" data-orig-file=\"https:\/\/i0.wp.com\/www.kdfjm.si\/wp-content\/uploads\/2018\/08\/Plakat_200_let_pivo_menges_HMELJ082018MmMKDFJM.jpg?fit=4961%2C3508&amp;ssl=1\" data-orig-size=\"4961,3508\" data-comments-opened=\"0\" data-image-meta=\"{&quot;aperture&quot;:&quot;0&quot;,&quot;credit&quot;:&quot;&quot;,&quot;camera&quot;:&quot;&quot;,&quot;caption&quot;:&quot;&quot;,&quot;created_timestamp&quot;:&quot;0&quot;,&quot;copyright&quot;:&quot;&quot;,&quot;focal_length&quot;:&quot;0&quot;,&quot;iso&quot;:&quot;0&quot;,&quot;shutter_speed&quot;:&quot;0&quot;,&quot;title&quot;:&quot;&quot;,&quot;orientation&quot;:&quot;0&quot;}\" data-image-title=\"Plakat_200_let_pivo_menges_HMELJ082018MmMKDFJM\" data-image-description=\"\" data-image-caption=\"\" data-large-file=\"https:\/\/i0.wp.com\/www.kdfjm.si\/wp-content\/uploads\/2018\/08\/Plakat_200_let_pivo_menges_HMELJ082018MmMKDFJM.jpg?fit=1024%2C724&amp;ssl=1\" class=\"aligncenter wp-image-4268\" src=\"https:\/\/i0.wp.com\/www.kdfjm.si\/wp-content\/uploads\/2018\/08\/Plakat_200_let_pivo_menges_HMELJ082018MmMKDFJM-300x212.jpg?resize=449%2C317\" alt=\"\" width=\"449\" height=\"317\" srcset=\"https:\/\/i0.wp.com\/www.kdfjm.si\/wp-content\/uploads\/2018\/08\/Plakat_200_let_pivo_menges_HMELJ082018MmMKDFJM.jpg?resize=300%2C212&amp;ssl=1 300w, https:\/\/i0.wp.com\/www.kdfjm.si\/wp-content\/uploads\/2018\/08\/Plakat_200_let_pivo_menges_HMELJ082018MmMKDFJM.jpg?resize=1024%2C724&amp;ssl=1 1024w, https:\/\/i0.wp.com\/www.kdfjm.si\/wp-content\/uploads\/2018\/08\/Plakat_200_let_pivo_menges_HMELJ082018MmMKDFJM.jpg?w=2000&amp;ssl=1 2000w, https:\/\/i0.wp.com\/www.kdfjm.si\/wp-content\/uploads\/2018\/08\/Plakat_200_let_pivo_menges_HMELJ082018MmMKDFJM.jpg?w=3000&amp;ssl=1 3000w\" sizes=\"auto, (max-width: 449px) 100vw, 449px\" \/><\/p>\n<p>&nbsp;<\/p>\n<div class=\"slideshow\"><div id=\"ngg_slideshow38345991\" class=\"ngg-slideshow owl-carousel\" style=\"max-width: 500px; max-height: 500px;\"><img data-recalc-dims=\"1\" decoding=\"async\" src=\"https:\/\/i0.wp.com\/www.kdfjm.si\/wp-content\/gallery\/200-obletnica-staretove-pivovarne-v-mengsu\/200_obletnica_pivo_menges_kdfjm_2018-2987.jpg?ssl=1\" alt=\"200_obletnica_pivo_menges_kdfjm_2018-2987\" style=\"max-width: 500px; max-height: 500px; width: auto; height:auto; margin:auto\"><img data-recalc-dims=\"1\" decoding=\"async\" src=\"https:\/\/i0.wp.com\/www.kdfjm.si\/wp-content\/gallery\/200-obletnica-staretove-pivovarne-v-mengsu\/200_obletnica_pivo_menges_kdfjm_2018-2994.jpg?ssl=1\" alt=\"200_obletnica_pivo_menges_kdfjm_2018-2994\" style=\"max-width: 500px; max-height: 500px; width: auto; height:auto; margin:auto\"><img data-recalc-dims=\"1\" decoding=\"async\" src=\"https:\/\/i0.wp.com\/www.kdfjm.si\/wp-content\/gallery\/200-obletnica-staretove-pivovarne-v-mengsu\/200_obletnica_pivo_menges_kdfjm_2018-2996.jpg?ssl=1\" alt=\"200_obletnica_pivo_menges_kdfjm_2018-2996\" style=\"max-width: 500px; max-height: 500px; width: auto; height:auto; margin:auto\"><img data-recalc-dims=\"1\" decoding=\"async\" src=\"https:\/\/i0.wp.com\/www.kdfjm.si\/wp-content\/gallery\/200-obletnica-staretove-pivovarne-v-mengsu\/200_obletnica_pivo_menges_kdfjm_2018-3008.jpg?ssl=1\" alt=\"200_obletnica_pivo_menges_kdfjm_2018-3008\" style=\"max-width: 500px; max-height: 500px; width: auto; height:auto; margin:auto\"><img data-recalc-dims=\"1\" decoding=\"async\" src=\"https:\/\/i0.wp.com\/www.kdfjm.si\/wp-content\/gallery\/200-obletnica-staretove-pivovarne-v-mengsu\/200_obletnica_pivo_menges_kdfjm_2018-3027.jpg?ssl=1\" alt=\"200_obletnica_pivo_menges_kdfjm_2018-3027\" style=\"max-width: 500px; max-height: 500px; width: auto; height:auto; margin:auto\"><img data-recalc-dims=\"1\" decoding=\"async\" src=\"https:\/\/i0.wp.com\/www.kdfjm.si\/wp-content\/gallery\/200-obletnica-staretove-pivovarne-v-mengsu\/200_obletnica_pivo_menges_kdfjm_2018-3054.jpg?ssl=1\" alt=\"200_obletnica_pivo_menges_kdfjm_2018-3054\" style=\"max-width: 500px; max-height: 500px; width: auto; height:auto; margin:auto\"><img data-recalc-dims=\"1\" decoding=\"async\" src=\"https:\/\/i0.wp.com\/www.kdfjm.si\/wp-content\/gallery\/200-obletnica-staretove-pivovarne-v-mengsu\/200_obletnica_pivo_menges_kdfjm_2018-3059.jpg?ssl=1\" alt=\"200_obletnica_pivo_menges_kdfjm_2018-3059\" style=\"max-width: 500px; max-height: 500px; width: auto; height:auto; margin:auto\"><img data-recalc-dims=\"1\" decoding=\"async\" src=\"https:\/\/i0.wp.com\/www.kdfjm.si\/wp-content\/gallery\/200-obletnica-staretove-pivovarne-v-mengsu\/200_obletnica_pivo_menges_kdfjm_2018-3067.jpg?ssl=1\" alt=\"200_obletnica_pivo_menges_kdfjm_2018-3067\" style=\"max-width: 500px; max-height: 500px; width: auto; height:auto; margin:auto\"><img data-recalc-dims=\"1\" decoding=\"async\" src=\"https:\/\/i0.wp.com\/www.kdfjm.si\/wp-content\/gallery\/200-obletnica-staretove-pivovarne-v-mengsu\/200_obletnica_pivo_menges_kdfjm_2018-3073.jpg?ssl=1\" alt=\"200_obletnica_pivo_menges_kdfjm_2018-3073\" style=\"max-width: 500px; max-height: 500px; width: auto; height:auto; margin:auto\"><img data-recalc-dims=\"1\" decoding=\"async\" src=\"https:\/\/i0.wp.com\/www.kdfjm.si\/wp-content\/gallery\/200-obletnica-staretove-pivovarne-v-mengsu\/200_obletnica_pivo_menges_kdfjm_2018-3090.jpg?ssl=1\" alt=\"200_obletnica_pivo_menges_kdfjm_2018-3090\" style=\"max-width: 500px; max-height: 500px; width: auto; height:auto; margin:auto\"><\/div><\/div>\n\n<script type=\"text\/javascript\">jQuery(document).ready(function($) {\r\n\t\t\tvar owl = $('#ngg_slideshow38345991');\r\n\t\t\towl.owlCarousel({\r\n\t\t\t\titems: 1,\r\n\t\t\t\tautoHeight: false,\r\n\t            dots: true,\r\n\t            autoplay: true,\r\n\t\t\t\tautoplayTimeout: 3000,\r\n\t\t\t\tautoplayHoverPause: true,\r\n\t\t\t\tanimateIn: 'fadeIn',\r\n\t\t\t\tanimateOut: 'fadeOut',\r\n\t\t\t\tloop: true,\r\n\t\t\t\tmouseDrag: true,\r\n\t\t\t\ttouchDrag: true\r\n\t\t\t});\nowl.click( function () {\r\n                    owl.trigger( 'next.owl.carousel' );\r\n                } );});\n<\/script>\n","protected":false},"excerpt":{"rendered":"<p>Vabimo Vas na obiranje hmelja, slovesnost ob 200. obletnici ustanovitve Staretove pivovarne v Meng\u0161u, v petek, 31. avgusta 2018 od 17. ure dalje na dru\u0161tveno dvori\u0161\u010de pri \u0160u\u0161tar\u0161i\u010devi hi\u0161i na Trdinovem trgu 4b v Meng\u0161u. Z dru\u017eenjem ob obiranju hmelja nadaljujemo zgodbo o najdbi najstarej\u0161ega piva v celinski Evropi, ki ga hrani Mestni muzej Menge\u0161 [&hellip;]<\/p>\n","protected":false},"author":4,"featured_media":0,"parent":606,"menu_order":0,"comment_status":"closed","ping_status":"closed","template":"","meta":{"footnotes":""},"class_list":["post-4599","page","type-page","status-publish","hentry"],"jetpack_sharing_enabled":true,"jetpack_shortlink":"https:\/\/wp.me\/P73nhm-1cb","jetpack-related-posts":[],"_links":{"self":[{"href":"https:\/\/www.kdfjm.si\/index.php?rest_route=\/wp\/v2\/pages\/4599","targetHints":{"allow":["GET"]}}],"collection":[{"href":"https:\/\/www.kdfjm.si\/index.php?rest_route=\/wp\/v2\/pages"}],"about":[{"href":"https:\/\/www.kdfjm.si\/index.php?rest_route=\/wp\/v2\/types\/page"}],"author":[{"embeddable":true,"href":"https:\/\/www.kdfjm.si\/index.php?rest_route=\/wp\/v2\/users\/4"}],"replies":[{"embeddable":true,"href":"https:\/\/www.kdfjm.si\/index.php?rest_route=%2Fwp%2Fv2%2Fcomments&post=4599"}],"version-history":[{"count":2,"href":"https:\/\/www.kdfjm.si\/index.php?rest_route=\/wp\/v2\/pages\/4599\/revisions"}],"predecessor-version":[{"id":4601,"href":"https:\/\/www.kdfjm.si\/index.php?rest_route=\/wp\/v2\/pages\/4599\/revisions\/4601"}],"up":[{"embeddable":true,"href":"https:\/\/www.kdfjm.si\/index.php?rest_route=\/wp\/v2\/pages\/606"}],"wp:attachment":[{"href":"https:\/\/www.kdfjm.si\/index.php?rest_route=%2Fwp%2Fv2%2Fmedia&parent=4599"}],"curies":[{"name":"wp","href":"https:\/\/api.w.org\/{rel}","templated":true}]}}