{"id":4589,"date":"2019-03-06T22:37:46","date_gmt":"2019-03-06T21:37:46","guid":{"rendered":"http:\/\/www.kdfjm.si\/?page_id=4589"},"modified":"2019-03-06T22:37:46","modified_gmt":"2019-03-06T21:37:46","slug":"kulturni-praznik-8-februar","status":"publish","type":"page","link":"https:\/\/www.kdfjm.si\/?page_id=4589","title":{"rendered":"Kulturni praznik &#8211; 8. februar"},"content":{"rendered":"<p>Na predve\u010der kulturnega praznika smo ob menge\u0161ki cesti postavili \u0161palir iz sve\u010d.<\/p>\n<p><img data-recalc-dims=\"1\" loading=\"lazy\" decoding=\"async\" data-attachment-id=\"4189\" data-permalink=\"https:\/\/www.kdfjm.si\/?attachment_id=4189\" data-orig-file=\"https:\/\/i0.wp.com\/www.kdfjm.si\/wp-content\/uploads\/2018\/03\/IMG_20180207_180751_resized_20180208_082847328.jpg?fit=560%2C992&amp;ssl=1\" data-orig-size=\"560,992\" data-comments-opened=\"0\" data-image-meta=\"{&quot;aperture&quot;:&quot;0&quot;,&quot;credit&quot;:&quot;&quot;,&quot;camera&quot;:&quot;&quot;,&quot;caption&quot;:&quot;&quot;,&quot;created_timestamp&quot;:&quot;0&quot;,&quot;copyright&quot;:&quot;&quot;,&quot;focal_length&quot;:&quot;0&quot;,&quot;iso&quot;:&quot;0&quot;,&quot;shutter_speed&quot;:&quot;0&quot;,&quot;title&quot;:&quot;&quot;,&quot;orientation&quot;:&quot;0&quot;}\" data-image-title=\"IMG_20180207_180751_resized_20180208_082847328\" data-image-description=\"\" data-image-caption=\"\" data-large-file=\"https:\/\/i0.wp.com\/www.kdfjm.si\/wp-content\/uploads\/2018\/03\/IMG_20180207_180751_resized_20180208_082847328.jpg?fit=560%2C992&amp;ssl=1\" class=\"aligncenter size-medium wp-image-4189\" src=\"https:\/\/i0.wp.com\/www.kdfjm.si\/wp-content\/uploads\/2018\/03\/IMG_20180207_180751_resized_20180208_082847328-169x300.jpg?resize=169%2C300\" alt=\"\" width=\"169\" height=\"300\" srcset=\"https:\/\/i0.wp.com\/www.kdfjm.si\/wp-content\/uploads\/2018\/03\/IMG_20180207_180751_resized_20180208_082847328.jpg?resize=169%2C300&amp;ssl=1 169w, https:\/\/i0.wp.com\/www.kdfjm.si\/wp-content\/uploads\/2018\/03\/IMG_20180207_180751_resized_20180208_082847328.jpg?w=560&amp;ssl=1 560w\" sizes=\"auto, (max-width: 169px) 100vw, 169px\" \/><\/p>\n","protected":false},"excerpt":{"rendered":"<p>Na predve\u010der kulturnega praznika smo ob menge\u0161ki cesti postavili \u0161palir iz sve\u010d.<\/p>\n","protected":false},"author":4,"featured_media":0,"parent":606,"menu_order":0,"comment_status":"closed","ping_status":"closed","template":"","meta":{"footnotes":""},"class_list":["post-4589","page","type-page","status-publish","hentry"],"jetpack_sharing_enabled":true,"jetpack_shortlink":"https:\/\/wp.me\/P73nhm-1c1","jetpack-related-posts":[],"_links":{"self":[{"href":"https:\/\/www.kdfjm.si\/index.php?rest_route=\/wp\/v2\/pages\/4589","targetHints":{"allow":["GET"]}}],"collection":[{"href":"https:\/\/www.kdfjm.si\/index.php?rest_route=\/wp\/v2\/pages"}],"about":[{"href":"https:\/\/www.kdfjm.si\/index.php?rest_route=\/wp\/v2\/types\/page"}],"author":[{"embeddable":true,"href":"https:\/\/www.kdfjm.si\/index.php?rest_route=\/wp\/v2\/users\/4"}],"replies":[{"embeddable":true,"href":"https:\/\/www.kdfjm.si\/index.php?rest_route=%2Fwp%2Fv2%2Fcomments&post=4589"}],"version-history":[{"count":1,"href":"https:\/\/www.kdfjm.si\/index.php?rest_route=\/wp\/v2\/pages\/4589\/revisions"}],"predecessor-version":[{"id":4590,"href":"https:\/\/www.kdfjm.si\/index.php?rest_route=\/wp\/v2\/pages\/4589\/revisions\/4590"}],"up":[{"embeddable":true,"href":"https:\/\/www.kdfjm.si\/index.php?rest_route=\/wp\/v2\/pages\/606"}],"wp:attachment":[{"href":"https:\/\/www.kdfjm.si\/index.php?rest_route=%2Fwp%2Fv2%2Fmedia&parent=4589"}],"curies":[{"name":"wp","href":"https:\/\/api.w.org\/{rel}","templated":true}]}}