{"id":4583,"date":"2019-03-06T22:32:19","date_gmt":"2019-03-06T21:32:19","guid":{"rendered":"http:\/\/www.kdfjm.si\/?page_id=4583"},"modified":"2019-03-06T22:32:19","modified_gmt":"2019-03-06T21:32:19","slug":"ta-veseli-dan-kulture-2","status":"publish","type":"page","link":"https:\/\/www.kdfjm.si\/?page_id=4583","title":{"rendered":"Ta veseli dan kulture"},"content":{"rendered":"<p>Na Ta veseli dan kulture, 3. decembra izdajamo razglednice Meng\u0161a, s povdarkom na arhitekturi Jo\u017eeta Ple\u010dnika, \u010digar leto se kon\u010duje in 8. del fotote\u010dne monografije Franceta Jelov\u0161ka, <a href=\"http:\/\/www.kdfjm.si\/wp-content\/uploads\/2017\/12\/FrancJelovsekMarijinoV_SamoborKDFJMFotoMonografija8del2017splet.pdf\">Oltarno poslikavo cerkve Marijinega vnebovzetja v Samoboru na Hrva\u0161kem.<\/a><img data-recalc-dims=\"1\" loading=\"lazy\" decoding=\"async\" data-attachment-id=\"4132\" data-permalink=\"https:\/\/www.kdfjm.si\/?attachment_id=4132\" data-orig-file=\"https:\/\/i0.wp.com\/www.kdfjm.si\/wp-content\/uploads\/2017\/12\/20171128-PET_6850-2.jpg?fit=1181%2C788&amp;ssl=1\" data-orig-size=\"1181,788\" data-comments-opened=\"0\" data-image-meta=\"{&quot;aperture&quot;:&quot;5&quot;,&quot;credit&quot;:&quot;PeterSkrlep&quot;,&quot;camera&quot;:&quot;NIKON D800&quot;,&quot;caption&quot;:&quot;&quot;,&quot;created_timestamp&quot;:&quot;1511873345&quot;,&quot;copyright&quot;:&quot;PeterSkrlepStudioPrimerMenges&quot;,&quot;focal_length&quot;:&quot;52&quot;,&quot;iso&quot;:&quot;100&quot;,&quot;shutter_speed&quot;:&quot;0.0125&quot;,&quot;title&quot;:&quot;&quot;,&quot;orientation&quot;:&quot;0&quot;}\" data-image-title=\"20171128-PET_6850-2\" data-image-description=\"\" data-image-caption=\"\" data-large-file=\"https:\/\/i0.wp.com\/www.kdfjm.si\/wp-content\/uploads\/2017\/12\/20171128-PET_6850-2.jpg?fit=1024%2C683&amp;ssl=1\" class=\"aligncenter wp-image-4132\" src=\"https:\/\/i0.wp.com\/www.kdfjm.si\/wp-content\/uploads\/2017\/12\/20171128-PET_6850-2-300x200.jpg?resize=479%2C320\" alt=\"\" width=\"479\" height=\"320\" srcset=\"https:\/\/i0.wp.com\/www.kdfjm.si\/wp-content\/uploads\/2017\/12\/20171128-PET_6850-2.jpg?resize=300%2C200&amp;ssl=1 300w, https:\/\/i0.wp.com\/www.kdfjm.si\/wp-content\/uploads\/2017\/12\/20171128-PET_6850-2.jpg?resize=1024%2C683&amp;ssl=1 1024w, https:\/\/i0.wp.com\/www.kdfjm.si\/wp-content\/uploads\/2017\/12\/20171128-PET_6850-2.jpg?w=1181&amp;ssl=1 1181w\" sizes=\"auto, (max-width: 479px) 100vw, 479px\" \/><\/p>\n","protected":false},"excerpt":{"rendered":"<p>Na Ta veseli dan kulture, 3. decembra izdajamo razglednice Meng\u0161a, s povdarkom na arhitekturi Jo\u017eeta Ple\u010dnika, \u010digar leto se kon\u010duje in 8. del fotote\u010dne monografije Franceta Jelov\u0161ka, Oltarno poslikavo cerkve Marijinega vnebovzetja v Samoboru na Hrva\u0161kem.<\/p>\n","protected":false},"author":4,"featured_media":0,"parent":606,"menu_order":0,"comment_status":"closed","ping_status":"closed","template":"","meta":{"footnotes":""},"class_list":["post-4583","page","type-page","status-publish","hentry"],"jetpack_sharing_enabled":true,"jetpack_shortlink":"https:\/\/wp.me\/P73nhm-1bV","jetpack-related-posts":[],"_links":{"self":[{"href":"https:\/\/www.kdfjm.si\/index.php?rest_route=\/wp\/v2\/pages\/4583","targetHints":{"allow":["GET"]}}],"collection":[{"href":"https:\/\/www.kdfjm.si\/index.php?rest_route=\/wp\/v2\/pages"}],"about":[{"href":"https:\/\/www.kdfjm.si\/index.php?rest_route=\/wp\/v2\/types\/page"}],"author":[{"embeddable":true,"href":"https:\/\/www.kdfjm.si\/index.php?rest_route=\/wp\/v2\/users\/4"}],"replies":[{"embeddable":true,"href":"https:\/\/www.kdfjm.si\/index.php?rest_route=%2Fwp%2Fv2%2Fcomments&post=4583"}],"version-history":[{"count":1,"href":"https:\/\/www.kdfjm.si\/index.php?rest_route=\/wp\/v2\/pages\/4583\/revisions"}],"predecessor-version":[{"id":4584,"href":"https:\/\/www.kdfjm.si\/index.php?rest_route=\/wp\/v2\/pages\/4583\/revisions\/4584"}],"up":[{"embeddable":true,"href":"https:\/\/www.kdfjm.si\/index.php?rest_route=\/wp\/v2\/pages\/606"}],"wp:attachment":[{"href":"https:\/\/www.kdfjm.si\/index.php?rest_route=%2Fwp%2Fv2%2Fmedia&parent=4583"}],"curies":[{"name":"wp","href":"https:\/\/api.w.org\/{rel}","templated":true}]}}