{"id":4580,"date":"2019-03-06T22:29:53","date_gmt":"2019-03-06T21:29:53","guid":{"rendered":"http:\/\/www.kdfjm.si\/?page_id=4580"},"modified":"2019-03-06T22:29:53","modified_gmt":"2019-03-06T21:29:53","slug":"slovesno-obiranje-hmelja-2","status":"publish","type":"page","link":"https:\/\/www.kdfjm.si\/?page_id=4580","title":{"rendered":"Slovesno obiranje hmelja"},"content":{"rendered":"<p>Vabimo Vas na slovesno obiranje hmelja v petek, 1. septembra 2017 od 17. ure dalje na dru\u0161tveno dvori\u0161\u010de pri \u0160u\u0161tar\u0161i\u010devi hi\u0161i na Trdinovem trgu 4b v Meng\u0161u.<\/p>\n<p>Z dru\u017eenjem ob obiranju hmelja nadaljujemo zgodbo o najdbi najstarej\u0161ega piva v celinski Evropi, ki ga hrani Mestni muzej Menge\u0161, in postopoma obujamo nekdanjo kulturo doma\u010dega pivovarstva.<\/p>\n<p>Mestni muzej Menge\u0161 in Kulturno dru\u0161tvo Franca Jelov\u0161ka Menge\u0161<\/p>\n<p><img data-recalc-dims=\"1\" loading=\"lazy\" decoding=\"async\" data-attachment-id=\"4083\" data-permalink=\"https:\/\/www.kdfjm.si\/?attachment_id=4083\" data-orig-file=\"https:\/\/i0.wp.com\/www.kdfjm.si\/wp-content\/uploads\/2017\/08\/vabiloHmelj23082017-1.jpg?fit=1240%2C1673&amp;ssl=1\" data-orig-size=\"1240,1673\" data-comments-opened=\"0\" data-image-meta=\"{&quot;aperture&quot;:&quot;0&quot;,&quot;credit&quot;:&quot;&quot;,&quot;camera&quot;:&quot;&quot;,&quot;caption&quot;:&quot;&quot;,&quot;created_timestamp&quot;:&quot;0&quot;,&quot;copyright&quot;:&quot;&quot;,&quot;focal_length&quot;:&quot;0&quot;,&quot;iso&quot;:&quot;0&quot;,&quot;shutter_speed&quot;:&quot;0&quot;,&quot;title&quot;:&quot;&quot;,&quot;orientation&quot;:&quot;1&quot;}\" data-image-title=\"vabiloHmelj23082017-1\" data-image-description=\"\" data-image-caption=\"\" data-large-file=\"https:\/\/i0.wp.com\/www.kdfjm.si\/wp-content\/uploads\/2017\/08\/vabiloHmelj23082017-1.jpg?fit=759%2C1024&amp;ssl=1\" class=\"aligncenter wp-image-4083\" src=\"https:\/\/i0.wp.com\/www.kdfjm.si\/wp-content\/uploads\/2017\/08\/vabiloHmelj23082017-1-222x300.jpg?resize=260%2C351\" alt=\"\" width=\"260\" height=\"351\" srcset=\"https:\/\/i0.wp.com\/www.kdfjm.si\/wp-content\/uploads\/2017\/08\/vabiloHmelj23082017-1.jpg?resize=222%2C300&amp;ssl=1 222w, https:\/\/i0.wp.com\/www.kdfjm.si\/wp-content\/uploads\/2017\/08\/vabiloHmelj23082017-1.jpg?resize=759%2C1024&amp;ssl=1 759w, https:\/\/i0.wp.com\/www.kdfjm.si\/wp-content\/uploads\/2017\/08\/vabiloHmelj23082017-1.jpg?w=1240&amp;ssl=1 1240w\" sizes=\"auto, (max-width: 260px) 100vw, 260px\" \/><\/p>\n<p>Spet smo do\u010dakali letino. Obiranje hmelja je vsako leto prijeten dogodek, ki nam prinese surovine za izdelavo novega piva, ki ga poku\u0161amo ob letu osorej.<\/p>\n<div class=\"slideshow\"><div id=\"ngg_slideshow36145801\" class=\"ngg-slideshow owl-carousel\" style=\"max-width: 500px; max-height: 500px;\"><img data-recalc-dims=\"1\" decoding=\"async\" src=\"https:\/\/i0.wp.com\/www.kdfjm.si\/wp-content\/gallery\/obiranje-hmelja-2017\/obiranje_hmelja_kdfjm_mmm_2017_male-6107.jpg?ssl=1\" alt=\"obiranje_hmelja_kdfjm_mmm_2017_male-6107\" style=\"max-width: 500px; max-height: 500px; width: auto; height:auto; margin:auto\"><img data-recalc-dims=\"1\" decoding=\"async\" src=\"https:\/\/i0.wp.com\/www.kdfjm.si\/wp-content\/gallery\/obiranje-hmelja-2017\/obiranje_hmelja_kdfjm_mmm_2017_male-6111.jpg?ssl=1\" alt=\"obiranje_hmelja_kdfjm_mmm_2017_male-6111\" style=\"max-width: 500px; max-height: 500px; width: auto; height:auto; margin:auto\"><img data-recalc-dims=\"1\" decoding=\"async\" src=\"https:\/\/i0.wp.com\/www.kdfjm.si\/wp-content\/gallery\/obiranje-hmelja-2017\/obiranje_hmelja_kdfjm_mmm_2017_male-6114.jpg?ssl=1\" alt=\"obiranje_hmelja_kdfjm_mmm_2017_male-6114\" style=\"max-width: 500px; max-height: 500px; width: auto; height:auto; margin:auto\"><img data-recalc-dims=\"1\" decoding=\"async\" src=\"https:\/\/i0.wp.com\/www.kdfjm.si\/wp-content\/gallery\/obiranje-hmelja-2017\/obiranje_hmelja_kdfjm_mmm_2017_male-6122.jpg?ssl=1\" alt=\"obiranje_hmelja_kdfjm_mmm_2017_male-6122\" style=\"max-width: 500px; max-height: 500px; width: auto; height:auto; margin:auto\"><img data-recalc-dims=\"1\" decoding=\"async\" src=\"https:\/\/i0.wp.com\/www.kdfjm.si\/wp-content\/gallery\/obiranje-hmelja-2017\/obiranje_hmelja_kdfjm_mmm_2017_male-6130.jpg?ssl=1\" alt=\"obiranje_hmelja_kdfjm_mmm_2017_male-6130\" style=\"max-width: 500px; max-height: 500px; width: auto; height:auto; margin:auto\"><img data-recalc-dims=\"1\" decoding=\"async\" src=\"https:\/\/i0.wp.com\/www.kdfjm.si\/wp-content\/gallery\/obiranje-hmelja-2017\/obiranje_hmelja_kdfjm_mmm_2017_male-6131.jpg?ssl=1\" alt=\"obiranje_hmelja_kdfjm_mmm_2017_male-6131\" style=\"max-width: 500px; max-height: 500px; width: auto; height:auto; margin:auto\"><img data-recalc-dims=\"1\" decoding=\"async\" src=\"https:\/\/i0.wp.com\/www.kdfjm.si\/wp-content\/gallery\/obiranje-hmelja-2017\/obiranje_hmelja_kdfjm_mmm_2017_male-6136.jpg?ssl=1\" alt=\"obiranje_hmelja_kdfjm_mmm_2017_male-6136\" style=\"max-width: 500px; max-height: 500px; width: auto; height:auto; margin:auto\"><img data-recalc-dims=\"1\" decoding=\"async\" src=\"https:\/\/i0.wp.com\/www.kdfjm.si\/wp-content\/gallery\/obiranje-hmelja-2017\/obiranje_hmelja_kdfjm_mmm_2017_male-6138.jpg?ssl=1\" alt=\"obiranje_hmelja_kdfjm_mmm_2017_male-6138\" style=\"max-width: 500px; max-height: 500px; width: auto; height:auto; margin:auto\"><img data-recalc-dims=\"1\" decoding=\"async\" src=\"https:\/\/i0.wp.com\/www.kdfjm.si\/wp-content\/gallery\/obiranje-hmelja-2017\/obiranje_hmelja_kdfjm_mmm_2017_male-6140.jpg?ssl=1\" alt=\"obiranje_hmelja_kdfjm_mmm_2017_male-6140\" style=\"max-width: 500px; max-height: 500px; width: auto; height:auto; margin:auto\"><img data-recalc-dims=\"1\" decoding=\"async\" src=\"https:\/\/i0.wp.com\/www.kdfjm.si\/wp-content\/gallery\/obiranje-hmelja-2017\/obiranje_hmelja_kdfjm_mmm_2017_male-6143.jpg?ssl=1\" alt=\"obiranje_hmelja_kdfjm_mmm_2017_male-6143\" style=\"max-width: 500px; max-height: 500px; width: auto; height:auto; margin:auto\"><img data-recalc-dims=\"1\" decoding=\"async\" src=\"https:\/\/i0.wp.com\/www.kdfjm.si\/wp-content\/gallery\/obiranje-hmelja-2017\/obiranje_hmelja_kdfjm_mmm_2017_male-6147.jpg?ssl=1\" alt=\"obiranje_hmelja_kdfjm_mmm_2017_male-6147\" style=\"max-width: 500px; max-height: 500px; width: auto; height:auto; margin:auto\"><img data-recalc-dims=\"1\" decoding=\"async\" src=\"https:\/\/i0.wp.com\/www.kdfjm.si\/wp-content\/gallery\/obiranje-hmelja-2017\/obiranje_hmelja_kdfjm_mmm_2017_male-6150.jpg?ssl=1\" alt=\"obiranje_hmelja_kdfjm_mmm_2017_male-6150\" style=\"max-width: 500px; max-height: 500px; width: auto; height:auto; margin:auto\"><img data-recalc-dims=\"1\" decoding=\"async\" src=\"https:\/\/i0.wp.com\/www.kdfjm.si\/wp-content\/gallery\/obiranje-hmelja-2017\/obiranje_hmelja_kdfjm_mmm_2017_male-6152.jpg?ssl=1\" alt=\"obiranje_hmelja_kdfjm_mmm_2017_male-6152\" style=\"max-width: 500px; max-height: 500px; width: auto; height:auto; margin:auto\"><img data-recalc-dims=\"1\" decoding=\"async\" src=\"https:\/\/i0.wp.com\/www.kdfjm.si\/wp-content\/gallery\/obiranje-hmelja-2017\/obiranje_hmelja_kdfjm_mmm_2017_male-6155.jpg?ssl=1\" alt=\"obiranje_hmelja_kdfjm_mmm_2017_male-6155\" style=\"max-width: 500px; max-height: 500px; width: auto; height:auto; margin:auto\"><img data-recalc-dims=\"1\" decoding=\"async\" src=\"https:\/\/i0.wp.com\/www.kdfjm.si\/wp-content\/gallery\/obiranje-hmelja-2017\/obiranje_hmelja_kdfjm_mmm_2017_male-6161.jpg?ssl=1\" alt=\"obiranje_hmelja_kdfjm_mmm_2017_male-6161\" style=\"max-width: 500px; max-height: 500px; width: auto; height:auto; margin:auto\"><img data-recalc-dims=\"1\" decoding=\"async\" src=\"https:\/\/i0.wp.com\/www.kdfjm.si\/wp-content\/gallery\/obiranje-hmelja-2017\/obiranje_hmelja_kdfjm_mmm_2017_male-6164.jpg?ssl=1\" alt=\"obiranje_hmelja_kdfjm_mmm_2017_male-6164\" style=\"max-width: 500px; max-height: 500px; width: auto; height:auto; margin:auto\"><\/div><\/div>\n\n<script type=\"text\/javascript\">jQuery(document).ready(function($) {\r\n\t\t\tvar owl = $('#ngg_slideshow36145801');\r\n\t\t\towl.owlCarousel({\r\n\t\t\t\titems: 1,\r\n\t\t\t\tautoHeight: false,\r\n\t            dots: true,\r\n\t            autoplay: true,\r\n\t\t\t\tautoplayTimeout: 3000,\r\n\t\t\t\tautoplayHoverPause: true,\r\n\t\t\t\tanimateIn: 'fadeIn',\r\n\t\t\t\tanimateOut: 'fadeOut',\r\n\t\t\t\tloop: true,\r\n\t\t\t\tmouseDrag: true,\r\n\t\t\t\ttouchDrag: true\r\n\t\t\t});\nowl.click( function () {\r\n                    owl.trigger( 'next.owl.carousel' );\r\n                } );});\n<\/script>\n","protected":false},"excerpt":{"rendered":"<p>Vabimo Vas na slovesno obiranje hmelja v petek, 1. septembra 2017 od 17. ure dalje na dru\u0161tveno dvori\u0161\u010de pri \u0160u\u0161tar\u0161i\u010devi hi\u0161i na Trdinovem trgu 4b v Meng\u0161u. Z dru\u017eenjem ob obiranju hmelja nadaljujemo zgodbo o najdbi najstarej\u0161ega piva v celinski Evropi, ki ga hrani Mestni muzej Menge\u0161, in postopoma obujamo nekdanjo kulturo doma\u010dega pivovarstva. Mestni [&hellip;]<\/p>\n","protected":false},"author":4,"featured_media":0,"parent":606,"menu_order":0,"comment_status":"closed","ping_status":"closed","template":"","meta":{"footnotes":""},"class_list":["post-4580","page","type-page","status-publish","hentry"],"jetpack_sharing_enabled":true,"jetpack_shortlink":"https:\/\/wp.me\/P73nhm-1bS","jetpack-related-posts":[],"_links":{"self":[{"href":"https:\/\/www.kdfjm.si\/index.php?rest_route=\/wp\/v2\/pages\/4580","targetHints":{"allow":["GET"]}}],"collection":[{"href":"https:\/\/www.kdfjm.si\/index.php?rest_route=\/wp\/v2\/pages"}],"about":[{"href":"https:\/\/www.kdfjm.si\/index.php?rest_route=\/wp\/v2\/types\/page"}],"author":[{"embeddable":true,"href":"https:\/\/www.kdfjm.si\/index.php?rest_route=\/wp\/v2\/users\/4"}],"replies":[{"embeddable":true,"href":"https:\/\/www.kdfjm.si\/index.php?rest_route=%2Fwp%2Fv2%2Fcomments&post=4580"}],"version-history":[{"count":1,"href":"https:\/\/www.kdfjm.si\/index.php?rest_route=\/wp\/v2\/pages\/4580\/revisions"}],"predecessor-version":[{"id":4581,"href":"https:\/\/www.kdfjm.si\/index.php?rest_route=\/wp\/v2\/pages\/4580\/revisions\/4581"}],"up":[{"embeddable":true,"href":"https:\/\/www.kdfjm.si\/index.php?rest_route=\/wp\/v2\/pages\/606"}],"wp:attachment":[{"href":"https:\/\/www.kdfjm.si\/index.php?rest_route=%2Fwp%2Fv2%2Fmedia&parent=4580"}],"curies":[{"name":"wp","href":"https:\/\/api.w.org\/{rel}","templated":true}]}}