{"id":4577,"date":"2019-03-06T22:27:30","date_gmt":"2019-03-06T21:27:30","guid":{"rendered":"http:\/\/www.kdfjm.si\/?page_id=4577"},"modified":"2019-03-06T22:27:30","modified_gmt":"2019-03-06T21:27:30","slug":"kresovanje-2017","status":"publish","type":"page","link":"https:\/\/www.kdfjm.si\/?page_id=4577","title":{"rendered":"Kresovanje 2017"},"content":{"rendered":"<p>Pri postavitvi kresa so sodelovali mladi \u010dlani dru\u0161tva Kdfjm, ob gore\u010dem kresu pa so zapeli pevci Prazni\u010dnega zbora.<\/p>\n<div class=\"slideshow\"><div id=\"ngg_slideshow35945771\" class=\"ngg-slideshow owl-carousel\" style=\"max-width: 500px; max-height: 500px;\"><img data-recalc-dims=\"1\" decoding=\"async\" src=\"https:\/\/i0.wp.com\/www.kdfjm.si\/wp-content\/gallery\/kresovanje-2017\/kdfjm_kres_dan-drzavnosti_menges_2017-0202.jpg?ssl=1\" alt=\"kdfjm_kres_dan-drzavnosti_menges_2017-0202\" style=\"max-width: 500px; max-height: 500px; width: auto; height:auto; margin:auto\"><img data-recalc-dims=\"1\" decoding=\"async\" src=\"https:\/\/i0.wp.com\/www.kdfjm.si\/wp-content\/gallery\/kresovanje-2017\/kdfjm_kres_dan-drzavnosti_menges_2017-0203.jpg?ssl=1\" alt=\"kdfjm_kres_dan-drzavnosti_menges_2017-0203\" style=\"max-width: 500px; max-height: 500px; width: auto; height:auto; margin:auto\"><img data-recalc-dims=\"1\" decoding=\"async\" src=\"https:\/\/i0.wp.com\/www.kdfjm.si\/wp-content\/gallery\/kresovanje-2017\/kdfjm_kres_dan-drzavnosti_menges_2017-0215.jpg?ssl=1\" alt=\"kdfjm_kres_dan-drzavnosti_menges_2017-0215\" style=\"max-width: 500px; max-height: 500px; width: auto; height:auto; margin:auto\"><img data-recalc-dims=\"1\" decoding=\"async\" src=\"https:\/\/i0.wp.com\/www.kdfjm.si\/wp-content\/gallery\/kresovanje-2017\/kdfjm_kres_dan-drzavnosti_menges_2017-5919.jpg?ssl=1\" alt=\"kdfjm_kres_dan-drzavnosti_menges_2017-5919\" style=\"max-width: 500px; max-height: 500px; width: auto; height:auto; margin:auto\"><img data-recalc-dims=\"1\" decoding=\"async\" src=\"https:\/\/i0.wp.com\/www.kdfjm.si\/wp-content\/gallery\/kresovanje-2017\/kdfjm_kres_dan-drzavnosti_menges_2017-5921.jpg?ssl=1\" alt=\"kdfjm_kres_dan-drzavnosti_menges_2017-5921\" style=\"max-width: 500px; max-height: 500px; width: auto; height:auto; margin:auto\"><img data-recalc-dims=\"1\" decoding=\"async\" src=\"https:\/\/i0.wp.com\/www.kdfjm.si\/wp-content\/gallery\/kresovanje-2017\/kdfjm_kres_dan-drzavnosti_menges_2017-5924.jpg?ssl=1\" alt=\"kdfjm_kres_dan-drzavnosti_menges_2017-5924\" style=\"max-width: 500px; max-height: 500px; width: auto; height:auto; margin:auto\"><img data-recalc-dims=\"1\" decoding=\"async\" src=\"https:\/\/i0.wp.com\/www.kdfjm.si\/wp-content\/gallery\/kresovanje-2017\/kdfjm_kres_dan-drzavnosti_menges_2017-5933.jpg?ssl=1\" alt=\"kdfjm_kres_dan-drzavnosti_menges_2017-5933\" style=\"max-width: 500px; max-height: 500px; width: auto; height:auto; margin:auto\"><img data-recalc-dims=\"1\" decoding=\"async\" src=\"https:\/\/i0.wp.com\/www.kdfjm.si\/wp-content\/gallery\/kresovanje-2017\/kdfjm_kres_dan-drzavnosti_menges_2017-5944.jpg?ssl=1\" alt=\"kdfjm_kres_dan-drzavnosti_menges_2017-5944\" style=\"max-width: 500px; max-height: 500px; width: auto; height:auto; margin:auto\"><img data-recalc-dims=\"1\" decoding=\"async\" src=\"https:\/\/i0.wp.com\/www.kdfjm.si\/wp-content\/gallery\/kresovanje-2017\/kdfjm_kres_dan-drzavnosti_menges_2017-5957.jpg?ssl=1\" alt=\"kdfjm_kres_dan-drzavnosti_menges_2017-5957\" style=\"max-width: 500px; max-height: 500px; width: auto; height:auto; margin:auto\"><img data-recalc-dims=\"1\" decoding=\"async\" src=\"https:\/\/i0.wp.com\/www.kdfjm.si\/wp-content\/gallery\/kresovanje-2017\/kdfjm_kres_dan-drzavnosti_menges_2017-5971.jpg?ssl=1\" alt=\"kdfjm_kres_dan-drzavnosti_menges_2017-5971\" style=\"max-width: 500px; max-height: 500px; width: auto; height:auto; margin:auto\"><img data-recalc-dims=\"1\" decoding=\"async\" src=\"https:\/\/i0.wp.com\/www.kdfjm.si\/wp-content\/gallery\/kresovanje-2017\/kdfjm_kres_dan-drzavnosti_menges_2017-5978.jpg?ssl=1\" alt=\"kdfjm_kres_dan-drzavnosti_menges_2017-5978\" style=\"max-width: 500px; max-height: 500px; width: auto; height:auto; margin:auto\"><img data-recalc-dims=\"1\" decoding=\"async\" src=\"https:\/\/i0.wp.com\/www.kdfjm.si\/wp-content\/gallery\/kresovanje-2017\/kdfjm_kres_dan-drzavnosti_menges_2017-5986.jpg?ssl=1\" alt=\"kdfjm_kres_dan-drzavnosti_menges_2017-5986\" style=\"max-width: 500px; max-height: 500px; width: auto; height:auto; margin:auto\"><img data-recalc-dims=\"1\" decoding=\"async\" src=\"https:\/\/i0.wp.com\/www.kdfjm.si\/wp-content\/gallery\/kresovanje-2017\/kdfjm_kres_dan-drzavnosti_menges_2017-5991.jpg?ssl=1\" alt=\"kdfjm_kres_dan-drzavnosti_menges_2017-5991\" style=\"max-width: 500px; max-height: 500px; width: auto; height:auto; margin:auto\"><img data-recalc-dims=\"1\" decoding=\"async\" src=\"https:\/\/i0.wp.com\/www.kdfjm.si\/wp-content\/gallery\/kresovanje-2017\/kdfjm_kres_dan-drzavnosti_menges_2017-6000.jpg?ssl=1\" alt=\"kdfjm_kres_dan-drzavnosti_menges_2017-6000\" style=\"max-width: 500px; max-height: 500px; width: auto; height:auto; margin:auto\"><\/div><\/div>\n\n<script type=\"text\/javascript\">jQuery(document).ready(function($) {\r\n\t\t\tvar owl = $('#ngg_slideshow35945771');\r\n\t\t\towl.owlCarousel({\r\n\t\t\t\titems: 1,\r\n\t\t\t\tautoHeight: false,\r\n\t            dots: true,\r\n\t            autoplay: true,\r\n\t\t\t\tautoplayTimeout: 3000,\r\n\t\t\t\tautoplayHoverPause: true,\r\n\t\t\t\tanimateIn: 'fadeIn',\r\n\t\t\t\tanimateOut: 'fadeOut',\r\n\t\t\t\tloop: true,\r\n\t\t\t\tmouseDrag: true,\r\n\t\t\t\ttouchDrag: true\r\n\t\t\t});\nowl.click( function () {\r\n                    owl.trigger( 'next.owl.carousel' );\r\n                } );});\n<\/script>\n","protected":false},"excerpt":{"rendered":"<p>Pri postavitvi kresa so sodelovali mladi \u010dlani dru\u0161tva Kdfjm, ob gore\u010dem kresu pa so zapeli pevci Prazni\u010dnega zbora.<\/p>\n","protected":false},"author":4,"featured_media":0,"parent":606,"menu_order":0,"comment_status":"closed","ping_status":"closed","template":"","meta":{"footnotes":""},"class_list":["post-4577","page","type-page","status-publish","hentry"],"jetpack_sharing_enabled":true,"jetpack_shortlink":"https:\/\/wp.me\/P73nhm-1bP","jetpack-related-posts":[],"_links":{"self":[{"href":"https:\/\/www.kdfjm.si\/index.php?rest_route=\/wp\/v2\/pages\/4577","targetHints":{"allow":["GET"]}}],"collection":[{"href":"https:\/\/www.kdfjm.si\/index.php?rest_route=\/wp\/v2\/pages"}],"about":[{"href":"https:\/\/www.kdfjm.si\/index.php?rest_route=\/wp\/v2\/types\/page"}],"author":[{"embeddable":true,"href":"https:\/\/www.kdfjm.si\/index.php?rest_route=\/wp\/v2\/users\/4"}],"replies":[{"embeddable":true,"href":"https:\/\/www.kdfjm.si\/index.php?rest_route=%2Fwp%2Fv2%2Fcomments&post=4577"}],"version-history":[{"count":1,"href":"https:\/\/www.kdfjm.si\/index.php?rest_route=\/wp\/v2\/pages\/4577\/revisions"}],"predecessor-version":[{"id":4578,"href":"https:\/\/www.kdfjm.si\/index.php?rest_route=\/wp\/v2\/pages\/4577\/revisions\/4578"}],"up":[{"embeddable":true,"href":"https:\/\/www.kdfjm.si\/index.php?rest_route=\/wp\/v2\/pages\/606"}],"wp:attachment":[{"href":"https:\/\/www.kdfjm.si\/index.php?rest_route=%2Fwp%2Fv2%2Fmedia&parent=4577"}],"curies":[{"name":"wp","href":"https:\/\/api.w.org\/{rel}","templated":true}]}}