{"id":4570,"date":"2019-03-06T22:17:24","date_gmt":"2019-03-06T21:17:24","guid":{"rendered":"http:\/\/www.kdfjm.si\/?page_id=4570"},"modified":"2019-03-06T22:17:24","modified_gmt":"2019-03-06T21:17:24","slug":"zegnan-ogenj-na-veliko-soboto","status":"publish","type":"page","link":"https:\/\/www.kdfjm.si\/?page_id=4570","title":{"rendered":"\u017degnan ogenj na veliko soboto"},"content":{"rendered":"<p>\u010clani na\u0161ega dru\u0161tva \u017ee 25 let na veliko soboto rano zjutraj zakurimo ogenj, ki ga g. \u017eupnik blagoslovi in ga &#8220;\u017eegnanega&#8221; ponesemo na domove.<\/p>\n<div class=\"slideshow\"><div id=\"ngg_slideshow35345701\" class=\"ngg-slideshow owl-carousel\" style=\"max-width: 500px; max-height: 500px;\"><img data-recalc-dims=\"1\" decoding=\"async\" src=\"https:\/\/i0.wp.com\/www.kdfjm.si\/wp-content\/gallery\/zegnan-ogenj-2017\/kurjenje_zegnanega_ognja_kdfjm__foto_peter_skrlep_2017-6092.jpg?ssl=1\" alt=\"kurjenje_zegnanega_ognja_kdfjm__foto_peter_skrlep_2017-6092\" style=\"max-width: 500px; max-height: 500px; width: auto; height:auto; margin:auto\"><img data-recalc-dims=\"1\" decoding=\"async\" src=\"https:\/\/i0.wp.com\/www.kdfjm.si\/wp-content\/gallery\/zegnan-ogenj-2017\/kurjenje_zegnanega_ognja_kdfjm__foto_peter_skrlep_2017-6129.jpg?ssl=1\" alt=\"kurjenje_zegnanega_ognja_kdfjm__foto_peter_skrlep_2017-6129\" style=\"max-width: 500px; max-height: 500px; width: auto; height:auto; margin:auto\"><img data-recalc-dims=\"1\" decoding=\"async\" src=\"https:\/\/i0.wp.com\/www.kdfjm.si\/wp-content\/gallery\/zegnan-ogenj-2017\/kurjenje_zegnanega_ognja_kdfjm__foto_peter_skrlep_2017-6164.jpg?ssl=1\" alt=\"kurjenje_zegnanega_ognja_kdfjm__foto_peter_skrlep_2017-6164\" style=\"max-width: 500px; max-height: 500px; width: auto; height:auto; margin:auto\"><img data-recalc-dims=\"1\" decoding=\"async\" src=\"https:\/\/i0.wp.com\/www.kdfjm.si\/wp-content\/gallery\/zegnan-ogenj-2017\/kurjenje_zegnanega_ognja_kdfjm__foto_peter_skrlep_2017-6178.jpg?ssl=1\" alt=\"kurjenje_zegnanega_ognja_kdfjm__foto_peter_skrlep_2017-6178\" style=\"max-width: 500px; max-height: 500px; width: auto; height:auto; margin:auto\"><\/div><\/div>\n\n<script type=\"text\/javascript\">jQuery(document).ready(function($) {\r\n\t\t\tvar owl = $('#ngg_slideshow35345701');\r\n\t\t\towl.owlCarousel({\r\n\t\t\t\titems: 1,\r\n\t\t\t\tautoHeight: false,\r\n\t            dots: true,\r\n\t            autoplay: true,\r\n\t\t\t\tautoplayTimeout: 3000,\r\n\t\t\t\tautoplayHoverPause: true,\r\n\t\t\t\tanimateIn: 'fadeIn',\r\n\t\t\t\tanimateOut: 'fadeOut',\r\n\t\t\t\tloop: true,\r\n\t\t\t\tmouseDrag: true,\r\n\t\t\t\ttouchDrag: true\r\n\t\t\t});\nowl.click( function () {\r\n                    owl.trigger( 'next.owl.carousel' );\r\n                } );});\n<\/script>\n","protected":false},"excerpt":{"rendered":"<p>\u010clani na\u0161ega dru\u0161tva \u017ee 25 let na veliko soboto rano zjutraj zakurimo ogenj, ki ga g. \u017eupnik blagoslovi in ga &#8220;\u017eegnanega&#8221; ponesemo na domove.<\/p>\n","protected":false},"author":4,"featured_media":0,"parent":606,"menu_order":0,"comment_status":"closed","ping_status":"closed","template":"","meta":{"footnotes":""},"class_list":["post-4570","page","type-page","status-publish","hentry"],"jetpack_sharing_enabled":true,"jetpack_shortlink":"https:\/\/wp.me\/P73nhm-1bI","jetpack-related-posts":[],"_links":{"self":[{"href":"https:\/\/www.kdfjm.si\/index.php?rest_route=\/wp\/v2\/pages\/4570","targetHints":{"allow":["GET"]}}],"collection":[{"href":"https:\/\/www.kdfjm.si\/index.php?rest_route=\/wp\/v2\/pages"}],"about":[{"href":"https:\/\/www.kdfjm.si\/index.php?rest_route=\/wp\/v2\/types\/page"}],"author":[{"embeddable":true,"href":"https:\/\/www.kdfjm.si\/index.php?rest_route=\/wp\/v2\/users\/4"}],"replies":[{"embeddable":true,"href":"https:\/\/www.kdfjm.si\/index.php?rest_route=%2Fwp%2Fv2%2Fcomments&post=4570"}],"version-history":[{"count":1,"href":"https:\/\/www.kdfjm.si\/index.php?rest_route=\/wp\/v2\/pages\/4570\/revisions"}],"predecessor-version":[{"id":4571,"href":"https:\/\/www.kdfjm.si\/index.php?rest_route=\/wp\/v2\/pages\/4570\/revisions\/4571"}],"up":[{"embeddable":true,"href":"https:\/\/www.kdfjm.si\/index.php?rest_route=\/wp\/v2\/pages\/606"}],"wp:attachment":[{"href":"https:\/\/www.kdfjm.si\/index.php?rest_route=%2Fwp%2Fv2%2Fmedia&parent=4570"}],"curies":[{"name":"wp","href":"https:\/\/api.w.org\/{rel}","templated":true}]}}