{"id":4567,"date":"2019-03-06T22:13:58","date_gmt":"2019-03-06T21:13:58","guid":{"rendered":"http:\/\/www.kdfjm.si\/?page_id=4567"},"modified":"2019-03-06T22:13:58","modified_gmt":"2019-03-06T21:13:58","slug":"sticna-diha-v-mengsu","status":"publish","type":"page","link":"https:\/\/www.kdfjm.si\/?page_id=4567","title":{"rendered":"Sti\u010dna diha v Meng\u0161u"},"content":{"rendered":"<p>S postavitvijo odra smo sodelovali na prireditvi Sti\u010dna diha, ki je bila v soboto, 18. februarja 2017 v Meng\u0161u.<\/p>\n<div class=\"slideshow\"><div id=\"ngg_slideshow35045671\" class=\"ngg-slideshow owl-carousel\" style=\"max-width: 500px; max-height: 500px;\"><img data-recalc-dims=\"1\" decoding=\"async\" src=\"https:\/\/i0.wp.com\/www.kdfjm.si\/wp-content\/gallery\/8-februar-kulturni-praznik\/20170218-img_20170218_125902.jpg?ssl=1\" alt=\"cof\" style=\"max-width: 500px; max-height: 500px; width: auto; height:auto; margin:auto\"><img data-recalc-dims=\"1\" decoding=\"async\" src=\"https:\/\/i0.wp.com\/www.kdfjm.si\/wp-content\/gallery\/8-februar-kulturni-praznik\/20170218-img_20170218_130322.jpg?ssl=1\" alt=\"cof\" style=\"max-width: 500px; max-height: 500px; width: auto; height:auto; margin:auto\"><img data-recalc-dims=\"1\" decoding=\"async\" src=\"https:\/\/i0.wp.com\/www.kdfjm.si\/wp-content\/gallery\/8-februar-kulturni-praznik\/2017_sticna_diha_kdfjm_menges_11032017-163524.jpg?ssl=1\" alt=\"mde\" style=\"max-width: 500px; max-height: 500px; width: auto; height:auto; margin:auto\"><img data-recalc-dims=\"1\" decoding=\"async\" src=\"https:\/\/i0.wp.com\/www.kdfjm.si\/wp-content\/gallery\/8-februar-kulturni-praznik\/2017_sticna_diha_kdfjm_menges_11032017-163834.jpg?ssl=1\" alt=\"cof\" style=\"max-width: 500px; max-height: 500px; width: auto; height:auto; margin:auto\"><img data-recalc-dims=\"1\" decoding=\"async\" src=\"https:\/\/i0.wp.com\/www.kdfjm.si\/wp-content\/gallery\/8-februar-kulturni-praznik\/2017_sticna_diha_kdfjm_menges_11032017-205419.jpg?ssl=1\" alt=\"mde\" style=\"max-width: 500px; max-height: 500px; width: auto; height:auto; margin:auto\"><img data-recalc-dims=\"1\" decoding=\"async\" src=\"https:\/\/i0.wp.com\/www.kdfjm.si\/wp-content\/gallery\/8-februar-kulturni-praznik\/2017_sticna_diha_kdfjm_menges_11032017-205911.jpg?ssl=1\" alt=\"mde\" style=\"max-width: 500px; max-height: 500px; width: auto; height:auto; margin:auto\"><\/div><\/div>\n\n<script type=\"text\/javascript\">jQuery(document).ready(function($) {\r\n\t\t\tvar owl = $('#ngg_slideshow35045671');\r\n\t\t\towl.owlCarousel({\r\n\t\t\t\titems: 1,\r\n\t\t\t\tautoHeight: false,\r\n\t            dots: true,\r\n\t            autoplay: true,\r\n\t\t\t\tautoplayTimeout: 3000,\r\n\t\t\t\tautoplayHoverPause: true,\r\n\t\t\t\tanimateIn: 'fadeIn',\r\n\t\t\t\tanimateOut: 'fadeOut',\r\n\t\t\t\tloop: true,\r\n\t\t\t\tmouseDrag: true,\r\n\t\t\t\ttouchDrag: true\r\n\t\t\t});\nowl.click( function () {\r\n                    owl.trigger( 'next.owl.carousel' );\r\n                } );});\n<\/script>\n","protected":false},"excerpt":{"rendered":"<p>S postavitvijo odra smo sodelovali na prireditvi Sti\u010dna diha, ki je bila v soboto, 18. februarja 2017 v Meng\u0161u.<\/p>\n","protected":false},"author":4,"featured_media":0,"parent":606,"menu_order":0,"comment_status":"closed","ping_status":"closed","template":"","meta":{"footnotes":""},"class_list":["post-4567","page","type-page","status-publish","hentry"],"jetpack_sharing_enabled":true,"jetpack_shortlink":"https:\/\/wp.me\/P73nhm-1bF","jetpack-related-posts":[],"_links":{"self":[{"href":"https:\/\/www.kdfjm.si\/index.php?rest_route=\/wp\/v2\/pages\/4567","targetHints":{"allow":["GET"]}}],"collection":[{"href":"https:\/\/www.kdfjm.si\/index.php?rest_route=\/wp\/v2\/pages"}],"about":[{"href":"https:\/\/www.kdfjm.si\/index.php?rest_route=\/wp\/v2\/types\/page"}],"author":[{"embeddable":true,"href":"https:\/\/www.kdfjm.si\/index.php?rest_route=\/wp\/v2\/users\/4"}],"replies":[{"embeddable":true,"href":"https:\/\/www.kdfjm.si\/index.php?rest_route=%2Fwp%2Fv2%2Fcomments&post=4567"}],"version-history":[{"count":1,"href":"https:\/\/www.kdfjm.si\/index.php?rest_route=\/wp\/v2\/pages\/4567\/revisions"}],"predecessor-version":[{"id":4568,"href":"https:\/\/www.kdfjm.si\/index.php?rest_route=\/wp\/v2\/pages\/4567\/revisions\/4568"}],"up":[{"embeddable":true,"href":"https:\/\/www.kdfjm.si\/index.php?rest_route=\/wp\/v2\/pages\/606"}],"wp:attachment":[{"href":"https:\/\/www.kdfjm.si\/index.php?rest_route=%2Fwp%2Fv2%2Fmedia&parent=4567"}],"curies":[{"name":"wp","href":"https:\/\/api.w.org\/{rel}","templated":true}]}}