{"id":4563,"date":"2019-03-06T22:08:53","date_gmt":"2019-03-06T21:08:53","guid":{"rendered":"http:\/\/www.kdfjm.si\/?page_id=4563"},"modified":"2019-03-06T22:08:53","modified_gmt":"2019-03-06T21:08:53","slug":"8-februar-kulturni-praznik","status":"publish","type":"page","link":"https:\/\/www.kdfjm.si\/?page_id=4563","title":{"rendered":"8. februar, kulturni praznik"},"content":{"rendered":"<p>Na predve\u010der kulturnega praznika smo s \u0161palirjem sve\u010d osvetlili pot skozi Menge\u0161.<\/p>\n<p><img data-recalc-dims=\"1\" loading=\"lazy\" decoding=\"async\" data-attachment-id=\"4011\" data-permalink=\"https:\/\/www.kdfjm.si\/?attachment_id=4011\" data-orig-file=\"https:\/\/i0.wp.com\/www.kdfjm.si\/wp-content\/uploads\/2017\/03\/20170207-IMG_20170207_183103.jpg?fit=709%2C945&amp;ssl=1\" data-orig-size=\"709,945\" data-comments-opened=\"0\" data-image-meta=\"{&quot;aperture&quot;:&quot;2.2&quot;,&quot;credit&quot;:&quot;&quot;,&quot;camera&quot;:&quot;FRD-L09&quot;,&quot;caption&quot;:&quot;dig&quot;,&quot;created_timestamp&quot;:&quot;1486492265&quot;,&quot;copyright&quot;:&quot;&quot;,&quot;focal_length&quot;:&quot;4.5&quot;,&quot;iso&quot;:&quot;1250&quot;,&quot;shutter_speed&quot;:&quot;0.058823529411765&quot;,&quot;title&quot;:&quot;dig&quot;,&quot;orientation&quot;:&quot;0&quot;}\" data-image-title=\"dig\" data-image-description=\"\" data-image-caption=\"&lt;p&gt;dig&lt;\/p&gt;\n\" data-large-file=\"https:\/\/i0.wp.com\/www.kdfjm.si\/wp-content\/uploads\/2017\/03\/20170207-IMG_20170207_183103.jpg?fit=709%2C945&amp;ssl=1\" class=\" wp-image-4011\" src=\"https:\/\/i0.wp.com\/www.kdfjm.si\/wp-content\/uploads\/2017\/03\/20170207-IMG_20170207_183103-225x300.jpg?resize=314%2C418\" alt=\"\" width=\"314\" height=\"418\" srcset=\"https:\/\/i0.wp.com\/www.kdfjm.si\/wp-content\/uploads\/2017\/03\/20170207-IMG_20170207_183103.jpg?resize=225%2C300&amp;ssl=1 225w, https:\/\/i0.wp.com\/www.kdfjm.si\/wp-content\/uploads\/2017\/03\/20170207-IMG_20170207_183103.jpg?w=709&amp;ssl=1 709w\" sizes=\"auto, (max-width: 314px) 100vw, 314px\" \/><\/p>\n","protected":false},"excerpt":{"rendered":"<p>Na predve\u010der kulturnega praznika smo s \u0161palirjem sve\u010d osvetlili pot skozi Menge\u0161.<\/p>\n","protected":false},"author":4,"featured_media":0,"parent":606,"menu_order":0,"comment_status":"closed","ping_status":"closed","template":"","meta":{"footnotes":""},"class_list":["post-4563","page","type-page","status-publish","hentry"],"jetpack_sharing_enabled":true,"jetpack_shortlink":"https:\/\/wp.me\/P73nhm-1bB","jetpack-related-posts":[],"_links":{"self":[{"href":"https:\/\/www.kdfjm.si\/index.php?rest_route=\/wp\/v2\/pages\/4563","targetHints":{"allow":["GET"]}}],"collection":[{"href":"https:\/\/www.kdfjm.si\/index.php?rest_route=\/wp\/v2\/pages"}],"about":[{"href":"https:\/\/www.kdfjm.si\/index.php?rest_route=\/wp\/v2\/types\/page"}],"author":[{"embeddable":true,"href":"https:\/\/www.kdfjm.si\/index.php?rest_route=\/wp\/v2\/users\/4"}],"replies":[{"embeddable":true,"href":"https:\/\/www.kdfjm.si\/index.php?rest_route=%2Fwp%2Fv2%2Fcomments&post=4563"}],"version-history":[{"count":1,"href":"https:\/\/www.kdfjm.si\/index.php?rest_route=\/wp\/v2\/pages\/4563\/revisions"}],"predecessor-version":[{"id":4565,"href":"https:\/\/www.kdfjm.si\/index.php?rest_route=\/wp\/v2\/pages\/4563\/revisions\/4565"}],"up":[{"embeddable":true,"href":"https:\/\/www.kdfjm.si\/index.php?rest_route=\/wp\/v2\/pages\/606"}],"wp:attachment":[{"href":"https:\/\/www.kdfjm.si\/index.php?rest_route=%2Fwp%2Fv2%2Fmedia&parent=4563"}],"curies":[{"name":"wp","href":"https:\/\/api.w.org\/{rel}","templated":true}]}}