{"id":4560,"date":"2019-03-06T22:05:33","date_gmt":"2019-03-06T21:05:33","guid":{"rendered":"http:\/\/www.kdfjm.si\/?page_id=4560"},"modified":"2019-03-06T22:05:57","modified_gmt":"2019-03-06T21:05:57","slug":"svecnica-2017","status":"publish","type":"page","link":"https:\/\/www.kdfjm.si\/?page_id=4560","title":{"rendered":"Sve\u010dnica 2017"},"content":{"rendered":"<p>Na sve\u010dnico, 2. februarja 2017 smo s postavljenim \u0161palirjem sve\u010d osvetlili okolico cerkve.<\/p>\n<div class=\"slideshow\"><div id=\"ngg_slideshow34945601\" class=\"ngg-slideshow owl-carousel\" style=\"max-width: 500px; max-height: 500px;\"><img data-recalc-dims=\"1\" decoding=\"async\" src=\"https:\/\/i0.wp.com\/www.kdfjm.si\/wp-content\/gallery\/svecnica-2017\/20170202-img_20170202_185305.jpg?ssl=1\" alt=\"mde\" style=\"max-width: 500px; max-height: 500px; width: auto; height:auto; margin:auto\"><img data-recalc-dims=\"1\" decoding=\"async\" src=\"https:\/\/i0.wp.com\/www.kdfjm.si\/wp-content\/gallery\/svecnica-2017\/svecnica_kdfjm_2017_menges-2277.jpg?ssl=1\" alt=\"svecnica_kdfjm_2017_menges-2277\" style=\"max-width: 500px; max-height: 500px; width: auto; height:auto; margin:auto\"><img data-recalc-dims=\"1\" decoding=\"async\" src=\"https:\/\/i0.wp.com\/www.kdfjm.si\/wp-content\/gallery\/svecnica-2017\/svecnica_kdfjm_2017_menges-2279.jpg?ssl=1\" alt=\"svecnica_kdfjm_2017_menges-2279\" style=\"max-width: 500px; max-height: 500px; width: auto; height:auto; margin:auto\"><img data-recalc-dims=\"1\" decoding=\"async\" src=\"https:\/\/i0.wp.com\/www.kdfjm.si\/wp-content\/gallery\/svecnica-2017\/svecnica_kdfjm_2017_menges-2283.jpg?ssl=1\" alt=\"svecnica_kdfjm_2017_menges-2283\" style=\"max-width: 500px; max-height: 500px; width: auto; height:auto; margin:auto\"><img data-recalc-dims=\"1\" decoding=\"async\" src=\"https:\/\/i0.wp.com\/www.kdfjm.si\/wp-content\/gallery\/svecnica-2017\/svecnica_kdfjm_2017_menges-2290.jpg?ssl=1\" alt=\"svecnica_kdfjm_2017_menges-2290\" style=\"max-width: 500px; max-height: 500px; width: auto; height:auto; margin:auto\"><img data-recalc-dims=\"1\" decoding=\"async\" src=\"https:\/\/i0.wp.com\/www.kdfjm.si\/wp-content\/gallery\/svecnica-2017\/svecnica_kdfjm_2017_menges-2294.jpg?ssl=1\" alt=\"svecnica_kdfjm_2017_menges-2294\" style=\"max-width: 500px; max-height: 500px; width: auto; height:auto; margin:auto\"><img data-recalc-dims=\"1\" decoding=\"async\" src=\"https:\/\/i0.wp.com\/www.kdfjm.si\/wp-content\/gallery\/svecnica-2017\/svecnica_kdfjm_2017_menges-2299.jpg?ssl=1\" alt=\"svecnica_kdfjm_2017_menges-2299\" style=\"max-width: 500px; max-height: 500px; width: auto; height:auto; margin:auto\"><img data-recalc-dims=\"1\" decoding=\"async\" src=\"https:\/\/i0.wp.com\/www.kdfjm.si\/wp-content\/gallery\/svecnica-2017\/svecnica_kdfjm_2017_menges-2306.jpg?ssl=1\" alt=\"svecnica_kdfjm_2017_menges-2306\" style=\"max-width: 500px; max-height: 500px; width: auto; height:auto; margin:auto\"><img data-recalc-dims=\"1\" decoding=\"async\" src=\"https:\/\/i0.wp.com\/www.kdfjm.si\/wp-content\/gallery\/svecnica-2017\/svecnica_kdfjm_2017_menges-2318.jpg?ssl=1\" alt=\"svecnica_kdfjm_2017_menges-2318\" style=\"max-width: 500px; max-height: 500px; width: auto; height:auto; margin:auto\"><img data-recalc-dims=\"1\" decoding=\"async\" src=\"https:\/\/i0.wp.com\/www.kdfjm.si\/wp-content\/gallery\/svecnica-2017\/svecnica_kdfjm_2017_menges-2323.jpg?ssl=1\" alt=\"svecnica_kdfjm_2017_menges-2323\" style=\"max-width: 500px; max-height: 500px; width: auto; height:auto; margin:auto\"><img data-recalc-dims=\"1\" decoding=\"async\" src=\"https:\/\/i0.wp.com\/www.kdfjm.si\/wp-content\/gallery\/svecnica-2017\/svecnica_kdfjm_2017_menges-2324.jpg?ssl=1\" alt=\"svecnica_kdfjm_2017_menges-2324\" style=\"max-width: 500px; max-height: 500px; width: auto; height:auto; margin:auto\"><img data-recalc-dims=\"1\" decoding=\"async\" src=\"https:\/\/i0.wp.com\/www.kdfjm.si\/wp-content\/gallery\/svecnica-2017\/svecnica_kdfjm_2017_menges-2332.jpg?ssl=1\" alt=\"svecnica_kdfjm_2017_menges-2332\" style=\"max-width: 500px; max-height: 500px; width: auto; height:auto; margin:auto\"><img data-recalc-dims=\"1\" decoding=\"async\" src=\"https:\/\/i0.wp.com\/www.kdfjm.si\/wp-content\/gallery\/svecnica-2017\/svecnica_kdfjm_2017_menges-2340.jpg?ssl=1\" alt=\"svecnica_kdfjm_2017_menges-2340\" style=\"max-width: 500px; max-height: 500px; width: auto; height:auto; margin:auto\"><img data-recalc-dims=\"1\" decoding=\"async\" src=\"https:\/\/i0.wp.com\/www.kdfjm.si\/wp-content\/gallery\/svecnica-2017\/svecnica_kdfjm_2017_menges-2353.jpg?ssl=1\" alt=\"svecnica_kdfjm_2017_menges-2353\" style=\"max-width: 500px; max-height: 500px; width: auto; height:auto; margin:auto\"><\/div><\/div>\n\n<script type=\"text\/javascript\">jQuery(document).ready(function($) {\r\n\t\t\tvar owl = $('#ngg_slideshow34945601');\r\n\t\t\towl.owlCarousel({\r\n\t\t\t\titems: 1,\r\n\t\t\t\tautoHeight: false,\r\n\t            dots: true,\r\n\t            autoplay: true,\r\n\t\t\t\tautoplayTimeout: 3000,\r\n\t\t\t\tautoplayHoverPause: true,\r\n\t\t\t\tanimateIn: 'fadeIn',\r\n\t\t\t\tanimateOut: 'fadeOut',\r\n\t\t\t\tloop: true,\r\n\t\t\t\tmouseDrag: true,\r\n\t\t\t\ttouchDrag: true\r\n\t\t\t});\nowl.click( function () {\r\n                    owl.trigger( 'next.owl.carousel' );\r\n                } );});\n<\/script>\n","protected":false},"excerpt":{"rendered":"<p>Na sve\u010dnico, 2. februarja 2017 smo s postavljenim \u0161palirjem sve\u010d osvetlili okolico cerkve.<\/p>\n","protected":false},"author":4,"featured_media":0,"parent":606,"menu_order":0,"comment_status":"closed","ping_status":"closed","template":"","meta":{"footnotes":""},"class_list":["post-4560","page","type-page","status-publish","hentry"],"jetpack_sharing_enabled":true,"jetpack_shortlink":"https:\/\/wp.me\/P73nhm-1by","jetpack-related-posts":[],"_links":{"self":[{"href":"https:\/\/www.kdfjm.si\/index.php?rest_route=\/wp\/v2\/pages\/4560","targetHints":{"allow":["GET"]}}],"collection":[{"href":"https:\/\/www.kdfjm.si\/index.php?rest_route=\/wp\/v2\/pages"}],"about":[{"href":"https:\/\/www.kdfjm.si\/index.php?rest_route=\/wp\/v2\/types\/page"}],"author":[{"embeddable":true,"href":"https:\/\/www.kdfjm.si\/index.php?rest_route=\/wp\/v2\/users\/4"}],"replies":[{"embeddable":true,"href":"https:\/\/www.kdfjm.si\/index.php?rest_route=%2Fwp%2Fv2%2Fcomments&post=4560"}],"version-history":[{"count":1,"href":"https:\/\/www.kdfjm.si\/index.php?rest_route=\/wp\/v2\/pages\/4560\/revisions"}],"predecessor-version":[{"id":4561,"href":"https:\/\/www.kdfjm.si\/index.php?rest_route=\/wp\/v2\/pages\/4560\/revisions\/4561"}],"up":[{"embeddable":true,"href":"https:\/\/www.kdfjm.si\/index.php?rest_route=\/wp\/v2\/pages\/606"}],"wp:attachment":[{"href":"https:\/\/www.kdfjm.si\/index.php?rest_route=%2Fwp%2Fv2%2Fmedia&parent=4560"}],"curies":[{"name":"wp","href":"https:\/\/api.w.org\/{rel}","templated":true}]}}