{"id":4557,"date":"2019-03-06T22:02:46","date_gmt":"2019-03-06T21:02:46","guid":{"rendered":"http:\/\/www.kdfjm.si\/?page_id=4557"},"modified":"2019-03-06T22:02:46","modified_gmt":"2019-03-06T21:02:46","slug":"ta-veseli-dan-kulture","status":"publish","type":"page","link":"https:\/\/www.kdfjm.si\/?page_id=4557","title":{"rendered":"Ta veseli dan kulture"},"content":{"rendered":"<p>Na ta veseli dan kulture, 3. decembra 2016 smo izdali <a href=\"http:\/\/www.kdfjm.si\/wp-content\/uploads\/2016\/12\/FrancJelovsekSvRozalijeKDFJMFotoMonografija7del2016splet.pdf\"><strong>7. del Fotote\u010dne monografije<\/strong><\/a> fresk Franca Jelov\u0161ka iz cerkve sv. Rozalije v Zlate\u010dah pri \u0160entjurju\u00a0in kartice Meng\u0161a.<\/p>\n<div class=\"slideshow\"><div id=\"ngg_slideshow34445571\" class=\"ngg-slideshow owl-carousel\" style=\"max-width: 500px; max-height: 500px;\"><img data-recalc-dims=\"1\" decoding=\"async\" src=\"https:\/\/i0.wp.com\/www.kdfjm.si\/wp-content\/gallery\/kartice-mengsa-2016\/kartice_mengsa_kdfjm_2016-8810.jpg?ssl=1\" alt=\"kartice_mengsa_kdfjm_2016-8810\" style=\"max-width: 500px; max-height: 500px; width: auto; height:auto; margin:auto\"><img data-recalc-dims=\"1\" decoding=\"async\" src=\"https:\/\/i0.wp.com\/www.kdfjm.si\/wp-content\/gallery\/kartice-mengsa-2016\/kartice_mengsa_kdfjm_2016-8814.jpg?ssl=1\" alt=\"kartice_mengsa_kdfjm_2016-8814\" style=\"max-width: 500px; max-height: 500px; width: auto; height:auto; margin:auto\"><img data-recalc-dims=\"1\" decoding=\"async\" src=\"https:\/\/i0.wp.com\/www.kdfjm.si\/wp-content\/gallery\/kartice-mengsa-2016\/taveselidankulture2016.jpg?ssl=1\" alt=\"taveselidankulture2016\" style=\"max-width: 500px; max-height: 500px; width: auto; height:auto; margin:auto\"><\/div><\/div>\n\n<script type=\"text\/javascript\">jQuery(document).ready(function($) {\r\n\t\t\tvar owl = $('#ngg_slideshow34445571');\r\n\t\t\towl.owlCarousel({\r\n\t\t\t\titems: 1,\r\n\t\t\t\tautoHeight: false,\r\n\t            dots: true,\r\n\t            autoplay: true,\r\n\t\t\t\tautoplayTimeout: 3000,\r\n\t\t\t\tautoplayHoverPause: true,\r\n\t\t\t\tanimateIn: 'fadeIn',\r\n\t\t\t\tanimateOut: 'fadeOut',\r\n\t\t\t\tloop: true,\r\n\t\t\t\tmouseDrag: true,\r\n\t\t\t\ttouchDrag: true\r\n\t\t\t});\nowl.click( function () {\r\n                    owl.trigger( 'next.owl.carousel' );\r\n                } );});\n<\/script>\n","protected":false},"excerpt":{"rendered":"<p>Na ta veseli dan kulture, 3. decembra 2016 smo izdali 7. del Fotote\u010dne monografije fresk Franca Jelov\u0161ka iz cerkve sv. Rozalije v Zlate\u010dah pri \u0160entjurju\u00a0in kartice Meng\u0161a.<\/p>\n","protected":false},"author":4,"featured_media":0,"parent":606,"menu_order":0,"comment_status":"closed","ping_status":"closed","template":"","meta":{"footnotes":""},"class_list":["post-4557","page","type-page","status-publish","hentry"],"jetpack_sharing_enabled":true,"jetpack_shortlink":"https:\/\/wp.me\/P73nhm-1bv","jetpack-related-posts":[],"_links":{"self":[{"href":"https:\/\/www.kdfjm.si\/index.php?rest_route=\/wp\/v2\/pages\/4557","targetHints":{"allow":["GET"]}}],"collection":[{"href":"https:\/\/www.kdfjm.si\/index.php?rest_route=\/wp\/v2\/pages"}],"about":[{"href":"https:\/\/www.kdfjm.si\/index.php?rest_route=\/wp\/v2\/types\/page"}],"author":[{"embeddable":true,"href":"https:\/\/www.kdfjm.si\/index.php?rest_route=\/wp\/v2\/users\/4"}],"replies":[{"embeddable":true,"href":"https:\/\/www.kdfjm.si\/index.php?rest_route=%2Fwp%2Fv2%2Fcomments&post=4557"}],"version-history":[{"count":1,"href":"https:\/\/www.kdfjm.si\/index.php?rest_route=\/wp\/v2\/pages\/4557\/revisions"}],"predecessor-version":[{"id":4558,"href":"https:\/\/www.kdfjm.si\/index.php?rest_route=\/wp\/v2\/pages\/4557\/revisions\/4558"}],"up":[{"embeddable":true,"href":"https:\/\/www.kdfjm.si\/index.php?rest_route=\/wp\/v2\/pages\/606"}],"wp:attachment":[{"href":"https:\/\/www.kdfjm.si\/index.php?rest_route=%2Fwp%2Fv2%2Fmedia&parent=4557"}],"curies":[{"name":"wp","href":"https:\/\/api.w.org\/{rel}","templated":true}]}}