{"id":4554,"date":"2019-03-06T22:00:25","date_gmt":"2019-03-06T21:00:25","guid":{"rendered":"http:\/\/www.kdfjm.si\/?page_id=4554"},"modified":"2019-03-06T22:00:25","modified_gmt":"2019-03-06T21:00:25","slug":"razstava-novih-mozaikov","status":"publish","type":"page","link":"https:\/\/www.kdfjm.si\/?page_id=4554","title":{"rendered":"Razstava novih mozaikov"},"content":{"rendered":"<p>Za 1. \u0161olski dan v letu 2016 v Galeriji Menge\u0161, na plo\u010dnikih, razstavljamo devet novih mozaikov, ki so bili izdelani v \u010dasu oratorija.<\/p>\n<div class=\"slideshow\"><div id=\"ngg_slideshow33845541\" class=\"ngg-slideshow owl-carousel\" style=\"max-width: 500px; max-height: 500px;\"><img data-recalc-dims=\"1\" decoding=\"async\" src=\"https:\/\/i0.wp.com\/www.kdfjm.si\/wp-content\/gallery\/razstava-novih-mozaikov-za-1-solski-dan-2016\/20080913-tap_5262.jpg?ssl=1\" alt=\"20080913-tap_5262\" style=\"max-width: 500px; max-height: 500px; width: auto; height:auto; margin:auto\"><img data-recalc-dims=\"1\" decoding=\"async\" src=\"https:\/\/i0.wp.com\/www.kdfjm.si\/wp-content\/gallery\/razstava-novih-mozaikov-za-1-solski-dan-2016\/20080913-tap_5264.jpg?ssl=1\" alt=\"20080913-tap_5264\" style=\"max-width: 500px; max-height: 500px; width: auto; height:auto; margin:auto\"><img data-recalc-dims=\"1\" decoding=\"async\" src=\"https:\/\/i0.wp.com\/www.kdfjm.si\/wp-content\/gallery\/razstava-novih-mozaikov-za-1-solski-dan-2016\/20080913-tap_5265.jpg?ssl=1\" alt=\"20080913-tap_5265\" style=\"max-width: 500px; max-height: 500px; width: auto; height:auto; margin:auto\"><img data-recalc-dims=\"1\" decoding=\"async\" src=\"https:\/\/i0.wp.com\/www.kdfjm.si\/wp-content\/gallery\/razstava-novih-mozaikov-za-1-solski-dan-2016\/20080913-tap_5266.jpg?ssl=1\" alt=\"20080913-tap_5266\" style=\"max-width: 500px; max-height: 500px; width: auto; height:auto; margin:auto\"><img data-recalc-dims=\"1\" decoding=\"async\" src=\"https:\/\/i0.wp.com\/www.kdfjm.si\/wp-content\/gallery\/razstava-novih-mozaikov-za-1-solski-dan-2016\/20080913-tap_5267.jpg?ssl=1\" alt=\"20080913-tap_5267\" style=\"max-width: 500px; max-height: 500px; width: auto; height:auto; margin:auto\"><img data-recalc-dims=\"1\" decoding=\"async\" src=\"https:\/\/i0.wp.com\/www.kdfjm.si\/wp-content\/gallery\/razstava-novih-mozaikov-za-1-solski-dan-2016\/20080913-tap_5268.jpg?ssl=1\" alt=\"20080913-tap_5268\" style=\"max-width: 500px; max-height: 500px; width: auto; height:auto; margin:auto\"><img data-recalc-dims=\"1\" decoding=\"async\" src=\"https:\/\/i0.wp.com\/www.kdfjm.si\/wp-content\/gallery\/razstava-novih-mozaikov-za-1-solski-dan-2016\/20080913-tap_5269.jpg?ssl=1\" alt=\"20080913-tap_5269\" style=\"max-width: 500px; max-height: 500px; width: auto; height:auto; margin:auto\"><img data-recalc-dims=\"1\" decoding=\"async\" src=\"https:\/\/i0.wp.com\/www.kdfjm.si\/wp-content\/gallery\/razstava-novih-mozaikov-za-1-solski-dan-2016\/20080913-tap_5271.jpg?ssl=1\" alt=\"20080913-tap_5271\" style=\"max-width: 500px; max-height: 500px; width: auto; height:auto; margin:auto\"><\/div><\/div>\n\n<script type=\"text\/javascript\">jQuery(document).ready(function($) {\r\n\t\t\tvar owl = $('#ngg_slideshow33845541');\r\n\t\t\towl.owlCarousel({\r\n\t\t\t\titems: 1,\r\n\t\t\t\tautoHeight: false,\r\n\t            dots: true,\r\n\t            autoplay: true,\r\n\t\t\t\tautoplayTimeout: 3000,\r\n\t\t\t\tautoplayHoverPause: true,\r\n\t\t\t\tanimateIn: 'fadeIn',\r\n\t\t\t\tanimateOut: 'fadeOut',\r\n\t\t\t\tloop: true,\r\n\t\t\t\tmouseDrag: true,\r\n\t\t\t\ttouchDrag: true\r\n\t\t\t});\nowl.click( function () {\r\n                    owl.trigger( 'next.owl.carousel' );\r\n                } );});\n<\/script>\n","protected":false},"excerpt":{"rendered":"<p>Za 1. \u0161olski dan v letu 2016 v Galeriji Menge\u0161, na plo\u010dnikih, razstavljamo devet novih mozaikov, ki so bili izdelani v \u010dasu oratorija.<\/p>\n","protected":false},"author":4,"featured_media":0,"parent":166,"menu_order":0,"comment_status":"closed","ping_status":"closed","template":"","meta":{"footnotes":""},"class_list":["post-4554","page","type-page","status-publish","hentry"],"jetpack_sharing_enabled":true,"jetpack_shortlink":"https:\/\/wp.me\/P73nhm-1bs","jetpack-related-posts":[],"_links":{"self":[{"href":"https:\/\/www.kdfjm.si\/index.php?rest_route=\/wp\/v2\/pages\/4554","targetHints":{"allow":["GET"]}}],"collection":[{"href":"https:\/\/www.kdfjm.si\/index.php?rest_route=\/wp\/v2\/pages"}],"about":[{"href":"https:\/\/www.kdfjm.si\/index.php?rest_route=\/wp\/v2\/types\/page"}],"author":[{"embeddable":true,"href":"https:\/\/www.kdfjm.si\/index.php?rest_route=\/wp\/v2\/users\/4"}],"replies":[{"embeddable":true,"href":"https:\/\/www.kdfjm.si\/index.php?rest_route=%2Fwp%2Fv2%2Fcomments&post=4554"}],"version-history":[{"count":1,"href":"https:\/\/www.kdfjm.si\/index.php?rest_route=\/wp\/v2\/pages\/4554\/revisions"}],"predecessor-version":[{"id":4555,"href":"https:\/\/www.kdfjm.si\/index.php?rest_route=\/wp\/v2\/pages\/4554\/revisions\/4555"}],"up":[{"embeddable":true,"href":"https:\/\/www.kdfjm.si\/index.php?rest_route=\/wp\/v2\/pages\/166"}],"wp:attachment":[{"href":"https:\/\/www.kdfjm.si\/index.php?rest_route=%2Fwp%2Fv2%2Fmedia&parent=4554"}],"curies":[{"name":"wp","href":"https:\/\/api.w.org\/{rel}","templated":true}]}}