{"id":4545,"date":"2019-03-06T21:42:39","date_gmt":"2019-03-06T20:42:39","guid":{"rendered":"http:\/\/www.kdfjm.si\/?page_id=4545"},"modified":"2019-03-06T21:53:46","modified_gmt":"2019-03-06T20:53:46","slug":"camera-lucida","status":"publish","type":"page","link":"https:\/\/www.kdfjm.si\/?page_id=4545","title":{"rendered":"Camera lucida"},"content":{"rendered":"<div>Vljudno vas in va\u0161e prijatelje vabimo na odprtje fotografske razstave \u010dlanov Kulturnega dru\u0161tva Franca Jelov\u0161ka Menge\u0161 z naslovom Camera lucida v petek, 26. avgusta 2016 ob 18.00 h Galeriji CikCak na Trdinov trg 5 v Menge\u0161.<\/div>\n<div>Razstava bo na ogled do odprtja naslednje razstave.<\/div>\n<div><div class=\"slideshow\"><div id=\"ngg_slideshow33445451\" class=\"ngg-slideshow owl-carousel\" style=\"max-width: 500px; max-height: 500px;\"><img data-recalc-dims=\"1\" decoding=\"async\" src=\"https:\/\/i0.wp.com\/www.kdfjm.si\/wp-content\/gallery\/camera-lucida-razstava-fotografij\/coradovljicakdfjm112015-0940mala.jpg?ssl=1\" alt=\"coradovljicakdfjm112015-0940mala\" style=\"max-width: 500px; max-height: 500px; width: auto; height:auto; margin:auto\"><img data-recalc-dims=\"1\" decoding=\"async\" src=\"https:\/\/i0.wp.com\/www.kdfjm.si\/wp-content\/gallery\/camera-lucida-razstava-fotografij\/dovje20151216-pet_3374mala.jpg?ssl=1\" alt=\"dovje20151216-pet_3374mala\" style=\"max-width: 500px; max-height: 500px; width: auto; height:auto; margin:auto\"><\/div><\/div>\n\n<script type=\"text\/javascript\">jQuery(document).ready(function($) {\r\n\t\t\tvar owl = $('#ngg_slideshow33445451');\r\n\t\t\towl.owlCarousel({\r\n\t\t\t\titems: 1,\r\n\t\t\t\tautoHeight: false,\r\n\t            dots: true,\r\n\t            autoplay: true,\r\n\t\t\t\tautoplayTimeout: 3000,\r\n\t\t\t\tautoplayHoverPause: true,\r\n\t\t\t\tanimateIn: 'fadeIn',\r\n\t\t\t\tanimateOut: 'fadeOut',\r\n\t\t\t\tloop: true,\r\n\t\t\t\tmouseDrag: true,\r\n\t\t\t\ttouchDrag: true\r\n\t\t\t});\nowl.click( function () {\r\n                    owl.trigger( 'next.owl.carousel' );\r\n                } );});\n<\/script><\/div>\n<div><div class=\"slideshow\"><div id=\"ngg_slideshow33545453\" class=\"ngg-slideshow owl-carousel\" style=\"max-width: 500px; max-height: 500px;\"><img data-recalc-dims=\"1\" decoding=\"async\" src=\"https:\/\/i0.wp.com\/www.kdfjm.si\/wp-content\/gallery\/odprtje-razstave-camera-lucida\/20160826-pet_3240.jpg?ssl=1\" alt=\"20160826-pet_3240\" style=\"max-width: 500px; max-height: 500px; width: auto; height:auto; margin:auto\"><img data-recalc-dims=\"1\" decoding=\"async\" src=\"https:\/\/i0.wp.com\/www.kdfjm.si\/wp-content\/gallery\/odprtje-razstave-camera-lucida\/20160826-pet_3247.jpg?ssl=1\" alt=\"20160826-pet_3247\" style=\"max-width: 500px; max-height: 500px; width: auto; height:auto; margin:auto\"><img data-recalc-dims=\"1\" decoding=\"async\" src=\"https:\/\/i0.wp.com\/www.kdfjm.si\/wp-content\/gallery\/odprtje-razstave-camera-lucida\/20160826-pet_3260.jpg?ssl=1\" alt=\"20160826-pet_3260\" style=\"max-width: 500px; max-height: 500px; width: auto; height:auto; margin:auto\"><img data-recalc-dims=\"1\" decoding=\"async\" src=\"https:\/\/i0.wp.com\/www.kdfjm.si\/wp-content\/gallery\/odprtje-razstave-camera-lucida\/20160826-pet_3270.jpg?ssl=1\" alt=\"20160826-pet_3270\" style=\"max-width: 500px; max-height: 500px; width: auto; height:auto; margin:auto\"><img data-recalc-dims=\"1\" decoding=\"async\" src=\"https:\/\/i0.wp.com\/www.kdfjm.si\/wp-content\/gallery\/odprtje-razstave-camera-lucida\/20160826-pet_3273.jpg?ssl=1\" alt=\"20160826-pet_3273\" style=\"max-width: 500px; max-height: 500px; width: auto; height:auto; margin:auto\"><img data-recalc-dims=\"1\" decoding=\"async\" src=\"https:\/\/i0.wp.com\/www.kdfjm.si\/wp-content\/gallery\/odprtje-razstave-camera-lucida\/20160826-pet_3274.jpg?ssl=1\" alt=\"20160826-pet_3274\" style=\"max-width: 500px; max-height: 500px; width: auto; height:auto; margin:auto\"><img data-recalc-dims=\"1\" decoding=\"async\" src=\"https:\/\/i0.wp.com\/www.kdfjm.si\/wp-content\/gallery\/odprtje-razstave-camera-lucida\/20160826-pet_3275.jpg?ssl=1\" alt=\"20160826-pet_3275\" style=\"max-width: 500px; max-height: 500px; width: auto; height:auto; margin:auto\"><img data-recalc-dims=\"1\" decoding=\"async\" src=\"https:\/\/i0.wp.com\/www.kdfjm.si\/wp-content\/gallery\/odprtje-razstave-camera-lucida\/20160826-pet_3286.jpg?ssl=1\" alt=\"20160826-pet_3286\" style=\"max-width: 500px; max-height: 500px; width: auto; height:auto; margin:auto\"><img data-recalc-dims=\"1\" decoding=\"async\" src=\"https:\/\/i0.wp.com\/www.kdfjm.si\/wp-content\/gallery\/odprtje-razstave-camera-lucida\/20160826-pet_3291.jpg?ssl=1\" alt=\"20160826-pet_3291\" style=\"max-width: 500px; max-height: 500px; width: auto; height:auto; margin:auto\"><img data-recalc-dims=\"1\" decoding=\"async\" src=\"https:\/\/i0.wp.com\/www.kdfjm.si\/wp-content\/gallery\/odprtje-razstave-camera-lucida\/20160826-pet_3296.jpg?ssl=1\" alt=\"20160826-pet_3296\" style=\"max-width: 500px; max-height: 500px; width: auto; height:auto; margin:auto\"><\/div><\/div>\n\n<script type=\"text\/javascript\">jQuery(document).ready(function($) {\r\n\t\t\tvar owl = $('#ngg_slideshow33545453');\r\n\t\t\towl.owlCarousel({\r\n\t\t\t\titems: 1,\r\n\t\t\t\tautoHeight: false,\r\n\t            dots: true,\r\n\t            autoplay: true,\r\n\t\t\t\tautoplayTimeout: 3000,\r\n\t\t\t\tautoplayHoverPause: true,\r\n\t\t\t\tanimateIn: 'fadeIn',\r\n\t\t\t\tanimateOut: 'fadeOut',\r\n\t\t\t\tloop: true,\r\n\t\t\t\tmouseDrag: true,\r\n\t\t\t\ttouchDrag: true\r\n\t\t\t});\nowl.click( function () {\r\n                    owl.trigger( 'next.owl.carousel' );\r\n                } );});\n<\/script><\/div>\n","protected":false},"excerpt":{"rendered":"<p>Vljudno vas in va\u0161e prijatelje vabimo na odprtje fotografske razstave \u010dlanov Kulturnega dru\u0161tva Franca Jelov\u0161ka Menge\u0161 z naslovom Camera lucida v petek, 26. avgusta 2016 ob 18.00 h Galeriji CikCak na Trdinov trg 5 v Menge\u0161. Razstava bo na ogled do odprtja naslednje razstave.<\/p>\n","protected":false},"author":4,"featured_media":0,"parent":448,"menu_order":0,"comment_status":"closed","ping_status":"closed","template":"","meta":{"footnotes":""},"class_list":["post-4545","page","type-page","status-publish","hentry"],"jetpack_sharing_enabled":true,"jetpack_shortlink":"https:\/\/wp.me\/P73nhm-1bj","jetpack-related-posts":[],"_links":{"self":[{"href":"https:\/\/www.kdfjm.si\/index.php?rest_route=\/wp\/v2\/pages\/4545","targetHints":{"allow":["GET"]}}],"collection":[{"href":"https:\/\/www.kdfjm.si\/index.php?rest_route=\/wp\/v2\/pages"}],"about":[{"href":"https:\/\/www.kdfjm.si\/index.php?rest_route=\/wp\/v2\/types\/page"}],"author":[{"embeddable":true,"href":"https:\/\/www.kdfjm.si\/index.php?rest_route=\/wp\/v2\/users\/4"}],"replies":[{"embeddable":true,"href":"https:\/\/www.kdfjm.si\/index.php?rest_route=%2Fwp%2Fv2%2Fcomments&post=4545"}],"version-history":[{"count":2,"href":"https:\/\/www.kdfjm.si\/index.php?rest_route=\/wp\/v2\/pages\/4545\/revisions"}],"predecessor-version":[{"id":4553,"href":"https:\/\/www.kdfjm.si\/index.php?rest_route=\/wp\/v2\/pages\/4545\/revisions\/4553"}],"up":[{"embeddable":true,"href":"https:\/\/www.kdfjm.si\/index.php?rest_route=\/wp\/v2\/pages\/448"}],"wp:attachment":[{"href":"https:\/\/www.kdfjm.si\/index.php?rest_route=%2Fwp%2Fv2%2Fmedia&parent=4545"}],"curies":[{"name":"wp","href":"https:\/\/api.w.org\/{rel}","templated":true}]}}