{"id":4541,"date":"2019-03-06T21:40:27","date_gmt":"2019-03-06T20:40:27","guid":{"rendered":"http:\/\/www.kdfjm.si\/?page_id=4541"},"modified":"2019-03-06T21:55:55","modified_gmt":"2019-03-06T20:55:55","slug":"obiranje-hmelja","status":"publish","type":"page","link":"https:\/\/www.kdfjm.si\/?page_id=4541","title":{"rendered":"Obiranje hmelja"},"content":{"rendered":"<div>Vas in va\u0161e prijatelje vabimo na slovesno obiranje hmelja v soboto, 27. avgusta 2016 od 17. ure dalje na dru\u0161tveno dvori\u0161\u010de pri \u0160u\u0161tar\u0161i\u010devi hi\u0161i na Trdinovem trgu 4b v Meng\u0161u. Z dru\u017eenjem ob obiranju hmelja nadaljujemo zgodbo o najdbi najstarej\u0161ega piva v celinski Evropi, ki ga hrani Mestni muzej Menge\u0161, in postopoma obujamo nekdanjo kulturo doma\u010dega pivovarstva.<\/div>\n<div>Mestni muzej Menge\u0161 in Kulturno dru\u0161tvo Franca Jelov\u0161ka Menge\u0161<\/div>\n<div><img data-recalc-dims=\"1\" loading=\"lazy\" decoding=\"async\" data-attachment-id=\"3899\" data-permalink=\"https:\/\/www.kdfjm.si\/?attachment_id=3899\" data-orig-file=\"https:\/\/i0.wp.com\/www.kdfjm.si\/wp-content\/uploads\/2016\/08\/PlakatHMELJ082016MmMKDFJM.jpg?fit=842%2C1191&amp;ssl=1\" data-orig-size=\"842,1191\" data-comments-opened=\"0\" data-image-meta=\"{&quot;aperture&quot;:&quot;0&quot;,&quot;credit&quot;:&quot;&quot;,&quot;camera&quot;:&quot;&quot;,&quot;caption&quot;:&quot;&quot;,&quot;created_timestamp&quot;:&quot;0&quot;,&quot;copyright&quot;:&quot;&quot;,&quot;focal_length&quot;:&quot;0&quot;,&quot;iso&quot;:&quot;0&quot;,&quot;shutter_speed&quot;:&quot;0&quot;,&quot;title&quot;:&quot;&quot;,&quot;orientation&quot;:&quot;0&quot;}\" data-image-title=\"PlakatHMELJ082016MmMKDFJM\" data-image-description=\"\" data-image-caption=\"\" data-large-file=\"https:\/\/i0.wp.com\/www.kdfjm.si\/wp-content\/uploads\/2016\/08\/PlakatHMELJ082016MmMKDFJM.jpg?fit=724%2C1024&amp;ssl=1\" class=\"aligncenter wp-image-3899\" src=\"https:\/\/i0.wp.com\/www.kdfjm.si\/wp-content\/uploads\/2016\/08\/PlakatHMELJ082016MmMKDFJM-212x300.jpg?resize=244%2C345\" alt=\"PlakatHMELJ082016MmMKDFJM\" width=\"244\" height=\"345\" srcset=\"https:\/\/i0.wp.com\/www.kdfjm.si\/wp-content\/uploads\/2016\/08\/PlakatHMELJ082016MmMKDFJM.jpg?resize=212%2C300&amp;ssl=1 212w, https:\/\/i0.wp.com\/www.kdfjm.si\/wp-content\/uploads\/2016\/08\/PlakatHMELJ082016MmMKDFJM.jpg?resize=724%2C1024&amp;ssl=1 724w, https:\/\/i0.wp.com\/www.kdfjm.si\/wp-content\/uploads\/2016\/08\/PlakatHMELJ082016MmMKDFJM.jpg?w=842&amp;ssl=1 842w\" sizes=\"auto, (max-width: 244px) 100vw, 244px\" \/><\/div>\n<div><div class=\"slideshow\"><div id=\"ngg_slideshow33745411\" class=\"ngg-slideshow owl-carousel\" style=\"max-width: 500px; max-height: 500px;\"><img data-recalc-dims=\"1\" decoding=\"async\" src=\"https:\/\/i0.wp.com\/www.kdfjm.si\/wp-content\/gallery\/obiranje-hmelja-fotografije-2016\/obiranje_hmelja_m_muzej_menges_kdfjmenges2016-3315.jpg?ssl=1\" alt=\"obiranje_hmelja_m_muzej_menges_kdfjmenges2016-3315\" style=\"max-width: 500px; max-height: 500px; width: auto; height:auto; margin:auto\"><img data-recalc-dims=\"1\" decoding=\"async\" src=\"https:\/\/i0.wp.com\/www.kdfjm.si\/wp-content\/gallery\/obiranje-hmelja-fotografije-2016\/obiranje_hmelja_m_muzej_menges_kdfjmenges2016-3322.jpg?ssl=1\" alt=\"obiranje_hmelja_m_muzej_menges_kdfjmenges2016-3322\" style=\"max-width: 500px; max-height: 500px; width: auto; height:auto; margin:auto\"><img data-recalc-dims=\"1\" decoding=\"async\" src=\"https:\/\/i0.wp.com\/www.kdfjm.si\/wp-content\/gallery\/obiranje-hmelja-fotografije-2016\/obiranje_hmelja_m_muzej_menges_kdfjmenges2016-3325.jpg?ssl=1\" alt=\"obiranje_hmelja_m_muzej_menges_kdfjmenges2016-3325\" style=\"max-width: 500px; max-height: 500px; width: auto; height:auto; margin:auto\"><img data-recalc-dims=\"1\" decoding=\"async\" src=\"https:\/\/i0.wp.com\/www.kdfjm.si\/wp-content\/gallery\/obiranje-hmelja-fotografije-2016\/obiranje_hmelja_m_muzej_menges_kdfjmenges2016-3335.jpg?ssl=1\" alt=\"obiranje_hmelja_m_muzej_menges_kdfjmenges2016-3335\" style=\"max-width: 500px; max-height: 500px; width: auto; height:auto; margin:auto\"><img data-recalc-dims=\"1\" decoding=\"async\" src=\"https:\/\/i0.wp.com\/www.kdfjm.si\/wp-content\/gallery\/obiranje-hmelja-fotografije-2016\/obiranje_hmelja_m_muzej_menges_kdfjmenges2016-3338.jpg?ssl=1\" alt=\"obiranje_hmelja_m_muzej_menges_kdfjmenges2016-3338\" style=\"max-width: 500px; max-height: 500px; width: auto; height:auto; margin:auto\"><img data-recalc-dims=\"1\" decoding=\"async\" src=\"https:\/\/i0.wp.com\/www.kdfjm.si\/wp-content\/gallery\/obiranje-hmelja-fotografije-2016\/obiranje_hmelja_m_muzej_menges_kdfjmenges2016-3343.jpg?ssl=1\" alt=\"obiranje_hmelja_m_muzej_menges_kdfjmenges2016-3343\" style=\"max-width: 500px; max-height: 500px; width: auto; height:auto; margin:auto\"><img data-recalc-dims=\"1\" decoding=\"async\" src=\"https:\/\/i0.wp.com\/www.kdfjm.si\/wp-content\/gallery\/obiranje-hmelja-fotografije-2016\/obiranje_hmelja_m_muzej_menges_kdfjmenges2016-3370.jpg?ssl=1\" alt=\"obiranje_hmelja_m_muzej_menges_kdfjmenges2016-3370\" style=\"max-width: 500px; max-height: 500px; width: auto; height:auto; margin:auto\"><img data-recalc-dims=\"1\" decoding=\"async\" src=\"https:\/\/i0.wp.com\/www.kdfjm.si\/wp-content\/gallery\/obiranje-hmelja-fotografije-2016\/obiranje_hmelja_m_muzej_menges_kdfjmenges2016-3378.jpg?ssl=1\" alt=\"obiranje_hmelja_m_muzej_menges_kdfjmenges2016-3378\" style=\"max-width: 500px; max-height: 500px; width: auto; height:auto; margin:auto\"><img data-recalc-dims=\"1\" decoding=\"async\" src=\"https:\/\/i0.wp.com\/www.kdfjm.si\/wp-content\/gallery\/obiranje-hmelja-fotografije-2016\/obiranje_hmelja_m_muzej_menges_kdfjmenges2016-3384.jpg?ssl=1\" alt=\"obiranje_hmelja_m_muzej_menges_kdfjmenges2016-3384\" style=\"max-width: 500px; max-height: 500px; width: auto; height:auto; margin:auto\"><img data-recalc-dims=\"1\" decoding=\"async\" src=\"https:\/\/i0.wp.com\/www.kdfjm.si\/wp-content\/gallery\/obiranje-hmelja-fotografije-2016\/obiranje_hmelja_m_muzej_menges_kdfjmenges2016-3386.jpg?ssl=1\" alt=\"obiranje_hmelja_m_muzej_menges_kdfjmenges2016-3386\" style=\"max-width: 500px; max-height: 500px; width: auto; height:auto; margin:auto\"><img data-recalc-dims=\"1\" decoding=\"async\" src=\"https:\/\/i0.wp.com\/www.kdfjm.si\/wp-content\/gallery\/obiranje-hmelja-fotografije-2016\/obiranje_hmelja_m_muzej_menges_kdfjmenges2016-3388.jpg?ssl=1\" alt=\"obiranje_hmelja_m_muzej_menges_kdfjmenges2016-3388\" style=\"max-width: 500px; max-height: 500px; width: auto; height:auto; margin:auto\"><img data-recalc-dims=\"1\" decoding=\"async\" src=\"https:\/\/i0.wp.com\/www.kdfjm.si\/wp-content\/gallery\/obiranje-hmelja-fotografije-2016\/obiranje_hmelja_m_muzej_menges_kdfjmenges2016-3393.jpg?ssl=1\" alt=\"obiranje_hmelja_m_muzej_menges_kdfjmenges2016-3393\" style=\"max-width: 500px; max-height: 500px; width: auto; height:auto; margin:auto\"><img data-recalc-dims=\"1\" decoding=\"async\" src=\"https:\/\/i0.wp.com\/www.kdfjm.si\/wp-content\/gallery\/obiranje-hmelja-fotografije-2016\/obiranje_hmelja_m_muzej_menges_kdfjmenges2016-3394.jpg?ssl=1\" alt=\"obiranje_hmelja_m_muzej_menges_kdfjmenges2016-3394\" style=\"max-width: 500px; max-height: 500px; width: auto; height:auto; margin:auto\"><img data-recalc-dims=\"1\" decoding=\"async\" src=\"https:\/\/i0.wp.com\/www.kdfjm.si\/wp-content\/gallery\/obiranje-hmelja-fotografije-2016\/obiranje_hmelja_m_muzej_menges_kdfjmenges2016-3395.jpg?ssl=1\" alt=\"obiranje_hmelja_m_muzej_menges_kdfjmenges2016-3395\" style=\"max-width: 500px; max-height: 500px; width: auto; height:auto; margin:auto\"><img data-recalc-dims=\"1\" decoding=\"async\" src=\"https:\/\/i0.wp.com\/www.kdfjm.si\/wp-content\/gallery\/obiranje-hmelja-fotografije-2016\/obiranje_hmelja_m_muzej_menges_kdfjmenges2016-3397.jpg?ssl=1\" alt=\"obiranje_hmelja_m_muzej_menges_kdfjmenges2016-3397\" style=\"max-width: 500px; max-height: 500px; width: auto; height:auto; margin:auto\"><img data-recalc-dims=\"1\" decoding=\"async\" src=\"https:\/\/i0.wp.com\/www.kdfjm.si\/wp-content\/gallery\/obiranje-hmelja-fotografije-2016\/obiranje_hmelja_m_muzej_menges_kdfjmenges2016-3404.jpg?ssl=1\" alt=\"obiranje_hmelja_m_muzej_menges_kdfjmenges2016-3404\" style=\"max-width: 500px; max-height: 500px; width: auto; height:auto; margin:auto\"><\/div><\/div>\n\n<script type=\"text\/javascript\">jQuery(document).ready(function($) {\r\n\t\t\tvar owl = $('#ngg_slideshow33745411');\r\n\t\t\towl.owlCarousel({\r\n\t\t\t\titems: 1,\r\n\t\t\t\tautoHeight: false,\r\n\t            dots: true,\r\n\t            autoplay: true,\r\n\t\t\t\tautoplayTimeout: 3000,\r\n\t\t\t\tautoplayHoverPause: true,\r\n\t\t\t\tanimateIn: 'fadeIn',\r\n\t\t\t\tanimateOut: 'fadeOut',\r\n\t\t\t\tloop: true,\r\n\t\t\t\tmouseDrag: true,\r\n\t\t\t\ttouchDrag: true\r\n\t\t\t});\nowl.click( function () {\r\n                    owl.trigger( 'next.owl.carousel' );\r\n                } );});\n<\/script><\/div>\n","protected":false},"excerpt":{"rendered":"<p>Vas in va\u0161e prijatelje vabimo na slovesno obiranje hmelja v soboto, 27. avgusta 2016 od 17. ure dalje na dru\u0161tveno dvori\u0161\u010de pri \u0160u\u0161tar\u0161i\u010devi hi\u0161i na Trdinovem trgu 4b v Meng\u0161u. Z dru\u017eenjem ob obiranju hmelja nadaljujemo zgodbo o najdbi najstarej\u0161ega piva v celinski Evropi, ki ga hrani Mestni muzej Menge\u0161, in postopoma obujamo nekdanjo kulturo [&hellip;]<\/p>\n","protected":false},"author":4,"featured_media":0,"parent":606,"menu_order":0,"comment_status":"closed","ping_status":"closed","template":"","meta":{"footnotes":""},"class_list":["post-4541","page","type-page","status-publish","hentry"],"jetpack_sharing_enabled":true,"jetpack_shortlink":"https:\/\/wp.me\/P73nhm-1bf","jetpack-related-posts":[],"_links":{"self":[{"href":"https:\/\/www.kdfjm.si\/index.php?rest_route=\/wp\/v2\/pages\/4541","targetHints":{"allow":["GET"]}}],"collection":[{"href":"https:\/\/www.kdfjm.si\/index.php?rest_route=\/wp\/v2\/pages"}],"about":[{"href":"https:\/\/www.kdfjm.si\/index.php?rest_route=\/wp\/v2\/types\/page"}],"author":[{"embeddable":true,"href":"https:\/\/www.kdfjm.si\/index.php?rest_route=\/wp\/v2\/users\/4"}],"replies":[{"embeddable":true,"href":"https:\/\/www.kdfjm.si\/index.php?rest_route=%2Fwp%2Fv2%2Fcomments&post=4541"}],"version-history":[{"count":1,"href":"https:\/\/www.kdfjm.si\/index.php?rest_route=\/wp\/v2\/pages\/4541\/revisions"}],"predecessor-version":[{"id":4543,"href":"https:\/\/www.kdfjm.si\/index.php?rest_route=\/wp\/v2\/pages\/4541\/revisions\/4543"}],"up":[{"embeddable":true,"href":"https:\/\/www.kdfjm.si\/index.php?rest_route=\/wp\/v2\/pages\/606"}],"wp:attachment":[{"href":"https:\/\/www.kdfjm.si\/index.php?rest_route=%2Fwp%2Fv2%2Fmedia&parent=4541"}],"curies":[{"name":"wp","href":"https:\/\/api.w.org\/{rel}","templated":true}]}}