{"id":4535,"date":"2019-03-06T21:32:03","date_gmt":"2019-03-06T20:32:03","guid":{"rendered":"http:\/\/www.kdfjm.si\/?page_id=4535"},"modified":"2019-03-06T21:57:30","modified_gmt":"2019-03-06T20:57:30","slug":"romanje-na-smarno-goro-4","status":"publish","type":"page","link":"https:\/\/www.kdfjm.si\/?page_id=4535","title":{"rendered":"Romanje na \u0160marno goro"},"content":{"rendered":"<div>\n<div>Meng\u0161ani so v spomin na zmago nad Turki pri Sisku 22. 6. 1593 \u00a0na praznik svetega Ahaca romali na \u0160marno goro.<\/div>\n<div>Vabimo Vas na romanje v sredo, \u00a022. 6. 2016 ob 6. uri.\u00a0 Zberemo se pri cerkvi v Meng\u0161u.<\/div>\n<div>Tisti, ki ne boste \u0161li pe\u0161 iz Meng\u0161a, se nam pridru\u017eite pri sveti ma\u0161i, ki bo ob 12. uri na \u0160marni gori.<\/div>\n<\/div>\n<div>Mestni muzej Menge\u0161, Kulturno dru\u0161tvo Franca Jelov\u0161ka Menge\u0161 in \u017dupnija Menge\u0161<\/div>\n<div><\/div>\n<div><div class=\"slideshow\"><div id=\"ngg_slideshow33145351\" class=\"ngg-slideshow owl-carousel\" style=\"max-width: 500px; max-height: 500px;\"><img data-recalc-dims=\"1\" decoding=\"async\" src=\"https:\/\/i0.wp.com\/www.kdfjm.si\/wp-content\/gallery\/romanje-na-smarno-goro-2016\/romanjesmarnagorafotopeterskrlep22062016-4623.jpg?ssl=1\" alt=\"romanjesmarnagorafotopeterskrlep22062016-4623\" style=\"max-width: 500px; max-height: 500px; width: auto; height:auto; margin:auto\"><img data-recalc-dims=\"1\" decoding=\"async\" src=\"https:\/\/i0.wp.com\/www.kdfjm.si\/wp-content\/gallery\/romanje-na-smarno-goro-2016\/romanjesmarnagorafotopeterskrlep22062016-4628.jpg?ssl=1\" alt=\"romanjesmarnagorafotopeterskrlep22062016-4628\" style=\"max-width: 500px; max-height: 500px; width: auto; height:auto; margin:auto\"><img data-recalc-dims=\"1\" decoding=\"async\" src=\"https:\/\/i0.wp.com\/www.kdfjm.si\/wp-content\/gallery\/romanje-na-smarno-goro-2016\/romanjesmarnagorafotopeterskrlep22062016-4642.jpg?ssl=1\" alt=\"romanjesmarnagorafotopeterskrlep22062016-4642\" style=\"max-width: 500px; max-height: 500px; width: auto; height:auto; margin:auto\"><img data-recalc-dims=\"1\" decoding=\"async\" src=\"https:\/\/i0.wp.com\/www.kdfjm.si\/wp-content\/gallery\/romanje-na-smarno-goro-2016\/romanjesmarnagorafotopeterskrlep22062016-4649.jpg?ssl=1\" alt=\"romanjesmarnagorafotopeterskrlep22062016-4649\" style=\"max-width: 500px; max-height: 500px; width: auto; height:auto; margin:auto\"><img data-recalc-dims=\"1\" decoding=\"async\" src=\"https:\/\/i0.wp.com\/www.kdfjm.si\/wp-content\/gallery\/romanje-na-smarno-goro-2016\/romanjesmarnagorafotopeterskrlep22062016-4651.jpg?ssl=1\" alt=\"romanjesmarnagorafotopeterskrlep22062016-4651\" style=\"max-width: 500px; max-height: 500px; width: auto; height:auto; margin:auto\"><img data-recalc-dims=\"1\" decoding=\"async\" src=\"https:\/\/i0.wp.com\/www.kdfjm.si\/wp-content\/gallery\/romanje-na-smarno-goro-2016\/romanjesmarnagorafotopeterskrlep22062016-4654.jpg?ssl=1\" alt=\"romanjesmarnagorafotopeterskrlep22062016-4654\" style=\"max-width: 500px; max-height: 500px; width: auto; height:auto; margin:auto\"><img data-recalc-dims=\"1\" decoding=\"async\" src=\"https:\/\/i0.wp.com\/www.kdfjm.si\/wp-content\/gallery\/romanje-na-smarno-goro-2016\/romanjesmarnagorafotopeterskrlep22062016-4657.jpg?ssl=1\" alt=\"romanjesmarnagorafotopeterskrlep22062016-4657\" style=\"max-width: 500px; max-height: 500px; width: auto; height:auto; margin:auto\"><img data-recalc-dims=\"1\" decoding=\"async\" src=\"https:\/\/i0.wp.com\/www.kdfjm.si\/wp-content\/gallery\/romanje-na-smarno-goro-2016\/romanjesmarnagorafotopeterskrlep22062016-4663.jpg?ssl=1\" alt=\"romanjesmarnagorafotopeterskrlep22062016-4663\" style=\"max-width: 500px; max-height: 500px; width: auto; height:auto; margin:auto\"><img data-recalc-dims=\"1\" decoding=\"async\" src=\"https:\/\/i0.wp.com\/www.kdfjm.si\/wp-content\/gallery\/romanje-na-smarno-goro-2016\/romanjesmarnagorafotopeterskrlep22062016-4670.jpg?ssl=1\" alt=\"romanjesmarnagorafotopeterskrlep22062016-4670\" style=\"max-width: 500px; max-height: 500px; width: auto; height:auto; margin:auto\"><img data-recalc-dims=\"1\" decoding=\"async\" src=\"https:\/\/i0.wp.com\/www.kdfjm.si\/wp-content\/gallery\/romanje-na-smarno-goro-2016\/romanjesmarnagorafotopeterskrlep22062016-4672.jpg?ssl=1\" alt=\"romanjesmarnagorafotopeterskrlep22062016-4672\" style=\"max-width: 500px; max-height: 500px; width: auto; height:auto; margin:auto\"><img data-recalc-dims=\"1\" decoding=\"async\" src=\"https:\/\/i0.wp.com\/www.kdfjm.si\/wp-content\/gallery\/romanje-na-smarno-goro-2016\/romanjesmarnagorafotopeterskrlep22062016-4674.jpg?ssl=1\" alt=\"romanjesmarnagorafotopeterskrlep22062016-4674\" style=\"max-width: 500px; max-height: 500px; width: auto; height:auto; margin:auto\"><img data-recalc-dims=\"1\" decoding=\"async\" src=\"https:\/\/i0.wp.com\/www.kdfjm.si\/wp-content\/gallery\/romanje-na-smarno-goro-2016\/romanjesmarnagorafotopeterskrlep22062016-4680.jpg?ssl=1\" alt=\"romanjesmarnagorafotopeterskrlep22062016-4680\" style=\"max-width: 500px; max-height: 500px; width: auto; height:auto; margin:auto\"><img data-recalc-dims=\"1\" decoding=\"async\" src=\"https:\/\/i0.wp.com\/www.kdfjm.si\/wp-content\/gallery\/romanje-na-smarno-goro-2016\/romanjesmarnagorafotopeterskrlep22062016-4682.jpg?ssl=1\" alt=\"romanjesmarnagorafotopeterskrlep22062016-4682\" style=\"max-width: 500px; max-height: 500px; width: auto; height:auto; margin:auto\"><img data-recalc-dims=\"1\" decoding=\"async\" src=\"https:\/\/i0.wp.com\/www.kdfjm.si\/wp-content\/gallery\/romanje-na-smarno-goro-2016\/romanjesmarnagorafotopeterskrlep22062016-4688.jpg?ssl=1\" alt=\"romanjesmarnagorafotopeterskrlep22062016-4688\" style=\"max-width: 500px; max-height: 500px; width: auto; height:auto; margin:auto\"><img data-recalc-dims=\"1\" decoding=\"async\" src=\"https:\/\/i0.wp.com\/www.kdfjm.si\/wp-content\/gallery\/romanje-na-smarno-goro-2016\/romanjesmarnagorafotopeterskrlep22062016-4693.jpg?ssl=1\" alt=\"romanjesmarnagorafotopeterskrlep22062016-4693\" style=\"max-width: 500px; max-height: 500px; width: auto; height:auto; margin:auto\"><img data-recalc-dims=\"1\" decoding=\"async\" src=\"https:\/\/i0.wp.com\/www.kdfjm.si\/wp-content\/gallery\/romanje-na-smarno-goro-2016\/romanjesmarnagorafotopeterskrlep22062016-4695.jpg?ssl=1\" alt=\"romanjesmarnagorafotopeterskrlep22062016-4695\" style=\"max-width: 500px; max-height: 500px; width: auto; height:auto; margin:auto\"><img data-recalc-dims=\"1\" decoding=\"async\" src=\"https:\/\/i0.wp.com\/www.kdfjm.si\/wp-content\/gallery\/romanje-na-smarno-goro-2016\/romanjesmarnagorafotopeterskrlep22062016-4698.jpg?ssl=1\" alt=\"romanjesmarnagorafotopeterskrlep22062016-4698\" style=\"max-width: 500px; max-height: 500px; width: auto; height:auto; margin:auto\"><img data-recalc-dims=\"1\" decoding=\"async\" src=\"https:\/\/i0.wp.com\/www.kdfjm.si\/wp-content\/gallery\/romanje-na-smarno-goro-2016\/romanjesmarnagorafotopeterskrlep22062016-4699.jpg?ssl=1\" alt=\"romanjesmarnagorafotopeterskrlep22062016-4699\" style=\"max-width: 500px; max-height: 500px; width: auto; height:auto; margin:auto\"><img data-recalc-dims=\"1\" decoding=\"async\" src=\"https:\/\/i0.wp.com\/www.kdfjm.si\/wp-content\/gallery\/romanje-na-smarno-goro-2016\/romanjesmarnagorafotopeterskrlep22062016-4703.jpg?ssl=1\" alt=\"romanjesmarnagorafotopeterskrlep22062016-4703\" style=\"max-width: 500px; max-height: 500px; width: auto; height:auto; margin:auto\"><img data-recalc-dims=\"1\" decoding=\"async\" src=\"https:\/\/i0.wp.com\/www.kdfjm.si\/wp-content\/gallery\/romanje-na-smarno-goro-2016\/romanjesmarnagorafotopeterskrlep22062016-4705.jpg?ssl=1\" alt=\"romanjesmarnagorafotopeterskrlep22062016-4705\" style=\"max-width: 500px; max-height: 500px; width: auto; height:auto; margin:auto\"><img data-recalc-dims=\"1\" decoding=\"async\" src=\"https:\/\/i0.wp.com\/www.kdfjm.si\/wp-content\/gallery\/romanje-na-smarno-goro-2016\/romanjesmarnagorafotopeterskrlep22062016-6579.jpg?ssl=1\" alt=\"romanjesmarnagorafotopeterskrlep22062016-6579\" style=\"max-width: 500px; max-height: 500px; width: auto; height:auto; margin:auto\"><img data-recalc-dims=\"1\" decoding=\"async\" src=\"https:\/\/i0.wp.com\/www.kdfjm.si\/wp-content\/gallery\/romanje-na-smarno-goro-2016\/romanjesmarnagorafotopeterskrlep22062016-6580.jpg?ssl=1\" alt=\"romanjesmarnagorafotopeterskrlep22062016-6580\" style=\"max-width: 500px; max-height: 500px; width: auto; height:auto; margin:auto\"><img data-recalc-dims=\"1\" decoding=\"async\" src=\"https:\/\/i0.wp.com\/www.kdfjm.si\/wp-content\/gallery\/romanje-na-smarno-goro-2016\/romanjesmarnagorafotopeterskrlep22062016-6581.jpg?ssl=1\" alt=\"romanjesmarnagorafotopeterskrlep22062016-6581\" style=\"max-width: 500px; max-height: 500px; width: auto; height:auto; margin:auto\"><img data-recalc-dims=\"1\" decoding=\"async\" src=\"https:\/\/i0.wp.com\/www.kdfjm.si\/wp-content\/gallery\/romanje-na-smarno-goro-2016\/romanjesmarnagorafotopeterskrlep22062016-6583.jpg?ssl=1\" alt=\"romanjesmarnagorafotopeterskrlep22062016-6583\" style=\"max-width: 500px; max-height: 500px; width: auto; height:auto; margin:auto\"><img data-recalc-dims=\"1\" decoding=\"async\" src=\"https:\/\/i0.wp.com\/www.kdfjm.si\/wp-content\/gallery\/romanje-na-smarno-goro-2016\/romanjesmarnagorafotopeterskrlep22062016-6584.jpg?ssl=1\" alt=\"romanjesmarnagorafotopeterskrlep22062016-6584\" style=\"max-width: 500px; max-height: 500px; width: auto; height:auto; margin:auto\"><img data-recalc-dims=\"1\" decoding=\"async\" src=\"https:\/\/i0.wp.com\/www.kdfjm.si\/wp-content\/gallery\/romanje-na-smarno-goro-2016\/romanjesmarnagorafotopeterskrlep22062016-6588.jpg?ssl=1\" alt=\"romanjesmarnagorafotopeterskrlep22062016-6588\" style=\"max-width: 500px; max-height: 500px; width: auto; height:auto; margin:auto\"><\/div><\/div>\n\n<script type=\"text\/javascript\">jQuery(document).ready(function($) {\r\n\t\t\tvar owl = $('#ngg_slideshow33145351');\r\n\t\t\towl.owlCarousel({\r\n\t\t\t\titems: 1,\r\n\t\t\t\tautoHeight: false,\r\n\t            dots: true,\r\n\t            autoplay: true,\r\n\t\t\t\tautoplayTimeout: 3000,\r\n\t\t\t\tautoplayHoverPause: true,\r\n\t\t\t\tanimateIn: 'fadeIn',\r\n\t\t\t\tanimateOut: 'fadeOut',\r\n\t\t\t\tloop: true,\r\n\t\t\t\tmouseDrag: true,\r\n\t\t\t\ttouchDrag: true\r\n\t\t\t});\nowl.click( function () {\r\n                    owl.trigger( 'next.owl.carousel' );\r\n                } );});\n<\/script><\/div>\n","protected":false},"excerpt":{"rendered":"<p>Meng\u0161ani so v spomin na zmago nad Turki pri Sisku 22. 6. 1593 \u00a0na praznik svetega Ahaca romali na \u0160marno goro. Vabimo Vas na romanje v sredo, \u00a022. 6. 2016 ob 6. uri.\u00a0 Zberemo se pri cerkvi v Meng\u0161u. Tisti, ki ne boste \u0161li pe\u0161 iz Meng\u0161a, se nam pridru\u017eite pri sveti ma\u0161i, ki bo [&hellip;]<\/p>\n","protected":false},"author":4,"featured_media":0,"parent":606,"menu_order":0,"comment_status":"closed","ping_status":"closed","template":"","meta":{"footnotes":""},"class_list":["post-4535","page","type-page","status-publish","hentry"],"jetpack_sharing_enabled":true,"jetpack_shortlink":"https:\/\/wp.me\/P73nhm-1b9","jetpack-related-posts":[],"_links":{"self":[{"href":"https:\/\/www.kdfjm.si\/index.php?rest_route=\/wp\/v2\/pages\/4535","targetHints":{"allow":["GET"]}}],"collection":[{"href":"https:\/\/www.kdfjm.si\/index.php?rest_route=\/wp\/v2\/pages"}],"about":[{"href":"https:\/\/www.kdfjm.si\/index.php?rest_route=\/wp\/v2\/types\/page"}],"author":[{"embeddable":true,"href":"https:\/\/www.kdfjm.si\/index.php?rest_route=\/wp\/v2\/users\/4"}],"replies":[{"embeddable":true,"href":"https:\/\/www.kdfjm.si\/index.php?rest_route=%2Fwp%2Fv2%2Fcomments&post=4535"}],"version-history":[{"count":1,"href":"https:\/\/www.kdfjm.si\/index.php?rest_route=\/wp\/v2\/pages\/4535\/revisions"}],"predecessor-version":[{"id":4536,"href":"https:\/\/www.kdfjm.si\/index.php?rest_route=\/wp\/v2\/pages\/4535\/revisions\/4536"}],"up":[{"embeddable":true,"href":"https:\/\/www.kdfjm.si\/index.php?rest_route=\/wp\/v2\/pages\/606"}],"wp:attachment":[{"href":"https:\/\/www.kdfjm.si\/index.php?rest_route=%2Fwp%2Fv2%2Fmedia&parent=4535"}],"curies":[{"name":"wp","href":"https:\/\/api.w.org\/{rel}","templated":true}]}}