{"id":4532,"date":"2019-03-06T21:29:43","date_gmt":"2019-03-06T20:29:43","guid":{"rendered":"http:\/\/www.kdfjm.si\/?page_id=4532"},"modified":"2019-03-06T21:57:11","modified_gmt":"2019-03-06T20:57:11","slug":"folklorna-skupina-mladika-iz-argentine-v-muzeju-menges","status":"publish","type":"page","link":"https:\/\/www.kdfjm.si\/?page_id=4532","title":{"rendered":"Folklorna skupina Mladika iz Argentine v Muzeju Menge\u0161"},"content":{"rendered":"<p>Folklorno skupino Mladika iz Argentine, ki je na obisku v Sloveniji, je Janez \u0160krlep, direktor Muzeja Menge\u0161, popeljal skozi zgodovino in sedanjost Meng\u0161a.<\/p>\n<div class=\"slideshow\"><div id=\"ngg_slideshow32845321\" class=\"ngg-slideshow owl-carousel\" style=\"max-width: 500px; max-height: 500px;\"><img data-recalc-dims=\"1\" decoding=\"async\" src=\"https:\/\/i0.wp.com\/www.kdfjm.si\/wp-content\/gallery\/folklorna-skupina-mladika-iz-argentine\/folklornaskupinamladikaargentinakdfjmmuzejmenges2016-7763.jpg?ssl=1\" alt=\"folklornaskupinamladikaargentinakdfjmmuzejmenges2016-7763\" style=\"max-width: 500px; max-height: 500px; width: auto; height:auto; margin:auto\"><img data-recalc-dims=\"1\" decoding=\"async\" src=\"https:\/\/i0.wp.com\/www.kdfjm.si\/wp-content\/gallery\/folklorna-skupina-mladika-iz-argentine\/folklornaskupinamladikaargentinakdfjmmuzejmenges2016-7766.jpg?ssl=1\" alt=\"folklornaskupinamladikaargentinakdfjmmuzejmenges2016-7766\" style=\"max-width: 500px; max-height: 500px; width: auto; height:auto; margin:auto\"><img data-recalc-dims=\"1\" decoding=\"async\" src=\"https:\/\/i0.wp.com\/www.kdfjm.si\/wp-content\/gallery\/folklorna-skupina-mladika-iz-argentine\/folklornaskupinamladikaargentinakdfjmmuzejmenges2016-7774.jpg?ssl=1\" alt=\"folklornaskupinamladikaargentinakdfjmmuzejmenges2016-7774\" style=\"max-width: 500px; max-height: 500px; width: auto; height:auto; margin:auto\"><img data-recalc-dims=\"1\" decoding=\"async\" src=\"https:\/\/i0.wp.com\/www.kdfjm.si\/wp-content\/gallery\/folklorna-skupina-mladika-iz-argentine\/folklornaskupinamladikaargentinakdfjmmuzejmenges2016-7776.jpg?ssl=1\" alt=\"folklornaskupinamladikaargentinakdfjmmuzejmenges2016-7776\" style=\"max-width: 500px; max-height: 500px; width: auto; height:auto; margin:auto\"><img data-recalc-dims=\"1\" decoding=\"async\" src=\"https:\/\/i0.wp.com\/www.kdfjm.si\/wp-content\/gallery\/folklorna-skupina-mladika-iz-argentine\/folklornaskupinamladikaargentinakdfjmmuzejmenges2016-7781.jpg?ssl=1\" alt=\"folklornaskupinamladikaargentinakdfjmmuzejmenges2016-7781\" style=\"max-width: 500px; max-height: 500px; width: auto; height:auto; margin:auto\"><img data-recalc-dims=\"1\" decoding=\"async\" src=\"https:\/\/i0.wp.com\/www.kdfjm.si\/wp-content\/gallery\/folklorna-skupina-mladika-iz-argentine\/folklornaskupinamladikaargentinakdfjmmuzejmenges2016-7818.jpg?ssl=1\" alt=\"folklornaskupinamladikaargentinakdfjmmuzejmenges2016-7818\" style=\"max-width: 500px; max-height: 500px; width: auto; height:auto; margin:auto\"><\/div><\/div>\n\n<script type=\"text\/javascript\">jQuery(document).ready(function($) {\r\n\t\t\tvar owl = $('#ngg_slideshow32845321');\r\n\t\t\towl.owlCarousel({\r\n\t\t\t\titems: 1,\r\n\t\t\t\tautoHeight: false,\r\n\t            dots: true,\r\n\t            autoplay: true,\r\n\t\t\t\tautoplayTimeout: 3000,\r\n\t\t\t\tautoplayHoverPause: true,\r\n\t\t\t\tanimateIn: 'fadeIn',\r\n\t\t\t\tanimateOut: 'fadeOut',\r\n\t\t\t\tloop: true,\r\n\t\t\t\tmouseDrag: true,\r\n\t\t\t\ttouchDrag: true\r\n\t\t\t});\nowl.click( function () {\r\n                    owl.trigger( 'next.owl.carousel' );\r\n                } );});\n<\/script>\n","protected":false},"excerpt":{"rendered":"<p>Folklorno skupino Mladika iz Argentine, ki je na obisku v Sloveniji, je Janez \u0160krlep, direktor Muzeja Menge\u0161, popeljal skozi zgodovino in sedanjost Meng\u0161a.<\/p>\n","protected":false},"author":4,"featured_media":0,"parent":606,"menu_order":0,"comment_status":"closed","ping_status":"closed","template":"","meta":{"footnotes":""},"class_list":["post-4532","page","type-page","status-publish","hentry"],"jetpack_sharing_enabled":true,"jetpack_shortlink":"https:\/\/wp.me\/P73nhm-1b6","jetpack-related-posts":[],"_links":{"self":[{"href":"https:\/\/www.kdfjm.si\/index.php?rest_route=\/wp\/v2\/pages\/4532","targetHints":{"allow":["GET"]}}],"collection":[{"href":"https:\/\/www.kdfjm.si\/index.php?rest_route=\/wp\/v2\/pages"}],"about":[{"href":"https:\/\/www.kdfjm.si\/index.php?rest_route=\/wp\/v2\/types\/page"}],"author":[{"embeddable":true,"href":"https:\/\/www.kdfjm.si\/index.php?rest_route=\/wp\/v2\/users\/4"}],"replies":[{"embeddable":true,"href":"https:\/\/www.kdfjm.si\/index.php?rest_route=%2Fwp%2Fv2%2Fcomments&post=4532"}],"version-history":[{"count":1,"href":"https:\/\/www.kdfjm.si\/index.php?rest_route=\/wp\/v2\/pages\/4532\/revisions"}],"predecessor-version":[{"id":4533,"href":"https:\/\/www.kdfjm.si\/index.php?rest_route=\/wp\/v2\/pages\/4532\/revisions\/4533"}],"up":[{"embeddable":true,"href":"https:\/\/www.kdfjm.si\/index.php?rest_route=\/wp\/v2\/pages\/606"}],"wp:attachment":[{"href":"https:\/\/www.kdfjm.si\/index.php?rest_route=%2Fwp%2Fv2%2Fmedia&parent=4532"}],"curies":[{"name":"wp","href":"https:\/\/api.w.org\/{rel}","templated":true}]}}