{"id":4529,"date":"2019-03-06T21:26:29","date_gmt":"2019-03-06T20:26:29","guid":{"rendered":"http:\/\/www.kdfjm.si\/?page_id=4529"},"modified":"2019-03-06T21:56:54","modified_gmt":"2019-03-06T20:56:54","slug":"osnovnosolci-na-ogledu-mestnega-muzeja-menges","status":"publish","type":"page","link":"https:\/\/www.kdfjm.si\/?page_id=4529","title":{"rendered":"Osnovno\u0161olci na ogledu mestnega Muzeja Menge\u0161"},"content":{"rendered":"<p>V mestni Muzej Menge\u0161 so na ogled pri\u0161li u\u010denci osnovne \u0161ole Menge\u0161 z u\u010diteljico Viktorijo Ur\u0161nik.<\/p>\n<div class=\"slideshow\"><div id=\"ngg_slideshow32745291\" class=\"ngg-slideshow owl-carousel\" style=\"max-width: 500px; max-height: 500px;\"><img data-recalc-dims=\"1\" decoding=\"async\" src=\"https:\/\/i0.wp.com\/www.kdfjm.si\/wp-content\/gallery\/osnovnosolci-v-mestnem-muzeju-menges\/osnovnosolcivmuzejukdfjmmuzejmenges2016-8513.jpg?ssl=1\" alt=\"osnovnosolcivmuzejukdfjmmuzejmenges2016-8513\" style=\"max-width: 500px; max-height: 500px; width: auto; height:auto; margin:auto\"><img data-recalc-dims=\"1\" decoding=\"async\" src=\"https:\/\/i0.wp.com\/www.kdfjm.si\/wp-content\/gallery\/osnovnosolci-v-mestnem-muzeju-menges\/osnovnosolcivmuzejukdfjmmuzejmenges2016-8517.jpg?ssl=1\" alt=\"osnovnosolcivmuzejukdfjmmuzejmenges2016-8517\" style=\"max-width: 500px; max-height: 500px; width: auto; height:auto; margin:auto\"><\/div><\/div>\n\n<script type=\"text\/javascript\">jQuery(document).ready(function($) {\r\n\t\t\tvar owl = $('#ngg_slideshow32745291');\r\n\t\t\towl.owlCarousel({\r\n\t\t\t\titems: 1,\r\n\t\t\t\tautoHeight: false,\r\n\t            dots: true,\r\n\t            autoplay: true,\r\n\t\t\t\tautoplayTimeout: 3000,\r\n\t\t\t\tautoplayHoverPause: true,\r\n\t\t\t\tanimateIn: 'fadeIn',\r\n\t\t\t\tanimateOut: 'fadeOut',\r\n\t\t\t\tloop: true,\r\n\t\t\t\tmouseDrag: true,\r\n\t\t\t\ttouchDrag: true\r\n\t\t\t});\nowl.click( function () {\r\n                    owl.trigger( 'next.owl.carousel' );\r\n                } );});\n<\/script>\n","protected":false},"excerpt":{"rendered":"<p>V mestni Muzej Menge\u0161 so na ogled pri\u0161li u\u010denci osnovne \u0161ole Menge\u0161 z u\u010diteljico Viktorijo Ur\u0161nik.<\/p>\n","protected":false},"author":4,"featured_media":0,"parent":606,"menu_order":0,"comment_status":"closed","ping_status":"closed","template":"","meta":{"footnotes":""},"class_list":["post-4529","page","type-page","status-publish","hentry"],"jetpack_sharing_enabled":true,"jetpack_shortlink":"https:\/\/wp.me\/P73nhm-1b3","jetpack-related-posts":[],"_links":{"self":[{"href":"https:\/\/www.kdfjm.si\/index.php?rest_route=\/wp\/v2\/pages\/4529","targetHints":{"allow":["GET"]}}],"collection":[{"href":"https:\/\/www.kdfjm.si\/index.php?rest_route=\/wp\/v2\/pages"}],"about":[{"href":"https:\/\/www.kdfjm.si\/index.php?rest_route=\/wp\/v2\/types\/page"}],"author":[{"embeddable":true,"href":"https:\/\/www.kdfjm.si\/index.php?rest_route=\/wp\/v2\/users\/4"}],"replies":[{"embeddable":true,"href":"https:\/\/www.kdfjm.si\/index.php?rest_route=%2Fwp%2Fv2%2Fcomments&post=4529"}],"version-history":[{"count":1,"href":"https:\/\/www.kdfjm.si\/index.php?rest_route=\/wp\/v2\/pages\/4529\/revisions"}],"predecessor-version":[{"id":4530,"href":"https:\/\/www.kdfjm.si\/index.php?rest_route=\/wp\/v2\/pages\/4529\/revisions\/4530"}],"up":[{"embeddable":true,"href":"https:\/\/www.kdfjm.si\/index.php?rest_route=\/wp\/v2\/pages\/606"}],"wp:attachment":[{"href":"https:\/\/www.kdfjm.si\/index.php?rest_route=%2Fwp%2Fv2%2Fmedia&parent=4529"}],"curies":[{"name":"wp","href":"https:\/\/api.w.org\/{rel}","templated":true}]}}