{"id":4503,"date":"2019-03-05T16:09:18","date_gmt":"2019-03-05T15:09:18","guid":{"rendered":"http:\/\/www.kdfjm.si\/?page_id=4503"},"modified":"2019-03-05T16:09:18","modified_gmt":"2019-03-05T15:09:18","slug":"razstava-mozaikov-v-galeriji-menges","status":"publish","type":"page","link":"https:\/\/www.kdfjm.si\/?page_id=4503","title":{"rendered":"Razstava mozaikov v Galeriji Menge\u0161"},"content":{"rendered":"<p>S prvim \u0161olskim dnem odpiramo dopolnjeno razstavo mozaikov na litih pokrovih za meteorno vodo. Motivi, nastali na leto\u0161njih likovnih delavnicah, so v povezavi s Cankarjevim letom in misijonarjem med indijanci Friderikom Barago. Mozaiki se nahajajo v bli\u017eini Cankarjeve in Baragove ulice v Meng\u0161u.<\/p>\n<div class=\"slideshow\"><div id=\"ngg_slideshow38245031\" class=\"ngg-slideshow owl-carousel\" style=\"max-width: 500px; max-height: 500px;\"><img data-recalc-dims=\"1\" decoding=\"async\" src=\"https:\/\/i0.wp.com\/www.kdfjm.si\/wp-content\/gallery\/razstava-mozaikov-2018\/img_20180830_095549_1.jpg?ssl=1\" alt=\"cof\" style=\"max-width: 500px; max-height: 500px; width: auto; height:auto; margin:auto\"><img data-recalc-dims=\"1\" decoding=\"async\" src=\"https:\/\/i0.wp.com\/www.kdfjm.si\/wp-content\/gallery\/razstava-mozaikov-2018\/img_20180830_100452.jpg?ssl=1\" alt=\"cof\" style=\"max-width: 500px; max-height: 500px; width: auto; height:auto; margin:auto\"><img data-recalc-dims=\"1\" decoding=\"async\" src=\"https:\/\/i0.wp.com\/www.kdfjm.si\/wp-content\/gallery\/razstava-mozaikov-2018\/img_20180830_100805.jpg?ssl=1\" alt=\"cof\" style=\"max-width: 500px; max-height: 500px; width: auto; height:auto; margin:auto\"><img data-recalc-dims=\"1\" decoding=\"async\" src=\"https:\/\/i0.wp.com\/www.kdfjm.si\/wp-content\/gallery\/razstava-mozaikov-2018\/img_20180830_101342.jpg?ssl=1\" alt=\"cof\" style=\"max-width: 500px; max-height: 500px; width: auto; height:auto; margin:auto\"><img data-recalc-dims=\"1\" decoding=\"async\" src=\"https:\/\/i0.wp.com\/www.kdfjm.si\/wp-content\/gallery\/razstava-mozaikov-2018\/img_20180830_101401_1.jpg?ssl=1\" alt=\"cof\" style=\"max-width: 500px; max-height: 500px; width: auto; height:auto; margin:auto\"><img data-recalc-dims=\"1\" decoding=\"async\" src=\"https:\/\/i0.wp.com\/www.kdfjm.si\/wp-content\/gallery\/razstava-mozaikov-2018\/img_20180830_101507.jpg?ssl=1\" alt=\"cof\" style=\"max-width: 500px; max-height: 500px; width: auto; height:auto; margin:auto\"><\/div><\/div>\n\n<script type=\"text\/javascript\">jQuery(document).ready(function($) {\r\n\t\t\tvar owl = $('#ngg_slideshow38245031');\r\n\t\t\towl.owlCarousel({\r\n\t\t\t\titems: 1,\r\n\t\t\t\tautoHeight: false,\r\n\t            dots: true,\r\n\t            autoplay: true,\r\n\t\t\t\tautoplayTimeout: 3000,\r\n\t\t\t\tautoplayHoverPause: true,\r\n\t\t\t\tanimateIn: 'fadeIn',\r\n\t\t\t\tanimateOut: 'fadeOut',\r\n\t\t\t\tloop: true,\r\n\t\t\t\tmouseDrag: true,\r\n\t\t\t\ttouchDrag: true\r\n\t\t\t});\nowl.click( function () {\r\n                    owl.trigger( 'next.owl.carousel' );\r\n                } );});\n<\/script>\n","protected":false},"excerpt":{"rendered":"<p>S prvim \u0161olskim dnem odpiramo dopolnjeno razstavo mozaikov na litih pokrovih za meteorno vodo. Motivi, nastali na leto\u0161njih likovnih delavnicah, so v povezavi s Cankarjevim letom in misijonarjem med indijanci Friderikom Barago. Mozaiki se nahajajo v bli\u017eini Cankarjeve in Baragove ulice v Meng\u0161u.<\/p>\n","protected":false},"author":4,"featured_media":0,"parent":166,"menu_order":0,"comment_status":"closed","ping_status":"closed","template":"","meta":{"footnotes":""},"class_list":["post-4503","page","type-page","status-publish","hentry"],"jetpack_sharing_enabled":true,"jetpack_shortlink":"https:\/\/wp.me\/P73nhm-1aD","jetpack-related-posts":[],"_links":{"self":[{"href":"https:\/\/www.kdfjm.si\/index.php?rest_route=\/wp\/v2\/pages\/4503","targetHints":{"allow":["GET"]}}],"collection":[{"href":"https:\/\/www.kdfjm.si\/index.php?rest_route=\/wp\/v2\/pages"}],"about":[{"href":"https:\/\/www.kdfjm.si\/index.php?rest_route=\/wp\/v2\/types\/page"}],"author":[{"embeddable":true,"href":"https:\/\/www.kdfjm.si\/index.php?rest_route=\/wp\/v2\/users\/4"}],"replies":[{"embeddable":true,"href":"https:\/\/www.kdfjm.si\/index.php?rest_route=%2Fwp%2Fv2%2Fcomments&post=4503"}],"version-history":[{"count":1,"href":"https:\/\/www.kdfjm.si\/index.php?rest_route=\/wp\/v2\/pages\/4503\/revisions"}],"predecessor-version":[{"id":4504,"href":"https:\/\/www.kdfjm.si\/index.php?rest_route=\/wp\/v2\/pages\/4503\/revisions\/4504"}],"up":[{"embeddable":true,"href":"https:\/\/www.kdfjm.si\/index.php?rest_route=\/wp\/v2\/pages\/166"}],"wp:attachment":[{"href":"https:\/\/www.kdfjm.si\/index.php?rest_route=%2Fwp%2Fv2%2Fmedia&parent=4503"}],"curies":[{"name":"wp","href":"https:\/\/api.w.org\/{rel}","templated":true}]}}