{"id":4490,"date":"2019-03-05T15:50:25","date_gmt":"2019-03-05T14:50:25","guid":{"rendered":"http:\/\/www.kdfjm.si\/?page_id=4490"},"modified":"2019-03-05T15:50:25","modified_gmt":"2019-03-05T14:50:25","slug":"xii-festival-otroske-poezije-menges","status":"publish","type":"page","link":"https:\/\/www.kdfjm.si\/?page_id=4490","title":{"rendered":"XII. festival otro\u0161ke poezije Menge\u0161"},"content":{"rendered":"<p>12. festival otro\u0161ke poezije bo v Meng\u0161u v petek, 26. maja 2017 ob 17. uri pri razvalinah grajske kapele sv. Lovrenca na Gobavici nad Meng\u0161em.<\/p>\n<p>Vsebinska obrazlo\u017eitev projekta: 29. maj je rojstni dan slovenskega pisatelja, klasika Janeza Trdine, ki je \u017ee v mladosti skrbno prisluhnil bogatemu izro\u010dilu slovenskega \u010dloveka, ki je v bogati poeziji legend, bajk, povesti in pesmi ohranjal skozi stoletja samobitnost na\u0161ega naroda. Trdina je skozi celo \u017eivljenje to silno bogastvo raziskoval in globoko prevzet zapisoval in nadgrajeval.<br \/>\nDrug tak vzor je tudi Meng\u0161an, duhovnik Ivan Vesel Vesnin, pisatelj, dramatik, pesnik in prevajalec. Kot ravnatelj postojnske osnovne \u0161ole je objavil strokovni \u010dlanek o pomenu poezije v osnovni \u0161oli. \u00bbV poeziji prevladujeta \u010dustvo in domi\u0161ljija in ravno to dvoje je v otroku najmo\u010dnej\u0161e. \u010ce ni \u010dustev, ne koristi dosti umska izobrazba in \u010de se v \u010dlove\u0161kem srcu ne vzbudi ob\u010dutek za lepo in sveto, ne rodi dosti sadu izobrazba misle\u010dega \u010dloveka\u00ab zapi\u0161e v tej razpravi Ivan Vesel Vesnin.<\/p>\n<p><img data-recalc-dims=\"1\" loading=\"lazy\" decoding=\"async\" data-attachment-id=\"4055\" data-permalink=\"https:\/\/www.kdfjm.si\/?attachment_id=4055\" data-orig-file=\"https:\/\/i0.wp.com\/www.kdfjm.si\/wp-content\/uploads\/2017\/05\/Plakat12fop2017kdfjmPlecnik.jpg?fit=1181%2C1670&amp;ssl=1\" data-orig-size=\"1181,1670\" data-comments-opened=\"0\" data-image-meta=\"{&quot;aperture&quot;:&quot;0&quot;,&quot;credit&quot;:&quot;&quot;,&quot;camera&quot;:&quot;&quot;,&quot;caption&quot;:&quot;&quot;,&quot;created_timestamp&quot;:&quot;0&quot;,&quot;copyright&quot;:&quot;&quot;,&quot;focal_length&quot;:&quot;0&quot;,&quot;iso&quot;:&quot;0&quot;,&quot;shutter_speed&quot;:&quot;0&quot;,&quot;title&quot;:&quot;&quot;,&quot;orientation&quot;:&quot;1&quot;}\" data-image-title=\"Plakat12fop2017kdfjmPlecnik\" data-image-description=\"\" data-image-caption=\"\" data-large-file=\"https:\/\/i0.wp.com\/www.kdfjm.si\/wp-content\/uploads\/2017\/05\/Plakat12fop2017kdfjmPlecnik.jpg?fit=724%2C1024&amp;ssl=1\" class=\"aligncenter wp-image-4055\" src=\"https:\/\/i0.wp.com\/www.kdfjm.si\/wp-content\/uploads\/2017\/05\/Plakat12fop2017kdfjmPlecnik-212x300.jpg?resize=333%2C471\" alt=\"\" width=\"333\" height=\"471\" srcset=\"https:\/\/i0.wp.com\/www.kdfjm.si\/wp-content\/uploads\/2017\/05\/Plakat12fop2017kdfjmPlecnik.jpg?resize=212%2C300&amp;ssl=1 212w, https:\/\/i0.wp.com\/www.kdfjm.si\/wp-content\/uploads\/2017\/05\/Plakat12fop2017kdfjmPlecnik.jpg?resize=724%2C1024&amp;ssl=1 724w, https:\/\/i0.wp.com\/www.kdfjm.si\/wp-content\/uploads\/2017\/05\/Plakat12fop2017kdfjmPlecnik.jpg?w=1181&amp;ssl=1 1181w\" sizes=\"auto, (max-width: 333px) 100vw, 333px\" \/><\/p>\n<div class=\"slideshow\"><div id=\"ngg_slideshow35444901\" class=\"ngg-slideshow owl-carousel\" style=\"max-width: 500px; max-height: 500px;\"><img data-recalc-dims=\"1\" decoding=\"async\" src=\"https:\/\/i0.wp.com\/www.kdfjm.si\/wp-content\/gallery\/festival-otroske-poezije-2017\/12fop_kdfjm_menges_2017-9178.jpg?ssl=1\" alt=\"12fop_kdfjm_menges_2017-9178\" style=\"max-width: 500px; max-height: 500px; width: auto; height:auto; margin:auto\"><img data-recalc-dims=\"1\" decoding=\"async\" src=\"https:\/\/i0.wp.com\/www.kdfjm.si\/wp-content\/gallery\/festival-otroske-poezije-2017\/12fop_kdfjm_menges_2017-9190.jpg?ssl=1\" alt=\"12fop_kdfjm_menges_2017-9190\" style=\"max-width: 500px; max-height: 500px; width: auto; height:auto; margin:auto\"><img data-recalc-dims=\"1\" decoding=\"async\" src=\"https:\/\/i0.wp.com\/www.kdfjm.si\/wp-content\/gallery\/festival-otroske-poezije-2017\/12fop_kdfjm_menges_2017-9191.jpg?ssl=1\" alt=\"12fop_kdfjm_menges_2017-9191\" style=\"max-width: 500px; max-height: 500px; width: auto; height:auto; margin:auto\"><img data-recalc-dims=\"1\" decoding=\"async\" src=\"https:\/\/i0.wp.com\/www.kdfjm.si\/wp-content\/gallery\/festival-otroske-poezije-2017\/12fop_kdfjm_menges_2017-9205.jpg?ssl=1\" alt=\"12fop_kdfjm_menges_2017-9205\" style=\"max-width: 500px; max-height: 500px; width: auto; height:auto; margin:auto\"><img data-recalc-dims=\"1\" decoding=\"async\" src=\"https:\/\/i0.wp.com\/www.kdfjm.si\/wp-content\/gallery\/festival-otroske-poezije-2017\/12fop_kdfjm_menges_2017-9208.jpg?ssl=1\" alt=\"12fop_kdfjm_menges_2017-9208\" style=\"max-width: 500px; max-height: 500px; width: auto; height:auto; margin:auto\"><img data-recalc-dims=\"1\" decoding=\"async\" src=\"https:\/\/i0.wp.com\/www.kdfjm.si\/wp-content\/gallery\/festival-otroske-poezije-2017\/12fop_kdfjm_menges_2017-9212.jpg?ssl=1\" alt=\"12fop_kdfjm_menges_2017-9212\" style=\"max-width: 500px; max-height: 500px; width: auto; height:auto; margin:auto\"><img data-recalc-dims=\"1\" decoding=\"async\" src=\"https:\/\/i0.wp.com\/www.kdfjm.si\/wp-content\/gallery\/festival-otroske-poezije-2017\/12fop_kdfjm_menges_2017-9225.jpg?ssl=1\" alt=\"12fop_kdfjm_menges_2017-9225\" style=\"max-width: 500px; max-height: 500px; width: auto; height:auto; margin:auto\"><img data-recalc-dims=\"1\" decoding=\"async\" src=\"https:\/\/i0.wp.com\/www.kdfjm.si\/wp-content\/gallery\/festival-otroske-poezije-2017\/12fop_kdfjm_menges_2017-9259.jpg?ssl=1\" alt=\"12fop_kdfjm_menges_2017-9259\" style=\"max-width: 500px; max-height: 500px; width: auto; height:auto; margin:auto\"><img data-recalc-dims=\"1\" decoding=\"async\" src=\"https:\/\/i0.wp.com\/www.kdfjm.si\/wp-content\/gallery\/festival-otroske-poezije-2017\/12fop_kdfjm_menges_2017-9279.jpg?ssl=1\" alt=\"12fop_kdfjm_menges_2017-9279\" style=\"max-width: 500px; max-height: 500px; width: auto; height:auto; margin:auto\"><img data-recalc-dims=\"1\" decoding=\"async\" src=\"https:\/\/i0.wp.com\/www.kdfjm.si\/wp-content\/gallery\/festival-otroske-poezije-2017\/12fop_kdfjm_menges_2017-9308.jpg?ssl=1\" alt=\"12fop_kdfjm_menges_2017-9308\" style=\"max-width: 500px; max-height: 500px; width: auto; height:auto; margin:auto\"><img data-recalc-dims=\"1\" decoding=\"async\" src=\"https:\/\/i0.wp.com\/www.kdfjm.si\/wp-content\/gallery\/festival-otroske-poezije-2017\/12fop_kdfjm_menges_2017-9312.jpg?ssl=1\" alt=\"12fop_kdfjm_menges_2017-9312\" style=\"max-width: 500px; max-height: 500px; width: auto; height:auto; margin:auto\"><img data-recalc-dims=\"1\" decoding=\"async\" src=\"https:\/\/i0.wp.com\/www.kdfjm.si\/wp-content\/gallery\/festival-otroske-poezije-2017\/12fop_kdfjm_menges_2017-9316.jpg?ssl=1\" alt=\"12fop_kdfjm_menges_2017-9316\" style=\"max-width: 500px; max-height: 500px; width: auto; height:auto; margin:auto\"><img data-recalc-dims=\"1\" decoding=\"async\" src=\"https:\/\/i0.wp.com\/www.kdfjm.si\/wp-content\/gallery\/festival-otroske-poezije-2017\/12fop_kdfjm_menges_2017-9321.jpg?ssl=1\" alt=\"12fop_kdfjm_menges_2017-9321\" style=\"max-width: 500px; max-height: 500px; width: auto; height:auto; margin:auto\"><img data-recalc-dims=\"1\" decoding=\"async\" src=\"https:\/\/i0.wp.com\/www.kdfjm.si\/wp-content\/gallery\/festival-otroske-poezije-2017\/12fop_kdfjm_menges_2017-9335.jpg?ssl=1\" alt=\"12fop_kdfjm_menges_2017-9335\" style=\"max-width: 500px; max-height: 500px; width: auto; height:auto; margin:auto\"><img data-recalc-dims=\"1\" decoding=\"async\" src=\"https:\/\/i0.wp.com\/www.kdfjm.si\/wp-content\/gallery\/festival-otroske-poezije-2017\/12fop_kdfjm_menges_2017-9337.jpg?ssl=1\" alt=\"12fop_kdfjm_menges_2017-9337\" style=\"max-width: 500px; max-height: 500px; width: auto; height:auto; margin:auto\"><img data-recalc-dims=\"1\" decoding=\"async\" src=\"https:\/\/i0.wp.com\/www.kdfjm.si\/wp-content\/gallery\/festival-otroske-poezije-2017\/12fop_kdfjm_menges_2017-9340.jpg?ssl=1\" alt=\"12fop_kdfjm_menges_2017-9340\" style=\"max-width: 500px; max-height: 500px; width: auto; height:auto; margin:auto\"><img data-recalc-dims=\"1\" decoding=\"async\" src=\"https:\/\/i0.wp.com\/www.kdfjm.si\/wp-content\/gallery\/festival-otroske-poezije-2017\/12fop_kdfjm_menges_2017-9359.jpg?ssl=1\" alt=\"12fop_kdfjm_menges_2017-9359\" style=\"max-width: 500px; max-height: 500px; width: auto; height:auto; margin:auto\"><img data-recalc-dims=\"1\" decoding=\"async\" src=\"https:\/\/i0.wp.com\/www.kdfjm.si\/wp-content\/gallery\/festival-otroske-poezije-2017\/12fop_kdfjm_menges_2017-9375.jpg?ssl=1\" alt=\"12fop_kdfjm_menges_2017-9375\" style=\"max-width: 500px; max-height: 500px; width: auto; height:auto; margin:auto\"><\/div><\/div>\n\n<script type=\"text\/javascript\">jQuery(document).ready(function($) {\r\n\t\t\tvar owl = $('#ngg_slideshow35444901');\r\n\t\t\towl.owlCarousel({\r\n\t\t\t\titems: 1,\r\n\t\t\t\tautoHeight: false,\r\n\t            dots: true,\r\n\t            autoplay: true,\r\n\t\t\t\tautoplayTimeout: 3000,\r\n\t\t\t\tautoplayHoverPause: true,\r\n\t\t\t\tanimateIn: 'fadeIn',\r\n\t\t\t\tanimateOut: 'fadeOut',\r\n\t\t\t\tloop: true,\r\n\t\t\t\tmouseDrag: true,\r\n\t\t\t\ttouchDrag: true\r\n\t\t\t});\nowl.click( function () {\r\n                    owl.trigger( 'next.owl.carousel' );\r\n                } );});\n<\/script>\n","protected":false},"excerpt":{"rendered":"<p>12. festival otro\u0161ke poezije bo v Meng\u0161u v petek, 26. maja 2017 ob 17. uri pri razvalinah grajske kapele sv. Lovrenca na Gobavici nad Meng\u0161em. Vsebinska obrazlo\u017eitev projekta: 29. maj je rojstni dan slovenskega pisatelja, klasika Janeza Trdine, ki je \u017ee v mladosti skrbno prisluhnil bogatemu izro\u010dilu slovenskega \u010dloveka, ki je v bogati poeziji legend, [&hellip;]<\/p>\n","protected":false},"author":4,"featured_media":0,"parent":361,"menu_order":0,"comment_status":"closed","ping_status":"closed","template":"","meta":{"footnotes":""},"class_list":["post-4490","page","type-page","status-publish","hentry"],"jetpack_sharing_enabled":true,"jetpack_shortlink":"https:\/\/wp.me\/P73nhm-1aq","jetpack-related-posts":[],"_links":{"self":[{"href":"https:\/\/www.kdfjm.si\/index.php?rest_route=\/wp\/v2\/pages\/4490","targetHints":{"allow":["GET"]}}],"collection":[{"href":"https:\/\/www.kdfjm.si\/index.php?rest_route=\/wp\/v2\/pages"}],"about":[{"href":"https:\/\/www.kdfjm.si\/index.php?rest_route=\/wp\/v2\/types\/page"}],"author":[{"embeddable":true,"href":"https:\/\/www.kdfjm.si\/index.php?rest_route=\/wp\/v2\/users\/4"}],"replies":[{"embeddable":true,"href":"https:\/\/www.kdfjm.si\/index.php?rest_route=%2Fwp%2Fv2%2Fcomments&post=4490"}],"version-history":[{"count":1,"href":"https:\/\/www.kdfjm.si\/index.php?rest_route=\/wp\/v2\/pages\/4490\/revisions"}],"predecessor-version":[{"id":4491,"href":"https:\/\/www.kdfjm.si\/index.php?rest_route=\/wp\/v2\/pages\/4490\/revisions\/4491"}],"up":[{"embeddable":true,"href":"https:\/\/www.kdfjm.si\/index.php?rest_route=\/wp\/v2\/pages\/361"}],"wp:attachment":[{"href":"https:\/\/www.kdfjm.si\/index.php?rest_route=%2Fwp%2Fv2%2Fmedia&parent=4490"}],"curies":[{"name":"wp","href":"https:\/\/api.w.org\/{rel}","templated":true}]}}