{"id":4487,"date":"2019-03-05T15:45:00","date_gmt":"2019-03-05T14:45:00","guid":{"rendered":"http:\/\/www.kdfjm.si\/?page_id=4487"},"modified":"2019-03-05T16:04:47","modified_gmt":"2019-03-05T15:04:47","slug":"xi-festival-otroske-poezije-menges-2016","status":"publish","type":"page","link":"https:\/\/www.kdfjm.si\/?page_id=4487","title":{"rendered":"XI. festival otro\u0161ke poezije Menge\u0161 2016"},"content":{"rendered":"<div>Vljudno vas vabimo na <strong>11. festival otro\u0161ke poezije Menge\u0161 2016<\/strong> na razvaline kapele sv. Lovrenca na Gobavico nad Meng\u0161em v petek, 27. maja 2016 ob 17. uri.<\/div>\n<div>\u00a0<img data-recalc-dims=\"1\" loading=\"lazy\" decoding=\"async\" data-attachment-id=\"3842\" data-permalink=\"https:\/\/www.kdfjm.si\/?attachment_id=3842\" data-orig-file=\"https:\/\/i0.wp.com\/www.kdfjm.si\/wp-content\/uploads\/2016\/05\/Plakat11fop2016kdfjm.jpg?fit=1253%2C1772&amp;ssl=1\" data-orig-size=\"1253,1772\" data-comments-opened=\"0\" data-image-meta=\"{&quot;aperture&quot;:&quot;0&quot;,&quot;credit&quot;:&quot;&quot;,&quot;camera&quot;:&quot;&quot;,&quot;caption&quot;:&quot;&quot;,&quot;created_timestamp&quot;:&quot;0&quot;,&quot;copyright&quot;:&quot;&quot;,&quot;focal_length&quot;:&quot;0&quot;,&quot;iso&quot;:&quot;0&quot;,&quot;shutter_speed&quot;:&quot;0&quot;,&quot;title&quot;:&quot;&quot;,&quot;orientation&quot;:&quot;1&quot;}\" data-image-title=\"Plakat11fop2016kdfjm\" data-image-description=\"\" data-image-caption=\"\" data-large-file=\"https:\/\/i0.wp.com\/www.kdfjm.si\/wp-content\/uploads\/2016\/05\/Plakat11fop2016kdfjm.jpg?fit=724%2C1024&amp;ssl=1\" class=\"aligncenter wp-image-3842\" src=\"https:\/\/i0.wp.com\/www.kdfjm.si\/wp-content\/uploads\/2016\/05\/Plakat11fop2016kdfjm-212x300.jpg?resize=306%2C433\" alt=\"Plakat11fop2016kdfjm\" width=\"306\" height=\"433\" srcset=\"https:\/\/i0.wp.com\/www.kdfjm.si\/wp-content\/uploads\/2016\/05\/Plakat11fop2016kdfjm.jpg?resize=212%2C300&amp;ssl=1 212w, https:\/\/i0.wp.com\/www.kdfjm.si\/wp-content\/uploads\/2016\/05\/Plakat11fop2016kdfjm.jpg?resize=724%2C1024&amp;ssl=1 724w, https:\/\/i0.wp.com\/www.kdfjm.si\/wp-content\/uploads\/2016\/05\/Plakat11fop2016kdfjm.jpg?w=1253&amp;ssl=1 1253w\" sizes=\"auto, (max-width: 306px) 100vw, 306px\" \/><\/div>\n<div>\n<p>V petek popoldan, po dolgem \u010dasu brez kapljic z neba, se je odvila otro\u0161ka poezija mladih pesni\u0161kih ustvarjalcev. Sodelovalo je kar nekaj otrok iz bli\u017enjih osnovnih \u0161ol. Najbolj\u0161i mladi pesniki so dobili knji\u017ene nagrade iz doma\u010de zbirke Kulturnega dru\u0161tva Franca Jelov\u0161ka Menge\u0161.<\/p>\n<div class=\"slideshow\"><div id=\"ngg_slideshow32944871\" class=\"ngg-slideshow owl-carousel\" style=\"max-width: 500px; max-height: 500px;\"><img data-recalc-dims=\"1\" decoding=\"async\" src=\"https:\/\/i0.wp.com\/www.kdfjm.si\/wp-content\/gallery\/festival-otroske-poezije-2016\/11festivalotroskepoezijekdfjmmuzejmenges2016-9010.jpg?ssl=1\" alt=\"11festivalotroskepoezijekdfjmmuzejmenges2016-9010\" style=\"max-width: 500px; max-height: 500px; width: auto; height:auto; margin:auto\"><img data-recalc-dims=\"1\" decoding=\"async\" src=\"https:\/\/i0.wp.com\/www.kdfjm.si\/wp-content\/gallery\/festival-otroske-poezije-2016\/11festivalotroskepoezijekdfjmmuzejmenges2016-9022.jpg?ssl=1\" alt=\"11festivalotroskepoezijekdfjmmuzejmenges2016-9022\" style=\"max-width: 500px; max-height: 500px; width: auto; height:auto; margin:auto\"><img data-recalc-dims=\"1\" decoding=\"async\" src=\"https:\/\/i0.wp.com\/www.kdfjm.si\/wp-content\/gallery\/festival-otroske-poezije-2016\/11festivalotroskepoezijekdfjmmuzejmenges2016-9044.jpg?ssl=1\" alt=\"11festivalotroskepoezijekdfjmmuzejmenges2016-9044\" style=\"max-width: 500px; max-height: 500px; width: auto; height:auto; margin:auto\"><img data-recalc-dims=\"1\" decoding=\"async\" src=\"https:\/\/i0.wp.com\/www.kdfjm.si\/wp-content\/gallery\/festival-otroske-poezije-2016\/11festivalotroskepoezijekdfjmmuzejmenges2016-9068.jpg?ssl=1\" alt=\"11festivalotroskepoezijekdfjmmuzejmenges2016-9068\" style=\"max-width: 500px; max-height: 500px; width: auto; height:auto; margin:auto\"><img data-recalc-dims=\"1\" decoding=\"async\" src=\"https:\/\/i0.wp.com\/www.kdfjm.si\/wp-content\/gallery\/festival-otroske-poezije-2016\/11festivalotroskepoezijekdfjmmuzejmenges2016-9075.jpg?ssl=1\" alt=\"11festivalotroskepoezijekdfjmmuzejmenges2016-9075\" style=\"max-width: 500px; max-height: 500px; width: auto; height:auto; margin:auto\"><img data-recalc-dims=\"1\" decoding=\"async\" src=\"https:\/\/i0.wp.com\/www.kdfjm.si\/wp-content\/gallery\/festival-otroske-poezije-2016\/11festivalotroskepoezijekdfjmmuzejmenges2016-9088.jpg?ssl=1\" alt=\"11festivalotroskepoezijekdfjmmuzejmenges2016-9088\" style=\"max-width: 500px; max-height: 500px; width: auto; height:auto; margin:auto\"><img data-recalc-dims=\"1\" decoding=\"async\" src=\"https:\/\/i0.wp.com\/www.kdfjm.si\/wp-content\/gallery\/festival-otroske-poezije-2016\/11festivalotroskepoezijekdfjmmuzejmenges2016-9101.jpg?ssl=1\" alt=\"11festivalotroskepoezijekdfjmmuzejmenges2016-9101\" style=\"max-width: 500px; max-height: 500px; width: auto; height:auto; margin:auto\"><img data-recalc-dims=\"1\" decoding=\"async\" src=\"https:\/\/i0.wp.com\/www.kdfjm.si\/wp-content\/gallery\/festival-otroske-poezije-2016\/11festivalotroskepoezijekdfjmmuzejmenges2016-9108.jpg?ssl=1\" alt=\"11festivalotroskepoezijekdfjmmuzejmenges2016-9108\" style=\"max-width: 500px; max-height: 500px; width: auto; height:auto; margin:auto\"><img data-recalc-dims=\"1\" decoding=\"async\" src=\"https:\/\/i0.wp.com\/www.kdfjm.si\/wp-content\/gallery\/festival-otroske-poezije-2016\/11festivalotroskepoezijekdfjmmuzejmenges2016-9110.jpg?ssl=1\" alt=\"11festivalotroskepoezijekdfjmmuzejmenges2016-9110\" style=\"max-width: 500px; max-height: 500px; width: auto; height:auto; margin:auto\"><img data-recalc-dims=\"1\" decoding=\"async\" src=\"https:\/\/i0.wp.com\/www.kdfjm.si\/wp-content\/gallery\/festival-otroske-poezije-2016\/11festivalotroskepoezijekdfjmmuzejmenges2016-9113.jpg?ssl=1\" alt=\"11festivalotroskepoezijekdfjmmuzejmenges2016-9113\" style=\"max-width: 500px; max-height: 500px; width: auto; height:auto; margin:auto\"><img data-recalc-dims=\"1\" decoding=\"async\" src=\"https:\/\/i0.wp.com\/www.kdfjm.si\/wp-content\/gallery\/festival-otroske-poezije-2016\/11festivalotroskepoezijekdfjmmuzejmenges2016-9115.jpg?ssl=1\" alt=\"11festivalotroskepoezijekdfjmmuzejmenges2016-9115\" style=\"max-width: 500px; max-height: 500px; width: auto; height:auto; margin:auto\"><img data-recalc-dims=\"1\" decoding=\"async\" src=\"https:\/\/i0.wp.com\/www.kdfjm.si\/wp-content\/gallery\/festival-otroske-poezije-2016\/11festivalotroskepoezijekdfjmmuzejmenges2016-9118.jpg?ssl=1\" alt=\"11festivalotroskepoezijekdfjmmuzejmenges2016-9118\" style=\"max-width: 500px; max-height: 500px; width: auto; height:auto; margin:auto\"><img data-recalc-dims=\"1\" decoding=\"async\" src=\"https:\/\/i0.wp.com\/www.kdfjm.si\/wp-content\/gallery\/festival-otroske-poezije-2016\/11festivalotroskepoezijekdfjmmuzejmenges2016-9128.jpg?ssl=1\" alt=\"11festivalotroskepoezijekdfjmmuzejmenges2016-9128\" style=\"max-width: 500px; max-height: 500px; width: auto; height:auto; margin:auto\"><img data-recalc-dims=\"1\" decoding=\"async\" src=\"https:\/\/i0.wp.com\/www.kdfjm.si\/wp-content\/gallery\/festival-otroske-poezije-2016\/11festivalotroskepoezijekdfjmmuzejmenges2016-9131.jpg?ssl=1\" alt=\"11festivalotroskepoezijekdfjmmuzejmenges2016-9131\" style=\"max-width: 500px; max-height: 500px; width: auto; height:auto; margin:auto\"><img data-recalc-dims=\"1\" decoding=\"async\" src=\"https:\/\/i0.wp.com\/www.kdfjm.si\/wp-content\/gallery\/festival-otroske-poezije-2016\/11festivalotroskepoezijekdfjmmuzejmenges2016-9136.jpg?ssl=1\" alt=\"11festivalotroskepoezijekdfjmmuzejmenges2016-9136\" style=\"max-width: 500px; max-height: 500px; width: auto; height:auto; margin:auto\"><img data-recalc-dims=\"1\" decoding=\"async\" src=\"https:\/\/i0.wp.com\/www.kdfjm.si\/wp-content\/gallery\/festival-otroske-poezije-2016\/11festivalotroskepoezijekdfjmmuzejmenges2016-9143.jpg?ssl=1\" alt=\"11festivalotroskepoezijekdfjmmuzejmenges2016-9143\" style=\"max-width: 500px; max-height: 500px; width: auto; height:auto; margin:auto\"><img data-recalc-dims=\"1\" decoding=\"async\" src=\"https:\/\/i0.wp.com\/www.kdfjm.si\/wp-content\/gallery\/festival-otroske-poezije-2016\/11festivalotroskepoezijekdfjmmuzejmenges2016-9148.jpg?ssl=1\" alt=\"11festivalotroskepoezijekdfjmmuzejmenges2016-9148\" style=\"max-width: 500px; max-height: 500px; width: auto; height:auto; margin:auto\"><img data-recalc-dims=\"1\" decoding=\"async\" src=\"https:\/\/i0.wp.com\/www.kdfjm.si\/wp-content\/gallery\/festival-otroske-poezije-2016\/11festivalotroskepoezijekdfjmmuzejmenges2016-9152.jpg?ssl=1\" alt=\"11festivalotroskepoezijekdfjmmuzejmenges2016-9152\" style=\"max-width: 500px; max-height: 500px; width: auto; height:auto; margin:auto\"><img data-recalc-dims=\"1\" decoding=\"async\" src=\"https:\/\/i0.wp.com\/www.kdfjm.si\/wp-content\/gallery\/festival-otroske-poezije-2016\/11festivalotroskepoezijekdfjmmuzejmenges2016-9158.jpg?ssl=1\" alt=\"11festivalotroskepoezijekdfjmmuzejmenges2016-9158\" style=\"max-width: 500px; max-height: 500px; width: auto; height:auto; margin:auto\"><img data-recalc-dims=\"1\" decoding=\"async\" src=\"https:\/\/i0.wp.com\/www.kdfjm.si\/wp-content\/gallery\/festival-otroske-poezije-2016\/11festivalotroskepoezijekdfjmmuzejmenges2016-9160.jpg?ssl=1\" alt=\"11festivalotroskepoezijekdfjmmuzejmenges2016-9160\" style=\"max-width: 500px; max-height: 500px; width: auto; height:auto; margin:auto\"><img data-recalc-dims=\"1\" decoding=\"async\" src=\"https:\/\/i0.wp.com\/www.kdfjm.si\/wp-content\/gallery\/festival-otroske-poezije-2016\/11festivalotroskepoezijekdfjmmuzejmenges2016-9163.jpg?ssl=1\" alt=\"11festivalotroskepoezijekdfjmmuzejmenges2016-9163\" style=\"max-width: 500px; max-height: 500px; width: auto; height:auto; margin:auto\"><img data-recalc-dims=\"1\" decoding=\"async\" src=\"https:\/\/i0.wp.com\/www.kdfjm.si\/wp-content\/gallery\/festival-otroske-poezije-2016\/11festivalotroskepoezijekdfjmmuzejmenges2016-9168.jpg?ssl=1\" alt=\"11festivalotroskepoezijekdfjmmuzejmenges2016-9168\" style=\"max-width: 500px; max-height: 500px; width: auto; height:auto; margin:auto\"><img data-recalc-dims=\"1\" decoding=\"async\" src=\"https:\/\/i0.wp.com\/www.kdfjm.si\/wp-content\/gallery\/festival-otroske-poezije-2016\/11festivalotroskepoezijekdfjmmuzejmenges2016-9178.jpg?ssl=1\" alt=\"11festivalotroskepoezijekdfjmmuzejmenges2016-9178\" style=\"max-width: 500px; max-height: 500px; width: auto; height:auto; margin:auto\"><img data-recalc-dims=\"1\" decoding=\"async\" src=\"https:\/\/i0.wp.com\/www.kdfjm.si\/wp-content\/gallery\/festival-otroske-poezije-2016\/11festivalotroskepoezijekdfjmmuzejmenges2016-9184.jpg?ssl=1\" alt=\"11festivalotroskepoezijekdfjmmuzejmenges2016-9184\" style=\"max-width: 500px; max-height: 500px; width: auto; height:auto; margin:auto\"><img data-recalc-dims=\"1\" decoding=\"async\" src=\"https:\/\/i0.wp.com\/www.kdfjm.si\/wp-content\/gallery\/festival-otroske-poezije-2016\/11festivalotroskepoezijekdfjmmuzejmenges2016-9192.jpg?ssl=1\" alt=\"11festivalotroskepoezijekdfjmmuzejmenges2016-9192\" style=\"max-width: 500px; max-height: 500px; width: auto; height:auto; margin:auto\"><img data-recalc-dims=\"1\" decoding=\"async\" src=\"https:\/\/i0.wp.com\/www.kdfjm.si\/wp-content\/gallery\/festival-otroske-poezije-2016\/11festivalotroskepoezijekdfjmmuzejmenges2016-9203.jpg?ssl=1\" alt=\"11festivalotroskepoezijekdfjmmuzejmenges2016-9203\" style=\"max-width: 500px; max-height: 500px; width: auto; height:auto; margin:auto\"><img data-recalc-dims=\"1\" decoding=\"async\" src=\"https:\/\/i0.wp.com\/www.kdfjm.si\/wp-content\/gallery\/festival-otroske-poezije-2016\/11festivalotroskepoezijekdfjmmuzejmenges2016-9211.jpg?ssl=1\" alt=\"11festivalotroskepoezijekdfjmmuzejmenges2016-9211\" style=\"max-width: 500px; max-height: 500px; width: auto; height:auto; margin:auto\"><img data-recalc-dims=\"1\" decoding=\"async\" src=\"https:\/\/i0.wp.com\/www.kdfjm.si\/wp-content\/gallery\/festival-otroske-poezije-2016\/11festivalotroskepoezijekdfjmmuzejmenges2016-9219.jpg?ssl=1\" alt=\"11festivalotroskepoezijekdfjmmuzejmenges2016-9219\" style=\"max-width: 500px; max-height: 500px; width: auto; height:auto; margin:auto\"><img data-recalc-dims=\"1\" decoding=\"async\" src=\"https:\/\/i0.wp.com\/www.kdfjm.si\/wp-content\/gallery\/festival-otroske-poezije-2016\/11festivalotroskepoezijekdfjmmuzejmenges2016-9221.jpg?ssl=1\" alt=\"11festivalotroskepoezijekdfjmmuzejmenges2016-9221\" style=\"max-width: 500px; max-height: 500px; width: auto; height:auto; margin:auto\"><img data-recalc-dims=\"1\" decoding=\"async\" src=\"https:\/\/i0.wp.com\/www.kdfjm.si\/wp-content\/gallery\/festival-otroske-poezije-2016\/11festivalotroskepoezijekdfjmmuzejmenges2016-9227.jpg?ssl=1\" alt=\"11festivalotroskepoezijekdfjmmuzejmenges2016-9227\" style=\"max-width: 500px; max-height: 500px; width: auto; height:auto; margin:auto\"><img data-recalc-dims=\"1\" decoding=\"async\" src=\"https:\/\/i0.wp.com\/www.kdfjm.si\/wp-content\/gallery\/festival-otroske-poezije-2016\/11festivalotroskepoezijekdfjmmuzejmenges2016-9233.jpg?ssl=1\" alt=\"11festivalotroskepoezijekdfjmmuzejmenges2016-9233\" style=\"max-width: 500px; max-height: 500px; width: auto; height:auto; margin:auto\"><img data-recalc-dims=\"1\" decoding=\"async\" src=\"https:\/\/i0.wp.com\/www.kdfjm.si\/wp-content\/gallery\/festival-otroske-poezije-2016\/11festivalotroskepoezijekdfjmmuzejmenges2016-9237.jpg?ssl=1\" alt=\"11festivalotroskepoezijekdfjmmuzejmenges2016-9237\" style=\"max-width: 500px; max-height: 500px; width: auto; height:auto; margin:auto\"><img data-recalc-dims=\"1\" decoding=\"async\" src=\"https:\/\/i0.wp.com\/www.kdfjm.si\/wp-content\/gallery\/festival-otroske-poezije-2016\/11festivalotroskepoezijekdfjmmuzejmenges2016-9241.jpg?ssl=1\" alt=\"11festivalotroskepoezijekdfjmmuzejmenges2016-9241\" style=\"max-width: 500px; max-height: 500px; width: auto; height:auto; margin:auto\"><img data-recalc-dims=\"1\" decoding=\"async\" src=\"https:\/\/i0.wp.com\/www.kdfjm.si\/wp-content\/gallery\/festival-otroske-poezije-2016\/11festivalotroskepoezijekdfjmmuzejmenges2016-9249.jpg?ssl=1\" alt=\"11festivalotroskepoezijekdfjmmuzejmenges2016-9249\" style=\"max-width: 500px; max-height: 500px; width: auto; height:auto; margin:auto\"><img data-recalc-dims=\"1\" decoding=\"async\" src=\"https:\/\/i0.wp.com\/www.kdfjm.si\/wp-content\/gallery\/festival-otroske-poezije-2016\/11festivalotroskepoezijekdfjmmuzejmenges2016-9263.jpg?ssl=1\" alt=\"11festivalotroskepoezijekdfjmmuzejmenges2016-9263\" style=\"max-width: 500px; max-height: 500px; width: auto; height:auto; margin:auto\"><img data-recalc-dims=\"1\" decoding=\"async\" src=\"https:\/\/i0.wp.com\/www.kdfjm.si\/wp-content\/gallery\/festival-otroske-poezije-2016\/11festivalotroskepoezijekdfjmmuzejmenges2016-9271.jpg?ssl=1\" alt=\"11festivalotroskepoezijekdfjmmuzejmenges2016-9271\" style=\"max-width: 500px; max-height: 500px; width: auto; height:auto; margin:auto\"><img data-recalc-dims=\"1\" decoding=\"async\" src=\"https:\/\/i0.wp.com\/www.kdfjm.si\/wp-content\/gallery\/festival-otroske-poezije-2016\/11festivalotroskepoezijekdfjmmuzejmenges2016-9278.jpg?ssl=1\" alt=\"11festivalotroskepoezijekdfjmmuzejmenges2016-9278\" style=\"max-width: 500px; max-height: 500px; width: auto; height:auto; margin:auto\"><img data-recalc-dims=\"1\" decoding=\"async\" src=\"https:\/\/i0.wp.com\/www.kdfjm.si\/wp-content\/gallery\/festival-otroske-poezije-2016\/11festivalotroskepoezijekdfjmmuzejmenges2016-9294.jpg?ssl=1\" alt=\"11festivalotroskepoezijekdfjmmuzejmenges2016-9294\" style=\"max-width: 500px; max-height: 500px; width: auto; height:auto; margin:auto\"><img data-recalc-dims=\"1\" decoding=\"async\" src=\"https:\/\/i0.wp.com\/www.kdfjm.si\/wp-content\/gallery\/festival-otroske-poezije-2016\/11festivalotroskepoezijekdfjmmuzejmenges2016-9296.jpg?ssl=1\" alt=\"11festivalotroskepoezijekdfjmmuzejmenges2016-9296\" style=\"max-width: 500px; max-height: 500px; width: auto; height:auto; margin:auto\"><\/div><\/div>\n\n<script type=\"text\/javascript\">jQuery(document).ready(function($) {\r\n\t\t\tvar owl = $('#ngg_slideshow32944871');\r\n\t\t\towl.owlCarousel({\r\n\t\t\t\titems: 1,\r\n\t\t\t\tautoHeight: false,\r\n\t            dots: true,\r\n\t            autoplay: true,\r\n\t\t\t\tautoplayTimeout: 3000,\r\n\t\t\t\tautoplayHoverPause: true,\r\n\t\t\t\tanimateIn: 'fadeIn',\r\n\t\t\t\tanimateOut: 'fadeOut',\r\n\t\t\t\tloop: true,\r\n\t\t\t\tmouseDrag: true,\r\n\t\t\t\ttouchDrag: true\r\n\t\t\t});\nowl.click( function () {\r\n                    owl.trigger( 'next.owl.carousel' );\r\n                } );});\n<\/script>\n<p>Iz\u0161la je tudi knji\u017eica<strong> <a href=\"http:\/\/www.kdfjm.si\/wp-content\/uploads\/2016\/06\/11FestivalOtro\u0161ke-PoezijeKDFJMMmMKnjiga2016zaSplet.pdf\" rel=\"\">11. Festival otro\u0161ke poezije.<\/a><\/strong><\/p>\n<\/div>\n<div><\/div>\n","protected":false},"excerpt":{"rendered":"<p>Vljudno vas vabimo na 11. festival otro\u0161ke poezije Menge\u0161 2016 na razvaline kapele sv. Lovrenca na Gobavico nad Meng\u0161em v petek, 27. maja 2016 ob 17. uri. \u00a0 V petek popoldan, po dolgem \u010dasu brez kapljic z neba, se je odvila otro\u0161ka poezija mladih pesni\u0161kih ustvarjalcev. Sodelovalo je kar nekaj otrok iz bli\u017enjih osnovnih \u0161ol. [&hellip;]<\/p>\n","protected":false},"author":4,"featured_media":0,"parent":361,"menu_order":0,"comment_status":"closed","ping_status":"closed","template":"","meta":{"footnotes":""},"class_list":["post-4487","page","type-page","status-publish","hentry"],"jetpack_sharing_enabled":true,"jetpack_shortlink":"https:\/\/wp.me\/P73nhm-1an","jetpack-related-posts":[],"_links":{"self":[{"href":"https:\/\/www.kdfjm.si\/index.php?rest_route=\/wp\/v2\/pages\/4487","targetHints":{"allow":["GET"]}}],"collection":[{"href":"https:\/\/www.kdfjm.si\/index.php?rest_route=\/wp\/v2\/pages"}],"about":[{"href":"https:\/\/www.kdfjm.si\/index.php?rest_route=\/wp\/v2\/types\/page"}],"author":[{"embeddable":true,"href":"https:\/\/www.kdfjm.si\/index.php?rest_route=\/wp\/v2\/users\/4"}],"replies":[{"embeddable":true,"href":"https:\/\/www.kdfjm.si\/index.php?rest_route=%2Fwp%2Fv2%2Fcomments&post=4487"}],"version-history":[{"count":2,"href":"https:\/\/www.kdfjm.si\/index.php?rest_route=\/wp\/v2\/pages\/4487\/revisions"}],"predecessor-version":[{"id":4500,"href":"https:\/\/www.kdfjm.si\/index.php?rest_route=\/wp\/v2\/pages\/4487\/revisions\/4500"}],"up":[{"embeddable":true,"href":"https:\/\/www.kdfjm.si\/index.php?rest_route=\/wp\/v2\/pages\/361"}],"wp:attachment":[{"href":"https:\/\/www.kdfjm.si\/index.php?rest_route=%2Fwp%2Fv2%2Fmedia&parent=4487"}],"curies":[{"name":"wp","href":"https:\/\/api.w.org\/{rel}","templated":true}]}}