{"id":4483,"date":"2019-03-05T13:42:18","date_gmt":"2019-03-05T12:42:18","guid":{"rendered":"http:\/\/www.kdfjm.si\/?page_id=4483"},"modified":"2019-03-05T13:42:18","modified_gmt":"2019-03-05T12:42:18","slug":"predstavitev-knjige-angelce-in-marka-zerovnika-potovanja","status":"publish","type":"page","link":"https:\/\/www.kdfjm.si\/?page_id=4483","title":{"rendered":"Predstavitev knjige Angelce in Marka \u017derovnika: Potovanja"},"content":{"rendered":"<div>Vljudno Vas in Va\u0161e prijatelje vabimo na predstavitev knjige \u00a0Angelce in Marka \u017derovnika <strong>Potovanja<\/strong> v petek, 8. aprila 2016 ob 20.uri v Galerijo me\u017enarijo na Trdinov trg 11 v Meng\u0161u.<\/div>\n<div>Knjiga opisuje do\u017eivetja dr. Angelce in dr. Marka \u017derovnika na petindvajsetih potovanjih v petintrideset de\u017eel izven Evrope. Knjiga obravnava naravno okolje, kulturno pokrajino in znamenitosti, navade ljudi in obi\u010daje, utrinke iz podro\u010dij \u0161olstva, zdravstva, poroke, razne slovesnosti, verske zna\u010dilnosti, nevarnosti, \u00a0pogovore z doma\u010dini, prehrano, udobje in \u00a0neudobje, prevoze, trekinge, prena\u0161anje visoke nadmorske vi\u0161ine itd. Na potovanjih sta bila 457 dni. Knjiga je v formatu A4 in obsega 418 strani, 899.766 znakov, 1029 barvnih slik in 41 barvnih zemljevidov.<\/div>\n<div><\/div>\n<div>dr. Angelca \u017derovnik, dr. Marko \u017derovnik, Mestni muzej Menge\u0161 in Kulturno dru\u0161tvo Franca Jelov\u0161ka Menge\u0161<\/div>\n<div><img data-recalc-dims=\"1\" loading=\"lazy\" decoding=\"async\" data-attachment-id=\"3822\" data-permalink=\"https:\/\/www.kdfjm.si\/?attachment_id=3822\" data-orig-file=\"https:\/\/i0.wp.com\/www.kdfjm.si\/wp-content\/uploads\/2016\/04\/Zerovnik_KDFJM_2016_8cmSplet1.jpg?fit=945%2C891&amp;ssl=1\" data-orig-size=\"945,891\" data-comments-opened=\"0\" data-image-meta=\"{&quot;aperture&quot;:&quot;9&quot;,&quot;credit&quot;:&quot;PeterSkrlep&quot;,&quot;camera&quot;:&quot;NIKON D800&quot;,&quot;caption&quot;:&quot;&quot;,&quot;created_timestamp&quot;:&quot;1457518702&quot;,&quot;copyright&quot;:&quot;PeterSkrlepStudioPrimerMenges&quot;,&quot;focal_length&quot;:&quot;50&quot;,&quot;iso&quot;:&quot;100&quot;,&quot;shutter_speed&quot;:&quot;0.00625&quot;,&quot;title&quot;:&quot;&quot;,&quot;orientation&quot;:&quot;1&quot;}\" data-image-title=\"Zerovnik_KDFJM_2016_8cmSplet(1)\" data-image-description=\"\" data-image-caption=\"\" data-large-file=\"https:\/\/i0.wp.com\/www.kdfjm.si\/wp-content\/uploads\/2016\/04\/Zerovnik_KDFJM_2016_8cmSplet1.jpg?fit=945%2C891&amp;ssl=1\" class=\"aligncenter wp-image-3822\" src=\"https:\/\/i0.wp.com\/www.kdfjm.si\/wp-content\/uploads\/2016\/04\/Zerovnik_KDFJM_2016_8cmSplet1-300x283.jpg?resize=367%2C346\" alt=\"Zerovnik_KDFJM_2016_8cmSplet(1)\" width=\"367\" height=\"346\" srcset=\"https:\/\/i0.wp.com\/www.kdfjm.si\/wp-content\/uploads\/2016\/04\/Zerovnik_KDFJM_2016_8cmSplet1.jpg?resize=300%2C283&amp;ssl=1 300w, https:\/\/i0.wp.com\/www.kdfjm.si\/wp-content\/uploads\/2016\/04\/Zerovnik_KDFJM_2016_8cmSplet1.jpg?w=945&amp;ssl=1 945w\" sizes=\"auto, (max-width: 367px) 100vw, 367px\" \/><\/div>\n<div><div class=\"slideshow\"><div id=\"ngg_slideshow32444831\" class=\"ngg-slideshow owl-carousel\" style=\"max-width: 500px; max-height: 500px;\"><img data-recalc-dims=\"1\" decoding=\"async\" src=\"https:\/\/i0.wp.com\/www.kdfjm.si\/wp-content\/gallery\/zerovnik-2016\/predavanje_zerovnik_kdfjm_menges_042016-4046.jpg?ssl=1\" alt=\"predavanje_zerovnik_kdfjm_menges_042016-4046\" style=\"max-width: 500px; max-height: 500px; width: auto; height:auto; margin:auto\"><img data-recalc-dims=\"1\" decoding=\"async\" src=\"https:\/\/i0.wp.com\/www.kdfjm.si\/wp-content\/gallery\/zerovnik-2016\/predavanje_zerovnik_kdfjm_menges_042016-4048.jpg?ssl=1\" alt=\"predavanje_zerovnik_kdfjm_menges_042016-4048\" style=\"max-width: 500px; max-height: 500px; width: auto; height:auto; margin:auto\"><\/div><\/div>\n\n<script type=\"text\/javascript\">jQuery(document).ready(function($) {\r\n\t\t\tvar owl = $('#ngg_slideshow32444831');\r\n\t\t\towl.owlCarousel({\r\n\t\t\t\titems: 1,\r\n\t\t\t\tautoHeight: false,\r\n\t            dots: true,\r\n\t            autoplay: true,\r\n\t\t\t\tautoplayTimeout: 3000,\r\n\t\t\t\tautoplayHoverPause: true,\r\n\t\t\t\tanimateIn: 'fadeIn',\r\n\t\t\t\tanimateOut: 'fadeOut',\r\n\t\t\t\tloop: true,\r\n\t\t\t\tmouseDrag: true,\r\n\t\t\t\ttouchDrag: true\r\n\t\t\t});\nowl.click( function () {\r\n                    owl.trigger( 'next.owl.carousel' );\r\n                } );});\n<\/script><\/div>\n","protected":false},"excerpt":{"rendered":"<p>Vljudno Vas in Va\u0161e prijatelje vabimo na predstavitev knjige \u00a0Angelce in Marka \u017derovnika Potovanja v petek, 8. aprila 2016 ob 20.uri v Galerijo me\u017enarijo na Trdinov trg 11 v Meng\u0161u. Knjiga opisuje do\u017eivetja dr. Angelce in dr. Marka \u017derovnika na petindvajsetih potovanjih v petintrideset de\u017eel izven Evrope. Knjiga obravnava naravno okolje, kulturno pokrajino in znamenitosti, [&hellip;]<\/p>\n","protected":false},"author":4,"featured_media":0,"parent":361,"menu_order":0,"comment_status":"closed","ping_status":"closed","template":"","meta":{"footnotes":""},"class_list":["post-4483","page","type-page","status-publish","hentry"],"jetpack_sharing_enabled":true,"jetpack_shortlink":"https:\/\/wp.me\/P73nhm-1aj","jetpack-related-posts":[],"_links":{"self":[{"href":"https:\/\/www.kdfjm.si\/index.php?rest_route=\/wp\/v2\/pages\/4483","targetHints":{"allow":["GET"]}}],"collection":[{"href":"https:\/\/www.kdfjm.si\/index.php?rest_route=\/wp\/v2\/pages"}],"about":[{"href":"https:\/\/www.kdfjm.si\/index.php?rest_route=\/wp\/v2\/types\/page"}],"author":[{"embeddable":true,"href":"https:\/\/www.kdfjm.si\/index.php?rest_route=\/wp\/v2\/users\/4"}],"replies":[{"embeddable":true,"href":"https:\/\/www.kdfjm.si\/index.php?rest_route=%2Fwp%2Fv2%2Fcomments&post=4483"}],"version-history":[{"count":1,"href":"https:\/\/www.kdfjm.si\/index.php?rest_route=\/wp\/v2\/pages\/4483\/revisions"}],"predecessor-version":[{"id":4484,"href":"https:\/\/www.kdfjm.si\/index.php?rest_route=\/wp\/v2\/pages\/4483\/revisions\/4484"}],"up":[{"embeddable":true,"href":"https:\/\/www.kdfjm.si\/index.php?rest_route=\/wp\/v2\/pages\/361"}],"wp:attachment":[{"href":"https:\/\/www.kdfjm.si\/index.php?rest_route=%2Fwp%2Fv2%2Fmedia&parent=4483"}],"curies":[{"name":"wp","href":"https:\/\/api.w.org\/{rel}","templated":true}]}}