{"id":4479,"date":"2019-03-05T13:35:49","date_gmt":"2019-03-05T12:35:49","guid":{"rendered":"http:\/\/www.kdfjm.si\/?page_id=4479"},"modified":"2019-03-05T13:35:49","modified_gmt":"2019-03-05T12:35:49","slug":"predstavitev-knjige-umik-cez-ljubelj-maj-1945-v-dobrepolju","status":"publish","type":"page","link":"https:\/\/www.kdfjm.si\/?page_id=4479","title":{"rendered":"Predstavitev knjige Umik \u010dez Ljubelj, maj 1945 v Dobrepolju"},"content":{"rendered":"<div dir=\"ltr\">Predstavitev knjige\u00a0Umik \u010dez Ljubelj, maj 1945\u00a0v Dobrepolju je za nami. Pri\u0161lo je veliko mojih sofaranov, ki so\u00a0med sorodniki imeli tako civilne kot voja\u0161ke begunce. Dobrepolje je v juniju 1945 bilo ob 287 fantov, Struge pa ob 112. Takrat se je Dobrepolja prijel vzdevek &#8211; dolina \u010drnih rut.<\/div>\n<div dir=\"ltr\">Prisotni smo bili vsi souredniki. Na odru pa se nam je pridru\u017eil domobranski veteran Janez \u0160porar, katerega pri\u010devanje bo \u0161e dolgo \u010dasa odmevalo. Razkril je med drugim, kako ga je konec maja 45 pri\u0161el snubit v voja\u0161ko bolnico v Celovcu sam France Bu\u010dar in ga vabil v jugoslovansko &#8220;bolnico&#8221;. V tistih dneh so \u0161li transporti pod pretvezo, da gredo v Italijo, naravnost Titu v roke. Ta se je v zameno za vse begunce &#8211; tudi civilne &#8211; odpovedal Koro\u0161ki. Slednjih prb. 7000 je z intervencijo obranil Valentin Mer\u0161ol, da jih niso poslali za domobranci nazaj.<\/div>\n<div dir=\"ltr\">Obenem pa smo izpostavili prisotno Ido Meglen, ki se je prav tako umikala \u010dez Ljubelj kot civilistka in bila vrnjena s fanti v Teharje. Tam jo je re\u0161ila amnestija.<\/div>\n<div dir=\"ltr\">Program so popestrili dobrepoljski fantje, ki so s tremi narodnimi pesmimi odzvanjali stiske mladih v tistem \u010dasu.<br \/>\nRazstava ostaja na ogled \u0161e en teden v videmski knji\u017enici v Jakli\u010devem domu.<br \/>\nNih\u010de od nas no\u010de spreminjati zgodovine. Ta ostaja \u0161e vedno le ena in ista. Le zapisati jo bo treba malo bolj resnici na ljubo.<\/p>\n<div><\/div>\n<div>Tamino Petelin\u0161ek<\/div>\n<div><div class=\"slideshow\"><div id=\"ngg_slideshow33044791\" class=\"ngg-slideshow owl-carousel\" style=\"max-width: 500px; max-height: 500px;\"><img data-recalc-dims=\"1\" decoding=\"async\" src=\"https:\/\/i0.wp.com\/www.kdfjm.si\/wp-content\/gallery\/umik-cez-ljubelj-maj-1945-v-dobrepolju\/umikdobrepolje1.jpg?ssl=1\" alt=\"umikdobrepolje1\" style=\"max-width: 500px; max-height: 500px; width: auto; height:auto; margin:auto\"><img data-recalc-dims=\"1\" decoding=\"async\" src=\"https:\/\/i0.wp.com\/www.kdfjm.si\/wp-content\/gallery\/umik-cez-ljubelj-maj-1945-v-dobrepolju\/umikdobrepolje2.jpg?ssl=1\" alt=\"umikdobrepolje2\" style=\"max-width: 500px; max-height: 500px; width: auto; height:auto; margin:auto\"><img data-recalc-dims=\"1\" decoding=\"async\" src=\"https:\/\/i0.wp.com\/www.kdfjm.si\/wp-content\/gallery\/umik-cez-ljubelj-maj-1945-v-dobrepolju\/umikdobrepolje3.jpg?ssl=1\" alt=\"umikdobrepolje3\" style=\"max-width: 500px; max-height: 500px; width: auto; height:auto; margin:auto\"><\/div><\/div>\n\n<script type=\"text\/javascript\">jQuery(document).ready(function($) {\r\n\t\t\tvar owl = $('#ngg_slideshow33044791');\r\n\t\t\towl.owlCarousel({\r\n\t\t\t\titems: 1,\r\n\t\t\t\tautoHeight: false,\r\n\t            dots: true,\r\n\t            autoplay: true,\r\n\t\t\t\tautoplayTimeout: 3000,\r\n\t\t\t\tautoplayHoverPause: true,\r\n\t\t\t\tanimateIn: 'fadeIn',\r\n\t\t\t\tanimateOut: 'fadeOut',\r\n\t\t\t\tloop: true,\r\n\t\t\t\tmouseDrag: true,\r\n\t\t\t\ttouchDrag: true\r\n\t\t\t});\nowl.click( function () {\r\n                    owl.trigger( 'next.owl.carousel' );\r\n                } );});\n<\/script><\/div>\n<\/div>\n","protected":false},"excerpt":{"rendered":"<p>Predstavitev knjige\u00a0Umik \u010dez Ljubelj, maj 1945\u00a0v Dobrepolju je za nami. Pri\u0161lo je veliko mojih sofaranov, ki so\u00a0med sorodniki imeli tako civilne kot voja\u0161ke begunce. Dobrepolje je v juniju 1945 bilo ob 287 fantov, Struge pa ob 112. Takrat se je Dobrepolja prijel vzdevek &#8211; dolina \u010drnih rut. Prisotni smo bili vsi souredniki. Na odru pa [&hellip;]<\/p>\n","protected":false},"author":4,"featured_media":0,"parent":361,"menu_order":0,"comment_status":"closed","ping_status":"closed","template":"","meta":{"footnotes":""},"class_list":["post-4479","page","type-page","status-publish","hentry"],"jetpack_sharing_enabled":true,"jetpack_shortlink":"https:\/\/wp.me\/P73nhm-1af","jetpack-related-posts":[],"_links":{"self":[{"href":"https:\/\/www.kdfjm.si\/index.php?rest_route=\/wp\/v2\/pages\/4479","targetHints":{"allow":["GET"]}}],"collection":[{"href":"https:\/\/www.kdfjm.si\/index.php?rest_route=\/wp\/v2\/pages"}],"about":[{"href":"https:\/\/www.kdfjm.si\/index.php?rest_route=\/wp\/v2\/types\/page"}],"author":[{"embeddable":true,"href":"https:\/\/www.kdfjm.si\/index.php?rest_route=\/wp\/v2\/users\/4"}],"replies":[{"embeddable":true,"href":"https:\/\/www.kdfjm.si\/index.php?rest_route=%2Fwp%2Fv2%2Fcomments&post=4479"}],"version-history":[{"count":1,"href":"https:\/\/www.kdfjm.si\/index.php?rest_route=\/wp\/v2\/pages\/4479\/revisions"}],"predecessor-version":[{"id":4480,"href":"https:\/\/www.kdfjm.si\/index.php?rest_route=\/wp\/v2\/pages\/4479\/revisions\/4480"}],"up":[{"embeddable":true,"href":"https:\/\/www.kdfjm.si\/index.php?rest_route=\/wp\/v2\/pages\/361"}],"wp:attachment":[{"href":"https:\/\/www.kdfjm.si\/index.php?rest_route=%2Fwp%2Fv2%2Fmedia&parent=4479"}],"curies":[{"name":"wp","href":"https:\/\/api.w.org\/{rel}","templated":true}]}}