{"id":4467,"date":"2019-03-05T13:24:53","date_gmt":"2019-03-05T12:24:53","guid":{"rendered":"http:\/\/www.kdfjm.si\/?page_id=4467"},"modified":"2019-03-05T13:32:59","modified_gmt":"2019-03-05T12:32:59","slug":"opojnost-gora-dr-marko-zerovnik","status":"publish","type":"page","link":"https:\/\/www.kdfjm.si\/?page_id=4467","title":{"rendered":"Opojnost gora &#8211; dr. Marko \u017derovnik"},"content":{"rendered":"<p><img data-recalc-dims=\"1\" loading=\"lazy\" decoding=\"async\" data-attachment-id=\"4127\" data-permalink=\"https:\/\/www.kdfjm.si\/?attachment_id=4127\" data-orig-file=\"https:\/\/i0.wp.com\/www.kdfjm.si\/wp-content\/uploads\/2017\/11\/Plakat-ZerovnikMeznarija_kdfjm_MmM_2017.jpg?fit=4961%2C3508&amp;ssl=1\" data-orig-size=\"4961,3508\" data-comments-opened=\"0\" data-image-meta=\"{&quot;aperture&quot;:&quot;0&quot;,&quot;credit&quot;:&quot;&quot;,&quot;camera&quot;:&quot;&quot;,&quot;caption&quot;:&quot;&quot;,&quot;created_timestamp&quot;:&quot;0&quot;,&quot;copyright&quot;:&quot;&quot;,&quot;focal_length&quot;:&quot;0&quot;,&quot;iso&quot;:&quot;0&quot;,&quot;shutter_speed&quot;:&quot;0&quot;,&quot;title&quot;:&quot;&quot;,&quot;orientation&quot;:&quot;0&quot;}\" data-image-title=\"Plakat ZerovnikMeznarija_kdfjm_MmM_2017\" data-image-description=\"\" data-image-caption=\"\" data-large-file=\"https:\/\/i0.wp.com\/www.kdfjm.si\/wp-content\/uploads\/2017\/11\/Plakat-ZerovnikMeznarija_kdfjm_MmM_2017.jpg?fit=1024%2C724&amp;ssl=1\" class=\"aligncenter wp-image-4127\" src=\"https:\/\/i0.wp.com\/www.kdfjm.si\/wp-content\/uploads\/2017\/11\/Plakat-ZerovnikMeznarija_kdfjm_MmM_2017-300x212.jpg?resize=453%2C320\" alt=\"\" width=\"453\" height=\"320\" srcset=\"https:\/\/i0.wp.com\/www.kdfjm.si\/wp-content\/uploads\/2017\/11\/Plakat-ZerovnikMeznarija_kdfjm_MmM_2017.jpg?resize=300%2C212&amp;ssl=1 300w, https:\/\/i0.wp.com\/www.kdfjm.si\/wp-content\/uploads\/2017\/11\/Plakat-ZerovnikMeznarija_kdfjm_MmM_2017.jpg?resize=1024%2C724&amp;ssl=1 1024w, https:\/\/i0.wp.com\/www.kdfjm.si\/wp-content\/uploads\/2017\/11\/Plakat-ZerovnikMeznarija_kdfjm_MmM_2017.jpg?w=2000&amp;ssl=1 2000w, https:\/\/i0.wp.com\/www.kdfjm.si\/wp-content\/uploads\/2017\/11\/Plakat-ZerovnikMeznarija_kdfjm_MmM_2017.jpg?w=3000&amp;ssl=1 3000w\" sizes=\"auto, (max-width: 453px) 100vw, 453px\" \/><\/p>\n<div>Kulturno dru\u0161tvo Franca Jelov\u0161ka Menge\u0161 in Mestni muzej Menge\u0161<\/div>\n","protected":false},"excerpt":{"rendered":"<p>Kulturno dru\u0161tvo Franca Jelov\u0161ka Menge\u0161 in Mestni muzej Menge\u0161<\/p>\n","protected":false},"author":4,"featured_media":0,"parent":361,"menu_order":0,"comment_status":"closed","ping_status":"closed","template":"","meta":{"footnotes":""},"class_list":["post-4467","page","type-page","status-publish","hentry"],"jetpack_sharing_enabled":true,"jetpack_shortlink":"https:\/\/wp.me\/P73nhm-1a3","jetpack-related-posts":[],"_links":{"self":[{"href":"https:\/\/www.kdfjm.si\/index.php?rest_route=\/wp\/v2\/pages\/4467","targetHints":{"allow":["GET"]}}],"collection":[{"href":"https:\/\/www.kdfjm.si\/index.php?rest_route=\/wp\/v2\/pages"}],"about":[{"href":"https:\/\/www.kdfjm.si\/index.php?rest_route=\/wp\/v2\/types\/page"}],"author":[{"embeddable":true,"href":"https:\/\/www.kdfjm.si\/index.php?rest_route=\/wp\/v2\/users\/4"}],"replies":[{"embeddable":true,"href":"https:\/\/www.kdfjm.si\/index.php?rest_route=%2Fwp%2Fv2%2Fcomments&post=4467"}],"version-history":[{"count":1,"href":"https:\/\/www.kdfjm.si\/index.php?rest_route=\/wp\/v2\/pages\/4467\/revisions"}],"predecessor-version":[{"id":4468,"href":"https:\/\/www.kdfjm.si\/index.php?rest_route=\/wp\/v2\/pages\/4467\/revisions\/4468"}],"up":[{"embeddable":true,"href":"https:\/\/www.kdfjm.si\/index.php?rest_route=\/wp\/v2\/pages\/361"}],"wp:attachment":[{"href":"https:\/\/www.kdfjm.si\/index.php?rest_route=%2Fwp%2Fv2%2Fmedia&parent=4467"}],"curies":[{"name":"wp","href":"https:\/\/api.w.org\/{rel}","templated":true}]}}