{"id":4463,"date":"2019-03-05T13:16:28","date_gmt":"2019-03-05T12:16:28","guid":{"rendered":"http:\/\/www.kdfjm.si\/?page_id=4463"},"modified":"2019-03-05T13:16:28","modified_gmt":"2019-03-05T12:16:28","slug":"predstavitev-knjige-stefana-babica","status":"publish","type":"page","link":"https:\/\/www.kdfjm.si\/?page_id=4463","title":{"rendered":"Predstavitev knjige \u0160tefana Babi\u010da"},"content":{"rendered":"<p>Gospod \u0160tefan Babi\u010d, nekdanji menge\u0161ki \u017eupnik, je v \u017eupnijskem domu mnogim poslu\u0161alcem predstavil svojo knjigo Gospod je moja pot.<\/p>\n<p><img data-recalc-dims=\"1\" loading=\"lazy\" decoding=\"async\" data-attachment-id=\"4220\" data-permalink=\"https:\/\/www.kdfjm.si\/?attachment_id=4220\" data-orig-file=\"https:\/\/i0.wp.com\/www.kdfjm.si\/wp-content\/uploads\/2018\/04\/plakat_predavanje_babic_kdfjm_MmM_2018.jpg?fit=3508%2C4961&amp;ssl=1\" data-orig-size=\"3508,4961\" data-comments-opened=\"0\" data-image-meta=\"{&quot;aperture&quot;:&quot;0&quot;,&quot;credit&quot;:&quot;&quot;,&quot;camera&quot;:&quot;&quot;,&quot;caption&quot;:&quot;&quot;,&quot;created_timestamp&quot;:&quot;0&quot;,&quot;copyright&quot;:&quot;&quot;,&quot;focal_length&quot;:&quot;0&quot;,&quot;iso&quot;:&quot;0&quot;,&quot;shutter_speed&quot;:&quot;0&quot;,&quot;title&quot;:&quot;&quot;,&quot;orientation&quot;:&quot;0&quot;}\" data-image-title=\"plakat_predavanje_babic_kdfjm_MmM_2018\" data-image-description=\"\" data-image-caption=\"\" data-large-file=\"https:\/\/i0.wp.com\/www.kdfjm.si\/wp-content\/uploads\/2018\/04\/plakat_predavanje_babic_kdfjm_MmM_2018.jpg?fit=724%2C1024&amp;ssl=1\" class=\"aligncenter wp-image-4220\" src=\"https:\/\/i0.wp.com\/www.kdfjm.si\/wp-content\/uploads\/2018\/04\/plakat_predavanje_babic_kdfjm_MmM_2018-212x300.jpg?resize=335%2C475\" alt=\"\" width=\"335\" height=\"475\" srcset=\"https:\/\/i0.wp.com\/www.kdfjm.si\/wp-content\/uploads\/2018\/04\/plakat_predavanje_babic_kdfjm_MmM_2018.jpg?resize=212%2C300&amp;ssl=1 212w, https:\/\/i0.wp.com\/www.kdfjm.si\/wp-content\/uploads\/2018\/04\/plakat_predavanje_babic_kdfjm_MmM_2018.jpg?resize=724%2C1024&amp;ssl=1 724w, https:\/\/i0.wp.com\/www.kdfjm.si\/wp-content\/uploads\/2018\/04\/plakat_predavanje_babic_kdfjm_MmM_2018.jpg?w=2000&amp;ssl=1 2000w, https:\/\/i0.wp.com\/www.kdfjm.si\/wp-content\/uploads\/2018\/04\/plakat_predavanje_babic_kdfjm_MmM_2018.jpg?w=3000&amp;ssl=1 3000w\" sizes=\"auto, (max-width: 335px) 100vw, 335px\" \/><\/p>\n<div class=\"slideshow\"><div id=\"ngg_slideshow37544631\" class=\"ngg-slideshow owl-carousel\" style=\"max-width: 500px; max-height: 500px;\"><img data-recalc-dims=\"1\" decoding=\"async\" src=\"https:\/\/i0.wp.com\/www.kdfjm.si\/wp-content\/gallery\/stefan-babic-knjiga\/stefan_babic_kdfjm_mmm_zup_dom_menges_2018-5919.jpg?ssl=1\" alt=\"stefan_babic_kdfjm_mmm_zup_dom_menges_2018-5919\" style=\"max-width: 500px; max-height: 500px; width: auto; height:auto; margin:auto\"><img data-recalc-dims=\"1\" decoding=\"async\" src=\"https:\/\/i0.wp.com\/www.kdfjm.si\/wp-content\/gallery\/stefan-babic-knjiga\/stefan_babic_kdfjm_mmm_zup_dom_menges_2018-5932.jpg?ssl=1\" alt=\"stefan_babic_kdfjm_mmm_zup_dom_menges_2018-5932\" style=\"max-width: 500px; max-height: 500px; width: auto; height:auto; margin:auto\"><img data-recalc-dims=\"1\" decoding=\"async\" src=\"https:\/\/i0.wp.com\/www.kdfjm.si\/wp-content\/gallery\/stefan-babic-knjiga\/stefan_babic_kdfjm_mmm_zup_dom_menges_2018-5934.jpg?ssl=1\" alt=\"stefan_babic_kdfjm_mmm_zup_dom_menges_2018-5934\" style=\"max-width: 500px; max-height: 500px; width: auto; height:auto; margin:auto\"><img data-recalc-dims=\"1\" decoding=\"async\" src=\"https:\/\/i0.wp.com\/www.kdfjm.si\/wp-content\/gallery\/stefan-babic-knjiga\/stefan_babic_kdfjm_mmm_zup_dom_menges_2018-5940.jpg?ssl=1\" alt=\"stefan_babic_kdfjm_mmm_zup_dom_menges_2018-5940\" style=\"max-width: 500px; max-height: 500px; width: auto; height:auto; margin:auto\"><img data-recalc-dims=\"1\" decoding=\"async\" src=\"https:\/\/i0.wp.com\/www.kdfjm.si\/wp-content\/gallery\/stefan-babic-knjiga\/stefan_babic_kdfjm_mmm_zup_dom_menges_2018-5941.jpg?ssl=1\" alt=\"stefan_babic_kdfjm_mmm_zup_dom_menges_2018-5941\" style=\"max-width: 500px; max-height: 500px; width: auto; height:auto; margin:auto\"><img data-recalc-dims=\"1\" decoding=\"async\" src=\"https:\/\/i0.wp.com\/www.kdfjm.si\/wp-content\/gallery\/stefan-babic-knjiga\/stefan_babic_kdfjm_mmm_zup_dom_menges_2018-5942.jpg?ssl=1\" alt=\"stefan_babic_kdfjm_mmm_zup_dom_menges_2018-5942\" style=\"max-width: 500px; max-height: 500px; width: auto; height:auto; margin:auto\"><img data-recalc-dims=\"1\" decoding=\"async\" src=\"https:\/\/i0.wp.com\/www.kdfjm.si\/wp-content\/gallery\/stefan-babic-knjiga\/stefan_babic_kdfjm_mmm_zup_dom_menges_2018-5953.jpg?ssl=1\" alt=\"stefan_babic_kdfjm_mmm_zup_dom_menges_2018-5953\" style=\"max-width: 500px; max-height: 500px; width: auto; height:auto; margin:auto\"><img data-recalc-dims=\"1\" decoding=\"async\" src=\"https:\/\/i0.wp.com\/www.kdfjm.si\/wp-content\/gallery\/stefan-babic-knjiga\/stefan_babic_kdfjm_mmm_zup_dom_menges_2018-5968.jpg?ssl=1\" alt=\"stefan_babic_kdfjm_mmm_zup_dom_menges_2018-5968\" style=\"max-width: 500px; max-height: 500px; width: auto; height:auto; margin:auto\"><\/div><\/div>\n\n<script type=\"text\/javascript\">jQuery(document).ready(function($) {\r\n\t\t\tvar owl = $('#ngg_slideshow37544631');\r\n\t\t\towl.owlCarousel({\r\n\t\t\t\titems: 1,\r\n\t\t\t\tautoHeight: false,\r\n\t            dots: true,\r\n\t            autoplay: true,\r\n\t\t\t\tautoplayTimeout: 3000,\r\n\t\t\t\tautoplayHoverPause: true,\r\n\t\t\t\tanimateIn: 'fadeIn',\r\n\t\t\t\tanimateOut: 'fadeOut',\r\n\t\t\t\tloop: true,\r\n\t\t\t\tmouseDrag: true,\r\n\t\t\t\ttouchDrag: true\r\n\t\t\t});\nowl.click( function () {\r\n                    owl.trigger( 'next.owl.carousel' );\r\n                } );});\n<\/script>\n","protected":false},"excerpt":{"rendered":"<p>Gospod \u0160tefan Babi\u010d, nekdanji menge\u0161ki \u017eupnik, je v \u017eupnijskem domu mnogim poslu\u0161alcem predstavil svojo knjigo Gospod je moja pot.<\/p>\n","protected":false},"author":4,"featured_media":0,"parent":361,"menu_order":0,"comment_status":"closed","ping_status":"closed","template":"","meta":{"footnotes":""},"class_list":["post-4463","page","type-page","status-publish","hentry"],"jetpack_sharing_enabled":true,"jetpack_shortlink":"https:\/\/wp.me\/P73nhm-19Z","jetpack-related-posts":[],"_links":{"self":[{"href":"https:\/\/www.kdfjm.si\/index.php?rest_route=\/wp\/v2\/pages\/4463","targetHints":{"allow":["GET"]}}],"collection":[{"href":"https:\/\/www.kdfjm.si\/index.php?rest_route=\/wp\/v2\/pages"}],"about":[{"href":"https:\/\/www.kdfjm.si\/index.php?rest_route=\/wp\/v2\/types\/page"}],"author":[{"embeddable":true,"href":"https:\/\/www.kdfjm.si\/index.php?rest_route=\/wp\/v2\/users\/4"}],"replies":[{"embeddable":true,"href":"https:\/\/www.kdfjm.si\/index.php?rest_route=%2Fwp%2Fv2%2Fcomments&post=4463"}],"version-history":[{"count":1,"href":"https:\/\/www.kdfjm.si\/index.php?rest_route=\/wp\/v2\/pages\/4463\/revisions"}],"predecessor-version":[{"id":4464,"href":"https:\/\/www.kdfjm.si\/index.php?rest_route=\/wp\/v2\/pages\/4463\/revisions\/4464"}],"up":[{"embeddable":true,"href":"https:\/\/www.kdfjm.si\/index.php?rest_route=\/wp\/v2\/pages\/361"}],"wp:attachment":[{"href":"https:\/\/www.kdfjm.si\/index.php?rest_route=%2Fwp%2Fv2%2Fmedia&parent=4463"}],"curies":[{"name":"wp","href":"https:\/\/api.w.org\/{rel}","templated":true}]}}