{"id":4443,"date":"2019-03-05T12:35:17","date_gmt":"2019-03-05T11:35:17","guid":{"rendered":"http:\/\/www.kdfjm.si\/?page_id=4443"},"modified":"2019-03-05T12:35:17","modified_gmt":"2019-03-05T11:35:17","slug":"sledi-svetlobe-2018","status":"publish","type":"page","link":"https:\/\/www.kdfjm.si\/?page_id=4443","title":{"rendered":"Sledi svetlobe 2018"},"content":{"rendered":"<p>Vljudno vas in va\u0161e prijatelje vabimo na odprtje fotografske razstave \u010dlanov Kulturnega dru\u0161tva Franca Jelov\u0161ka Menge\u0161 z naslovom Sledi svetlobe 2018 v soboto, 29. decembra 2018 ob 18.30 h Galeriji CikCak na Trdinov trg 5 v Menge\u0161.<\/p>\n<p>Razstava bo na ogled do odprtja naslednje razstave.<\/p>\n<p><img data-recalc-dims=\"1\" loading=\"lazy\" decoding=\"async\" data-attachment-id=\"4328\" data-permalink=\"https:\/\/www.kdfjm.si\/?attachment_id=4328\" data-orig-file=\"https:\/\/i0.wp.com\/www.kdfjm.si\/wp-content\/uploads\/2018\/12\/PlakatSlediSvetlobe2018KDFJMPlakat_foto_skrlep_p.jpg?fit=2480%2C1754&amp;ssl=1\" data-orig-size=\"2480,1754\" data-comments-opened=\"0\" data-image-meta=\"{&quot;aperture&quot;:&quot;0&quot;,&quot;credit&quot;:&quot;&quot;,&quot;camera&quot;:&quot;&quot;,&quot;caption&quot;:&quot;&quot;,&quot;created_timestamp&quot;:&quot;0&quot;,&quot;copyright&quot;:&quot;&quot;,&quot;focal_length&quot;:&quot;0&quot;,&quot;iso&quot;:&quot;0&quot;,&quot;shutter_speed&quot;:&quot;0&quot;,&quot;title&quot;:&quot;&quot;,&quot;orientation&quot;:&quot;0&quot;}\" data-image-title=\"PlakatSlediSvetlobe2018KDFJMPlakat_foto_skrlep_p\" data-image-description=\"\" data-image-caption=\"\" data-large-file=\"https:\/\/i0.wp.com\/www.kdfjm.si\/wp-content\/uploads\/2018\/12\/PlakatSlediSvetlobe2018KDFJMPlakat_foto_skrlep_p.jpg?fit=1024%2C724&amp;ssl=1\" class=\"aligncenter wp-image-4328\" src=\"https:\/\/i0.wp.com\/www.kdfjm.si\/wp-content\/uploads\/2018\/12\/PlakatSlediSvetlobe2018KDFJMPlakat_foto_skrlep_p-300x212.jpg?resize=461%2C326\" alt=\"\" width=\"461\" height=\"326\" srcset=\"https:\/\/i0.wp.com\/www.kdfjm.si\/wp-content\/uploads\/2018\/12\/PlakatSlediSvetlobe2018KDFJMPlakat_foto_skrlep_p.jpg?resize=300%2C212&amp;ssl=1 300w, https:\/\/i0.wp.com\/www.kdfjm.si\/wp-content\/uploads\/2018\/12\/PlakatSlediSvetlobe2018KDFJMPlakat_foto_skrlep_p.jpg?resize=1024%2C724&amp;ssl=1 1024w, https:\/\/i0.wp.com\/www.kdfjm.si\/wp-content\/uploads\/2018\/12\/PlakatSlediSvetlobe2018KDFJMPlakat_foto_skrlep_p.jpg?w=2000&amp;ssl=1 2000w\" sizes=\"auto, (max-width: 461px) 100vw, 461px\" \/><\/p>\n<div>\n<div>Razstavljajo:<\/div>\n<div>Jo\u017ee Rot, Andrej \u0160krlep, Valentin Korenjak, Katarina Marin Hribar, Luka \u0160krlep, Mihael Furjan, Klemen Korenjak, Fulvio Grisoni, Filip \u0160krlep, Luka Marke\u017e, Marjeta Korenjak, Jaka Korenjak, Peter \u0160krlep, Tamino Petelin\u0161ek, Ur\u0161a Koce, Eva Korenjak, An\u017ee Hribar, Ne\u017ea Korenjak<\/div>\n<div>Gost: Primo\u017e Lavre<\/div>\n<\/div>\n<div><\/div>\n<div>Oseba za stike za Galerijo CikCak: Peter \u0160krlep, GSM 031 887 125.<\/div>\n<div>Organizator: Kulturno dru\u0161tvo Franca Jelov\u0161ka Menge\u0161, Slovenska 30, 1234 Menge\u0161<\/div>\n<div>Razstavo so omogo\u010dili: Alkam d.o.o. Kamnik, Ob\u010dina Menge\u0161, Primer d.o.o.<\/div>\n<div>\n<p>Ob koncu leta v Cik cak galeriji na prostem postavimo na ogled fotografije, ki so jih skozi leto ustvarili \u010dlani na\u0161ega dru\u0161tva. Otvoritev spremlja prisr\u010dna pogostitev s \u010dajem, kuhanim vinom in ogrevanje ob ognju gore\u010dih &#8220;\u0161vedskih bakel&#8221;. Fotografije si mimoido\u010di lahko ogledajo do naslednje menjave z novimi motivi, ki jih ta \u010das na\u0161i fotografi zavzeto i\u0161\u010dejo. \u010ce vas je zamikalo, da bi ugledali v vsej svoji veli\u010dini \u0161e svojo fotografijo, za katero menite, da ima mo\u010d zabrisati sivino vsakdana ali galerijske stene, ste lepo vabljeni k sodelovanju.<\/p>\n<div class=\"slideshow\"><div id=\"ngg_slideshow38844431\" class=\"ngg-slideshow owl-carousel\" style=\"max-width: 500px; max-height: 500px;\"><img data-recalc-dims=\"1\" decoding=\"async\" src=\"https:\/\/i0.wp.com\/www.kdfjm.si\/wp-content\/gallery\/sledi-svetlobe-2018\/sledi_svetlobe_2018_kdfjm-6975.jpg?ssl=1\" alt=\"sledi_svetlobe_2018_kdfjm-6975\" style=\"max-width: 500px; max-height: 500px; width: auto; height:auto; margin:auto\"><img data-recalc-dims=\"1\" decoding=\"async\" src=\"https:\/\/i0.wp.com\/www.kdfjm.si\/wp-content\/gallery\/sledi-svetlobe-2018\/sledi_svetlobe_2018_kdfjm-6982.jpg?ssl=1\" alt=\"sledi_svetlobe_2018_kdfjm-6982\" style=\"max-width: 500px; max-height: 500px; width: auto; height:auto; margin:auto\"><img data-recalc-dims=\"1\" decoding=\"async\" src=\"https:\/\/i0.wp.com\/www.kdfjm.si\/wp-content\/gallery\/sledi-svetlobe-2018\/sledi_svetlobe_2018_kdfjm-6992.jpg?ssl=1\" alt=\"sledi_svetlobe_2018_kdfjm-6992\" style=\"max-width: 500px; max-height: 500px; width: auto; height:auto; margin:auto\"><img data-recalc-dims=\"1\" decoding=\"async\" src=\"https:\/\/i0.wp.com\/www.kdfjm.si\/wp-content\/gallery\/sledi-svetlobe-2018\/sledi_svetlobe_2018_kdfjm-6994.jpg?ssl=1\" alt=\"sledi_svetlobe_2018_kdfjm-6994\" style=\"max-width: 500px; max-height: 500px; width: auto; height:auto; margin:auto\"><img data-recalc-dims=\"1\" decoding=\"async\" src=\"https:\/\/i0.wp.com\/www.kdfjm.si\/wp-content\/gallery\/sledi-svetlobe-2018\/sledi_svetlobe_2018_kdfjm-7007.jpg?ssl=1\" alt=\"sledi_svetlobe_2018_kdfjm-7007\" style=\"max-width: 500px; max-height: 500px; width: auto; height:auto; margin:auto\"><img data-recalc-dims=\"1\" decoding=\"async\" src=\"https:\/\/i0.wp.com\/www.kdfjm.si\/wp-content\/gallery\/sledi-svetlobe-2018\/sledi_svetlobe_2018_kdfjm-7011.jpg?ssl=1\" alt=\"sledi_svetlobe_2018_kdfjm-7011\" style=\"max-width: 500px; max-height: 500px; width: auto; height:auto; margin:auto\"><img data-recalc-dims=\"1\" decoding=\"async\" src=\"https:\/\/i0.wp.com\/www.kdfjm.si\/wp-content\/gallery\/sledi-svetlobe-2018\/sledi_svetlobe_2018_kdfjm-7019.jpg?ssl=1\" alt=\"sledi_svetlobe_2018_kdfjm-7019\" style=\"max-width: 500px; max-height: 500px; width: auto; height:auto; margin:auto\"><img data-recalc-dims=\"1\" decoding=\"async\" src=\"https:\/\/i0.wp.com\/www.kdfjm.si\/wp-content\/gallery\/sledi-svetlobe-2018\/sledi_svetlobe_2018_kdfjm-7049.jpg?ssl=1\" alt=\"sledi_svetlobe_2018_kdfjm-7049\" style=\"max-width: 500px; max-height: 500px; width: auto; height:auto; margin:auto\"><img data-recalc-dims=\"1\" decoding=\"async\" src=\"https:\/\/i0.wp.com\/www.kdfjm.si\/wp-content\/gallery\/sledi-svetlobe-2018\/sledi_svetlobe_2018_kdfjm-7054.jpg?ssl=1\" alt=\"sledi_svetlobe_2018_kdfjm-7054\" style=\"max-width: 500px; max-height: 500px; width: auto; height:auto; margin:auto\"><img data-recalc-dims=\"1\" decoding=\"async\" src=\"https:\/\/i0.wp.com\/www.kdfjm.si\/wp-content\/gallery\/sledi-svetlobe-2018\/sledi_svetlobe_2018_kdfjm-7062.jpg?ssl=1\" alt=\"sledi_svetlobe_2018_kdfjm-7062\" style=\"max-width: 500px; max-height: 500px; width: auto; height:auto; margin:auto\"><\/div><\/div>\n\n<script type=\"text\/javascript\">jQuery(document).ready(function($) {\r\n\t\t\tvar owl = $('#ngg_slideshow38844431');\r\n\t\t\towl.owlCarousel({\r\n\t\t\t\titems: 1,\r\n\t\t\t\tautoHeight: false,\r\n\t            dots: true,\r\n\t            autoplay: true,\r\n\t\t\t\tautoplayTimeout: 3000,\r\n\t\t\t\tautoplayHoverPause: true,\r\n\t\t\t\tanimateIn: 'fadeIn',\r\n\t\t\t\tanimateOut: 'fadeOut',\r\n\t\t\t\tloop: true,\r\n\t\t\t\tmouseDrag: true,\r\n\t\t\t\ttouchDrag: true\r\n\t\t\t});\nowl.click( function () {\r\n                    owl.trigger( 'next.owl.carousel' );\r\n                } );});\n<\/script>\n<\/div>\n","protected":false},"excerpt":{"rendered":"<p>Vljudno vas in va\u0161e prijatelje vabimo na odprtje fotografske razstave \u010dlanov Kulturnega dru\u0161tva Franca Jelov\u0161ka Menge\u0161 z naslovom Sledi svetlobe 2018 v soboto, 29. decembra 2018 ob 18.30 h Galeriji CikCak na Trdinov trg 5 v Menge\u0161. Razstava bo na ogled do odprtja naslednje razstave. Razstavljajo: Jo\u017ee Rot, Andrej \u0160krlep, Valentin Korenjak, Katarina Marin Hribar, [&hellip;]<\/p>\n","protected":false},"author":4,"featured_media":0,"parent":448,"menu_order":0,"comment_status":"closed","ping_status":"closed","template":"","meta":{"footnotes":""},"class_list":["post-4443","page","type-page","status-publish","hentry"],"jetpack_sharing_enabled":true,"jetpack_shortlink":"https:\/\/wp.me\/P73nhm-19F","jetpack-related-posts":[],"_links":{"self":[{"href":"https:\/\/www.kdfjm.si\/index.php?rest_route=\/wp\/v2\/pages\/4443","targetHints":{"allow":["GET"]}}],"collection":[{"href":"https:\/\/www.kdfjm.si\/index.php?rest_route=\/wp\/v2\/pages"}],"about":[{"href":"https:\/\/www.kdfjm.si\/index.php?rest_route=\/wp\/v2\/types\/page"}],"author":[{"embeddable":true,"href":"https:\/\/www.kdfjm.si\/index.php?rest_route=\/wp\/v2\/users\/4"}],"replies":[{"embeddable":true,"href":"https:\/\/www.kdfjm.si\/index.php?rest_route=%2Fwp%2Fv2%2Fcomments&post=4443"}],"version-history":[{"count":1,"href":"https:\/\/www.kdfjm.si\/index.php?rest_route=\/wp\/v2\/pages\/4443\/revisions"}],"predecessor-version":[{"id":4444,"href":"https:\/\/www.kdfjm.si\/index.php?rest_route=\/wp\/v2\/pages\/4443\/revisions\/4444"}],"up":[{"embeddable":true,"href":"https:\/\/www.kdfjm.si\/index.php?rest_route=\/wp\/v2\/pages\/448"}],"wp:attachment":[{"href":"https:\/\/www.kdfjm.si\/index.php?rest_route=%2Fwp%2Fv2%2Fmedia&parent=4443"}],"curies":[{"name":"wp","href":"https:\/\/api.w.org\/{rel}","templated":true}]}}