{"id":4441,"date":"2019-03-05T12:27:26","date_gmt":"2019-03-05T11:27:26","guid":{"rendered":"http:\/\/www.kdfjm.si\/?page_id=4441"},"modified":"2019-03-05T12:27:26","modified_gmt":"2019-03-05T11:27:26","slug":"sledi-svetlobe-2017-razstava-fotografij-na-galeriji-cikcak","status":"publish","type":"page","link":"https:\/\/www.kdfjm.si\/?page_id=4441","title":{"rendered":"Sledi svetlobe 2017 &#8211; Razstava fotografij na Galeriji CikCak"},"content":{"rendered":"<div>Vljudno vas in va\u0161e prijatelje vabimo na odprtje fotografske razstave \u010dlanov Kulturnega dru\u0161tva Franca Jelov\u0161ka Menge\u0161 z naslovom Sledi svetlobe 2017 v soboto, 30. decembra 2017 ob 18.30 h Galeriji CikCak na Trdinov trg 5 v Menge\u0161.<\/div>\n<div><\/div>\n<div>Katarina Marin Hribar, An\u017ee Hribar, Andrej Mehle, Jo\u017ee Rot, Ga\u0161per Mahni\u010d, Andrej \u0160krlep, Ur\u0161a Koce, Luka \u0160krlep, Mihael Furjan, Ana \u0160krlep, Fulvio Grisoni, Filip \u0160krlep, Luka Marke\u017e, Marjeta Korenjak, Jaka Korenjak, Tine Korenjak, Peter \u0160krlep, Tamino Petelin\u0161ek, Janez \u0160krlep in gosta Ana Pi\u0161ek, Matej Leskov\u0161ek<\/div>\n<div><img data-recalc-dims=\"1\" loading=\"lazy\" decoding=\"async\" data-attachment-id=\"4162\" data-permalink=\"https:\/\/www.kdfjm.si\/?attachment_id=4162\" data-orig-file=\"https:\/\/i0.wp.com\/www.kdfjm.si\/wp-content\/uploads\/2017\/12\/PlakatSlediSvetlobe2017KDFJMPlakatfotoGrisoni.jpg?fit=4961%2C3508&amp;ssl=1\" data-orig-size=\"4961,3508\" data-comments-opened=\"0\" data-image-meta=\"{&quot;aperture&quot;:&quot;0&quot;,&quot;credit&quot;:&quot;&quot;,&quot;camera&quot;:&quot;&quot;,&quot;caption&quot;:&quot;&quot;,&quot;created_timestamp&quot;:&quot;0&quot;,&quot;copyright&quot;:&quot;&quot;,&quot;focal_length&quot;:&quot;0&quot;,&quot;iso&quot;:&quot;0&quot;,&quot;shutter_speed&quot;:&quot;0&quot;,&quot;title&quot;:&quot;&quot;,&quot;orientation&quot;:&quot;0&quot;}\" data-image-title=\"PlakatSlediSvetlobe2017KDFJMPlakatfotoGrisoni\" data-image-description=\"\" data-image-caption=\"\" data-large-file=\"https:\/\/i0.wp.com\/www.kdfjm.si\/wp-content\/uploads\/2017\/12\/PlakatSlediSvetlobe2017KDFJMPlakatfotoGrisoni.jpg?fit=1024%2C724&amp;ssl=1\" class=\"aligncenter wp-image-4162\" src=\"https:\/\/i0.wp.com\/www.kdfjm.si\/wp-content\/uploads\/2017\/12\/PlakatSlediSvetlobe2017KDFJMPlakatfotoGrisoni-300x212.jpg?resize=476%2C336\" alt=\"\" width=\"476\" height=\"336\" srcset=\"https:\/\/i0.wp.com\/www.kdfjm.si\/wp-content\/uploads\/2017\/12\/PlakatSlediSvetlobe2017KDFJMPlakatfotoGrisoni.jpg?resize=300%2C212&amp;ssl=1 300w, https:\/\/i0.wp.com\/www.kdfjm.si\/wp-content\/uploads\/2017\/12\/PlakatSlediSvetlobe2017KDFJMPlakatfotoGrisoni.jpg?resize=1024%2C724&amp;ssl=1 1024w, https:\/\/i0.wp.com\/www.kdfjm.si\/wp-content\/uploads\/2017\/12\/PlakatSlediSvetlobe2017KDFJMPlakatfotoGrisoni.jpg?w=2000&amp;ssl=1 2000w, https:\/\/i0.wp.com\/www.kdfjm.si\/wp-content\/uploads\/2017\/12\/PlakatSlediSvetlobe2017KDFJMPlakatfotoGrisoni.jpg?w=3000&amp;ssl=1 3000w\" sizes=\"auto, (max-width: 476px) 100vw, 476px\" \/><\/div>\n<div>\n<div>\n<div>Oseba za stike za Galerijo CikCak: Peter \u0160krlep, GSM 031 887 125. Organizator: Kulturno dru\u0161tvo Franca Jelov\u0161ka Menge\u0161, Slovenska 30, 1234 Menge\u0161. Razstavo so omogo\u010dili: Alkam d.o.o. Kamnik, Ob\u010dina Menge\u0161, Primer d.o.o.<\/div>\n<div>\n<p>Utrinki iz otvoritve Sledi svetlobe;<\/p>\n<div class=\"slideshow\"><div id=\"ngg_slideshow36844411\" class=\"ngg-slideshow owl-carousel\" style=\"max-width: 500px; max-height: 500px;\"><img data-recalc-dims=\"1\" decoding=\"async\" src=\"https:\/\/i0.wp.com\/www.kdfjm.si\/wp-content\/gallery\/razstava-sledi-svetlobe-2017\/20171230-pet_9472.jpg?ssl=1\" alt=\"20171230-pet_9472\" style=\"max-width: 500px; max-height: 500px; width: auto; height:auto; margin:auto\"><img data-recalc-dims=\"1\" decoding=\"async\" src=\"https:\/\/i0.wp.com\/www.kdfjm.si\/wp-content\/gallery\/razstava-sledi-svetlobe-2017\/20171230-pet_9474.jpg?ssl=1\" alt=\"20171230-pet_9474\" style=\"max-width: 500px; max-height: 500px; width: auto; height:auto; margin:auto\"><img data-recalc-dims=\"1\" decoding=\"async\" src=\"https:\/\/i0.wp.com\/www.kdfjm.si\/wp-content\/gallery\/razstava-sledi-svetlobe-2017\/20171230-pet_9489.jpg?ssl=1\" alt=\"20171230-pet_9489\" style=\"max-width: 500px; max-height: 500px; width: auto; height:auto; margin:auto\"><img data-recalc-dims=\"1\" decoding=\"async\" src=\"https:\/\/i0.wp.com\/www.kdfjm.si\/wp-content\/gallery\/razstava-sledi-svetlobe-2017\/20171230-pet_9505.jpg?ssl=1\" alt=\"20171230-pet_9505\" style=\"max-width: 500px; max-height: 500px; width: auto; height:auto; margin:auto\"><\/div><\/div>\n\n<script type=\"text\/javascript\">jQuery(document).ready(function($) {\r\n\t\t\tvar owl = $('#ngg_slideshow36844411');\r\n\t\t\towl.owlCarousel({\r\n\t\t\t\titems: 1,\r\n\t\t\t\tautoHeight: false,\r\n\t            dots: true,\r\n\t            autoplay: true,\r\n\t\t\t\tautoplayTimeout: 3000,\r\n\t\t\t\tautoplayHoverPause: true,\r\n\t\t\t\tanimateIn: 'fadeIn',\r\n\t\t\t\tanimateOut: 'fadeOut',\r\n\t\t\t\tloop: true,\r\n\t\t\t\tmouseDrag: true,\r\n\t\t\t\ttouchDrag: true\r\n\t\t\t});\nowl.click( function () {\r\n                    owl.trigger( 'next.owl.carousel' );\r\n                } );});\n<\/script>\n<\/div>\n<\/div>\n<\/div>\n","protected":false},"excerpt":{"rendered":"<p>Vljudno vas in va\u0161e prijatelje vabimo na odprtje fotografske razstave \u010dlanov Kulturnega dru\u0161tva Franca Jelov\u0161ka Menge\u0161 z naslovom Sledi svetlobe 2017 v soboto, 30. decembra 2017 ob 18.30 h Galeriji CikCak na Trdinov trg 5 v Menge\u0161. Katarina Marin Hribar, An\u017ee Hribar, Andrej Mehle, Jo\u017ee Rot, Ga\u0161per Mahni\u010d, Andrej \u0160krlep, Ur\u0161a Koce, Luka \u0160krlep, Mihael [&hellip;]<\/p>\n","protected":false},"author":4,"featured_media":0,"parent":448,"menu_order":0,"comment_status":"closed","ping_status":"closed","template":"","meta":{"footnotes":""},"class_list":["post-4441","page","type-page","status-publish","hentry"],"jetpack_sharing_enabled":true,"jetpack_shortlink":"https:\/\/wp.me\/P73nhm-19D","jetpack-related-posts":[],"_links":{"self":[{"href":"https:\/\/www.kdfjm.si\/index.php?rest_route=\/wp\/v2\/pages\/4441","targetHints":{"allow":["GET"]}}],"collection":[{"href":"https:\/\/www.kdfjm.si\/index.php?rest_route=\/wp\/v2\/pages"}],"about":[{"href":"https:\/\/www.kdfjm.si\/index.php?rest_route=\/wp\/v2\/types\/page"}],"author":[{"embeddable":true,"href":"https:\/\/www.kdfjm.si\/index.php?rest_route=\/wp\/v2\/users\/4"}],"replies":[{"embeddable":true,"href":"https:\/\/www.kdfjm.si\/index.php?rest_route=%2Fwp%2Fv2%2Fcomments&post=4441"}],"version-history":[{"count":1,"href":"https:\/\/www.kdfjm.si\/index.php?rest_route=\/wp\/v2\/pages\/4441\/revisions"}],"predecessor-version":[{"id":4442,"href":"https:\/\/www.kdfjm.si\/index.php?rest_route=\/wp\/v2\/pages\/4441\/revisions\/4442"}],"up":[{"embeddable":true,"href":"https:\/\/www.kdfjm.si\/index.php?rest_route=\/wp\/v2\/pages\/448"}],"wp:attachment":[{"href":"https:\/\/www.kdfjm.si\/index.php?rest_route=%2Fwp%2Fv2%2Fmedia&parent=4441"}],"curies":[{"name":"wp","href":"https:\/\/api.w.org\/{rel}","templated":true}]}}