{"id":4403,"date":"2019-03-05T11:20:51","date_gmt":"2019-03-05T10:20:51","guid":{"rendered":"http:\/\/www.kdfjm.si\/?page_id=4403"},"modified":"2019-03-05T11:21:02","modified_gmt":"2019-03-05T10:21:02","slug":"zegnanje-ognja-na-veliko-soboto","status":"publish","type":"page","link":"https:\/\/www.kdfjm.si\/?page_id=4403","title":{"rendered":"\u017degnanje ognja na veliko soboto"},"content":{"rendered":"<p>\u010clani dru\u0161tva\u00a0 \u017ee 24 let na veliko soboto zgodaj zjutraj zakurijo ogenj za blagoslov. \u017degnan ogenj ponesejo na domove, kjer pripravijo jedi za velikono\u010dno praznovanje.<\/p><div class=\"slideshow\"><div id=\"ngg_slideshow32344031\" class=\"ngg-slideshow owl-carousel\" style=\"max-width: px; max-height: px;\"><img data-recalc-dims=\"1\" decoding=\"async\" src=\"https:\/\/i0.wp.com\/www.kdfjm.si\/wp-content\/gallery\/zegnanje-ognja-na-veliko-soboto-2016\/zegnan_ogenj_menges_2016-3783.jpg?ssl=1\" alt=\"zegnan_ogenj_menges_2016-3783\" style=\"max-width: px; max-height: px; width: auto; height:auto; margin:auto\"><img data-recalc-dims=\"1\" decoding=\"async\" src=\"https:\/\/i0.wp.com\/www.kdfjm.si\/wp-content\/gallery\/zegnanje-ognja-na-veliko-soboto-2016\/zegnan_ogenj_menges_2016-3791.jpg?ssl=1\" alt=\"zegnan_ogenj_menges_2016-3791\" style=\"max-width: px; max-height: px; width: auto; height:auto; margin:auto\"><img data-recalc-dims=\"1\" decoding=\"async\" src=\"https:\/\/i0.wp.com\/www.kdfjm.si\/wp-content\/gallery\/zegnanje-ognja-na-veliko-soboto-2016\/zegnan_ogenj_menges_2016-3802.jpg?ssl=1\" alt=\"zegnan_ogenj_menges_2016-3802\" style=\"max-width: px; max-height: px; width: auto; height:auto; margin:auto\"><img data-recalc-dims=\"1\" decoding=\"async\" src=\"https:\/\/i0.wp.com\/www.kdfjm.si\/wp-content\/gallery\/zegnanje-ognja-na-veliko-soboto-2016\/zegnan_ogenj_menges_2016-3808.jpg?ssl=1\" alt=\"zegnan_ogenj_menges_2016-3808\" style=\"max-width: px; max-height: px; width: auto; height:auto; margin:auto\"><img data-recalc-dims=\"1\" decoding=\"async\" src=\"https:\/\/i0.wp.com\/www.kdfjm.si\/wp-content\/gallery\/zegnanje-ognja-na-veliko-soboto-2016\/zegnan_ogenj_menges_2016-3831.jpg?ssl=1\" alt=\"zegnan_ogenj_menges_2016-3831\" style=\"max-width: px; max-height: px; width: auto; height:auto; margin:auto\"><img data-recalc-dims=\"1\" decoding=\"async\" src=\"https:\/\/i0.wp.com\/www.kdfjm.si\/wp-content\/gallery\/zegnanje-ognja-na-veliko-soboto-2016\/zegnan_ogenj_menges_2016-3836.jpg?ssl=1\" alt=\"zegnan_ogenj_menges_2016-3836\" style=\"max-width: px; max-height: px; width: auto; height:auto; margin:auto\"><img data-recalc-dims=\"1\" decoding=\"async\" src=\"https:\/\/i0.wp.com\/www.kdfjm.si\/wp-content\/gallery\/zegnanje-ognja-na-veliko-soboto-2016\/zegnan_ogenj_menges_2016-3838.jpg?ssl=1\" alt=\"zegnan_ogenj_menges_2016-3838\" style=\"max-width: px; max-height: px; width: auto; height:auto; margin:auto\"><img data-recalc-dims=\"1\" decoding=\"async\" src=\"https:\/\/i0.wp.com\/www.kdfjm.si\/wp-content\/gallery\/zegnanje-ognja-na-veliko-soboto-2016\/zegnan_ogenj_menges_2016-3840.jpg?ssl=1\" alt=\"zegnan_ogenj_menges_2016-3840\" style=\"max-width: px; max-height: px; width: auto; height:auto; margin:auto\"><img data-recalc-dims=\"1\" decoding=\"async\" src=\"https:\/\/i0.wp.com\/www.kdfjm.si\/wp-content\/gallery\/zegnanje-ognja-na-veliko-soboto-2016\/zegnan_ogenj_menges_2016-3848.jpg?ssl=1\" alt=\"zegnan_ogenj_menges_2016-3848\" style=\"max-width: px; max-height: px; width: auto; height:auto; margin:auto\"><img data-recalc-dims=\"1\" decoding=\"async\" src=\"https:\/\/i0.wp.com\/www.kdfjm.si\/wp-content\/gallery\/zegnanje-ognja-na-veliko-soboto-2016\/zegnan_ogenj_menges_2016-3857.jpg?ssl=1\" alt=\"zegnan_ogenj_menges_2016-3857\" style=\"max-width: px; max-height: px; width: auto; height:auto; margin:auto\"><img data-recalc-dims=\"1\" decoding=\"async\" src=\"https:\/\/i0.wp.com\/www.kdfjm.si\/wp-content\/gallery\/zegnanje-ognja-na-veliko-soboto-2016\/zegnan_ogenj_menges_2016-3858.jpg?ssl=1\" alt=\"zegnan_ogenj_menges_2016-3858\" style=\"max-width: px; max-height: px; width: auto; height:auto; margin:auto\"><img data-recalc-dims=\"1\" decoding=\"async\" src=\"https:\/\/i0.wp.com\/www.kdfjm.si\/wp-content\/gallery\/zegnanje-ognja-na-veliko-soboto-2016\/zegnan_ogenj_menges_2016-3859.jpg?ssl=1\" alt=\"zegnan_ogenj_menges_2016-3859\" style=\"max-width: px; max-height: px; width: auto; height:auto; margin:auto\"><img data-recalc-dims=\"1\" decoding=\"async\" src=\"https:\/\/i0.wp.com\/www.kdfjm.si\/wp-content\/gallery\/zegnanje-ognja-na-veliko-soboto-2016\/zegnan_ogenj_menges_2016-3865.jpg?ssl=1\" alt=\"zegnan_ogenj_menges_2016-3865\" style=\"max-width: px; max-height: px; width: auto; height:auto; margin:auto\"><\/div><\/div>\n\n<script type=\"text\/javascript\">jQuery(document).ready(function($) {\r\n\t\t\tvar owl = $('#ngg_slideshow32344031');\r\n\t\t\towl.owlCarousel({\r\n\t\t\t\titems: 1,\r\n\t\t\t\tautoHeight: false,\r\n\t            dots: true,\r\n\t            autoplay: true,\r\n\t\t\t\tautoplayTimeout: 3000,\r\n\t\t\t\tautoplayHoverPause: true,\r\n\t\t\t\tanimateIn: 'fadeIn',\r\n\t\t\t\tanimateOut: 'fadeOut',\r\n\t\t\t\tloop: true,\r\n\t\t\t\tmouseDrag: true,\r\n\t\t\t\ttouchDrag: true\r\n\t\t\t});\nowl.click( function () {\r\n                    owl.trigger( 'next.owl.carousel' );\r\n                } );});\n<\/script>","protected":false},"excerpt":{"rendered":"<p>\u010clani dru\u0161tva\u00a0 \u017ee 24 let na veliko soboto zgodaj zjutraj zakurijo ogenj za blagoslov. \u017degnan ogenj ponesejo na domove, kjer pripravijo jedi za velikono\u010dno praznovanje.<\/p>\n","protected":false},"author":4,"featured_media":0,"parent":606,"menu_order":0,"comment_status":"closed","ping_status":"closed","template":"","meta":{"footnotes":""},"class_list":["post-4403","page","type-page","status-publish","hentry"],"jetpack_sharing_enabled":true,"jetpack_shortlink":"https:\/\/wp.me\/P73nhm-191","jetpack-related-posts":[],"_links":{"self":[{"href":"https:\/\/www.kdfjm.si\/index.php?rest_route=\/wp\/v2\/pages\/4403","targetHints":{"allow":["GET"]}}],"collection":[{"href":"https:\/\/www.kdfjm.si\/index.php?rest_route=\/wp\/v2\/pages"}],"about":[{"href":"https:\/\/www.kdfjm.si\/index.php?rest_route=\/wp\/v2\/types\/page"}],"author":[{"embeddable":true,"href":"https:\/\/www.kdfjm.si\/index.php?rest_route=\/wp\/v2\/users\/4"}],"replies":[{"embeddable":true,"href":"https:\/\/www.kdfjm.si\/index.php?rest_route=%2Fwp%2Fv2%2Fcomments&post=4403"}],"version-history":[{"count":1,"href":"https:\/\/www.kdfjm.si\/index.php?rest_route=\/wp\/v2\/pages\/4403\/revisions"}],"predecessor-version":[{"id":4404,"href":"https:\/\/www.kdfjm.si\/index.php?rest_route=\/wp\/v2\/pages\/4403\/revisions\/4404"}],"up":[{"embeddable":true,"href":"https:\/\/www.kdfjm.si\/index.php?rest_route=\/wp\/v2\/pages\/606"}],"wp:attachment":[{"href":"https:\/\/www.kdfjm.si\/index.php?rest_route=%2Fwp%2Fv2%2Fmedia&parent=4403"}],"curies":[{"name":"wp","href":"https:\/\/api.w.org\/{rel}","templated":true}]}}