{"id":4399,"date":"2019-03-05T11:17:31","date_gmt":"2019-03-05T10:17:31","guid":{"rendered":"http:\/\/www.kdfjm.si\/?page_id=4399"},"modified":"2019-03-05T11:26:57","modified_gmt":"2019-03-05T10:26:57","slug":"potopisno-predavanje-vida-kregarja","status":"publish","type":"page","link":"https:\/\/www.kdfjm.si\/?page_id=4399","title":{"rendered":"Potopisno predavanje Vida Kregarja"},"content":{"rendered":"<div>V sredo, 30. marca 2016,\u00a0 ob 20. uri v Galeriji me\u017enariji v Meng\u0161u je imel delovni popotnik skozi \u017eivljenje VIDO KREGAR potopisno predavanje o pe\u0161 romanju v \u00a0MEDJUGORJE in nazaj. Vido Kregar nas vedno s svojo duhovito in prisr\u010dno resnostjo nagovori do temeljev.<\/div>\n<div>Dogodek so pripravili Vido Kregar, Mestni muzej Menge\u0161 in Kulturno dru\u0161tvo Franca Jelov\u0161ka Menge\u0161.<\/div>\n<div class=\"slideshow\"><div id=\"ngg_slideshow32543991\" class=\"ngg-slideshow owl-carousel\" style=\"max-width: 500px; max-height: 500px;\"><img data-recalc-dims=\"1\" decoding=\"async\" src=\"https:\/\/i0.wp.com\/www.kdfjm.si\/wp-content\/gallery\/vido-kregar-2016\/vidokregarromanjemedjugorjekdfjm2016-3974.jpg?ssl=1\" alt=\"vidokregarromanjemedjugorjekdfjm2016-3974\" style=\"max-width: 500px; max-height: 500px; width: auto; height:auto; margin:auto\"><img data-recalc-dims=\"1\" decoding=\"async\" src=\"https:\/\/i0.wp.com\/www.kdfjm.si\/wp-content\/gallery\/vido-kregar-2016\/vidokregarromanjemedjugorjekdfjm2016-3982.jpg?ssl=1\" alt=\"vidokregarromanjemedjugorjekdfjm2016-3982\" style=\"max-width: 500px; max-height: 500px; width: auto; height:auto; margin:auto\"><img data-recalc-dims=\"1\" decoding=\"async\" src=\"https:\/\/i0.wp.com\/www.kdfjm.si\/wp-content\/gallery\/vido-kregar-2016\/vidokregarromanjemedjugorjekdfjm2016-3983.jpg?ssl=1\" alt=\"vidokregarromanjemedjugorjekdfjm2016-3983\" style=\"max-width: 500px; max-height: 500px; width: auto; height:auto; margin:auto\"><img data-recalc-dims=\"1\" decoding=\"async\" src=\"https:\/\/i0.wp.com\/www.kdfjm.si\/wp-content\/gallery\/vido-kregar-2016\/vidokregarromanjemedjugorjekdfjm2016-3991.jpg?ssl=1\" alt=\"vidokregarromanjemedjugorjekdfjm2016-3991\" style=\"max-width: 500px; max-height: 500px; width: auto; height:auto; margin:auto\"><img data-recalc-dims=\"1\" decoding=\"async\" src=\"https:\/\/i0.wp.com\/www.kdfjm.si\/wp-content\/gallery\/vido-kregar-2016\/vidokregarromanjemedjugorjekdfjm2016-3994.jpg?ssl=1\" alt=\"vidokregarromanjemedjugorjekdfjm2016-3994\" style=\"max-width: 500px; max-height: 500px; width: auto; height:auto; margin:auto\"><img data-recalc-dims=\"1\" decoding=\"async\" src=\"https:\/\/i0.wp.com\/www.kdfjm.si\/wp-content\/gallery\/vido-kregar-2016\/vidokregarromanjemedjugorjekdfjm2016-3995.jpg?ssl=1\" alt=\"vidokregarromanjemedjugorjekdfjm2016-3995\" style=\"max-width: 500px; max-height: 500px; width: auto; height:auto; margin:auto\"><\/div><\/div>\n\n<script type=\"text\/javascript\">jQuery(document).ready(function($) {\r\n\t\t\tvar owl = $('#ngg_slideshow32543991');\r\n\t\t\towl.owlCarousel({\r\n\t\t\t\titems: 1,\r\n\t\t\t\tautoHeight: false,\r\n\t            dots: true,\r\n\t            autoplay: true,\r\n\t\t\t\tautoplayTimeout: 3000,\r\n\t\t\t\tautoplayHoverPause: true,\r\n\t\t\t\tanimateIn: 'fadeIn',\r\n\t\t\t\tanimateOut: 'fadeOut',\r\n\t\t\t\tloop: true,\r\n\t\t\t\tmouseDrag: true,\r\n\t\t\t\ttouchDrag: true\r\n\t\t\t});\nowl.click( function () {\r\n                    owl.trigger( 'next.owl.carousel' );\r\n                } );});\n<\/script>\n","protected":false},"excerpt":{"rendered":"<p>V sredo, 30. marca 2016,\u00a0 ob 20. uri v Galeriji me\u017enariji v Meng\u0161u je imel delovni popotnik skozi \u017eivljenje VIDO KREGAR potopisno predavanje o pe\u0161 romanju v \u00a0MEDJUGORJE in nazaj. Vido Kregar nas vedno s svojo duhovito in prisr\u010dno resnostjo nagovori do temeljev. Dogodek so pripravili Vido Kregar, Mestni muzej Menge\u0161 in Kulturno dru\u0161tvo Franca [&hellip;]<\/p>\n","protected":false},"author":4,"featured_media":0,"parent":361,"menu_order":0,"comment_status":"closed","ping_status":"closed","template":"","meta":{"footnotes":""},"class_list":["post-4399","page","type-page","status-publish","hentry"],"jetpack_sharing_enabled":true,"jetpack_shortlink":"https:\/\/wp.me\/P73nhm-18X","jetpack-related-posts":[],"_links":{"self":[{"href":"https:\/\/www.kdfjm.si\/index.php?rest_route=\/wp\/v2\/pages\/4399","targetHints":{"allow":["GET"]}}],"collection":[{"href":"https:\/\/www.kdfjm.si\/index.php?rest_route=\/wp\/v2\/pages"}],"about":[{"href":"https:\/\/www.kdfjm.si\/index.php?rest_route=\/wp\/v2\/types\/page"}],"author":[{"embeddable":true,"href":"https:\/\/www.kdfjm.si\/index.php?rest_route=\/wp\/v2\/users\/4"}],"replies":[{"embeddable":true,"href":"https:\/\/www.kdfjm.si\/index.php?rest_route=%2Fwp%2Fv2%2Fcomments&post=4399"}],"version-history":[{"count":1,"href":"https:\/\/www.kdfjm.si\/index.php?rest_route=\/wp\/v2\/pages\/4399\/revisions"}],"predecessor-version":[{"id":4400,"href":"https:\/\/www.kdfjm.si\/index.php?rest_route=\/wp\/v2\/pages\/4399\/revisions\/4400"}],"up":[{"embeddable":true,"href":"https:\/\/www.kdfjm.si\/index.php?rest_route=\/wp\/v2\/pages\/361"}],"wp:attachment":[{"href":"https:\/\/www.kdfjm.si\/index.php?rest_route=%2Fwp%2Fv2%2Fmedia&parent=4399"}],"curies":[{"name":"wp","href":"https:\/\/api.w.org\/{rel}","templated":true}]}}