{"id":4394,"date":"2019-03-05T10:59:22","date_gmt":"2019-03-05T09:59:22","guid":{"rendered":"http:\/\/www.kdfjm.si\/?page_id=4394"},"modified":"2019-03-05T11:06:08","modified_gmt":"2019-03-05T10:06:08","slug":"izdelajmo-gnezdilnice-za-ptice","status":"publish","type":"page","link":"https:\/\/www.kdfjm.si\/?page_id=4394","title":{"rendered":"Izdelajmo gnezdilnice za ptice"},"content":{"rendered":"<p>Kulturno dru\u0161tvo Franca jelov\u0161ka Menge\u0161 vas prijazno vabi na delavnico <strong>Izdelajmo gnedilnice za ptice<\/strong>, ki jo bomo v sodelovanju z Dru\u0161tvom za opazovanje in prou\u010devanje ptic Slovenije izvedli v petek, 22. februarja 2019 ob 17h v dru\u0161tvenih prostorih na Slovenski c. 30 v Meng\u0161u. V sklopu delavnice bo tudi kratko predavanje o pomenu name\u0161\u010danja gnezdilnic za ptice. Gnezdilnice, ki jih boste sestavili na delavnici, boste odnesli domov.<img data-recalc-dims=\"1\" loading=\"lazy\" decoding=\"async\" data-attachment-id=\"4343\" data-permalink=\"https:\/\/www.kdfjm.si\/?attachment_id=4343\" data-orig-file=\"https:\/\/i0.wp.com\/www.kdfjm.si\/wp-content\/uploads\/2019\/02\/vabilo150.jpg?fit=1240%2C874&amp;ssl=1\" data-orig-size=\"1240,874\" data-comments-opened=\"0\" data-image-meta=\"{&quot;aperture&quot;:&quot;0&quot;,&quot;credit&quot;:&quot;&quot;,&quot;camera&quot;:&quot;&quot;,&quot;caption&quot;:&quot;&quot;,&quot;created_timestamp&quot;:&quot;0&quot;,&quot;copyright&quot;:&quot;&quot;,&quot;focal_length&quot;:&quot;0&quot;,&quot;iso&quot;:&quot;0&quot;,&quot;shutter_speed&quot;:&quot;0&quot;,&quot;title&quot;:&quot;&quot;,&quot;orientation&quot;:&quot;0&quot;}\" data-image-title=\"vabilo150\" data-image-description=\"\" data-image-caption=\"\" data-large-file=\"https:\/\/i0.wp.com\/www.kdfjm.si\/wp-content\/uploads\/2019\/02\/vabilo150.jpg?fit=1024%2C722&amp;ssl=1\" class=\"aligncenter wp-image-4343\" src=\"https:\/\/i0.wp.com\/www.kdfjm.si\/wp-content\/uploads\/2019\/02\/vabilo150-300x211.jpg?resize=492%2C346\" alt=\"\" width=\"492\" height=\"346\" srcset=\"https:\/\/i0.wp.com\/www.kdfjm.si\/wp-content\/uploads\/2019\/02\/vabilo150.jpg?resize=300%2C211&amp;ssl=1 300w, https:\/\/i0.wp.com\/www.kdfjm.si\/wp-content\/uploads\/2019\/02\/vabilo150.jpg?resize=1024%2C722&amp;ssl=1 1024w, https:\/\/i0.wp.com\/www.kdfjm.si\/wp-content\/uploads\/2019\/02\/vabilo150.jpg?w=1240&amp;ssl=1 1240w\" sizes=\"auto, (max-width: 492px) 100vw, 492px\" \/><\/p>\n","protected":false},"excerpt":{"rendered":"<p>Kulturno dru\u0161tvo Franca jelov\u0161ka Menge\u0161 vas prijazno vabi na delavnico Izdelajmo gnedilnice za ptice, ki jo bomo v sodelovanju z Dru\u0161tvom za opazovanje in prou\u010devanje ptic Slovenije izvedli v petek, 22. februarja 2019 ob 17h v dru\u0161tvenih prostorih na Slovenski c. 30 v Meng\u0161u. V sklopu delavnice bo tudi kratko predavanje o pomenu name\u0161\u010danja gnezdilnic [&hellip;]<\/p>\n","protected":false},"author":4,"featured_media":0,"parent":299,"menu_order":0,"comment_status":"closed","ping_status":"closed","template":"","meta":{"footnotes":""},"class_list":["post-4394","page","type-page","status-publish","hentry"],"jetpack_sharing_enabled":true,"jetpack_shortlink":"https:\/\/wp.me\/P73nhm-18S","jetpack-related-posts":[],"_links":{"self":[{"href":"https:\/\/www.kdfjm.si\/index.php?rest_route=\/wp\/v2\/pages\/4394","targetHints":{"allow":["GET"]}}],"collection":[{"href":"https:\/\/www.kdfjm.si\/index.php?rest_route=\/wp\/v2\/pages"}],"about":[{"href":"https:\/\/www.kdfjm.si\/index.php?rest_route=\/wp\/v2\/types\/page"}],"author":[{"embeddable":true,"href":"https:\/\/www.kdfjm.si\/index.php?rest_route=\/wp\/v2\/users\/4"}],"replies":[{"embeddable":true,"href":"https:\/\/www.kdfjm.si\/index.php?rest_route=%2Fwp%2Fv2%2Fcomments&post=4394"}],"version-history":[{"count":1,"href":"https:\/\/www.kdfjm.si\/index.php?rest_route=\/wp\/v2\/pages\/4394\/revisions"}],"predecessor-version":[{"id":4395,"href":"https:\/\/www.kdfjm.si\/index.php?rest_route=\/wp\/v2\/pages\/4394\/revisions\/4395"}],"up":[{"embeddable":true,"href":"https:\/\/www.kdfjm.si\/index.php?rest_route=\/wp\/v2\/pages\/299"}],"wp:attachment":[{"href":"https:\/\/www.kdfjm.si\/index.php?rest_route=%2Fwp%2Fv2%2Fmedia&parent=4394"}],"curies":[{"name":"wp","href":"https:\/\/api.w.org\/{rel}","templated":true}]}}