{"id":4385,"date":"2019-03-05T10:47:45","date_gmt":"2019-03-05T09:47:45","guid":{"rendered":"http:\/\/www.kdfjm.si\/?page_id=4385"},"modified":"2019-03-05T11:08:48","modified_gmt":"2019-03-05T10:08:48","slug":"zegni-za-cvetno-nedeljo","status":"publish","type":"page","link":"https:\/\/www.kdfjm.si\/?page_id=4385","title":{"rendered":"\u017degni za cvetno nedeljo"},"content":{"rendered":"<div>Vabimo vas k nabiranju vej in zelenja za izdelovanje \u017eegnov za cvetno nedeljo. Zbrali se bomo v \u010detrtek, 22. marca 2018 ob 17. uri pri cerkvi.<\/div>\n<div>\u017degne bomo izdelovali v petek, 23. marca 2018 ob 17. uri pred Jelov\u0161kovim spomenikom pri cerkvi v Meng\u0161u.<\/div>\n<div>S seboj prinesite \u0161karje, tanko vrvico in zelenje.<\/div>\n<div><img data-recalc-dims=\"1\" loading=\"lazy\" decoding=\"async\" data-attachment-id=\"4190\" data-permalink=\"https:\/\/www.kdfjm.si\/?attachment_id=4190\" data-orig-file=\"https:\/\/i0.wp.com\/www.kdfjm.si\/wp-content\/uploads\/2018\/03\/zuodar_detajl_kdfjm_menges.jpg?fit=298%2C421&amp;ssl=1\" data-orig-size=\"298,421\" data-comments-opened=\"0\" data-image-meta=\"{&quot;aperture&quot;:&quot;0&quot;,&quot;credit&quot;:&quot;&quot;,&quot;camera&quot;:&quot;&quot;,&quot;caption&quot;:&quot;&quot;,&quot;created_timestamp&quot;:&quot;0&quot;,&quot;copyright&quot;:&quot;&quot;,&quot;focal_length&quot;:&quot;0&quot;,&quot;iso&quot;:&quot;0&quot;,&quot;shutter_speed&quot;:&quot;0&quot;,&quot;title&quot;:&quot;&quot;,&quot;orientation&quot;:&quot;1&quot;}\" data-image-title=\"zuodar_detajl_kdfjm_menges\" data-image-description=\"\" data-image-caption=\"\" data-large-file=\"https:\/\/i0.wp.com\/www.kdfjm.si\/wp-content\/uploads\/2018\/03\/zuodar_detajl_kdfjm_menges.jpg?fit=298%2C421&amp;ssl=1\" class=\"aligncenter wp-image-4190\" src=\"https:\/\/i0.wp.com\/www.kdfjm.si\/wp-content\/uploads\/2018\/03\/zuodar_detajl_kdfjm_menges-212x300.jpg?resize=229%2C324\" alt=\"\" width=\"229\" height=\"324\" srcset=\"https:\/\/i0.wp.com\/www.kdfjm.si\/wp-content\/uploads\/2018\/03\/zuodar_detajl_kdfjm_menges.jpg?resize=212%2C300&amp;ssl=1 212w, https:\/\/i0.wp.com\/www.kdfjm.si\/wp-content\/uploads\/2018\/03\/zuodar_detajl_kdfjm_menges.jpg?w=298&amp;ssl=1 298w\" sizes=\"auto, (max-width: 229px) 100vw, 229px\" \/><\/div>\n<div><div class=\"slideshow\"><div id=\"ngg_slideshow37343851\" class=\"ngg-slideshow owl-carousel\" style=\"max-width: 500px; max-height: 500px;\"><img data-recalc-dims=\"1\" decoding=\"async\" src=\"https:\/\/i0.wp.com\/www.kdfjm.si\/wp-content\/gallery\/zegni-2018\/20180323-pet_4296.jpg?ssl=1\" alt=\"20180323-pet_4296\" style=\"max-width: 500px; max-height: 500px; width: auto; height:auto; margin:auto\"><img data-recalc-dims=\"1\" decoding=\"async\" src=\"https:\/\/i0.wp.com\/www.kdfjm.si\/wp-content\/gallery\/zegni-2018\/20180323-pet_4304.jpg?ssl=1\" alt=\"20180323-pet_4304\" style=\"max-width: 500px; max-height: 500px; width: auto; height:auto; margin:auto\"><img data-recalc-dims=\"1\" decoding=\"async\" src=\"https:\/\/i0.wp.com\/www.kdfjm.si\/wp-content\/gallery\/zegni-2018\/20180323-pet_4312.jpg?ssl=1\" alt=\"20180323-pet_4312\" style=\"max-width: 500px; max-height: 500px; width: auto; height:auto; margin:auto\"><img data-recalc-dims=\"1\" decoding=\"async\" src=\"https:\/\/i0.wp.com\/www.kdfjm.si\/wp-content\/gallery\/zegni-2018\/20180323-pet_4319.jpg?ssl=1\" alt=\"20180323-pet_4319\" style=\"max-width: 500px; max-height: 500px; width: auto; height:auto; margin:auto\"><img data-recalc-dims=\"1\" decoding=\"async\" src=\"https:\/\/i0.wp.com\/www.kdfjm.si\/wp-content\/gallery\/zegni-2018\/20180323-pet_4328.jpg?ssl=1\" alt=\"20180323-pet_4328\" style=\"max-width: 500px; max-height: 500px; width: auto; height:auto; margin:auto\"><img data-recalc-dims=\"1\" decoding=\"async\" src=\"https:\/\/i0.wp.com\/www.kdfjm.si\/wp-content\/gallery\/zegni-2018\/20180323-pet_4336.jpg?ssl=1\" alt=\"20180323-pet_4336\" style=\"max-width: 500px; max-height: 500px; width: auto; height:auto; margin:auto\"><img data-recalc-dims=\"1\" decoding=\"async\" src=\"https:\/\/i0.wp.com\/www.kdfjm.si\/wp-content\/gallery\/zegni-2018\/20180323-pet_4340.jpg?ssl=1\" alt=\"20180323-pet_4340\" style=\"max-width: 500px; max-height: 500px; width: auto; height:auto; margin:auto\"><img data-recalc-dims=\"1\" decoding=\"async\" src=\"https:\/\/i0.wp.com\/www.kdfjm.si\/wp-content\/gallery\/zegni-2018\/20180323-pet_4342.jpg?ssl=1\" alt=\"20180323-pet_4342\" style=\"max-width: 500px; max-height: 500px; width: auto; height:auto; margin:auto\"><img data-recalc-dims=\"1\" decoding=\"async\" src=\"https:\/\/i0.wp.com\/www.kdfjm.si\/wp-content\/gallery\/zegni-2018\/20180324-pet_4343.jpg?ssl=1\" alt=\"20180324-pet_4343\" style=\"max-width: 500px; max-height: 500px; width: auto; height:auto; margin:auto\"><img data-recalc-dims=\"1\" decoding=\"async\" src=\"https:\/\/i0.wp.com\/www.kdfjm.si\/wp-content\/gallery\/zegni-2018\/20180324-pet_4348.jpg?ssl=1\" alt=\"20180324-pet_4348\" style=\"max-width: 500px; max-height: 500px; width: auto; height:auto; margin:auto\"><img data-recalc-dims=\"1\" decoding=\"async\" src=\"https:\/\/i0.wp.com\/www.kdfjm.si\/wp-content\/gallery\/zegni-2018\/20180325-pet_4423.jpg?ssl=1\" alt=\"20180325-pet_4423\" style=\"max-width: 500px; max-height: 500px; width: auto; height:auto; margin:auto\"><img data-recalc-dims=\"1\" decoding=\"async\" src=\"https:\/\/i0.wp.com\/www.kdfjm.si\/wp-content\/gallery\/zegni-2018\/20180325-pet_4475.jpg?ssl=1\" alt=\"20180325-pet_4475\" style=\"max-width: 500px; max-height: 500px; width: auto; height:auto; margin:auto\"><img data-recalc-dims=\"1\" decoding=\"async\" src=\"https:\/\/i0.wp.com\/www.kdfjm.si\/wp-content\/gallery\/zegni-2018\/20180325-pet_4498.jpg?ssl=1\" alt=\"20180325-pet_4498\" style=\"max-width: 500px; max-height: 500px; width: auto; height:auto; margin:auto\"><img data-recalc-dims=\"1\" decoding=\"async\" src=\"https:\/\/i0.wp.com\/www.kdfjm.si\/wp-content\/gallery\/zegni-2018\/20180325-pet_4507.jpg?ssl=1\" alt=\"20180325-pet_4507\" style=\"max-width: 500px; max-height: 500px; width: auto; height:auto; margin:auto\"><img data-recalc-dims=\"1\" decoding=\"async\" src=\"https:\/\/i0.wp.com\/www.kdfjm.si\/wp-content\/gallery\/zegni-2018\/20180325-pet_4531.jpg?ssl=1\" alt=\"20180325-pet_4531\" style=\"max-width: 500px; max-height: 500px; width: auto; height:auto; margin:auto\"><img data-recalc-dims=\"1\" decoding=\"async\" src=\"https:\/\/i0.wp.com\/www.kdfjm.si\/wp-content\/gallery\/zegni-2018\/20180325-pet_4536.jpg?ssl=1\" alt=\"20180325-pet_4536\" style=\"max-width: 500px; max-height: 500px; width: auto; height:auto; margin:auto\"><img data-recalc-dims=\"1\" decoding=\"async\" src=\"https:\/\/i0.wp.com\/www.kdfjm.si\/wp-content\/gallery\/zegni-2018\/20180325-pet_4543.jpg?ssl=1\" alt=\"20180325-pet_4543\" style=\"max-width: 500px; max-height: 500px; width: auto; height:auto; margin:auto\"><\/div><\/div>\n\n<script type=\"text\/javascript\">jQuery(document).ready(function($) {\r\n\t\t\tvar owl = $('#ngg_slideshow37343851');\r\n\t\t\towl.owlCarousel({\r\n\t\t\t\titems: 1,\r\n\t\t\t\tautoHeight: false,\r\n\t            dots: true,\r\n\t            autoplay: true,\r\n\t\t\t\tautoplayTimeout: 3000,\r\n\t\t\t\tautoplayHoverPause: true,\r\n\t\t\t\tanimateIn: 'fadeIn',\r\n\t\t\t\tanimateOut: 'fadeOut',\r\n\t\t\t\tloop: true,\r\n\t\t\t\tmouseDrag: true,\r\n\t\t\t\ttouchDrag: true\r\n\t\t\t});\nowl.click( function () {\r\n                    owl.trigger( 'next.owl.carousel' );\r\n                } );});\n<\/script><\/div>\n","protected":false},"excerpt":{"rendered":"<p>Vabimo vas k nabiranju vej in zelenja za izdelovanje \u017eegnov za cvetno nedeljo. Zbrali se bomo v \u010detrtek, 22. marca 2018 ob 17. uri pri cerkvi. \u017degne bomo izdelovali v petek, 23. marca 2018 ob 17. uri pred Jelov\u0161kovim spomenikom pri cerkvi v Meng\u0161u. S seboj prinesite \u0161karje, tanko vrvico in zelenje.<\/p>\n","protected":false},"author":4,"featured_media":0,"parent":299,"menu_order":0,"comment_status":"closed","ping_status":"closed","template":"","meta":{"footnotes":""},"class_list":["post-4385","page","type-page","status-publish","hentry"],"jetpack_sharing_enabled":true,"jetpack_shortlink":"https:\/\/wp.me\/P73nhm-18J","jetpack-related-posts":[],"_links":{"self":[{"href":"https:\/\/www.kdfjm.si\/index.php?rest_route=\/wp\/v2\/pages\/4385","targetHints":{"allow":["GET"]}}],"collection":[{"href":"https:\/\/www.kdfjm.si\/index.php?rest_route=\/wp\/v2\/pages"}],"about":[{"href":"https:\/\/www.kdfjm.si\/index.php?rest_route=\/wp\/v2\/types\/page"}],"author":[{"embeddable":true,"href":"https:\/\/www.kdfjm.si\/index.php?rest_route=\/wp\/v2\/users\/4"}],"replies":[{"embeddable":true,"href":"https:\/\/www.kdfjm.si\/index.php?rest_route=%2Fwp%2Fv2%2Fcomments&post=4385"}],"version-history":[{"count":1,"href":"https:\/\/www.kdfjm.si\/index.php?rest_route=\/wp\/v2\/pages\/4385\/revisions"}],"predecessor-version":[{"id":4386,"href":"https:\/\/www.kdfjm.si\/index.php?rest_route=\/wp\/v2\/pages\/4385\/revisions\/4386"}],"up":[{"embeddable":true,"href":"https:\/\/www.kdfjm.si\/index.php?rest_route=\/wp\/v2\/pages\/299"}],"wp:attachment":[{"href":"https:\/\/www.kdfjm.si\/index.php?rest_route=%2Fwp%2Fv2%2Fmedia&parent=4385"}],"curies":[{"name":"wp","href":"https:\/\/api.w.org\/{rel}","templated":true}]}}