{"id":4366,"date":"2019-03-05T10:20:20","date_gmt":"2019-03-05T09:20:20","guid":{"rendered":"http:\/\/www.kdfjm.si\/?page_id=4366"},"modified":"2019-03-05T11:10:12","modified_gmt":"2019-03-05T10:10:12","slug":"otroski-ziv-zav-na-osnovni-soli-menges","status":"publish","type":"page","link":"https:\/\/www.kdfjm.si\/?page_id=4366","title":{"rendered":"Otro\u0161ki \u017div \u017eav na Osnovni \u0161oli Menge\u0161"},"content":{"rendered":"<p>V tednu otroka smo na plo\u0161\u010dadi Osnovne \u0161ole Menge\u0161 otrokom in njihovim star\u0161em prikazali kra\u0161enje pokrovov za meteorno vodo. Izdelali smo tri mozaike, ki bodo obogatili menge\u0161ke pe\u0161poti.<\/p>\n<div class=\"slideshow\"><div id=\"ngg_slideshow34143661\" class=\"ngg-slideshow owl-carousel\" style=\"max-width: 500px; max-height: 500px;\"><img data-recalc-dims=\"1\" decoding=\"async\" src=\"https:\/\/i0.wp.com\/www.kdfjm.si\/wp-content\/gallery\/ziv-zav-2016\/mozaiki_zivzav_-kd_franca_jelkovska_menges_2016-0004.jpg?ssl=1\" alt=\"mozaiki_zivzav_-kd_franca_jelkovska_menges_2016-0004\" style=\"max-width: 500px; max-height: 500px; width: auto; height:auto; margin:auto\"><img data-recalc-dims=\"1\" decoding=\"async\" src=\"https:\/\/i0.wp.com\/www.kdfjm.si\/wp-content\/gallery\/ziv-zav-2016\/mozaiki_zivzav_-kd_franca_jelkovska_menges_2016-0007.jpg?ssl=1\" alt=\"mozaiki_zivzav_-kd_franca_jelkovska_menges_2016-0007\" style=\"max-width: 500px; max-height: 500px; width: auto; height:auto; margin:auto\"><img data-recalc-dims=\"1\" decoding=\"async\" src=\"https:\/\/i0.wp.com\/www.kdfjm.si\/wp-content\/gallery\/ziv-zav-2016\/mozaiki_zivzav_-kd_franca_jelkovska_menges_2016-0008.jpg?ssl=1\" alt=\"mozaiki_zivzav_-kd_franca_jelkovska_menges_2016-0008\" style=\"max-width: 500px; max-height: 500px; width: auto; height:auto; margin:auto\"><img data-recalc-dims=\"1\" decoding=\"async\" src=\"https:\/\/i0.wp.com\/www.kdfjm.si\/wp-content\/gallery\/ziv-zav-2016\/mozaiki_zivzav_-kd_franca_jelkovska_menges_2016-0009.jpg?ssl=1\" alt=\"mozaiki_zivzav_-kd_franca_jelkovska_menges_2016-0009\" style=\"max-width: 500px; max-height: 500px; width: auto; height:auto; margin:auto\"><img data-recalc-dims=\"1\" decoding=\"async\" src=\"https:\/\/i0.wp.com\/www.kdfjm.si\/wp-content\/gallery\/ziv-zav-2016\/mozaiki_zivzav_-kd_franca_jelkovska_menges_2016-0012.jpg?ssl=1\" alt=\"mozaiki_zivzav_-kd_franca_jelkovska_menges_2016-0012\" style=\"max-width: 500px; max-height: 500px; width: auto; height:auto; margin:auto\"><\/div><\/div>\n\n<script type=\"text\/javascript\">jQuery(document).ready(function($) {\r\n\t\t\tvar owl = $('#ngg_slideshow34143661');\r\n\t\t\towl.owlCarousel({\r\n\t\t\t\titems: 1,\r\n\t\t\t\tautoHeight: false,\r\n\t            dots: true,\r\n\t            autoplay: true,\r\n\t\t\t\tautoplayTimeout: 3000,\r\n\t\t\t\tautoplayHoverPause: true,\r\n\t\t\t\tanimateIn: 'fadeIn',\r\n\t\t\t\tanimateOut: 'fadeOut',\r\n\t\t\t\tloop: true,\r\n\t\t\t\tmouseDrag: true,\r\n\t\t\t\ttouchDrag: true\r\n\t\t\t});\nowl.click( function () {\r\n                    owl.trigger( 'next.owl.carousel' );\r\n                } );});\n<\/script>\n","protected":false},"excerpt":{"rendered":"<p>V tednu otroka smo na plo\u0161\u010dadi Osnovne \u0161ole Menge\u0161 otrokom in njihovim star\u0161em prikazali kra\u0161enje pokrovov za meteorno vodo. Izdelali smo tri mozaike, ki bodo obogatili menge\u0161ke pe\u0161poti.<\/p>\n","protected":false},"author":4,"featured_media":0,"parent":299,"menu_order":0,"comment_status":"closed","ping_status":"closed","template":"","meta":{"footnotes":""},"class_list":["post-4366","page","type-page","status-publish","hentry"],"jetpack_sharing_enabled":true,"jetpack_shortlink":"https:\/\/wp.me\/P73nhm-18q","jetpack-related-posts":[],"_links":{"self":[{"href":"https:\/\/www.kdfjm.si\/index.php?rest_route=\/wp\/v2\/pages\/4366","targetHints":{"allow":["GET"]}}],"collection":[{"href":"https:\/\/www.kdfjm.si\/index.php?rest_route=\/wp\/v2\/pages"}],"about":[{"href":"https:\/\/www.kdfjm.si\/index.php?rest_route=\/wp\/v2\/types\/page"}],"author":[{"embeddable":true,"href":"https:\/\/www.kdfjm.si\/index.php?rest_route=\/wp\/v2\/users\/4"}],"replies":[{"embeddable":true,"href":"https:\/\/www.kdfjm.si\/index.php?rest_route=%2Fwp%2Fv2%2Fcomments&post=4366"}],"version-history":[{"count":1,"href":"https:\/\/www.kdfjm.si\/index.php?rest_route=\/wp\/v2\/pages\/4366\/revisions"}],"predecessor-version":[{"id":4367,"href":"https:\/\/www.kdfjm.si\/index.php?rest_route=\/wp\/v2\/pages\/4366\/revisions\/4367"}],"up":[{"embeddable":true,"href":"https:\/\/www.kdfjm.si\/index.php?rest_route=\/wp\/v2\/pages\/299"}],"wp:attachment":[{"href":"https:\/\/www.kdfjm.si\/index.php?rest_route=%2Fwp%2Fv2%2Fmedia&parent=4366"}],"curies":[{"name":"wp","href":"https:\/\/api.w.org\/{rel}","templated":true}]}}