{"id":428,"date":"2009-01-15T19:36:30","date_gmt":"2009-01-15T18:36:30","guid":{"rendered":"http:\/\/www.kdfjm.si\/?page_id=428"},"modified":"2015-10-11T21:29:47","modified_gmt":"2015-10-11T20:29:47","slug":"krasenje-svec","status":"publish","type":"page","link":"https:\/\/www.kdfjm.si\/?page_id=428","title":{"rendered":"Kra\u0161enje sve\u010d"},"content":{"rendered":"<p>Likovno delavnica Kra\u0161enje sve\u010d je bila v petek 30. januarja 2009 ob 17. uri v dru\u0161tvenih prostorih na Slovenski cesti 30 v Meng\u0161u. Delavnico je vodila Vida Lah.<\/p>\n<p>\u00a0<\/p><div class=\"slideshow\"><div id=\"ngg_slideshow614281\" class=\"ngg-slideshow owl-carousel\" style=\"max-width: px; max-height: px;\"><img data-recalc-dims=\"1\" decoding=\"async\" src=\"https:\/\/i0.wp.com\/www.kdfjm.si\/wp-content\/gallery\/krasenje-svec-2009\/krasenjeSvec2009-1954.jpg?ssl=1\" alt=\"krasenjeSvec2009-1954.jpg\" style=\"max-width: px; max-height: px; width: auto; height:auto; margin:auto\"><img data-recalc-dims=\"1\" decoding=\"async\" src=\"https:\/\/i0.wp.com\/www.kdfjm.si\/wp-content\/gallery\/krasenje-svec-2009\/krasenjeSvec2009-1955.jpg?ssl=1\" alt=\"krasenjeSvec2009-1955.jpg\" style=\"max-width: px; max-height: px; width: auto; height:auto; margin:auto\"><img data-recalc-dims=\"1\" decoding=\"async\" src=\"https:\/\/i0.wp.com\/www.kdfjm.si\/wp-content\/gallery\/krasenje-svec-2009\/krasenjeSvec2009-1956.jpg?ssl=1\" alt=\"krasenjeSvec2009-1956.jpg\" style=\"max-width: px; max-height: px; width: auto; height:auto; margin:auto\"><img data-recalc-dims=\"1\" decoding=\"async\" src=\"https:\/\/i0.wp.com\/www.kdfjm.si\/wp-content\/gallery\/krasenje-svec-2009\/krasenjeSvec2009-1962.jpg?ssl=1\" alt=\"krasenjeSvec2009-1962.jpg\" style=\"max-width: px; max-height: px; width: auto; height:auto; margin:auto\"><img data-recalc-dims=\"1\" decoding=\"async\" src=\"https:\/\/i0.wp.com\/www.kdfjm.si\/wp-content\/gallery\/krasenje-svec-2009\/krasenjeSvec2009-1965.jpg?ssl=1\" alt=\"krasenjeSvec2009-1965.jpg\" style=\"max-width: px; max-height: px; width: auto; height:auto; margin:auto\"><img data-recalc-dims=\"1\" decoding=\"async\" src=\"https:\/\/i0.wp.com\/www.kdfjm.si\/wp-content\/gallery\/krasenje-svec-2009\/krasenjeSvec2009-1968.jpg?ssl=1\" alt=\"krasenjeSvec2009-1968.jpg\" style=\"max-width: px; max-height: px; width: auto; height:auto; margin:auto\"><img data-recalc-dims=\"1\" decoding=\"async\" src=\"https:\/\/i0.wp.com\/www.kdfjm.si\/wp-content\/gallery\/krasenje-svec-2009\/krasenjeSvec2009-1969.jpg?ssl=1\" alt=\"krasenjeSvec2009-1969.jpg\" style=\"max-width: px; max-height: px; width: auto; height:auto; margin:auto\"><img data-recalc-dims=\"1\" decoding=\"async\" src=\"https:\/\/i0.wp.com\/www.kdfjm.si\/wp-content\/gallery\/krasenje-svec-2009\/krasenjeSvec2009-1973.jpg?ssl=1\" alt=\"krasenjeSvec2009-1973.jpg\" style=\"max-width: px; max-height: px; width: auto; height:auto; margin:auto\"><img data-recalc-dims=\"1\" decoding=\"async\" src=\"https:\/\/i0.wp.com\/www.kdfjm.si\/wp-content\/gallery\/krasenje-svec-2009\/krasenjeSvec2009-1975.jpg?ssl=1\" alt=\"krasenjeSvec2009-1975.jpg\" style=\"max-width: px; max-height: px; width: auto; height:auto; margin:auto\"><img data-recalc-dims=\"1\" decoding=\"async\" src=\"https:\/\/i0.wp.com\/www.kdfjm.si\/wp-content\/gallery\/krasenje-svec-2009\/krasenjeSvec2009-1977.jpg?ssl=1\" alt=\"krasenjeSvec2009-1977.jpg\" style=\"max-width: px; max-height: px; width: auto; height:auto; margin:auto\"><img data-recalc-dims=\"1\" decoding=\"async\" src=\"https:\/\/i0.wp.com\/www.kdfjm.si\/wp-content\/gallery\/krasenje-svec-2009\/krasenjeSvec2009-1983.jpg?ssl=1\" alt=\"krasenjeSvec2009-1983.jpg\" style=\"max-width: px; max-height: px; width: auto; height:auto; margin:auto\"><img data-recalc-dims=\"1\" decoding=\"async\" src=\"https:\/\/i0.wp.com\/www.kdfjm.si\/wp-content\/gallery\/krasenje-svec-2009\/krasenjeSvec2009-1988.jpg?ssl=1\" alt=\"krasenjeSvec2009-1988.jpg\" style=\"max-width: px; max-height: px; width: auto; height:auto; margin:auto\"><img data-recalc-dims=\"1\" decoding=\"async\" src=\"https:\/\/i0.wp.com\/www.kdfjm.si\/wp-content\/gallery\/krasenje-svec-2009\/krasenjeSvec2009-1990.jpg?ssl=1\" alt=\"krasenjeSvec2009-1990.jpg\" style=\"max-width: px; max-height: px; width: auto; height:auto; margin:auto\"><img data-recalc-dims=\"1\" decoding=\"async\" src=\"https:\/\/i0.wp.com\/www.kdfjm.si\/wp-content\/gallery\/krasenje-svec-2009\/krasenjeSvec2009-1991.jpg?ssl=1\" alt=\"krasenjeSvec2009-1991.jpg\" style=\"max-width: px; max-height: px; width: auto; height:auto; margin:auto\"><img data-recalc-dims=\"1\" decoding=\"async\" src=\"https:\/\/i0.wp.com\/www.kdfjm.si\/wp-content\/gallery\/krasenje-svec-2009\/krasenjeSvec2009-1995.jpg?ssl=1\" alt=\"krasenjeSvec2009-1995.jpg\" style=\"max-width: px; max-height: px; width: auto; height:auto; margin:auto\"><img data-recalc-dims=\"1\" decoding=\"async\" src=\"https:\/\/i0.wp.com\/www.kdfjm.si\/wp-content\/gallery\/krasenje-svec-2009\/krasenjeSvec2009-1996.jpg?ssl=1\" alt=\"krasenjeSvec2009-1996.jpg\" style=\"max-width: px; max-height: px; width: auto; height:auto; margin:auto\"><img data-recalc-dims=\"1\" decoding=\"async\" src=\"https:\/\/i0.wp.com\/www.kdfjm.si\/wp-content\/gallery\/krasenje-svec-2009\/krasenjeSvec2009-1998.jpg?ssl=1\" alt=\"krasenjeSvec2009-1998.jpg\" style=\"max-width: px; max-height: px; width: auto; height:auto; margin:auto\"><img data-recalc-dims=\"1\" decoding=\"async\" src=\"https:\/\/i0.wp.com\/www.kdfjm.si\/wp-content\/gallery\/krasenje-svec-2009\/krasenjeSvec2009-1999.jpg?ssl=1\" alt=\"krasenjeSvec2009-1999.jpg\" style=\"max-width: px; max-height: px; width: auto; height:auto; margin:auto\"><img data-recalc-dims=\"1\" decoding=\"async\" src=\"https:\/\/i0.wp.com\/www.kdfjm.si\/wp-content\/gallery\/krasenje-svec-2009\/krasenjeSvec2009-2002.jpg?ssl=1\" alt=\"krasenjeSvec2009-2002.jpg\" style=\"max-width: px; max-height: px; width: auto; height:auto; margin:auto\"><img data-recalc-dims=\"1\" decoding=\"async\" src=\"https:\/\/i0.wp.com\/www.kdfjm.si\/wp-content\/gallery\/krasenje-svec-2009\/krasenjeSvec2009-2005.jpg?ssl=1\" alt=\"krasenjeSvec2009-2005.jpg\" style=\"max-width: px; max-height: px; width: auto; height:auto; margin:auto\"><img data-recalc-dims=\"1\" decoding=\"async\" src=\"https:\/\/i0.wp.com\/www.kdfjm.si\/wp-content\/gallery\/krasenje-svec-2009\/krasenjeSvec2009-2008.jpg?ssl=1\" alt=\"krasenjeSvec2009-2008.jpg\" style=\"max-width: px; max-height: px; width: auto; height:auto; margin:auto\"><img data-recalc-dims=\"1\" decoding=\"async\" src=\"https:\/\/i0.wp.com\/www.kdfjm.si\/wp-content\/gallery\/krasenje-svec-2009\/krasenjeSvec2009-2012.jpg?ssl=1\" alt=\"krasenjeSvec2009-2012.jpg\" style=\"max-width: px; max-height: px; width: auto; height:auto; margin:auto\"><img data-recalc-dims=\"1\" decoding=\"async\" src=\"https:\/\/i0.wp.com\/www.kdfjm.si\/wp-content\/gallery\/krasenje-svec-2009\/krasenjeSvec2009-2013.jpg?ssl=1\" alt=\"krasenjeSvec2009-2013.jpg\" style=\"max-width: px; max-height: px; width: auto; height:auto; margin:auto\"><img data-recalc-dims=\"1\" decoding=\"async\" src=\"https:\/\/i0.wp.com\/www.kdfjm.si\/wp-content\/gallery\/krasenje-svec-2009\/krasenjeSvec2009-2017.jpg?ssl=1\" alt=\"krasenjeSvec2009-2017.jpg\" style=\"max-width: px; max-height: px; width: auto; height:auto; margin:auto\"><img data-recalc-dims=\"1\" decoding=\"async\" src=\"https:\/\/i0.wp.com\/www.kdfjm.si\/wp-content\/gallery\/krasenje-svec-2009\/krasenjeSvec2009-2021.jpg?ssl=1\" alt=\"krasenjeSvec2009-2021.jpg\" style=\"max-width: px; max-height: px; width: auto; height:auto; margin:auto\"><img data-recalc-dims=\"1\" decoding=\"async\" src=\"https:\/\/i0.wp.com\/www.kdfjm.si\/wp-content\/gallery\/krasenje-svec-2009\/krasenjeSvec2009-2022.jpg?ssl=1\" alt=\"krasenjeSvec2009-2022.jpg\" style=\"max-width: px; max-height: px; width: auto; height:auto; margin:auto\"><img data-recalc-dims=\"1\" decoding=\"async\" src=\"https:\/\/i0.wp.com\/www.kdfjm.si\/wp-content\/gallery\/krasenje-svec-2009\/krasenjeSvec2009-2027.jpg?ssl=1\" alt=\"krasenjeSvec2009-2027.jpg\" style=\"max-width: px; max-height: px; width: auto; height:auto; margin:auto\"><img data-recalc-dims=\"1\" decoding=\"async\" src=\"https:\/\/i0.wp.com\/www.kdfjm.si\/wp-content\/gallery\/krasenje-svec-2009\/krasenjeSvec2009-2031.jpg?ssl=1\" alt=\"krasenjeSvec2009-2031.jpg\" style=\"max-width: px; max-height: px; width: auto; height:auto; margin:auto\"><img data-recalc-dims=\"1\" decoding=\"async\" src=\"https:\/\/i0.wp.com\/www.kdfjm.si\/wp-content\/gallery\/krasenje-svec-2009\/krasenjeSvec2009-2033.jpg?ssl=1\" alt=\"krasenjeSvec2009-2033.jpg\" style=\"max-width: px; max-height: px; width: auto; height:auto; margin:auto\"><img data-recalc-dims=\"1\" decoding=\"async\" src=\"https:\/\/i0.wp.com\/www.kdfjm.si\/wp-content\/gallery\/krasenje-svec-2009\/krasenjeSvec2009-2036.jpg?ssl=1\" alt=\"krasenjeSvec2009-2036.jpg\" style=\"max-width: px; max-height: px; width: auto; height:auto; margin:auto\"><img data-recalc-dims=\"1\" decoding=\"async\" src=\"https:\/\/i0.wp.com\/www.kdfjm.si\/wp-content\/gallery\/krasenje-svec-2009\/krasenjeSvec2009-2042.jpg?ssl=1\" alt=\"krasenjeSvec2009-2042.jpg\" style=\"max-width: px; max-height: px; width: auto; height:auto; margin:auto\"><img data-recalc-dims=\"1\" decoding=\"async\" src=\"https:\/\/i0.wp.com\/www.kdfjm.si\/wp-content\/gallery\/krasenje-svec-2009\/krasenjeSvec2009-2043.jpg?ssl=1\" alt=\"krasenjeSvec2009-2043.jpg\" style=\"max-width: px; max-height: px; width: auto; height:auto; margin:auto\"><img data-recalc-dims=\"1\" decoding=\"async\" src=\"https:\/\/i0.wp.com\/www.kdfjm.si\/wp-content\/gallery\/krasenje-svec-2009\/krasenjeSvec2009-2045.jpg?ssl=1\" alt=\"krasenjeSvec2009-2045.jpg\" style=\"max-width: px; max-height: px; width: auto; height:auto; margin:auto\"><img data-recalc-dims=\"1\" decoding=\"async\" src=\"https:\/\/i0.wp.com\/www.kdfjm.si\/wp-content\/gallery\/krasenje-svec-2009\/krasenjeSvec2009-2047.jpg?ssl=1\" alt=\"krasenjeSvec2009-2047.jpg\" style=\"max-width: px; max-height: px; width: auto; height:auto; margin:auto\"><img data-recalc-dims=\"1\" decoding=\"async\" src=\"https:\/\/i0.wp.com\/www.kdfjm.si\/wp-content\/gallery\/krasenje-svec-2009\/krasenjeSvec2009-2050.jpg?ssl=1\" alt=\"krasenjeSvec2009-2050.jpg\" style=\"max-width: px; max-height: px; width: auto; height:auto; margin:auto\"><img data-recalc-dims=\"1\" decoding=\"async\" src=\"https:\/\/i0.wp.com\/www.kdfjm.si\/wp-content\/gallery\/krasenje-svec-2009\/krasenjeSvec2009-2052.jpg?ssl=1\" alt=\"krasenjeSvec2009-2052.jpg\" style=\"max-width: px; max-height: px; width: auto; height:auto; margin:auto\"><img data-recalc-dims=\"1\" decoding=\"async\" src=\"https:\/\/i0.wp.com\/www.kdfjm.si\/wp-content\/gallery\/krasenje-svec-2009\/krasenjeSvec2009-2056.jpg?ssl=1\" alt=\"krasenjeSvec2009-2056.jpg\" style=\"max-width: px; max-height: px; width: auto; height:auto; margin:auto\"><\/div><\/div>\n\n<script type=\"text\/javascript\">jQuery(document).ready(function($) {\r\n\t\t\tvar owl = $('#ngg_slideshow614281');\r\n\t\t\towl.owlCarousel({\r\n\t\t\t\titems: 1,\r\n\t\t\t\tautoHeight: false,\r\n\t            dots: true,\r\n\t            autoplay: true,\r\n\t\t\t\tautoplayTimeout: 3000,\r\n\t\t\t\tautoplayHoverPause: true,\r\n\t\t\t\tanimateIn: 'fadeIn',\r\n\t\t\t\tanimateOut: 'fadeOut',\r\n\t\t\t\tloop: true,\r\n\t\t\t\tmouseDrag: true,\r\n\t\t\t\ttouchDrag: true\r\n\t\t\t});\nowl.click( function () {\r\n                    owl.trigger( 'next.owl.carousel' );\r\n                } );});\n<\/script>","protected":false},"excerpt":{"rendered":"<p>Likovno delavnica Kra\u0161enje sve\u010d je bila v petek 30. januarja 2009 ob 17. uri v dru\u0161tvenih prostorih na Slovenski cesti 30 v Meng\u0161u. Delavnico je vodila Vida Lah. \u00a0<\/p>\n","protected":false},"author":2,"featured_media":0,"parent":299,"menu_order":0,"comment_status":"closed","ping_status":"closed","template":"","meta":{"footnotes":""},"class_list":["post-428","page","type-page","status-publish","hentry"],"jetpack_sharing_enabled":true,"jetpack_shortlink":"https:\/\/wp.me\/P73nhm-6U","jetpack-related-posts":[],"_links":{"self":[{"href":"https:\/\/www.kdfjm.si\/index.php?rest_route=\/wp\/v2\/pages\/428","targetHints":{"allow":["GET"]}}],"collection":[{"href":"https:\/\/www.kdfjm.si\/index.php?rest_route=\/wp\/v2\/pages"}],"about":[{"href":"https:\/\/www.kdfjm.si\/index.php?rest_route=\/wp\/v2\/types\/page"}],"author":[{"embeddable":true,"href":"https:\/\/www.kdfjm.si\/index.php?rest_route=\/wp\/v2\/users\/2"}],"replies":[{"embeddable":true,"href":"https:\/\/www.kdfjm.si\/index.php?rest_route=%2Fwp%2Fv2%2Fcomments&post=428"}],"version-history":[{"count":5,"href":"https:\/\/www.kdfjm.si\/index.php?rest_route=\/wp\/v2\/pages\/428\/revisions"}],"predecessor-version":[{"id":3558,"href":"https:\/\/www.kdfjm.si\/index.php?rest_route=\/wp\/v2\/pages\/428\/revisions\/3558"}],"up":[{"embeddable":true,"href":"https:\/\/www.kdfjm.si\/index.php?rest_route=\/wp\/v2\/pages\/299"}],"wp:attachment":[{"href":"https:\/\/www.kdfjm.si\/index.php?rest_route=%2Fwp%2Fv2%2Fmedia&parent=428"}],"curies":[{"name":"wp","href":"https:\/\/api.w.org\/{rel}","templated":true}]}}